{"id":97326,"date":"2026-03-13T18:54:52","date_gmt":"2026-03-13T17:54:52","guid":{"rendered":"https:\/\/menorcavillas.co.uk\/?post_type=product&#038;p=97326"},"modified":"2026-03-18T12:19:27","modified_gmt":"2026-03-18T11:19:27","slug":"villa-rosa","status":"publish","type":"product","link":"https:\/\/menorcavillas.co.uk\/fr\/villas-menorca\/villa-rosa\/","title":{"rendered":"Villa Rosa"},"content":{"rendered":"<p><span style=\"color: rgb(10, 10, 10);\">Villa Rosa est une grande villa ind\u00e9pendante de quatre chambres situ\u00e9e dans un cul-de-sac tranquille \u00e0 Binibeca et derri\u00e8re, il y a une \u00e9tendue de campagne verdoyante. La villa se trouve sur un terrain de bonne taille avec des jardins bien entretenus, de vastes terrasses (couvertes et ouvertes) et une grande piscine.<\/span><\/p>\n<p><span style=\"color: rgb(10, 10, 10);\">Trois des chambres sont situ\u00e9es au rez-de-chauss\u00e9e, deux sont des chambres \u00e0 deux lits avec des armoirs encastr\u00e9es, qui partagent une salle de bain familiale avec une douche sur la baignoire. Il y a \u00e9galement une chambre double, elle aussi avec des armoires encastr\u00e9es et des vues sur la campagne lointaine. Cette chambre dispose d&rsquo;une salle de bains attenante, avec une douche sur la baignoire. La chambre principale se trouve \u00e0 l&rsquo;\u00e9tage, elle dispose d&rsquo;une salle de bains attenante avec douche sur la baignoire et de portes-fen\u00eatres qui donnent sur une grande terrasse enveloppante offrant une vue magnifique sur la mer et la campagne.<\/span><\/p>\n<p><\/p>\n<p><span style=\"color: rgb(10, 10, 10);\">Au rez-de-chauss\u00e9e, le salon-salle \u00e0 manger est spacieux. La table \u00e0 manger peut accueillir confortablement 8 personnes et elle est extensible en cas de visite d&rsquo;invit\u00e9s. Des portes-fen\u00eatres m\u00e8nent de la salle \u00e0 manger \u00e0 la terrasse et \u00e0 la piscine. Le salon est dot\u00e9 de fen\u00eatres \u00e0 double exposition et de hauts plafonds, ce qui donne une impression de lumi\u00e8re et d&rsquo;a\u00e9ration. Il est \u00e9quip\u00e9 d&rsquo;une t\u00e9l\u00e9vision avec acc\u00e8s aux cha\u00eenes satellitaires britanniques gratuites et d&rsquo;un lecteur DVD. <\/span><\/p>\n<p><\/p>\n<p><span style=\"color: rgb(10, 10, 10);\">\u00c0 c\u00f4t\u00e9 de la salla \u00e0 manger, on trouve la cuisine qui est enti\u00e8rement \u00e9quip\u00e9e avec four et plaques \u00e9lectriques, lave-vaisselle, lave-linge, micro-ondes, bouilloire, grille-pain, r\u00e9frig\u00e9rateur\/cong\u00e9lateur et r\u00e9frig\u00e9rateur \u00e0 vin s\u00e9par\u00e9.<\/span><\/p>\n<p><span style=\"color: rgb(10, 10, 10);\">La villa se trouve sur un terrain de bonne taille avec des pelouses et des arbustes bien entretenus, de vastes terrasses (couvertes et ouvertes).<\/span><\/p>\n<p><span style=\"color: rgb(10, 10, 10);\">Les serviettes de piscine et les s\u00e8che-cheveux sont inclus dans le prix.<\/span><\/p>\n<p><\/p>\n<p><strong style=\"color: rgb(10, 10, 10);\">Situation et distances<\/strong><\/p>\n<p><span style=\"color: rgb(10, 10, 10);\">Aeroport: 20min en voiture<\/span><\/p>\n<p><span style=\"color: rgb(10, 10, 10);\">Plage 10min \u00e0 pied<\/span><\/p>\n<p><span style=\"color: rgb(10, 10, 10);\">Magasins 10min \u00e0 pied <\/span><\/p>\n<p><span style=\"color: rgb(10, 10, 10);\">Restaurants 10min \u00e0 pied.<\/span><\/p>\n<p><span style=\"color: rgb(10, 10, 10);\">Location de voiture reccommand\u00e9. <\/span><\/p>\n<p><\/p>\n<p><strong style=\"color: rgb(10, 10, 10);\">R\u00e9gion:&nbsp;<\/strong><\/p>\n<p><span style=\"color: rgb(10, 10, 10);\">Binibeca est une station baln\u00e9aire tranquille, idyllique et populaire sur la magnifique c\u00f4te sud de Minorque. C\u2019est un choix parfait pour les vacanciers qui veulent \u00e9chapper au bruit et \u00e0 la foule des autres zones plus d\u00e9velopp\u00e9es. Vous ne trouverez pas ici d\u2019h\u00f4tels d\u00e9truisant le ciel ou de grands complexes de vacances.<\/span><\/p>\n<p><strong style=\"color: rgb(10, 10, 10);\">Plage<\/strong><span style=\"color: rgb(10, 10, 10);\"> : Une belle et profonde plage de sable blanc avec une coin de pique-nique ombrag\u00e9e \u00e0 l\u2019arri\u00e8re et des toilettes gratuites. Parking gratuit \u00e0 l\u2019arri\u00e8re et au bord de la route. Les eaux de la plage sont prot\u00e9g\u00e9es par un promontoire \u00e0 l\u2019horizon. Les fonds sablonneux parfaits et peu profonds sont bord\u00e9s des deux c\u00f4t\u00e9s par des rochers, ce qui permet de faire du snorkeling. Le bar de plage de Los Bucaneros (cabane de p\u00eacheur reconvertie) sert des repas de base fra\u00eechement pr\u00e9par\u00e9s ainsi que des snacks et des boissons chaudes et froides. Sauveteur. Location de kayaks et de bateaux \u00e9lectriques sur la plage. Location de chaises longues et de parasols. Derri\u00e8re la plage, des glaces, des cr\u00eapes et d\u2019autres aliments et boissons sont disponibles. Les eaux chaudes et peu profondes de cette baie rendent ce complexe tr\u00e8s populaire aupr\u00e8s des familles avec de jeunes enfants, bien que la plage soit suffisamment grande si vous avez besoin d\u2019espace.<\/span><\/p>\n<p><\/p>\n<p><span style=\"color: rgb(10, 10, 10);\">Licence touristque: ET1905ME<\/span><\/p>\n<p>&nbsp;<\/p>\n","protected":false},"excerpt":{"rendered":"<p><span style=\"color: rgb(10, 10, 10);\">Villa Rosa est une grande villa ind\u00e9pendante de quatre chambres situ\u00e9e dans un cul-de-sac tranquille \u00e0 Binibeca et derri\u00e8re, il y a une \u00e9tendue de campagne verdoyante. La villa se trouve sur un terrain de bonne taille avec des jardins bien entretenus, de vastes terrasses (couvertes et ouvertes) et une grande piscine.<\/span><\/p>\n<p><span style=\"color: rgb(10, 10, 10);\">Trois des chambres sont situ\u00e9es au rez-de-chauss\u00e9e, deux sont des chambres \u00e0 deux lits avec des armoirs encastr\u00e9es, qui partagent une salle de bain familiale avec une douche sur la baignoire. Il y a \u00e9galement une chambre double, elle aussi avec des armoires encastr\u00e9es et des vues sur la campagne lointaine. Cette chambre dispose d&rsquo;une salle de bains attenante, avec une douche sur la baignoire. La chambre principale se trouve \u00e0 l&rsquo;\u00e9tage, elle dispose d&rsquo;une salle de bains attenante avec douche sur la baignoire et de portes-fen\u00eatres qui donnent sur une grande terrasse enveloppante offrant une vue magnifique sur la mer et la campagne.<\/span><\/p>\n<p><\/p>\n<p><span style=\"color: rgb(10, 10, 10);\">Au rez-de-chauss\u00e9e, le salon-salle \u00e0 manger est spacieux. La table \u00e0 manger peut accueillir confortablement 8 personnes et elle est extensible en cas de visite d&rsquo;invit\u00e9s. Des portes-fen\u00eatres m\u00e8nent de la salle \u00e0 manger \u00e0 la terrasse et \u00e0 la piscine. Le salon est dot\u00e9 de fen\u00eatres \u00e0 double exposition et de hauts plafonds, ce qui donne une impression de lumi\u00e8re et d&rsquo;a\u00e9ration. Il est \u00e9quip\u00e9 d&rsquo;une t\u00e9l\u00e9vision avec acc\u00e8s aux cha\u00eenes satellitaires britanniques gratuites et d&rsquo;un lecteur DVD. <\/span><\/p>\n<p><\/p>\n<p><span style=\"color: rgb(10, 10, 10);\">\u00c0 c\u00f4t\u00e9 de la salla \u00e0 manger, on trouve la cuisine qui est enti\u00e8rement \u00e9quip\u00e9e avec four et plaques \u00e9lectriques, lave-vaisselle, lave-linge, micro-ondes, bouilloire, grille-pain, r\u00e9frig\u00e9rateur\/cong\u00e9lateur et r\u00e9frig\u00e9rateur \u00e0 vin s\u00e9par\u00e9.<\/span><\/p>\n<p><span style=\"color: rgb(10, 10, 10);\">La villa se trouve sur un terrain de bonne taille avec des pelouses et des arbustes bien entretenus, de vastes terrasses (couvertes et ouvertes).<\/span><\/p>\n<p><span style=\"color: rgb(10, 10, 10);\">Les serviettes de piscine et les s\u00e8che-cheveux sont inclus dans le prix.<\/span><\/p>\n<p><\/p>\n<p><strong style=\"color: rgb(10, 10, 10);\">Situation et distances<\/strong><\/p>\n<p><span style=\"color: rgb(10, 10, 10);\">Aeroport: 20min en voiture<\/span><\/p>\n<p><span style=\"color: rgb(10, 10, 10);\">Plage 10min \u00e0 pied<\/span><\/p>\n<p><span style=\"color: rgb(10, 10, 10);\">Magasins 10min \u00e0 pied <\/span><\/p>\n<p><span style=\"color: rgb(10, 10, 10);\">Restaurants 10min \u00e0 pied.<\/span><\/p>\n<p><span style=\"color: rgb(10, 10, 10);\">Location de voiture reccommand\u00e9. <\/span><\/p>\n<p><\/p>\n<p><strong style=\"color: rgb(10, 10, 10);\">R\u00e9gion:&nbsp;<\/strong><\/p>\n<p><span style=\"color: rgb(10, 10, 10);\">Binibeca est une station baln\u00e9aire tranquille, idyllique et populaire sur la magnifique c\u00f4te sud de Minorque. C\u2019est un choix parfait pour les vacanciers qui veulent \u00e9chapper au bruit et \u00e0 la foule des autres zones plus d\u00e9velopp\u00e9es. Vous ne trouverez pas ici d\u2019h\u00f4tels d\u00e9truisant le ciel ou de grands complexes de vacances.<\/span><\/p>\n<p><strong style=\"color: rgb(10, 10, 10);\">Plage<\/strong><span style=\"color: rgb(10, 10, 10);\"> : Une belle et profonde plage de sable blanc avec une coin de pique-nique ombrag\u00e9e \u00e0 l\u2019arri\u00e8re et des toilettes gratuites. Parking gratuit \u00e0 l\u2019arri\u00e8re et au bord de la route. Les eaux de la plage sont prot\u00e9g\u00e9es par un promontoire \u00e0 l\u2019horizon. Les fonds sablonneux parfaits et peu profonds sont bord\u00e9s des deux c\u00f4t\u00e9s par des rochers, ce qui permet de faire du snorkeling. Le bar de plage de Los Bucaneros (cabane de p\u00eacheur reconvertie) sert des repas de base fra\u00eechement pr\u00e9par\u00e9s ainsi que des snacks et des boissons chaudes et froides. Sauveteur. Location de kayaks et de bateaux \u00e9lectriques sur la plage. Location de chaises longues et de parasols. Derri\u00e8re la plage, des glaces, des cr\u00eapes et d\u2019autres aliments et boissons sont disponibles. Les eaux chaudes et peu profondes de cette baie rendent ce complexe tr\u00e8s populaire aupr\u00e8s des familles avec de jeunes enfants, bien que la plage soit suffisamment grande si vous avez besoin d\u2019espace.<\/span><\/p>\n<p><\/p>\n<p><span style=\"color: rgb(10, 10, 10);\">Licence touristque: ET1905ME<\/span><\/p>\n<p>&nbsp;<\/p>\n","protected":false},"featured_media":100118,"template":"","meta":{"_acf_changed":false},"product_brand":[],"product_cat":[15],"product_tag":[],"amenities":[315,129,311,312,313,316,153],"class_list":{"0":"post-97326","1":"product","2":"type-product","3":"status-publish","4":"has-post-thumbnail","6":"product_cat-sin-categorizar","7":"amenities-ac","8":"amenities-bbq","9":"amenities-iptv","10":"amenities-lounge-dining-room","11":"amenities-pool","12":"amenities-terrace","13":"amenities-wifi","15":"first","16":"instock","17":"shipping-taxable","18":"purchasable","19":"product-type-simple"},"acf":[],"yoast_head":"<!-- This site is optimized with the Yoast SEO Premium plugin v26.7 (Yoast SEO v26.7) - https:\/\/yoast.com\/wordpress\/plugins\/seo\/ -->\n<title>Villa Rosa | Menorca Villas<\/title>\n<meta name=\"robots\" content=\"index, follow, max-snippet:-1, max-image-preview:large, max-video-preview:-1\" \/>\n<link rel=\"canonical\" href=\"https:\/\/menorcavillas.co.uk\/fr\/villas-menorca\/villa-rosa\/\" \/>\n<meta property=\"og:locale\" content=\"fr_FR\" \/>\n<meta property=\"og:type\" content=\"article\" \/>\n<meta property=\"og:title\" content=\"Villa Rosa\" \/>\n<meta property=\"og:description\" content=\"Villa Rosa est une grande villa ind\u00e9pendante de quatre chambres situ\u00e9e dans un cul-de-sac tranquille \u00e0 Binibeca et derri\u00e8re, il y a une \u00e9tendue de campagne verdoyante. La villa se trouve sur un terrain de bonne taille avec des jardins bien entretenus, de vastes terrasses (couvertes et ouvertes) et une grande piscine.Trois des chambres sont situ\u00e9es au rez-de-chauss\u00e9e, deux sont des chambres \u00e0 deux lits avec des armoirs encastr\u00e9es, qui partagent une salle de bain familiale avec une douche sur la baignoire. Il y a \u00e9galement une chambre double, elle aussi avec des armoires encastr\u00e9es et des vues sur la campagne lointaine. Cette chambre dispose d&#039;une salle de bains attenante, avec une douche sur la baignoire. La chambre principale se trouve \u00e0 l&#039;\u00e9tage, elle dispose d&#039;une salle de bains attenante avec douche sur la baignoire et de portes-fen\u00eatres qui donnent sur une grande terrasse enveloppante offrant une vue magnifique sur la mer et la campagne.Au rez-de-chauss\u00e9e, le salon-salle \u00e0 manger est spacieux. La table \u00e0 manger peut accueillir confortablement 8 personnes et elle est extensible en cas de visite d&#039;invit\u00e9s. Des portes-fen\u00eatres m\u00e8nent de la salle \u00e0 manger \u00e0 la terrasse et \u00e0 la piscine. Le salon est dot\u00e9 de fen\u00eatres \u00e0 double exposition et de hauts plafonds, ce qui donne une impression de lumi\u00e8re et d&#039;a\u00e9ration. Il est \u00e9quip\u00e9 d&#039;une t\u00e9l\u00e9vision avec acc\u00e8s aux cha\u00eenes satellitaires britanniques gratuites et d&#039;un lecteur DVD. \u00c0 c\u00f4t\u00e9 de la salla \u00e0 manger, on trouve la cuisine qui est enti\u00e8rement \u00e9quip\u00e9e avec four et plaques \u00e9lectriques, lave-vaisselle, lave-linge, micro-ondes, bouilloire, grille-pain, r\u00e9frig\u00e9rateur\/cong\u00e9lateur et r\u00e9frig\u00e9rateur \u00e0 vin s\u00e9par\u00e9.La villa se trouve sur un terrain de bonne taille avec des pelouses et des arbustes bien entretenus, de vastes terrasses (couvertes et ouvertes).Les serviettes de piscine et les s\u00e8che-cheveux sont inclus dans le prix.Situation et distancesAeroport: 20min en voiturePlage 10min \u00e0 piedMagasins 10min \u00e0 pied Restaurants 10min \u00e0 pied.Location de voiture reccommand\u00e9. R\u00e9gion:&nbsp;Binibeca est une station baln\u00e9aire tranquille, idyllique et populaire sur la magnifique c\u00f4te sud de Minorque. C\u2019est un choix parfait pour les vacanciers qui veulent \u00e9chapper au bruit et \u00e0 la foule des autres zones plus d\u00e9velopp\u00e9es. Vous ne trouverez pas ici d\u2019h\u00f4tels d\u00e9truisant le ciel ou de grands complexes de vacances.Plage : Une belle et profonde plage de sable blanc avec une coin de pique-nique ombrag\u00e9e \u00e0 l\u2019arri\u00e8re et des toilettes gratuites. Parking gratuit \u00e0 l\u2019arri\u00e8re et au bord de la route. Les eaux de la plage sont prot\u00e9g\u00e9es par un promontoire \u00e0 l\u2019horizon. Les fonds sablonneux parfaits et peu profonds sont bord\u00e9s des deux c\u00f4t\u00e9s par des rochers, ce qui permet de faire du snorkeling. Le bar de plage de Los Bucaneros (cabane de p\u00eacheur reconvertie) sert des repas de base fra\u00eechement pr\u00e9par\u00e9s ainsi que des snacks et des boissons chaudes et froides. Sauveteur. Location de kayaks et de bateaux \u00e9lectriques sur la plage. Location de chaises longues et de parasols. Derri\u00e8re la plage, des glaces, des cr\u00eapes et d\u2019autres aliments et boissons sont disponibles. Les eaux chaudes et peu profondes de cette baie rendent ce complexe tr\u00e8s populaire aupr\u00e8s des familles avec de jeunes enfants, bien que la plage soit suffisamment grande si vous avez besoin d\u2019espace.Licence touristque: ET1905ME&nbsp;\" \/>\n<meta property=\"og:url\" content=\"https:\/\/menorcavillas.co.uk\/fr\/villas-menorca\/villa-rosa\/\" \/>\n<meta property=\"og:site_name\" content=\"Menorca Villas\" \/>\n<meta property=\"article:publisher\" content=\"https:\/\/www.facebook.com\/menorcavillasmenorca\/\" \/>\n<meta property=\"article:modified_time\" content=\"2026-03-18T11:19:27+00:00\" \/>\n<meta property=\"og:image\" content=\"https:\/\/menorcavillas.co.uk\/wp-content\/uploads\/2026\/03\/properties2FGytG5ZUXYm7xedXOYi7e-1768903644337-1.jpeg\" \/>\n\t<meta property=\"og:image:width\" content=\"1512\" \/>\n\t<meta property=\"og:image:height\" content=\"2016\" \/>\n\t<meta property=\"og:image:type\" content=\"image\/jpeg\" \/>\n<meta name=\"twitter:card\" content=\"summary_large_image\" \/>\n<meta name=\"twitter:label1\" content=\"Dur\u00e9e de lecture estim\u00e9e\" \/>\n\t<meta name=\"twitter:data1\" content=\"3 minutes\" \/>\n<script type=\"application\/ld+json\" class=\"yoast-schema-graph\">{\"@context\":\"https:\/\/schema.org\",\"@graph\":[{\"@type\":\"WebPage\",\"@id\":\"https:\/\/menorcavillas.co.uk\/fr\/villas-menorca\/villa-rosa\/\",\"url\":\"https:\/\/menorcavillas.co.uk\/fr\/villas-menorca\/villa-rosa\/\",\"name\":\"Villa Rosa | Menorca Villas\",\"isPartOf\":{\"@id\":\"https:\/\/menorcavillas.co.uk\/fr\/#website\"},\"primaryImageOfPage\":{\"@id\":\"https:\/\/menorcavillas.co.uk\/fr\/villas-menorca\/villa-rosa\/#primaryimage\"},\"image\":{\"@id\":\"https:\/\/menorcavillas.co.uk\/fr\/villas-menorca\/villa-rosa\/#primaryimage\"},\"thumbnailUrl\":\"https:\/\/menorcavillas.co.uk\/wp-content\/uploads\/2026\/03\/properties2FGytG5ZUXYm7xedXOYi7e-1768903644337-1-1.jpeg\",\"datePublished\":\"2026-03-13T17:54:52+00:00\",\"dateModified\":\"2026-03-18T11:19:27+00:00\",\"breadcrumb\":{\"@id\":\"https:\/\/menorcavillas.co.uk\/fr\/villas-menorca\/villa-rosa\/#breadcrumb\"},\"inLanguage\":\"fr-FR\",\"potentialAction\":[{\"@type\":\"ReadAction\",\"target\":[\"https:\/\/menorcavillas.co.uk\/fr\/villas-menorca\/villa-rosa\/\"]}]},{\"@type\":\"ImageObject\",\"inLanguage\":\"fr-FR\",\"@id\":\"https:\/\/menorcavillas.co.uk\/fr\/villas-menorca\/villa-rosa\/#primaryimage\",\"url\":\"https:\/\/menorcavillas.co.uk\/wp-content\/uploads\/2026\/03\/properties2FGytG5ZUXYm7xedXOYi7e-1768903644337-1-1.jpeg\",\"contentUrl\":\"https:\/\/menorcavillas.co.uk\/wp-content\/uploads\/2026\/03\/properties2FGytG5ZUXYm7xedXOYi7e-1768903644337-1-1.jpeg\",\"width\":1512,\"height\":2016},{\"@type\":\"BreadcrumbList\",\"@id\":\"https:\/\/menorcavillas.co.uk\/fr\/villas-menorca\/villa-rosa\/#breadcrumb\",\"itemListElement\":[{\"@type\":\"ListItem\",\"position\":1,\"name\":\"Menorca Villas\",\"item\":\"https:\/\/menorcavillas.co.uk\/fr\/\"},{\"@type\":\"ListItem\",\"position\":2,\"name\":\"Our Villas\",\"item\":\"https:\/\/menorcavillas.co.uk\/location-2\/\"},{\"@type\":\"ListItem\",\"position\":3,\"name\":\"Villa Rosa\"}]},{\"@type\":\"WebSite\",\"@id\":\"https:\/\/menorcavillas.co.uk\/fr\/#website\",\"url\":\"https:\/\/menorcavillas.co.uk\/fr\/\",\"name\":\"Menorca Villas\",\"description\":\"2020\",\"publisher\":{\"@id\":\"https:\/\/menorcavillas.co.uk\/fr\/#organization\"},\"potentialAction\":[{\"@type\":\"SearchAction\",\"target\":{\"@type\":\"EntryPoint\",\"urlTemplate\":\"https:\/\/menorcavillas.co.uk\/fr\/?s={search_term_string}\"},\"query-input\":{\"@type\":\"PropertyValueSpecification\",\"valueRequired\":true,\"valueName\":\"search_term_string\"}}],\"inLanguage\":\"fr-FR\"},{\"@type\":\"Organization\",\"@id\":\"https:\/\/menorcavillas.co.uk\/fr\/#organization\",\"name\":\"Menorca Villas\",\"url\":\"https:\/\/menorcavillas.co.uk\/fr\/\",\"logo\":{\"@type\":\"ImageObject\",\"inLanguage\":\"fr-FR\",\"@id\":\"https:\/\/menorcavillas.co.uk\/fr\/#\/schema\/logo\/image\/\",\"url\":\"\",\"contentUrl\":\"\",\"caption\":\"Menorca Villas\"},\"image\":{\"@id\":\"https:\/\/menorcavillas.co.uk\/fr\/#\/schema\/logo\/image\/\"},\"sameAs\":[\"https:\/\/www.facebook.com\/menorcavillasmenorca\/\"]}]}<\/script>\n<!-- \/ Yoast SEO Premium plugin. -->","yoast_head_json":{"title":"Villa Rosa | Menorca Villas","robots":{"index":"index","follow":"follow","max-snippet":"max-snippet:-1","max-image-preview":"max-image-preview:large","max-video-preview":"max-video-preview:-1"},"canonical":"https:\/\/menorcavillas.co.uk\/fr\/villas-menorca\/villa-rosa\/","og_locale":"fr_FR","og_type":"article","og_title":"Villa Rosa","og_description":"Villa Rosa est une grande villa ind\u00e9pendante de quatre chambres situ\u00e9e dans un cul-de-sac tranquille \u00e0 Binibeca et derri\u00e8re, il y a une \u00e9tendue de campagne verdoyante. La villa se trouve sur un terrain de bonne taille avec des jardins bien entretenus, de vastes terrasses (couvertes et ouvertes) et une grande piscine.Trois des chambres sont situ\u00e9es au rez-de-chauss\u00e9e, deux sont des chambres \u00e0 deux lits avec des armoirs encastr\u00e9es, qui partagent une salle de bain familiale avec une douche sur la baignoire. Il y a \u00e9galement une chambre double, elle aussi avec des armoires encastr\u00e9es et des vues sur la campagne lointaine. Cette chambre dispose d'une salle de bains attenante, avec une douche sur la baignoire. La chambre principale se trouve \u00e0 l'\u00e9tage, elle dispose d'une salle de bains attenante avec douche sur la baignoire et de portes-fen\u00eatres qui donnent sur une grande terrasse enveloppante offrant une vue magnifique sur la mer et la campagne.Au rez-de-chauss\u00e9e, le salon-salle \u00e0 manger est spacieux. La table \u00e0 manger peut accueillir confortablement 8 personnes et elle est extensible en cas de visite d'invit\u00e9s. Des portes-fen\u00eatres m\u00e8nent de la salle \u00e0 manger \u00e0 la terrasse et \u00e0 la piscine. Le salon est dot\u00e9 de fen\u00eatres \u00e0 double exposition et de hauts plafonds, ce qui donne une impression de lumi\u00e8re et d'a\u00e9ration. Il est \u00e9quip\u00e9 d'une t\u00e9l\u00e9vision avec acc\u00e8s aux cha\u00eenes satellitaires britanniques gratuites et d'un lecteur DVD. \u00c0 c\u00f4t\u00e9 de la salla \u00e0 manger, on trouve la cuisine qui est enti\u00e8rement \u00e9quip\u00e9e avec four et plaques \u00e9lectriques, lave-vaisselle, lave-linge, micro-ondes, bouilloire, grille-pain, r\u00e9frig\u00e9rateur\/cong\u00e9lateur et r\u00e9frig\u00e9rateur \u00e0 vin s\u00e9par\u00e9.La villa se trouve sur un terrain de bonne taille avec des pelouses et des arbustes bien entretenus, de vastes terrasses (couvertes et ouvertes).Les serviettes de piscine et les s\u00e8che-cheveux sont inclus dans le prix.Situation et distancesAeroport: 20min en voiturePlage 10min \u00e0 piedMagasins 10min \u00e0 pied Restaurants 10min \u00e0 pied.Location de voiture reccommand\u00e9. R\u00e9gion:&nbsp;Binibeca est une station baln\u00e9aire tranquille, idyllique et populaire sur la magnifique c\u00f4te sud de Minorque. C\u2019est un choix parfait pour les vacanciers qui veulent \u00e9chapper au bruit et \u00e0 la foule des autres zones plus d\u00e9velopp\u00e9es. Vous ne trouverez pas ici d\u2019h\u00f4tels d\u00e9truisant le ciel ou de grands complexes de vacances.Plage : Une belle et profonde plage de sable blanc avec une coin de pique-nique ombrag\u00e9e \u00e0 l\u2019arri\u00e8re et des toilettes gratuites. Parking gratuit \u00e0 l\u2019arri\u00e8re et au bord de la route. Les eaux de la plage sont prot\u00e9g\u00e9es par un promontoire \u00e0 l\u2019horizon. Les fonds sablonneux parfaits et peu profonds sont bord\u00e9s des deux c\u00f4t\u00e9s par des rochers, ce qui permet de faire du snorkeling. Le bar de plage de Los Bucaneros (cabane de p\u00eacheur reconvertie) sert des repas de base fra\u00eechement pr\u00e9par\u00e9s ainsi que des snacks et des boissons chaudes et froides. Sauveteur. Location de kayaks et de bateaux \u00e9lectriques sur la plage. Location de chaises longues et de parasols. Derri\u00e8re la plage, des glaces, des cr\u00eapes et d\u2019autres aliments et boissons sont disponibles. Les eaux chaudes et peu profondes de cette baie rendent ce complexe tr\u00e8s populaire aupr\u00e8s des familles avec de jeunes enfants, bien que la plage soit suffisamment grande si vous avez besoin d\u2019espace.Licence touristque: ET1905ME&nbsp;","og_url":"https:\/\/menorcavillas.co.uk\/fr\/villas-menorca\/villa-rosa\/","og_site_name":"Menorca Villas","article_publisher":"https:\/\/www.facebook.com\/menorcavillasmenorca\/","article_modified_time":"2026-03-18T11:19:27+00:00","og_image":[{"width":1512,"height":2016,"url":"https:\/\/menorcavillas.co.uk\/wp-content\/uploads\/2026\/03\/properties2FGytG5ZUXYm7xedXOYi7e-1768903644337-1.jpeg","type":"image\/jpeg"}],"twitter_card":"summary_large_image","twitter_misc":{"Dur\u00e9e de lecture estim\u00e9e":"3 minutes"},"schema":{"@context":"https:\/\/schema.org","@graph":[{"@type":"WebPage","@id":"https:\/\/menorcavillas.co.uk\/fr\/villas-menorca\/villa-rosa\/","url":"https:\/\/menorcavillas.co.uk\/fr\/villas-menorca\/villa-rosa\/","name":"Villa Rosa | Menorca Villas","isPartOf":{"@id":"https:\/\/menorcavillas.co.uk\/fr\/#website"},"primaryImageOfPage":{"@id":"https:\/\/menorcavillas.co.uk\/fr\/villas-menorca\/villa-rosa\/#primaryimage"},"image":{"@id":"https:\/\/menorcavillas.co.uk\/fr\/villas-menorca\/villa-rosa\/#primaryimage"},"thumbnailUrl":"https:\/\/menorcavillas.co.uk\/wp-content\/uploads\/2026\/03\/properties2FGytG5ZUXYm7xedXOYi7e-1768903644337-1-1.jpeg","datePublished":"2026-03-13T17:54:52+00:00","dateModified":"2026-03-18T11:19:27+00:00","breadcrumb":{"@id":"https:\/\/menorcavillas.co.uk\/fr\/villas-menorca\/villa-rosa\/#breadcrumb"},"inLanguage":"fr-FR","potentialAction":[{"@type":"ReadAction","target":["https:\/\/menorcavillas.co.uk\/fr\/villas-menorca\/villa-rosa\/"]}]},{"@type":"ImageObject","inLanguage":"fr-FR","@id":"https:\/\/menorcavillas.co.uk\/fr\/villas-menorca\/villa-rosa\/#primaryimage","url":"https:\/\/menorcavillas.co.uk\/wp-content\/uploads\/2026\/03\/properties2FGytG5ZUXYm7xedXOYi7e-1768903644337-1-1.jpeg","contentUrl":"https:\/\/menorcavillas.co.uk\/wp-content\/uploads\/2026\/03\/properties2FGytG5ZUXYm7xedXOYi7e-1768903644337-1-1.jpeg","width":1512,"height":2016},{"@type":"BreadcrumbList","@id":"https:\/\/menorcavillas.co.uk\/fr\/villas-menorca\/villa-rosa\/#breadcrumb","itemListElement":[{"@type":"ListItem","position":1,"name":"Menorca Villas","item":"https:\/\/menorcavillas.co.uk\/fr\/"},{"@type":"ListItem","position":2,"name":"Our Villas","item":"https:\/\/menorcavillas.co.uk\/location-2\/"},{"@type":"ListItem","position":3,"name":"Villa Rosa"}]},{"@type":"WebSite","@id":"https:\/\/menorcavillas.co.uk\/fr\/#website","url":"https:\/\/menorcavillas.co.uk\/fr\/","name":"Menorca Villas","description":"2020","publisher":{"@id":"https:\/\/menorcavillas.co.uk\/fr\/#organization"},"potentialAction":[{"@type":"SearchAction","target":{"@type":"EntryPoint","urlTemplate":"https:\/\/menorcavillas.co.uk\/fr\/?s={search_term_string}"},"query-input":{"@type":"PropertyValueSpecification","valueRequired":true,"valueName":"search_term_string"}}],"inLanguage":"fr-FR"},{"@type":"Organization","@id":"https:\/\/menorcavillas.co.uk\/fr\/#organization","name":"Menorca Villas","url":"https:\/\/menorcavillas.co.uk\/fr\/","logo":{"@type":"ImageObject","inLanguage":"fr-FR","@id":"https:\/\/menorcavillas.co.uk\/fr\/#\/schema\/logo\/image\/","url":"","contentUrl":"","caption":"Menorca Villas"},"image":{"@id":"https:\/\/menorcavillas.co.uk\/fr\/#\/schema\/logo\/image\/"},"sameAs":["https:\/\/www.facebook.com\/menorcavillasmenorca\/"]}]}},"_links":{"self":[{"href":"https:\/\/menorcavillas.co.uk\/fr\/wp-json\/wp\/v2\/product\/97326","targetHints":{"allow":["GET"]}}],"collection":[{"href":"https:\/\/menorcavillas.co.uk\/fr\/wp-json\/wp\/v2\/product"}],"about":[{"href":"https:\/\/menorcavillas.co.uk\/fr\/wp-json\/wp\/v2\/types\/product"}],"wp:featuredmedia":[{"embeddable":true,"href":"https:\/\/menorcavillas.co.uk\/fr\/wp-json\/wp\/v2\/media\/100118"}],"wp:attachment":[{"href":"https:\/\/menorcavillas.co.uk\/fr\/wp-json\/wp\/v2\/media?parent=97326"}],"wp:term":[{"taxonomy":"product_brand","embeddable":true,"href":"https:\/\/menorcavillas.co.uk\/fr\/wp-json\/wp\/v2\/product_brand?post=97326"},{"taxonomy":"product_cat","embeddable":true,"href":"https:\/\/menorcavillas.co.uk\/fr\/wp-json\/wp\/v2\/product_cat?post=97326"},{"taxonomy":"product_tag","embeddable":true,"href":"https:\/\/menorcavillas.co.uk\/fr\/wp-json\/wp\/v2\/product_tag?post=97326"},{"taxonomy":"amenities","embeddable":true,"href":"https:\/\/menorcavillas.co.uk\/fr\/wp-json\/wp\/v2\/amenities?post=97326"}],"curies":[{"name":"wp","href":"https:\/\/api.w.org\/{rel}","templated":true}]}}