{"id":45230,"date":"2026-01-21T14:07:34","date_gmt":"2026-01-21T13:07:34","guid":{"rendered":"https:\/\/menorcavillas.co.uk\/?post_type=product&#038;p=45230"},"modified":"2026-04-09T17:00:14","modified_gmt":"2026-04-09T15:00:14","slug":"puesto-al-sol-3","status":"publish","type":"product","link":"https:\/\/menorcavillas.co.uk\/fr\/villas-menorca\/puesto-al-sol-3\/","title":{"rendered":"Puesto Al Sol"},"content":{"rendered":"<p>Dans la maison vous avez un grand hall d\u2019entr\u00e9e duquel vous voyez le salon \/ salle \u00e0 et manger et l\u2019escalier qui vous conduit aux trois chambres de l\u2019\u00e9tage.<\/p>\n<p><span style=\"color: rgb(30, 165, 149);\">Voir plus<\/span><\/p>\n<p>Le salon est parfaitement \u00e9quip\u00e9, il y a trois sofas, un \u00e9cran plat et les chaines du cable. Autour de la table de la salle \u00e0 manger, huit personnes peuvent ais\u00e9ment prendre place. De l\u00e0 des portes fen\u00eatres ouvrent sur la terrasse et la piscine.<\/p>\n<p>La grande cuisine, moderne, est elle aussi enti\u00e8rement \u00e9quip\u00e9e, four \u00e9lectrique, plaques, r\u00e9frig\u00e9rateur\/ cong\u00e9lateur am\u00e9ricain, lave-vaisselle, bouilloire, grille-pain. Il y a aussi une petite table pour quatre personnes.<\/p>\n<p>Au m\u00eame \u00e9tage, il y a une chambre double avec deux lits simples, avec armoires encastr\u00e9es, beaucoup d\u2019espace de rangement et une porte-fen\u00eatre donnant sur la piscine et le jardin. Cette chambre b\u00e9n\u00e9ficie d\u2019une salle de douche s\u00e9par\u00e9e.<\/p>\n<p>A l\u2019\u00e9tage vous trouverez 3 autres chambres, La chambre principale a un grand lit super-kingsize, des armoires encastr\u00e9es, et en suite, une grande salle de bain, wc, bidet. Depuis cette chambre on peut profiter d\u2019une terrasse priv\u00e9e avec vue sur la campagne et la mer au loin.<\/p>\n<p>Plus loin la premi\u00e8re chambre double avec deux lits individuels a elle aussi armoires encastr\u00e9es, salle de douche, et terrasse avec vue sur le jardin et encore, la mer au loin. La troisi\u00e9me chambre, double avec lits individuels a aussi une salle de douche en suite. Ces deux chambres peuvent si vous le souhaitez, \u00eatre transform\u00e9es en chambres doubles avec lit kingsize.<\/p>\n<p>Toutes les chambres ont air conditionn\u00e9 et son merveilleusement d\u00e9cor\u00e9es.<\/p>\n<p>La machine \u00e0 laver se trouve dans le garage o\u00f9 vous trouverez aussi un d\u00e9barras.<\/p>\n<p>Dehors il ya une terrasse enti\u00e8rement \u00e9quip\u00e9e pour diner ou pour se reposer. La pelouse a un petit chemin qui donne sur la piscine de 8x4m. Il y a un barbecue \u00e9lectrique dont vous pouvez profiter. Pendant les mois plus frais la piscine peut \u00catre chauff\u00e9e (en suppl\u00e9ment). La maison a le chauffage central dont on peut profiter aussi hors saison.<\/p>\n<p><strong>Serviette de piscine\/plage:<\/strong>&nbsp;Fournies<\/p>\n<p><strong>S\u00e8che cheveux:<\/strong>&nbsp;Fourni<\/p>\n<p><strong>Situation et distances<\/strong><\/p>\n<p>A\u00e9roport: 10 minutes, Plage 600 m\u00e8tres \/5 minutes \u00e0 pied, Magasins 8km \u2013 5 minutes en voiture. Restaurant le plus proche 100 m\u00e8tres.<\/p>\n<p>Location de voiture n\u00e9cessaire<\/p>\n<p><\/p>\n<p><strong>La zone:<\/strong><\/p>\n<p><\/p>\n<p><strong>Binidali&nbsp;<\/strong>est un des village de bord de mer de la c\u00f4te sud-est de Minorque. Il se distingue toutefois par son isolement des complexes h\u00f4teliers et est id\u00e9als pour ceux qui veulent s\u2019\u00e9loigner des zones touristiques.<\/p>\n<p>Il y a un restaurant local \u00e0 quelques pas de la villa, et la magnifique petite plage dans une crique est juste \u00e0 c\u00f4t\u00e9 elle aussi. A 5 minutes en voiture se trouve le petit village de Sant Climent, o\u00f9 vous trouverez, boulangerie, magasin, banque, et restaurants.<\/p>\n<p>Le long de la c\u00f4te vers l\u2019est se trouve une plage plus grande, celle de Binisafua. ET encore \u00e0 5 minutes en voiture on arrive au village de p\u00eacheur de Binibeca. Tout le long de la c\u00f4te vous trouverez de petites criques qui vous inviteront \u00e0 rentrer dans leurs eaux turquoises.<\/p>\n<p>La capital de Minorque, Mahon, est \u00e0 seulement 15 minutes de voiture. L\u00e0 vous trouverez toute l\u2019animation de la ville historique et de son port.<\/p>\n<p><\/p>\n<p><em>Licence touristique: ET1881ME<\/em><\/p>\n","protected":false},"excerpt":{"rendered":"<p>Dans la maison vous avez un grand hall d\u2019entr\u00e9e duquel vous voyez le salon \/ salle \u00e0 et manger et l\u2019escalier qui vous conduit aux trois chambres de l\u2019\u00e9tage.<\/p>\n<p><span style=\"color: rgb(30, 165, 149);\">Voir plus<\/span><\/p>\n<p>Le salon est parfaitement \u00e9quip\u00e9, il y a trois sofas, un \u00e9cran plat et les chaines du cable. Autour de la table de la salle \u00e0 manger, huit personnes peuvent ais\u00e9ment prendre place. De l\u00e0 des portes fen\u00eatres ouvrent sur la terrasse et la piscine.<\/p>\n<p>La grande cuisine, moderne, est elle aussi enti\u00e8rement \u00e9quip\u00e9e, four \u00e9lectrique, plaques, r\u00e9frig\u00e9rateur\/ cong\u00e9lateur am\u00e9ricain, lave-vaisselle, bouilloire, grille-pain. Il y a aussi une petite table pour quatre personnes.<\/p>\n<p>Au m\u00eame \u00e9tage, il y a une chambre double avec deux lits simples, avec armoires encastr\u00e9es, beaucoup d\u2019espace de rangement et une porte-fen\u00eatre donnant sur la piscine et le jardin. Cette chambre b\u00e9n\u00e9ficie d\u2019une salle de douche s\u00e9par\u00e9e.<\/p>\n<p>A l\u2019\u00e9tage vous trouverez 3 autres chambres, La chambre principale a un grand lit super-kingsize, des armoires encastr\u00e9es, et en suite, une grande salle de bain, wc, bidet. Depuis cette chambre on peut profiter d\u2019une terrasse priv\u00e9e avec vue sur la campagne et la mer au loin.<\/p>\n<p>Plus loin la premi\u00e8re chambre double avec deux lits individuels a elle aussi armoires encastr\u00e9es, salle de douche, et terrasse avec vue sur le jardin et encore, la mer au loin. La troisi\u00e9me chambre, double avec lits individuels a aussi une salle de douche en suite. Ces deux chambres peuvent si vous le souhaitez, \u00eatre transform\u00e9es en chambres doubles avec lit kingsize.<\/p>\n<p>Toutes les chambres ont air conditionn\u00e9 et son merveilleusement d\u00e9cor\u00e9es.<\/p>\n<p>La machine \u00e0 laver se trouve dans le garage o\u00f9 vous trouverez aussi un d\u00e9barras.<\/p>\n<p>Dehors il ya une terrasse enti\u00e8rement \u00e9quip\u00e9e pour diner ou pour se reposer. La pelouse a un petit chemin qui donne sur la piscine de 8x4m. Il y a un barbecue \u00e9lectrique dont vous pouvez profiter. Pendant les mois plus frais la piscine peut \u00catre chauff\u00e9e (en suppl\u00e9ment). La maison a le chauffage central dont on peut profiter aussi hors saison.<\/p>\n<p><strong>Serviette de piscine\/plage:<\/strong>&nbsp;Fournies<\/p>\n<p><strong>S\u00e8che cheveux:<\/strong>&nbsp;Fourni<\/p>\n<p><strong>Situation et distances<\/strong><\/p>\n<p>A\u00e9roport: 10 minutes, Plage 600 m\u00e8tres \/5 minutes \u00e0 pied, Magasins 8km \u2013 5 minutes en voiture. Restaurant le plus proche 100 m\u00e8tres.<\/p>\n<p>Location de voiture n\u00e9cessaire<\/p>\n<p><\/p>\n<p><strong>La zone:<\/strong><\/p>\n<p><\/p>\n<p><strong>Binidali&nbsp;<\/strong>est un des village de bord de mer de la c\u00f4te sud-est de Minorque. Il se distingue toutefois par son isolement des complexes h\u00f4teliers et est id\u00e9als pour ceux qui veulent s\u2019\u00e9loigner des zones touristiques.<\/p>\n<p>Il y a un restaurant local \u00e0 quelques pas de la villa, et la magnifique petite plage dans une crique est juste \u00e0 c\u00f4t\u00e9 elle aussi. A 5 minutes en voiture se trouve le petit village de Sant Climent, o\u00f9 vous trouverez, boulangerie, magasin, banque, et restaurants.<\/p>\n<p>Le long de la c\u00f4te vers l\u2019est se trouve une plage plus grande, celle de Binisafua. ET encore \u00e0 5 minutes en voiture on arrive au village de p\u00eacheur de Binibeca. Tout le long de la c\u00f4te vous trouverez de petites criques qui vous inviteront \u00e0 rentrer dans leurs eaux turquoises.<\/p>\n<p>La capital de Minorque, Mahon, est \u00e0 seulement 15 minutes de voiture. L\u00e0 vous trouverez toute l\u2019animation de la ville historique et de son port.<\/p>\n<p><\/p>\n<p><em>Licence touristique: ET1881ME<\/em><\/p>\n","protected":false},"featured_media":93058,"template":"","meta":{"_acf_changed":false},"product_brand":[],"product_cat":[182],"product_tag":[],"amenities":[315,129,314,311,312,155,313,318,316,153],"class_list":{"0":"post-45230","1":"product","2":"type-product","3":"status-publish","4":"has-post-thumbnail","6":"product_cat-binidali-fr","7":"amenities-ac","8":"amenities-bbq","9":"amenities-garage","10":"amenities-iptv","11":"amenities-lounge-dining-room","12":"amenities-luxury-villa","13":"amenities-pool","14":"amenities-sea-view","15":"amenities-terrace","16":"amenities-wifi","18":"first","19":"instock","20":"shipping-taxable","21":"purchasable","22":"product-type-simple"},"acf":[],"yoast_head":"<!-- This site is optimized with the Yoast SEO Premium plugin v26.7 (Yoast SEO v26.7) - https:\/\/yoast.com\/wordpress\/plugins\/seo\/ -->\n<title>Puesto Al Sol | Menorca Villas<\/title>\n<meta name=\"robots\" content=\"index, follow, max-snippet:-1, max-image-preview:large, max-video-preview:-1\" \/>\n<link rel=\"canonical\" href=\"https:\/\/menorcavillas.co.uk\/fr\/villas-menorca\/puesto-al-sol-3\/\" \/>\n<meta property=\"og:locale\" content=\"fr_FR\" \/>\n<meta property=\"og:type\" content=\"article\" \/>\n<meta property=\"og:title\" content=\"Puesto Al Sol\" \/>\n<meta property=\"og:description\" content=\"Dans la maison vous avez un grand hall d\u2019entr\u00e9e duquel vous voyez le salon \/ salle \u00e0 et manger et l\u2019escalier qui vous conduit aux trois chambres de l\u2019\u00e9tage.Voir plusLe salon est parfaitement \u00e9quip\u00e9, il y a trois sofas, un \u00e9cran plat et les chaines du cable. Autour de la table de la salle \u00e0 manger, huit personnes peuvent ais\u00e9ment prendre place. De l\u00e0 des portes fen\u00eatres ouvrent sur la terrasse et la piscine.La grande cuisine, moderne, est elle aussi enti\u00e8rement \u00e9quip\u00e9e, four \u00e9lectrique, plaques, r\u00e9frig\u00e9rateur\/ cong\u00e9lateur am\u00e9ricain, lave-vaisselle, bouilloire, grille-pain. Il y a aussi une petite table pour quatre personnes.Au m\u00eame \u00e9tage, il y a une chambre double avec deux lits simples, avec armoires encastr\u00e9es, beaucoup d\u2019espace de rangement et une porte-fen\u00eatre donnant sur la piscine et le jardin. Cette chambre b\u00e9n\u00e9ficie d\u2019une salle de douche s\u00e9par\u00e9e.A l\u2019\u00e9tage vous trouverez 3 autres chambres, La chambre principale a un grand lit super-kingsize, des armoires encastr\u00e9es, et en suite, une grande salle de bain, wc, bidet. Depuis cette chambre on peut profiter d\u2019une terrasse priv\u00e9e avec vue sur la campagne et la mer au loin.Plus loin la premi\u00e8re chambre double avec deux lits individuels a elle aussi armoires encastr\u00e9es, salle de douche, et terrasse avec vue sur le jardin et encore, la mer au loin. La troisi\u00e9me chambre, double avec lits individuels a aussi une salle de douche en suite. Ces deux chambres peuvent si vous le souhaitez, \u00eatre transform\u00e9es en chambres doubles avec lit kingsize.Toutes les chambres ont air conditionn\u00e9 et son merveilleusement d\u00e9cor\u00e9es.La machine \u00e0 laver se trouve dans le garage o\u00f9 vous trouverez aussi un d\u00e9barras.Dehors il ya une terrasse enti\u00e8rement \u00e9quip\u00e9e pour diner ou pour se reposer. La pelouse a un petit chemin qui donne sur la piscine de 8x4m. Il y a un barbecue \u00e9lectrique dont vous pouvez profiter. Pendant les mois plus frais la piscine peut \u00catre chauff\u00e9e (en suppl\u00e9ment). La maison a le chauffage central dont on peut profiter aussi hors saison.Serviette de piscine\/plage:&nbsp;FourniesS\u00e8che cheveux:&nbsp;FourniSituation et distancesA\u00e9roport: 10 minutes, Plage 600 m\u00e8tres \/5 minutes \u00e0 pied, Magasins 8km \u2013 5 minutes en voiture. Restaurant le plus proche 100 m\u00e8tres.Location de voiture n\u00e9cessaireLa zone:Binidali&nbsp;est un des village de bord de mer de la c\u00f4te sud-est de Minorque. Il se distingue toutefois par son isolement des complexes h\u00f4teliers et est id\u00e9als pour ceux qui veulent s\u2019\u00e9loigner des zones touristiques.Il y a un restaurant local \u00e0 quelques pas de la villa, et la magnifique petite plage dans une crique est juste \u00e0 c\u00f4t\u00e9 elle aussi. A 5 minutes en voiture se trouve le petit village de Sant Climent, o\u00f9 vous trouverez, boulangerie, magasin, banque, et restaurants.Le long de la c\u00f4te vers l\u2019est se trouve une plage plus grande, celle de Binisafua. ET encore \u00e0 5 minutes en voiture on arrive au village de p\u00eacheur de Binibeca. Tout le long de la c\u00f4te vous trouverez de petites criques qui vous inviteront \u00e0 rentrer dans leurs eaux turquoises.La capital de Minorque, Mahon, est \u00e0 seulement 15 minutes de voiture. L\u00e0 vous trouverez toute l\u2019animation de la ville historique et de son port.Licence touristique: ET1881ME\" \/>\n<meta property=\"og:url\" content=\"https:\/\/menorcavillas.co.uk\/fr\/villas-menorca\/puesto-al-sol-3\/\" \/>\n<meta property=\"og:site_name\" content=\"Menorca Villas\" \/>\n<meta property=\"article:publisher\" content=\"https:\/\/www.facebook.com\/menorcavillasmenorca\/\" \/>\n<meta property=\"article:modified_time\" content=\"2026-04-09T15:00:14+00:00\" \/>\n<meta property=\"og:image\" content=\"https:\/\/menorcavillas.co.uk\/wp-content\/uploads\/2026\/01\/properties2F2tuFCbb5SgezLSnWqW67-1728324310356-1-2.jpeg\" \/>\n\t<meta property=\"og:image:width\" content=\"640\" \/>\n\t<meta property=\"og:image:height\" content=\"478\" \/>\n\t<meta property=\"og:image:type\" content=\"image\/jpeg\" \/>\n<meta name=\"twitter:card\" content=\"summary_large_image\" \/>\n<meta name=\"twitter:label1\" content=\"Dur\u00e9e de lecture estim\u00e9e\" \/>\n\t<meta name=\"twitter:data1\" content=\"3 minutes\" \/>\n<script type=\"application\/ld+json\" class=\"yoast-schema-graph\">{\"@context\":\"https:\/\/schema.org\",\"@graph\":[{\"@type\":\"WebPage\",\"@id\":\"https:\/\/menorcavillas.co.uk\/fr\/villas-menorca\/puesto-al-sol-3\/\",\"url\":\"https:\/\/menorcavillas.co.uk\/fr\/villas-menorca\/puesto-al-sol-3\/\",\"name\":\"Puesto Al Sol | Menorca Villas\",\"isPartOf\":{\"@id\":\"https:\/\/menorcavillas.co.uk\/fr\/#website\"},\"primaryImageOfPage\":{\"@id\":\"https:\/\/menorcavillas.co.uk\/fr\/villas-menorca\/puesto-al-sol-3\/#primaryimage\"},\"image\":{\"@id\":\"https:\/\/menorcavillas.co.uk\/fr\/villas-menorca\/puesto-al-sol-3\/#primaryimage\"},\"thumbnailUrl\":\"https:\/\/menorcavillas.co.uk\/wp-content\/uploads\/2026\/01\/properties2F2tuFCbb5SgezLSnWqW67-1728324310356-1.jpeg\",\"datePublished\":\"2026-01-21T13:07:34+00:00\",\"dateModified\":\"2026-04-09T15:00:14+00:00\",\"breadcrumb\":{\"@id\":\"https:\/\/menorcavillas.co.uk\/fr\/villas-menorca\/puesto-al-sol-3\/#breadcrumb\"},\"inLanguage\":\"fr-FR\",\"potentialAction\":[{\"@type\":\"ReadAction\",\"target\":[\"https:\/\/menorcavillas.co.uk\/fr\/villas-menorca\/puesto-al-sol-3\/\"]}]},{\"@type\":\"ImageObject\",\"inLanguage\":\"fr-FR\",\"@id\":\"https:\/\/menorcavillas.co.uk\/fr\/villas-menorca\/puesto-al-sol-3\/#primaryimage\",\"url\":\"https:\/\/menorcavillas.co.uk\/wp-content\/uploads\/2026\/01\/properties2F2tuFCbb5SgezLSnWqW67-1728324310356-1.jpeg\",\"contentUrl\":\"https:\/\/menorcavillas.co.uk\/wp-content\/uploads\/2026\/01\/properties2F2tuFCbb5SgezLSnWqW67-1728324310356-1.jpeg\",\"width\":640,\"height\":478},{\"@type\":\"BreadcrumbList\",\"@id\":\"https:\/\/menorcavillas.co.uk\/fr\/villas-menorca\/puesto-al-sol-3\/#breadcrumb\",\"itemListElement\":[{\"@type\":\"ListItem\",\"position\":1,\"name\":\"Menorca Villas\",\"item\":\"https:\/\/menorcavillas.co.uk\/fr\/\"},{\"@type\":\"ListItem\",\"position\":2,\"name\":\"Our Villas\",\"item\":\"https:\/\/menorcavillas.co.uk\/location-2\/\"},{\"@type\":\"ListItem\",\"position\":3,\"name\":\"Puesto Al Sol\"}]},{\"@type\":\"WebSite\",\"@id\":\"https:\/\/menorcavillas.co.uk\/fr\/#website\",\"url\":\"https:\/\/menorcavillas.co.uk\/fr\/\",\"name\":\"Menorca Villas\",\"description\":\"2020\",\"publisher\":{\"@id\":\"https:\/\/menorcavillas.co.uk\/fr\/#organization\"},\"potentialAction\":[{\"@type\":\"SearchAction\",\"target\":{\"@type\":\"EntryPoint\",\"urlTemplate\":\"https:\/\/menorcavillas.co.uk\/fr\/?s={search_term_string}\"},\"query-input\":{\"@type\":\"PropertyValueSpecification\",\"valueRequired\":true,\"valueName\":\"search_term_string\"}}],\"inLanguage\":\"fr-FR\"},{\"@type\":\"Organization\",\"@id\":\"https:\/\/menorcavillas.co.uk\/fr\/#organization\",\"name\":\"Menorca Villas\",\"url\":\"https:\/\/menorcavillas.co.uk\/fr\/\",\"logo\":{\"@type\":\"ImageObject\",\"inLanguage\":\"fr-FR\",\"@id\":\"https:\/\/menorcavillas.co.uk\/fr\/#\/schema\/logo\/image\/\",\"url\":\"\",\"contentUrl\":\"\",\"caption\":\"Menorca Villas\"},\"image\":{\"@id\":\"https:\/\/menorcavillas.co.uk\/fr\/#\/schema\/logo\/image\/\"},\"sameAs\":[\"https:\/\/www.facebook.com\/menorcavillasmenorca\/\"]}]}<\/script>\n<!-- \/ Yoast SEO Premium plugin. -->","yoast_head_json":{"title":"Puesto Al Sol | Menorca Villas","robots":{"index":"index","follow":"follow","max-snippet":"max-snippet:-1","max-image-preview":"max-image-preview:large","max-video-preview":"max-video-preview:-1"},"canonical":"https:\/\/menorcavillas.co.uk\/fr\/villas-menorca\/puesto-al-sol-3\/","og_locale":"fr_FR","og_type":"article","og_title":"Puesto Al Sol","og_description":"Dans la maison vous avez un grand hall d\u2019entr\u00e9e duquel vous voyez le salon \/ salle \u00e0 et manger et l\u2019escalier qui vous conduit aux trois chambres de l\u2019\u00e9tage.Voir plusLe salon est parfaitement \u00e9quip\u00e9, il y a trois sofas, un \u00e9cran plat et les chaines du cable. Autour de la table de la salle \u00e0 manger, huit personnes peuvent ais\u00e9ment prendre place. De l\u00e0 des portes fen\u00eatres ouvrent sur la terrasse et la piscine.La grande cuisine, moderne, est elle aussi enti\u00e8rement \u00e9quip\u00e9e, four \u00e9lectrique, plaques, r\u00e9frig\u00e9rateur\/ cong\u00e9lateur am\u00e9ricain, lave-vaisselle, bouilloire, grille-pain. Il y a aussi une petite table pour quatre personnes.Au m\u00eame \u00e9tage, il y a une chambre double avec deux lits simples, avec armoires encastr\u00e9es, beaucoup d\u2019espace de rangement et une porte-fen\u00eatre donnant sur la piscine et le jardin. Cette chambre b\u00e9n\u00e9ficie d\u2019une salle de douche s\u00e9par\u00e9e.A l\u2019\u00e9tage vous trouverez 3 autres chambres, La chambre principale a un grand lit super-kingsize, des armoires encastr\u00e9es, et en suite, une grande salle de bain, wc, bidet. Depuis cette chambre on peut profiter d\u2019une terrasse priv\u00e9e avec vue sur la campagne et la mer au loin.Plus loin la premi\u00e8re chambre double avec deux lits individuels a elle aussi armoires encastr\u00e9es, salle de douche, et terrasse avec vue sur le jardin et encore, la mer au loin. La troisi\u00e9me chambre, double avec lits individuels a aussi une salle de douche en suite. Ces deux chambres peuvent si vous le souhaitez, \u00eatre transform\u00e9es en chambres doubles avec lit kingsize.Toutes les chambres ont air conditionn\u00e9 et son merveilleusement d\u00e9cor\u00e9es.La machine \u00e0 laver se trouve dans le garage o\u00f9 vous trouverez aussi un d\u00e9barras.Dehors il ya une terrasse enti\u00e8rement \u00e9quip\u00e9e pour diner ou pour se reposer. La pelouse a un petit chemin qui donne sur la piscine de 8x4m. Il y a un barbecue \u00e9lectrique dont vous pouvez profiter. Pendant les mois plus frais la piscine peut \u00catre chauff\u00e9e (en suppl\u00e9ment). La maison a le chauffage central dont on peut profiter aussi hors saison.Serviette de piscine\/plage:&nbsp;FourniesS\u00e8che cheveux:&nbsp;FourniSituation et distancesA\u00e9roport: 10 minutes, Plage 600 m\u00e8tres \/5 minutes \u00e0 pied, Magasins 8km \u2013 5 minutes en voiture. Restaurant le plus proche 100 m\u00e8tres.Location de voiture n\u00e9cessaireLa zone:Binidali&nbsp;est un des village de bord de mer de la c\u00f4te sud-est de Minorque. Il se distingue toutefois par son isolement des complexes h\u00f4teliers et est id\u00e9als pour ceux qui veulent s\u2019\u00e9loigner des zones touristiques.Il y a un restaurant local \u00e0 quelques pas de la villa, et la magnifique petite plage dans une crique est juste \u00e0 c\u00f4t\u00e9 elle aussi. A 5 minutes en voiture se trouve le petit village de Sant Climent, o\u00f9 vous trouverez, boulangerie, magasin, banque, et restaurants.Le long de la c\u00f4te vers l\u2019est se trouve une plage plus grande, celle de Binisafua. ET encore \u00e0 5 minutes en voiture on arrive au village de p\u00eacheur de Binibeca. Tout le long de la c\u00f4te vous trouverez de petites criques qui vous inviteront \u00e0 rentrer dans leurs eaux turquoises.La capital de Minorque, Mahon, est \u00e0 seulement 15 minutes de voiture. L\u00e0 vous trouverez toute l\u2019animation de la ville historique et de son port.Licence touristique: ET1881ME","og_url":"https:\/\/menorcavillas.co.uk\/fr\/villas-menorca\/puesto-al-sol-3\/","og_site_name":"Menorca Villas","article_publisher":"https:\/\/www.facebook.com\/menorcavillasmenorca\/","article_modified_time":"2026-04-09T15:00:14+00:00","og_image":[{"width":640,"height":478,"url":"https:\/\/menorcavillas.co.uk\/wp-content\/uploads\/2026\/01\/properties2F2tuFCbb5SgezLSnWqW67-1728324310356-1-2.jpeg","type":"image\/jpeg"}],"twitter_card":"summary_large_image","twitter_misc":{"Dur\u00e9e de lecture estim\u00e9e":"3 minutes"},"schema":{"@context":"https:\/\/schema.org","@graph":[{"@type":"WebPage","@id":"https:\/\/menorcavillas.co.uk\/fr\/villas-menorca\/puesto-al-sol-3\/","url":"https:\/\/menorcavillas.co.uk\/fr\/villas-menorca\/puesto-al-sol-3\/","name":"Puesto Al Sol | Menorca Villas","isPartOf":{"@id":"https:\/\/menorcavillas.co.uk\/fr\/#website"},"primaryImageOfPage":{"@id":"https:\/\/menorcavillas.co.uk\/fr\/villas-menorca\/puesto-al-sol-3\/#primaryimage"},"image":{"@id":"https:\/\/menorcavillas.co.uk\/fr\/villas-menorca\/puesto-al-sol-3\/#primaryimage"},"thumbnailUrl":"https:\/\/menorcavillas.co.uk\/wp-content\/uploads\/2026\/01\/properties2F2tuFCbb5SgezLSnWqW67-1728324310356-1.jpeg","datePublished":"2026-01-21T13:07:34+00:00","dateModified":"2026-04-09T15:00:14+00:00","breadcrumb":{"@id":"https:\/\/menorcavillas.co.uk\/fr\/villas-menorca\/puesto-al-sol-3\/#breadcrumb"},"inLanguage":"fr-FR","potentialAction":[{"@type":"ReadAction","target":["https:\/\/menorcavillas.co.uk\/fr\/villas-menorca\/puesto-al-sol-3\/"]}]},{"@type":"ImageObject","inLanguage":"fr-FR","@id":"https:\/\/menorcavillas.co.uk\/fr\/villas-menorca\/puesto-al-sol-3\/#primaryimage","url":"https:\/\/menorcavillas.co.uk\/wp-content\/uploads\/2026\/01\/properties2F2tuFCbb5SgezLSnWqW67-1728324310356-1.jpeg","contentUrl":"https:\/\/menorcavillas.co.uk\/wp-content\/uploads\/2026\/01\/properties2F2tuFCbb5SgezLSnWqW67-1728324310356-1.jpeg","width":640,"height":478},{"@type":"BreadcrumbList","@id":"https:\/\/menorcavillas.co.uk\/fr\/villas-menorca\/puesto-al-sol-3\/#breadcrumb","itemListElement":[{"@type":"ListItem","position":1,"name":"Menorca Villas","item":"https:\/\/menorcavillas.co.uk\/fr\/"},{"@type":"ListItem","position":2,"name":"Our Villas","item":"https:\/\/menorcavillas.co.uk\/location-2\/"},{"@type":"ListItem","position":3,"name":"Puesto Al Sol"}]},{"@type":"WebSite","@id":"https:\/\/menorcavillas.co.uk\/fr\/#website","url":"https:\/\/menorcavillas.co.uk\/fr\/","name":"Menorca Villas","description":"2020","publisher":{"@id":"https:\/\/menorcavillas.co.uk\/fr\/#organization"},"potentialAction":[{"@type":"SearchAction","target":{"@type":"EntryPoint","urlTemplate":"https:\/\/menorcavillas.co.uk\/fr\/?s={search_term_string}"},"query-input":{"@type":"PropertyValueSpecification","valueRequired":true,"valueName":"search_term_string"}}],"inLanguage":"fr-FR"},{"@type":"Organization","@id":"https:\/\/menorcavillas.co.uk\/fr\/#organization","name":"Menorca Villas","url":"https:\/\/menorcavillas.co.uk\/fr\/","logo":{"@type":"ImageObject","inLanguage":"fr-FR","@id":"https:\/\/menorcavillas.co.uk\/fr\/#\/schema\/logo\/image\/","url":"","contentUrl":"","caption":"Menorca Villas"},"image":{"@id":"https:\/\/menorcavillas.co.uk\/fr\/#\/schema\/logo\/image\/"},"sameAs":["https:\/\/www.facebook.com\/menorcavillasmenorca\/"]}]}},"_links":{"self":[{"href":"https:\/\/menorcavillas.co.uk\/fr\/wp-json\/wp\/v2\/product\/45230","targetHints":{"allow":["GET"]}}],"collection":[{"href":"https:\/\/menorcavillas.co.uk\/fr\/wp-json\/wp\/v2\/product"}],"about":[{"href":"https:\/\/menorcavillas.co.uk\/fr\/wp-json\/wp\/v2\/types\/product"}],"wp:featuredmedia":[{"embeddable":true,"href":"https:\/\/menorcavillas.co.uk\/fr\/wp-json\/wp\/v2\/media\/93058"}],"wp:attachment":[{"href":"https:\/\/menorcavillas.co.uk\/fr\/wp-json\/wp\/v2\/media?parent=45230"}],"wp:term":[{"taxonomy":"product_brand","embeddable":true,"href":"https:\/\/menorcavillas.co.uk\/fr\/wp-json\/wp\/v2\/product_brand?post=45230"},{"taxonomy":"product_cat","embeddable":true,"href":"https:\/\/menorcavillas.co.uk\/fr\/wp-json\/wp\/v2\/product_cat?post=45230"},{"taxonomy":"product_tag","embeddable":true,"href":"https:\/\/menorcavillas.co.uk\/fr\/wp-json\/wp\/v2\/product_tag?post=45230"},{"taxonomy":"amenities","embeddable":true,"href":"https:\/\/menorcavillas.co.uk\/fr\/wp-json\/wp\/v2\/amenities?post=45230"}],"curies":[{"name":"wp","href":"https:\/\/api.w.org\/{rel}","templated":true}]}}