{"id":44187,"date":"2026-01-16T18:07:36","date_gmt":"2026-01-16T17:07:36","guid":{"rendered":"https:\/\/menorcavillas.co.uk\/?post_type=product&#038;p=44187"},"modified":"2026-04-07T09:18:08","modified_gmt":"2026-04-07T07:18:08","slug":"villa-leocadia-2","status":"publish","type":"product","link":"https:\/\/menorcavillas.co.uk\/fr\/villas-menorca\/villa-leocadia-2\/","title":{"rendered":"Villa Leocadia"},"content":{"rendered":"<p>Cette superbe villa de 4 chambres se trouve \u00e0 Binibeca vell. Tr\u00e8s proche de Binibeca et de ses restaurants et de sa plage.<\/p>\n<p><span style=\"color: rgb(30, 165, 149);\">Voir plus<\/span><\/p>\n<p>La cuisine refaite r\u00e9cemment vous offre tout ce dont vous avez besoin pour vos vacances, four \u00e9lectrique, lave vaisselle, micro-onde, plaque \u00e9lectrique, bouilloire et grille pain.<\/p>\n<p>il y a un grand salon\/ salle \u00e0 manger avec une belle table accueillant jusqu\u2019\u00e0 8 personnes. Il y a 3 t\u00e9l\u00e9visions dans la propri\u00e9t\u00e9, une dans le salon, et 2 dans des chambres. Toutes ont l\u2019IPTV.<\/p>\n<p>Toutes les 4 chambres ont des armoires encastr\u00e9es et l\u2019air conditionn\u00e9. La chambre principale a un lit king size et une salle de douche en suite, avec toilettes. Une autre chambre double se trouve juste apr\u00e8s avec elle aussi une salle de bain de suite. On trouvera aussi 2 chambres doubles avec des lits simples qui se partage une salle de bain avec douche et toilettes.<\/p>\n<p>Il y a une buanderie s\u00e9par\u00e9e avec lavabo et lave linge.<\/p>\n<p>La villa se trouve dans un grand espace, avec pelouses, plantes et une piscine plus grande que la moyenne. On trouvera aussi une belle terrasse avec un barbecue en brique, des transats, pour profiter aussi bien du soleil que de l\u2019ombre autour de la piscine. Il y a aussi une terrasse sur le toit avec une belle vue sur la mer.<\/p>\n<p>Les serviettes de piscine et un s\u00e8che cheveux sont compris<\/p>\n<p><strong>Service de nettoyage:<\/strong>&nbsp;disponible en extra payable au resort , 22\u20ac \/heure minimum 2 heures.<\/p>\n<p><strong>Babysitter:<\/strong>&nbsp;disponible en extra payable au resort<\/p>\n<p><strong>Situation et distances \u2013&nbsp;<\/strong>a\u00e9roport 20 min. Plage 1\u00e0 min \u00e0 pied. Boutiques 10 \u00e0 min \u00e0 pied. Restaurants 10 min \u00e0 pied. <\/p>\n<p>Location de voiture recommand\u00e9e.<\/p>\n<p><\/p>\n<p><strong>La zone:&nbsp;<\/strong><\/p>\n<p><strong>Binibeca&nbsp;<\/strong>Binibeca est un endroit calme et idyllique du sud est de Minorque et est une destination parfaite pour ceux qui veulent s\u2019\u00e9loigner de l\u2019agitation d\u2019autres endroits plus peupl\u00e9s. ici vous ne trouverez pas de grands complexes h\u00f4teliers cachant le ciel.<\/p>\n<p><strong>La plage:&nbsp;<\/strong>&nbsp;Tr\u00e8s belle plage de sable blanc, d\u2019eaux turquoises, avec une zone ombrag\u00e9e sous les arbres et une aire de picnic avec toilettes publiques.<\/p>\n<p>Il y a aussi un parking gratuit.<\/p>\n<p>La plage \u00e9tant entour\u00e9e de rochers c\u2019est un endroit id\u00e9al pour pratiquer le snorkeling. Le bar Los Bucaneros sert des petits plats simples et quelques snacks, des boissons fra\u00eeches. Dans la haute saison il y a un ma\u00eetre nageur, des transats et des parasols, des kayaks et de petites embarcations \u00e0 moteur que vous pouvez louer depuis la plage. Derri\u00e8re la plage sur le parking se trouve un bon glacier. L\u2019entr\u00e9e dans le l\u2019eau progressive en fait une plage pris\u00e9e des famille, toutefois \u00e9tant grande vous trouverez toujours suffisamment d\u2019espace.<\/p>\n<p><\/p>\n<p><em>Tourist licence number: VT382ME<\/em><\/p>\n<p><\/p>\n<p><\/p>\n","protected":false},"excerpt":{"rendered":"<p>Cette superbe villa de 4 chambres se trouve \u00e0 Binibeca vell. Tr\u00e8s proche de Binibeca et de ses restaurants et de sa plage.<\/p>\n<p><span style=\"color: rgb(30, 165, 149);\">Voir plus<\/span><\/p>\n<p>La cuisine refaite r\u00e9cemment vous offre tout ce dont vous avez besoin pour vos vacances, four \u00e9lectrique, lave vaisselle, micro-onde, plaque \u00e9lectrique, bouilloire et grille pain.<\/p>\n<p>il y a un grand salon\/ salle \u00e0 manger avec une belle table accueillant jusqu\u2019\u00e0 8 personnes. Il y a 3 t\u00e9l\u00e9visions dans la propri\u00e9t\u00e9, une dans le salon, et 2 dans des chambres. Toutes ont l\u2019IPTV.<\/p>\n<p>Toutes les 4 chambres ont des armoires encastr\u00e9es et l\u2019air conditionn\u00e9. La chambre principale a un lit king size et une salle de douche en suite, avec toilettes. Une autre chambre double se trouve juste apr\u00e8s avec elle aussi une salle de bain de suite. On trouvera aussi 2 chambres doubles avec des lits simples qui se partage une salle de bain avec douche et toilettes.<\/p>\n<p>Il y a une buanderie s\u00e9par\u00e9e avec lavabo et lave linge.<\/p>\n<p>La villa se trouve dans un grand espace, avec pelouses, plantes et une piscine plus grande que la moyenne. On trouvera aussi une belle terrasse avec un barbecue en brique, des transats, pour profiter aussi bien du soleil que de l\u2019ombre autour de la piscine. Il y a aussi une terrasse sur le toit avec une belle vue sur la mer.<\/p>\n<p>Les serviettes de piscine et un s\u00e8che cheveux sont compris<\/p>\n<p><strong>Service de nettoyage:<\/strong>&nbsp;disponible en extra payable au resort , 22\u20ac \/heure minimum 2 heures.<\/p>\n<p><strong>Babysitter:<\/strong>&nbsp;disponible en extra payable au resort<\/p>\n<p><strong>Situation et distances \u2013&nbsp;<\/strong>a\u00e9roport 20 min. Plage 1\u00e0 min \u00e0 pied. Boutiques 10 \u00e0 min \u00e0 pied. Restaurants 10 min \u00e0 pied. <\/p>\n<p>Location de voiture recommand\u00e9e.<\/p>\n<p><\/p>\n<p><strong>La zone:&nbsp;<\/strong><\/p>\n<p><strong>Binibeca&nbsp;<\/strong>Binibeca est un endroit calme et idyllique du sud est de Minorque et est une destination parfaite pour ceux qui veulent s\u2019\u00e9loigner de l\u2019agitation d\u2019autres endroits plus peupl\u00e9s. ici vous ne trouverez pas de grands complexes h\u00f4teliers cachant le ciel.<\/p>\n<p><strong>La plage:&nbsp;<\/strong>&nbsp;Tr\u00e8s belle plage de sable blanc, d\u2019eaux turquoises, avec une zone ombrag\u00e9e sous les arbres et une aire de picnic avec toilettes publiques.<\/p>\n<p>Il y a aussi un parking gratuit.<\/p>\n<p>La plage \u00e9tant entour\u00e9e de rochers c\u2019est un endroit id\u00e9al pour pratiquer le snorkeling. Le bar Los Bucaneros sert des petits plats simples et quelques snacks, des boissons fra\u00eeches. Dans la haute saison il y a un ma\u00eetre nageur, des transats et des parasols, des kayaks et de petites embarcations \u00e0 moteur que vous pouvez louer depuis la plage. Derri\u00e8re la plage sur le parking se trouve un bon glacier. L\u2019entr\u00e9e dans le l\u2019eau progressive en fait une plage pris\u00e9e des famille, toutefois \u00e9tant grande vous trouverez toujours suffisamment d\u2019espace.<\/p>\n<p><\/p>\n<p><em>Tourist licence number: VT382ME<\/em><\/p>\n<p><\/p>\n<p><\/p>\n","protected":false},"featured_media":93295,"template":"","meta":{"_acf_changed":false},"product_brand":[],"product_cat":[363,339,15],"product_tag":[],"amenities":[315,129,314,311,312,155,313,318,316,153],"class_list":{"0":"post-44187","1":"product","2":"type-product","3":"status-publish","4":"has-post-thumbnail","6":"product_cat-binibequer-vell-fr","7":"product_cat-binibequer-vell","8":"product_cat-sin-categorizar","9":"amenities-ac","10":"amenities-bbq","11":"amenities-garage","12":"amenities-iptv","13":"amenities-lounge-dining-room","14":"amenities-luxury-villa","15":"amenities-pool","16":"amenities-sea-view","17":"amenities-terrace","18":"amenities-wifi","20":"first","21":"instock","22":"shipping-taxable","23":"purchasable","24":"product-type-simple"},"acf":[],"yoast_head":"<!-- This site is optimized with the Yoast SEO Premium plugin v26.7 (Yoast SEO v27.4) - https:\/\/yoast.com\/product\/yoast-seo-premium-wordpress\/ -->\n<title>Villa Leocadia | Menorca Villas<\/title>\n<meta name=\"robots\" content=\"index, follow, max-snippet:-1, max-image-preview:large, max-video-preview:-1\" \/>\n<link rel=\"canonical\" href=\"https:\/\/menorcavillas.co.uk\/fr\/villas-menorca\/villa-leocadia-2\/\" \/>\n<meta property=\"og:locale\" content=\"fr_FR\" \/>\n<meta property=\"og:type\" content=\"article\" \/>\n<meta property=\"og:title\" content=\"Villa Leocadia\" \/>\n<meta property=\"og:description\" content=\"Cette superbe villa de 4 chambres se trouve \u00e0 Binibeca vell. Tr\u00e8s proche de Binibeca et de ses restaurants et de sa plage.Voir plusLa cuisine refaite r\u00e9cemment vous offre tout ce dont vous avez besoin pour vos vacances, four \u00e9lectrique, lave vaisselle, micro-onde, plaque \u00e9lectrique, bouilloire et grille pain.il y a un grand salon\/ salle \u00e0 manger avec une belle table accueillant jusqu\u2019\u00e0 8 personnes. Il y a 3 t\u00e9l\u00e9visions dans la propri\u00e9t\u00e9, une dans le salon, et 2 dans des chambres. Toutes ont l\u2019IPTV.Toutes les 4 chambres ont des armoires encastr\u00e9es et l\u2019air conditionn\u00e9. La chambre principale a un lit king size et une salle de douche en suite, avec toilettes. Une autre chambre double se trouve juste apr\u00e8s avec elle aussi une salle de bain de suite. On trouvera aussi 2 chambres doubles avec des lits simples qui se partage une salle de bain avec douche et toilettes.Il y a une buanderie s\u00e9par\u00e9e avec lavabo et lave linge.La villa se trouve dans un grand espace, avec pelouses, plantes et une piscine plus grande que la moyenne. On trouvera aussi une belle terrasse avec un barbecue en brique, des transats, pour profiter aussi bien du soleil que de l\u2019ombre autour de la piscine. Il y a aussi une terrasse sur le toit avec une belle vue sur la mer.Les serviettes de piscine et un s\u00e8che cheveux sont comprisService de nettoyage:&nbsp;disponible en extra payable au resort , 22\u20ac \/heure minimum 2 heures.Babysitter:&nbsp;disponible en extra payable au resortSituation et distances \u2013&nbsp;a\u00e9roport 20 min. Plage 1\u00e0 min \u00e0 pied. Boutiques 10 \u00e0 min \u00e0 pied. Restaurants 10 min \u00e0 pied. Location de voiture recommand\u00e9e.La zone:&nbsp;Binibeca&nbsp;Binibeca est un endroit calme et idyllique du sud est de Minorque et est une destination parfaite pour ceux qui veulent s\u2019\u00e9loigner de l\u2019agitation d\u2019autres endroits plus peupl\u00e9s. ici vous ne trouverez pas de grands complexes h\u00f4teliers cachant le ciel.La plage:&nbsp;&nbsp;Tr\u00e8s belle plage de sable blanc, d\u2019eaux turquoises, avec une zone ombrag\u00e9e sous les arbres et une aire de picnic avec toilettes publiques.Il y a aussi un parking gratuit.La plage \u00e9tant entour\u00e9e de rochers c\u2019est un endroit id\u00e9al pour pratiquer le snorkeling. Le bar Los Bucaneros sert des petits plats simples et quelques snacks, des boissons fra\u00eeches. Dans la haute saison il y a un ma\u00eetre nageur, des transats et des parasols, des kayaks et de petites embarcations \u00e0 moteur que vous pouvez louer depuis la plage. Derri\u00e8re la plage sur le parking se trouve un bon glacier. L\u2019entr\u00e9e dans le l\u2019eau progressive en fait une plage pris\u00e9e des famille, toutefois \u00e9tant grande vous trouverez toujours suffisamment d\u2019espace.Tourist licence number: VT382ME\" \/>\n<meta property=\"og:url\" content=\"https:\/\/menorcavillas.co.uk\/fr\/villas-menorca\/villa-leocadia-2\/\" \/>\n<meta property=\"og:site_name\" content=\"Menorca Villas\" \/>\n<meta property=\"article:publisher\" content=\"https:\/\/www.facebook.com\/menorcavillasmenorca\/\" \/>\n<meta property=\"article:modified_time\" content=\"2026-04-07T07:18:08+00:00\" \/>\n<meta property=\"og:image\" content=\"https:\/\/menorcavillas.co.uk\/wp-content\/uploads\/2026\/01\/properties2FmuyyRUHr2L8hN2B4gWpH-1744034455353-1-1.jpeg\" \/>\n\t<meta property=\"og:image:width\" content=\"1920\" \/>\n\t<meta property=\"og:image:height\" content=\"1440\" \/>\n\t<meta property=\"og:image:type\" content=\"image\/jpeg\" \/>\n<meta name=\"twitter:card\" content=\"summary_large_image\" \/>\n<meta name=\"twitter:label1\" content=\"Dur\u00e9e de lecture estim\u00e9e\" \/>\n\t<meta name=\"twitter:data1\" content=\"2 minutes\" \/>\n<script type=\"application\/ld+json\" class=\"yoast-schema-graph\">{\"@context\":\"https:\\\/\\\/schema.org\",\"@graph\":[{\"@type\":\"WebPage\",\"@id\":\"https:\\\/\\\/menorcavillas.co.uk\\\/fr\\\/villas-menorca\\\/villa-leocadia-2\\\/\",\"url\":\"https:\\\/\\\/menorcavillas.co.uk\\\/fr\\\/villas-menorca\\\/villa-leocadia-2\\\/\",\"name\":\"Villa Leocadia | Menorca Villas\",\"isPartOf\":{\"@id\":\"https:\\\/\\\/menorcavillas.co.uk\\\/fr\\\/#website\"},\"primaryImageOfPage\":{\"@id\":\"https:\\\/\\\/menorcavillas.co.uk\\\/fr\\\/villas-menorca\\\/villa-leocadia-2\\\/#primaryimage\"},\"image\":{\"@id\":\"https:\\\/\\\/menorcavillas.co.uk\\\/fr\\\/villas-menorca\\\/villa-leocadia-2\\\/#primaryimage\"},\"thumbnailUrl\":\"https:\\\/\\\/menorcavillas.co.uk\\\/wp-content\\\/uploads\\\/2026\\\/01\\\/properties2FmuyyRUHr2L8hN2B4gWpH-1744034455353-1-1.jpeg\",\"datePublished\":\"2026-01-16T17:07:36+00:00\",\"dateModified\":\"2026-04-07T07:18:08+00:00\",\"breadcrumb\":{\"@id\":\"https:\\\/\\\/menorcavillas.co.uk\\\/fr\\\/villas-menorca\\\/villa-leocadia-2\\\/#breadcrumb\"},\"inLanguage\":\"fr-FR\",\"potentialAction\":[{\"@type\":\"ReadAction\",\"target\":[\"https:\\\/\\\/menorcavillas.co.uk\\\/fr\\\/villas-menorca\\\/villa-leocadia-2\\\/\"]}]},{\"@type\":\"ImageObject\",\"inLanguage\":\"fr-FR\",\"@id\":\"https:\\\/\\\/menorcavillas.co.uk\\\/fr\\\/villas-menorca\\\/villa-leocadia-2\\\/#primaryimage\",\"url\":\"https:\\\/\\\/menorcavillas.co.uk\\\/wp-content\\\/uploads\\\/2026\\\/01\\\/properties2FmuyyRUHr2L8hN2B4gWpH-1744034455353-1-1.jpeg\",\"contentUrl\":\"https:\\\/\\\/menorcavillas.co.uk\\\/wp-content\\\/uploads\\\/2026\\\/01\\\/properties2FmuyyRUHr2L8hN2B4gWpH-1744034455353-1-1.jpeg\",\"width\":1920,\"height\":1440},{\"@type\":\"BreadcrumbList\",\"@id\":\"https:\\\/\\\/menorcavillas.co.uk\\\/fr\\\/villas-menorca\\\/villa-leocadia-2\\\/#breadcrumb\",\"itemListElement\":[{\"@type\":\"ListItem\",\"position\":1,\"name\":\"Menorca Villas\",\"item\":\"https:\\\/\\\/menorcavillas.co.uk\\\/fr\\\/\"},{\"@type\":\"ListItem\",\"position\":2,\"name\":\"Our Villas\",\"item\":\"https:\\\/\\\/menorcavillas.co.uk\\\/location-2\\\/\"},{\"@type\":\"ListItem\",\"position\":3,\"name\":\"Villa Leocadia\"}]},{\"@type\":\"WebSite\",\"@id\":\"https:\\\/\\\/menorcavillas.co.uk\\\/fr\\\/#website\",\"url\":\"https:\\\/\\\/menorcavillas.co.uk\\\/fr\\\/\",\"name\":\"Menorca Villas\",\"description\":\"2020\",\"publisher\":{\"@id\":\"https:\\\/\\\/menorcavillas.co.uk\\\/fr\\\/#organization\"},\"potentialAction\":[{\"@type\":\"SearchAction\",\"target\":{\"@type\":\"EntryPoint\",\"urlTemplate\":\"https:\\\/\\\/menorcavillas.co.uk\\\/fr\\\/?s={search_term_string}\"},\"query-input\":{\"@type\":\"PropertyValueSpecification\",\"valueRequired\":true,\"valueName\":\"search_term_string\"}}],\"inLanguage\":\"fr-FR\"},{\"@type\":\"Organization\",\"@id\":\"https:\\\/\\\/menorcavillas.co.uk\\\/fr\\\/#organization\",\"name\":\"Menorca Villas\",\"url\":\"https:\\\/\\\/menorcavillas.co.uk\\\/fr\\\/\",\"logo\":{\"@type\":\"ImageObject\",\"inLanguage\":\"fr-FR\",\"@id\":\"https:\\\/\\\/menorcavillas.co.uk\\\/fr\\\/#\\\/schema\\\/logo\\\/image\\\/\",\"url\":\"\",\"contentUrl\":\"\",\"caption\":\"Menorca Villas\"},\"image\":{\"@id\":\"https:\\\/\\\/menorcavillas.co.uk\\\/fr\\\/#\\\/schema\\\/logo\\\/image\\\/\"},\"sameAs\":[\"https:\\\/\\\/www.facebook.com\\\/menorcavillasmenorca\\\/\"]}]}<\/script>\n<!-- \/ Yoast SEO Premium plugin. -->","yoast_head_json":{"title":"Villa Leocadia | Menorca Villas","robots":{"index":"index","follow":"follow","max-snippet":"max-snippet:-1","max-image-preview":"max-image-preview:large","max-video-preview":"max-video-preview:-1"},"canonical":"https:\/\/menorcavillas.co.uk\/fr\/villas-menorca\/villa-leocadia-2\/","og_locale":"fr_FR","og_type":"article","og_title":"Villa Leocadia","og_description":"Cette superbe villa de 4 chambres se trouve \u00e0 Binibeca vell. Tr\u00e8s proche de Binibeca et de ses restaurants et de sa plage.Voir plusLa cuisine refaite r\u00e9cemment vous offre tout ce dont vous avez besoin pour vos vacances, four \u00e9lectrique, lave vaisselle, micro-onde, plaque \u00e9lectrique, bouilloire et grille pain.il y a un grand salon\/ salle \u00e0 manger avec une belle table accueillant jusqu\u2019\u00e0 8 personnes. Il y a 3 t\u00e9l\u00e9visions dans la propri\u00e9t\u00e9, une dans le salon, et 2 dans des chambres. Toutes ont l\u2019IPTV.Toutes les 4 chambres ont des armoires encastr\u00e9es et l\u2019air conditionn\u00e9. La chambre principale a un lit king size et une salle de douche en suite, avec toilettes. Une autre chambre double se trouve juste apr\u00e8s avec elle aussi une salle de bain de suite. On trouvera aussi 2 chambres doubles avec des lits simples qui se partage une salle de bain avec douche et toilettes.Il y a une buanderie s\u00e9par\u00e9e avec lavabo et lave linge.La villa se trouve dans un grand espace, avec pelouses, plantes et une piscine plus grande que la moyenne. On trouvera aussi une belle terrasse avec un barbecue en brique, des transats, pour profiter aussi bien du soleil que de l\u2019ombre autour de la piscine. Il y a aussi une terrasse sur le toit avec une belle vue sur la mer.Les serviettes de piscine et un s\u00e8che cheveux sont comprisService de nettoyage:&nbsp;disponible en extra payable au resort , 22\u20ac \/heure minimum 2 heures.Babysitter:&nbsp;disponible en extra payable au resortSituation et distances \u2013&nbsp;a\u00e9roport 20 min. Plage 1\u00e0 min \u00e0 pied. Boutiques 10 \u00e0 min \u00e0 pied. Restaurants 10 min \u00e0 pied. Location de voiture recommand\u00e9e.La zone:&nbsp;Binibeca&nbsp;Binibeca est un endroit calme et idyllique du sud est de Minorque et est une destination parfaite pour ceux qui veulent s\u2019\u00e9loigner de l\u2019agitation d\u2019autres endroits plus peupl\u00e9s. ici vous ne trouverez pas de grands complexes h\u00f4teliers cachant le ciel.La plage:&nbsp;&nbsp;Tr\u00e8s belle plage de sable blanc, d\u2019eaux turquoises, avec une zone ombrag\u00e9e sous les arbres et une aire de picnic avec toilettes publiques.Il y a aussi un parking gratuit.La plage \u00e9tant entour\u00e9e de rochers c\u2019est un endroit id\u00e9al pour pratiquer le snorkeling. Le bar Los Bucaneros sert des petits plats simples et quelques snacks, des boissons fra\u00eeches. Dans la haute saison il y a un ma\u00eetre nageur, des transats et des parasols, des kayaks et de petites embarcations \u00e0 moteur que vous pouvez louer depuis la plage. Derri\u00e8re la plage sur le parking se trouve un bon glacier. L\u2019entr\u00e9e dans le l\u2019eau progressive en fait une plage pris\u00e9e des famille, toutefois \u00e9tant grande vous trouverez toujours suffisamment d\u2019espace.Tourist licence number: VT382ME","og_url":"https:\/\/menorcavillas.co.uk\/fr\/villas-menorca\/villa-leocadia-2\/","og_site_name":"Menorca Villas","article_publisher":"https:\/\/www.facebook.com\/menorcavillasmenorca\/","article_modified_time":"2026-04-07T07:18:08+00:00","og_image":[{"width":1920,"height":1440,"url":"https:\/\/menorcavillas.co.uk\/wp-content\/uploads\/2026\/01\/properties2FmuyyRUHr2L8hN2B4gWpH-1744034455353-1-1.jpeg","type":"image\/jpeg"}],"twitter_card":"summary_large_image","twitter_misc":{"Dur\u00e9e de lecture estim\u00e9e":"2 minutes"},"schema":{"@context":"https:\/\/schema.org","@graph":[{"@type":"WebPage","@id":"https:\/\/menorcavillas.co.uk\/fr\/villas-menorca\/villa-leocadia-2\/","url":"https:\/\/menorcavillas.co.uk\/fr\/villas-menorca\/villa-leocadia-2\/","name":"Villa Leocadia | Menorca Villas","isPartOf":{"@id":"https:\/\/menorcavillas.co.uk\/fr\/#website"},"primaryImageOfPage":{"@id":"https:\/\/menorcavillas.co.uk\/fr\/villas-menorca\/villa-leocadia-2\/#primaryimage"},"image":{"@id":"https:\/\/menorcavillas.co.uk\/fr\/villas-menorca\/villa-leocadia-2\/#primaryimage"},"thumbnailUrl":"https:\/\/menorcavillas.co.uk\/wp-content\/uploads\/2026\/01\/properties2FmuyyRUHr2L8hN2B4gWpH-1744034455353-1-1.jpeg","datePublished":"2026-01-16T17:07:36+00:00","dateModified":"2026-04-07T07:18:08+00:00","breadcrumb":{"@id":"https:\/\/menorcavillas.co.uk\/fr\/villas-menorca\/villa-leocadia-2\/#breadcrumb"},"inLanguage":"fr-FR","potentialAction":[{"@type":"ReadAction","target":["https:\/\/menorcavillas.co.uk\/fr\/villas-menorca\/villa-leocadia-2\/"]}]},{"@type":"ImageObject","inLanguage":"fr-FR","@id":"https:\/\/menorcavillas.co.uk\/fr\/villas-menorca\/villa-leocadia-2\/#primaryimage","url":"https:\/\/menorcavillas.co.uk\/wp-content\/uploads\/2026\/01\/properties2FmuyyRUHr2L8hN2B4gWpH-1744034455353-1-1.jpeg","contentUrl":"https:\/\/menorcavillas.co.uk\/wp-content\/uploads\/2026\/01\/properties2FmuyyRUHr2L8hN2B4gWpH-1744034455353-1-1.jpeg","width":1920,"height":1440},{"@type":"BreadcrumbList","@id":"https:\/\/menorcavillas.co.uk\/fr\/villas-menorca\/villa-leocadia-2\/#breadcrumb","itemListElement":[{"@type":"ListItem","position":1,"name":"Menorca Villas","item":"https:\/\/menorcavillas.co.uk\/fr\/"},{"@type":"ListItem","position":2,"name":"Our Villas","item":"https:\/\/menorcavillas.co.uk\/location-2\/"},{"@type":"ListItem","position":3,"name":"Villa Leocadia"}]},{"@type":"WebSite","@id":"https:\/\/menorcavillas.co.uk\/fr\/#website","url":"https:\/\/menorcavillas.co.uk\/fr\/","name":"Menorca Villas","description":"2020","publisher":{"@id":"https:\/\/menorcavillas.co.uk\/fr\/#organization"},"potentialAction":[{"@type":"SearchAction","target":{"@type":"EntryPoint","urlTemplate":"https:\/\/menorcavillas.co.uk\/fr\/?s={search_term_string}"},"query-input":{"@type":"PropertyValueSpecification","valueRequired":true,"valueName":"search_term_string"}}],"inLanguage":"fr-FR"},{"@type":"Organization","@id":"https:\/\/menorcavillas.co.uk\/fr\/#organization","name":"Menorca Villas","url":"https:\/\/menorcavillas.co.uk\/fr\/","logo":{"@type":"ImageObject","inLanguage":"fr-FR","@id":"https:\/\/menorcavillas.co.uk\/fr\/#\/schema\/logo\/image\/","url":"","contentUrl":"","caption":"Menorca Villas"},"image":{"@id":"https:\/\/menorcavillas.co.uk\/fr\/#\/schema\/logo\/image\/"},"sameAs":["https:\/\/www.facebook.com\/menorcavillasmenorca\/"]}]}},"_links":{"self":[{"href":"https:\/\/menorcavillas.co.uk\/fr\/wp-json\/wp\/v2\/product\/44187","targetHints":{"allow":["GET"]}}],"collection":[{"href":"https:\/\/menorcavillas.co.uk\/fr\/wp-json\/wp\/v2\/product"}],"about":[{"href":"https:\/\/menorcavillas.co.uk\/fr\/wp-json\/wp\/v2\/types\/product"}],"wp:featuredmedia":[{"embeddable":true,"href":"https:\/\/menorcavillas.co.uk\/fr\/wp-json\/wp\/v2\/media\/93295"}],"wp:attachment":[{"href":"https:\/\/menorcavillas.co.uk\/fr\/wp-json\/wp\/v2\/media?parent=44187"}],"wp:term":[{"taxonomy":"product_brand","embeddable":true,"href":"https:\/\/menorcavillas.co.uk\/fr\/wp-json\/wp\/v2\/product_brand?post=44187"},{"taxonomy":"product_cat","embeddable":true,"href":"https:\/\/menorcavillas.co.uk\/fr\/wp-json\/wp\/v2\/product_cat?post=44187"},{"taxonomy":"product_tag","embeddable":true,"href":"https:\/\/menorcavillas.co.uk\/fr\/wp-json\/wp\/v2\/product_tag?post=44187"},{"taxonomy":"amenities","embeddable":true,"href":"https:\/\/menorcavillas.co.uk\/fr\/wp-json\/wp\/v2\/amenities?post=44187"}],"curies":[{"name":"wp","href":"https:\/\/api.w.org\/{rel}","templated":true}]}}