{"id":44136,"date":"2026-01-16T18:07:15","date_gmt":"2026-01-16T17:07:15","guid":{"rendered":"https:\/\/menorcavillas.co.uk\/?post_type=product&#038;p=44136"},"modified":"2026-04-20T13:41:20","modified_gmt":"2026-04-20T11:41:20","slug":"villa-antonio-2","status":"publish","type":"product","link":"https:\/\/menorcavillas.co.uk\/fr\/villas-menorca\/villa-antonio-2\/","title":{"rendered":"Villa Antonio"},"content":{"rendered":"<p>Villa Antonio est une maison traditionnelle de 6 chambres et 3 salles de bain, situ\u00e9e dans une rue tranquille de Punta Prima au sud-est de l\u2019\u00eele, connu pour sa plage de sable de blanc et ses eaux turquoises.<\/p>\n<p><span style=\"color: rgb(30, 165, 149);\">Voir plus<\/span><\/p>\n<p>Elle b\u00e9n\u00e9ficie d\u2019une situation id\u00e9ale pour les vacanciers qui veulent combiner calme, tranquilit\u00e9 \u00e0 deux pas de la plage et des restaurants qui la longent. Toutes les chambres ont l\u2019air conditionn\u00e9 et la maison a sa propre piscine et sa zone de barbecue.<\/p>\n<p>La porte principale ouvre sur un grand salon\/salle \u00e0 manger. Il y a une chemin\u00e9e, id\u00e9ale pour les soir\u00e9es plus fra\u00eeches \u201chors-saison\u201d. Dans le salon il y a un grand canap\u00e9 d\u2019angle tr\u00e8s confortable, un \u00e9cran plat avec les cha\u00eenes du satellite. La table peut accueillir confortablement 6 personnes.<\/p>\n<p>Apr\u00e8s la salle \u00e0 manger on trouve la cuisine meubl\u00e9e et \u00e9quip\u00e9e enti\u00e8rement avec plan de travail en marbre. Il y a des plaques \u00e0 gaz et four encastr\u00e9, grand r\u00e9frig\u00e9rateur\/freezer, lave-vaisselle, micro-ondes, et toute la vaisselle et couverts n\u00e9cessaires.<\/p>\n<p>Au m\u00eame \u00e9tage on trouvera 3 des chambres et les 3 salles de bains. LA chambre principale a un lit king size, une grande salle de bain en suite avec toilettes.<\/p>\n<p>La deuxi\u00e8me chambre est une grande chambre avec deux lits simples avec armoires encastr\u00e9e, et la troisi\u00e8me est une petite chambre avec un lit simple.<\/p>\n<p>Ces deux chambres partagent une salle de douche avec douche italienne et toilette.<\/p>\n<p>A cet \u00e9tage se trouve aussi une buanderie avec lave-linge, lavabo, avec une petite salle de douche adjacente, avec toilette. Cette douche est aussi accessible de l\u2019ext\u00e9rieur, pour ne pas avoir \u00e0 traverser la maison en sortant de la piscine par exemple.<\/p>\n<p>A l\u2019\u00e9tage du haut vous trouverez 3 autres chambres, chacunes avec 2 lits doubles. on acc\u00e8de de l\u00e0, \u00e0 la terrasse sur le toit qui offre de magnifiques vues sur la mer et sur l\u2019\u00eele del aire.<\/p>\n<p>A l\u2019ext\u00e9rieur une belle terrasse couverte est accessible depuis les portes fen\u00eatres du salon, elle a une grande table pour pouvoir profiter des d\u00eeners \u00e0 l\u2019air libre tout en \u00e9tant toute la journ\u00e9e \u00e0 l\u2019ombre.<\/p>\n<p>Quelques marches descendent vers la piscine de 10x4m. Il y a autour de celle-ci beaucoup de place pour prendre le soleil.<\/p>\n<p><strong>Femme de m\u00e9nage:<\/strong>&nbsp;possible en extra 2\u20ac \/ heure, minimum 2 heures<\/p>\n<p><strong>Babysitter:<\/strong>&nbsp;possible en extra<\/p>\n<p><\/p>\n<p><strong>Situation et distances:<\/strong><\/p>\n<p>A\u00e9roport 20 min, plage restaurant et magasins 5 min \u00e0 pied.<\/p>\n<p>Location de voiture recommand\u00e9e<\/p>\n<p><\/p>\n<p><strong>La zone:<\/strong><\/p>\n<p>Punta Prima se situe au sud-est de Minorque. Mahon, la capitale de l\u2019\u00eele est \u00e0 seulement 10 km et un trajet vers l\u2019a\u00e9roport dure environ 25min. Punta Prima se trouve \u00e0 proximit\u00e9 de Binibeca et de S\u2019algar.<\/p>\n<p>Le centre de Punta Prima, \u00e0 c\u00f4t\u00e9 de la grande plage, est l\u2019endroit o\u00f9 vous trouverez nombre de restaurants et bars ainsi que des airs de jeux pour les enfants.<\/p>\n<p>Un march\u00e9 de rue tient lieu 2 fois par semaine \u00e0 Punta Prima, avec artisanat local, il y a une pharmacie ouverte 7\/7 et un m\u00e9decin 24h\/24h.<\/p>\n<p>Plusieurs magasins vous proposerons des articles de plages et des souvenirs de Menorca.<\/p>\n<p>Il y a \u00e9galement un service de location de voitures dans le village.<\/p>\n<p>La plage de Punta Prima est id\u00e9ale pour les familles, avec ses eaux cristallines et peu profondes.<\/p>\n<p>La plage et le village surplombent la petite \u201cisla del aire\u201d, avec son phare et ses lezards noirs autochtones.<\/p>\n<p>Le resort b\u00e9n\u00e9ficie des services d\u2019un petit train routier qui longe la c\u00f4te de Punta Prima \u00e0 Binibeca.<\/p>\n<p>Mahon et Sant Lluis sont bien desservis en bus.<\/p>\n<p><\/p>\n<p><em>Licence touristique: Presented 35\/2017\/0506<\/em><\/p>\n","protected":false},"excerpt":{"rendered":"<p>Villa Antonio est une maison traditionnelle de 6 chambres et 3 salles de bain, situ\u00e9e dans une rue tranquille de Punta Prima au sud-est de l\u2019\u00eele, connu pour sa plage de sable de blanc et ses eaux turquoises.<\/p>\n<p><span style=\"color: rgb(30, 165, 149);\">Voir plus<\/span><\/p>\n<p>Elle b\u00e9n\u00e9ficie d\u2019une situation id\u00e9ale pour les vacanciers qui veulent combiner calme, tranquilit\u00e9 \u00e0 deux pas de la plage et des restaurants qui la longent. Toutes les chambres ont l\u2019air conditionn\u00e9 et la maison a sa propre piscine et sa zone de barbecue.<\/p>\n<p>La porte principale ouvre sur un grand salon\/salle \u00e0 manger. Il y a une chemin\u00e9e, id\u00e9ale pour les soir\u00e9es plus fra\u00eeches \u201chors-saison\u201d. Dans le salon il y a un grand canap\u00e9 d\u2019angle tr\u00e8s confortable, un \u00e9cran plat avec les cha\u00eenes du satellite. La table peut accueillir confortablement 6 personnes.<\/p>\n<p>Apr\u00e8s la salle \u00e0 manger on trouve la cuisine meubl\u00e9e et \u00e9quip\u00e9e enti\u00e8rement avec plan de travail en marbre. Il y a des plaques \u00e0 gaz et four encastr\u00e9, grand r\u00e9frig\u00e9rateur\/freezer, lave-vaisselle, micro-ondes, et toute la vaisselle et couverts n\u00e9cessaires.<\/p>\n<p>Au m\u00eame \u00e9tage on trouvera 3 des chambres et les 3 salles de bains. LA chambre principale a un lit king size, une grande salle de bain en suite avec toilettes.<\/p>\n<p>La deuxi\u00e8me chambre est une grande chambre avec deux lits simples avec armoires encastr\u00e9e, et la troisi\u00e8me est une petite chambre avec un lit simple.<\/p>\n<p>Ces deux chambres partagent une salle de douche avec douche italienne et toilette.<\/p>\n<p>A cet \u00e9tage se trouve aussi une buanderie avec lave-linge, lavabo, avec une petite salle de douche adjacente, avec toilette. Cette douche est aussi accessible de l\u2019ext\u00e9rieur, pour ne pas avoir \u00e0 traverser la maison en sortant de la piscine par exemple.<\/p>\n<p>A l\u2019\u00e9tage du haut vous trouverez 3 autres chambres, chacunes avec 2 lits doubles. on acc\u00e8de de l\u00e0, \u00e0 la terrasse sur le toit qui offre de magnifiques vues sur la mer et sur l\u2019\u00eele del aire.<\/p>\n<p>A l\u2019ext\u00e9rieur une belle terrasse couverte est accessible depuis les portes fen\u00eatres du salon, elle a une grande table pour pouvoir profiter des d\u00eeners \u00e0 l\u2019air libre tout en \u00e9tant toute la journ\u00e9e \u00e0 l\u2019ombre.<\/p>\n<p>Quelques marches descendent vers la piscine de 10x4m. Il y a autour de celle-ci beaucoup de place pour prendre le soleil.<\/p>\n<p><strong>Femme de m\u00e9nage:<\/strong>&nbsp;possible en extra 2\u20ac \/ heure, minimum 2 heures<\/p>\n<p><strong>Babysitter:<\/strong>&nbsp;possible en extra<\/p>\n<p><\/p>\n<p><strong>Situation et distances:<\/strong><\/p>\n<p>A\u00e9roport 20 min, plage restaurant et magasins 5 min \u00e0 pied.<\/p>\n<p>Location de voiture recommand\u00e9e<\/p>\n<p><\/p>\n<p><strong>La zone:<\/strong><\/p>\n<p>Punta Prima se situe au sud-est de Minorque. Mahon, la capitale de l\u2019\u00eele est \u00e0 seulement 10 km et un trajet vers l\u2019a\u00e9roport dure environ 25min. Punta Prima se trouve \u00e0 proximit\u00e9 de Binibeca et de S\u2019algar.<\/p>\n<p>Le centre de Punta Prima, \u00e0 c\u00f4t\u00e9 de la grande plage, est l\u2019endroit o\u00f9 vous trouverez nombre de restaurants et bars ainsi que des airs de jeux pour les enfants.<\/p>\n<p>Un march\u00e9 de rue tient lieu 2 fois par semaine \u00e0 Punta Prima, avec artisanat local, il y a une pharmacie ouverte 7\/7 et un m\u00e9decin 24h\/24h.<\/p>\n<p>Plusieurs magasins vous proposerons des articles de plages et des souvenirs de Menorca.<\/p>\n<p>Il y a \u00e9galement un service de location de voitures dans le village.<\/p>\n<p>La plage de Punta Prima est id\u00e9ale pour les familles, avec ses eaux cristallines et peu profondes.<\/p>\n<p>La plage et le village surplombent la petite \u201cisla del aire\u201d, avec son phare et ses lezards noirs autochtones.<\/p>\n<p>Le resort b\u00e9n\u00e9ficie des services d\u2019un petit train routier qui longe la c\u00f4te de Punta Prima \u00e0 Binibeca.<\/p>\n<p>Mahon et Sant Lluis sont bien desservis en bus.<\/p>\n<p><\/p>\n<p><em>Licence touristique: Presented 35\/2017\/0506<\/em><\/p>\n","protected":false},"featured_media":93018,"template":"","meta":{"_acf_changed":false},"product_brand":[],"product_cat":[196],"product_tag":[],"amenities":[315,129,314,311,312,313,318,316,153],"class_list":{"0":"post-44136","1":"product","2":"type-product","3":"status-publish","4":"has-post-thumbnail","6":"product_cat-punta-prima-fr","7":"amenities-ac","8":"amenities-bbq","9":"amenities-garage","10":"amenities-iptv","11":"amenities-lounge-dining-room","12":"amenities-pool","13":"amenities-sea-view","14":"amenities-terrace","15":"amenities-wifi","17":"first","18":"instock","19":"shipping-taxable","20":"purchasable","21":"product-type-simple"},"acf":[],"yoast_head":"<!-- This site is optimized with the Yoast SEO Premium plugin v26.7 (Yoast SEO v26.7) - https:\/\/yoast.com\/wordpress\/plugins\/seo\/ -->\n<title>Villa Antonio | Menorca Villas<\/title>\n<meta name=\"robots\" content=\"index, follow, max-snippet:-1, max-image-preview:large, max-video-preview:-1\" \/>\n<link rel=\"canonical\" href=\"https:\/\/menorcavillas.co.uk\/fr\/villas-menorca\/villa-antonio-2\/\" \/>\n<meta property=\"og:locale\" content=\"fr_FR\" \/>\n<meta property=\"og:type\" content=\"article\" \/>\n<meta property=\"og:title\" content=\"Villa Antonio\" \/>\n<meta property=\"og:description\" content=\"Villa Antonio est une maison traditionnelle de 6 chambres et 3 salles de bain, situ\u00e9e dans une rue tranquille de Punta Prima au sud-est de l\u2019\u00eele, connu pour sa plage de sable de blanc et ses eaux turquoises.Voir plusElle b\u00e9n\u00e9ficie d\u2019une situation id\u00e9ale pour les vacanciers qui veulent combiner calme, tranquilit\u00e9 \u00e0 deux pas de la plage et des restaurants qui la longent. Toutes les chambres ont l\u2019air conditionn\u00e9 et la maison a sa propre piscine et sa zone de barbecue.La porte principale ouvre sur un grand salon\/salle \u00e0 manger. Il y a une chemin\u00e9e, id\u00e9ale pour les soir\u00e9es plus fra\u00eeches \u201chors-saison\u201d. Dans le salon il y a un grand canap\u00e9 d\u2019angle tr\u00e8s confortable, un \u00e9cran plat avec les cha\u00eenes du satellite. La table peut accueillir confortablement 6 personnes.Apr\u00e8s la salle \u00e0 manger on trouve la cuisine meubl\u00e9e et \u00e9quip\u00e9e enti\u00e8rement avec plan de travail en marbre. Il y a des plaques \u00e0 gaz et four encastr\u00e9, grand r\u00e9frig\u00e9rateur\/freezer, lave-vaisselle, micro-ondes, et toute la vaisselle et couverts n\u00e9cessaires.Au m\u00eame \u00e9tage on trouvera 3 des chambres et les 3 salles de bains. LA chambre principale a un lit king size, une grande salle de bain en suite avec toilettes.La deuxi\u00e8me chambre est une grande chambre avec deux lits simples avec armoires encastr\u00e9e, et la troisi\u00e8me est une petite chambre avec un lit simple.Ces deux chambres partagent une salle de douche avec douche italienne et toilette.A cet \u00e9tage se trouve aussi une buanderie avec lave-linge, lavabo, avec une petite salle de douche adjacente, avec toilette. Cette douche est aussi accessible de l\u2019ext\u00e9rieur, pour ne pas avoir \u00e0 traverser la maison en sortant de la piscine par exemple.A l\u2019\u00e9tage du haut vous trouverez 3 autres chambres, chacunes avec 2 lits doubles. on acc\u00e8de de l\u00e0, \u00e0 la terrasse sur le toit qui offre de magnifiques vues sur la mer et sur l\u2019\u00eele del aire.A l\u2019ext\u00e9rieur une belle terrasse couverte est accessible depuis les portes fen\u00eatres du salon, elle a une grande table pour pouvoir profiter des d\u00eeners \u00e0 l\u2019air libre tout en \u00e9tant toute la journ\u00e9e \u00e0 l\u2019ombre.Quelques marches descendent vers la piscine de 10x4m. Il y a autour de celle-ci beaucoup de place pour prendre le soleil.Femme de m\u00e9nage:&nbsp;possible en extra 2\u20ac \/ heure, minimum 2 heuresBabysitter:&nbsp;possible en extraSituation et distances:A\u00e9roport 20 min, plage restaurant et magasins 5 min \u00e0 pied.Location de voiture recommand\u00e9eLa zone:Punta Prima se situe au sud-est de Minorque. Mahon, la capitale de l\u2019\u00eele est \u00e0 seulement 10 km et un trajet vers l\u2019a\u00e9roport dure environ 25min. Punta Prima se trouve \u00e0 proximit\u00e9 de Binibeca et de S\u2019algar.Le centre de Punta Prima, \u00e0 c\u00f4t\u00e9 de la grande plage, est l\u2019endroit o\u00f9 vous trouverez nombre de restaurants et bars ainsi que des airs de jeux pour les enfants.Un march\u00e9 de rue tient lieu 2 fois par semaine \u00e0 Punta Prima, avec artisanat local, il y a une pharmacie ouverte 7\/7 et un m\u00e9decin 24h\/24h.Plusieurs magasins vous proposerons des articles de plages et des souvenirs de Menorca.Il y a \u00e9galement un service de location de voitures dans le village.La plage de Punta Prima est id\u00e9ale pour les familles, avec ses eaux cristallines et peu profondes.La plage et le village surplombent la petite \u201cisla del aire\u201d, avec son phare et ses lezards noirs autochtones.Le resort b\u00e9n\u00e9ficie des services d\u2019un petit train routier qui longe la c\u00f4te de Punta Prima \u00e0 Binibeca.Mahon et Sant Lluis sont bien desservis en bus.Licence touristique: Presented 35\/2017\/0506\" \/>\n<meta property=\"og:url\" content=\"https:\/\/menorcavillas.co.uk\/fr\/villas-menorca\/villa-antonio-2\/\" \/>\n<meta property=\"og:site_name\" content=\"Menorca Villas\" \/>\n<meta property=\"article:publisher\" content=\"https:\/\/www.facebook.com\/menorcavillasmenorca\/\" \/>\n<meta property=\"article:modified_time\" content=\"2026-04-20T11:41:20+00:00\" \/>\n<meta property=\"og:image\" content=\"https:\/\/menorcavillas.co.uk\/wp-content\/uploads\/2026\/01\/properties2FVBsciNgCEqXnLPrlTEne-1735644563761-1-1.jpeg\" \/>\n\t<meta property=\"og:image:width\" content=\"1920\" \/>\n\t<meta property=\"og:image:height\" content=\"1440\" \/>\n\t<meta property=\"og:image:type\" content=\"image\/jpeg\" \/>\n<meta name=\"twitter:card\" content=\"summary_large_image\" \/>\n<meta name=\"twitter:label1\" content=\"Dur\u00e9e de lecture estim\u00e9e\" \/>\n\t<meta name=\"twitter:data1\" content=\"3 minutes\" \/>\n<script type=\"application\/ld+json\" class=\"yoast-schema-graph\">{\"@context\":\"https:\/\/schema.org\",\"@graph\":[{\"@type\":\"WebPage\",\"@id\":\"https:\/\/menorcavillas.co.uk\/fr\/villas-menorca\/villa-antonio-2\/\",\"url\":\"https:\/\/menorcavillas.co.uk\/fr\/villas-menorca\/villa-antonio-2\/\",\"name\":\"Villa Antonio | Menorca Villas\",\"isPartOf\":{\"@id\":\"https:\/\/menorcavillas.co.uk\/fr\/#website\"},\"primaryImageOfPage\":{\"@id\":\"https:\/\/menorcavillas.co.uk\/fr\/villas-menorca\/villa-antonio-2\/#primaryimage\"},\"image\":{\"@id\":\"https:\/\/menorcavillas.co.uk\/fr\/villas-menorca\/villa-antonio-2\/#primaryimage\"},\"thumbnailUrl\":\"https:\/\/menorcavillas.co.uk\/wp-content\/uploads\/2026\/01\/properties2FVBsciNgCEqXnLPrlTEne-1735644563761-1-1.jpeg\",\"datePublished\":\"2026-01-16T17:07:15+00:00\",\"dateModified\":\"2026-04-20T11:41:20+00:00\",\"breadcrumb\":{\"@id\":\"https:\/\/menorcavillas.co.uk\/fr\/villas-menorca\/villa-antonio-2\/#breadcrumb\"},\"inLanguage\":\"fr-FR\",\"potentialAction\":[{\"@type\":\"ReadAction\",\"target\":[\"https:\/\/menorcavillas.co.uk\/fr\/villas-menorca\/villa-antonio-2\/\"]}]},{\"@type\":\"ImageObject\",\"inLanguage\":\"fr-FR\",\"@id\":\"https:\/\/menorcavillas.co.uk\/fr\/villas-menorca\/villa-antonio-2\/#primaryimage\",\"url\":\"https:\/\/menorcavillas.co.uk\/wp-content\/uploads\/2026\/01\/properties2FVBsciNgCEqXnLPrlTEne-1735644563761-1-1.jpeg\",\"contentUrl\":\"https:\/\/menorcavillas.co.uk\/wp-content\/uploads\/2026\/01\/properties2FVBsciNgCEqXnLPrlTEne-1735644563761-1-1.jpeg\",\"width\":1920,\"height\":1440},{\"@type\":\"BreadcrumbList\",\"@id\":\"https:\/\/menorcavillas.co.uk\/fr\/villas-menorca\/villa-antonio-2\/#breadcrumb\",\"itemListElement\":[{\"@type\":\"ListItem\",\"position\":1,\"name\":\"Menorca Villas\",\"item\":\"https:\/\/menorcavillas.co.uk\/fr\/\"},{\"@type\":\"ListItem\",\"position\":2,\"name\":\"Our Villas\",\"item\":\"https:\/\/menorcavillas.co.uk\/location-2\/\"},{\"@type\":\"ListItem\",\"position\":3,\"name\":\"Villa Antonio\"}]},{\"@type\":\"WebSite\",\"@id\":\"https:\/\/menorcavillas.co.uk\/fr\/#website\",\"url\":\"https:\/\/menorcavillas.co.uk\/fr\/\",\"name\":\"Menorca Villas\",\"description\":\"2020\",\"publisher\":{\"@id\":\"https:\/\/menorcavillas.co.uk\/fr\/#organization\"},\"potentialAction\":[{\"@type\":\"SearchAction\",\"target\":{\"@type\":\"EntryPoint\",\"urlTemplate\":\"https:\/\/menorcavillas.co.uk\/fr\/?s={search_term_string}\"},\"query-input\":{\"@type\":\"PropertyValueSpecification\",\"valueRequired\":true,\"valueName\":\"search_term_string\"}}],\"inLanguage\":\"fr-FR\"},{\"@type\":\"Organization\",\"@id\":\"https:\/\/menorcavillas.co.uk\/fr\/#organization\",\"name\":\"Menorca Villas\",\"url\":\"https:\/\/menorcavillas.co.uk\/fr\/\",\"logo\":{\"@type\":\"ImageObject\",\"inLanguage\":\"fr-FR\",\"@id\":\"https:\/\/menorcavillas.co.uk\/fr\/#\/schema\/logo\/image\/\",\"url\":\"\",\"contentUrl\":\"\",\"caption\":\"Menorca Villas\"},\"image\":{\"@id\":\"https:\/\/menorcavillas.co.uk\/fr\/#\/schema\/logo\/image\/\"},\"sameAs\":[\"https:\/\/www.facebook.com\/menorcavillasmenorca\/\"]}]}<\/script>\n<!-- \/ Yoast SEO Premium plugin. -->","yoast_head_json":{"title":"Villa Antonio | Menorca Villas","robots":{"index":"index","follow":"follow","max-snippet":"max-snippet:-1","max-image-preview":"max-image-preview:large","max-video-preview":"max-video-preview:-1"},"canonical":"https:\/\/menorcavillas.co.uk\/fr\/villas-menorca\/villa-antonio-2\/","og_locale":"fr_FR","og_type":"article","og_title":"Villa Antonio","og_description":"Villa Antonio est une maison traditionnelle de 6 chambres et 3 salles de bain, situ\u00e9e dans une rue tranquille de Punta Prima au sud-est de l\u2019\u00eele, connu pour sa plage de sable de blanc et ses eaux turquoises.Voir plusElle b\u00e9n\u00e9ficie d\u2019une situation id\u00e9ale pour les vacanciers qui veulent combiner calme, tranquilit\u00e9 \u00e0 deux pas de la plage et des restaurants qui la longent. Toutes les chambres ont l\u2019air conditionn\u00e9 et la maison a sa propre piscine et sa zone de barbecue.La porte principale ouvre sur un grand salon\/salle \u00e0 manger. Il y a une chemin\u00e9e, id\u00e9ale pour les soir\u00e9es plus fra\u00eeches \u201chors-saison\u201d. Dans le salon il y a un grand canap\u00e9 d\u2019angle tr\u00e8s confortable, un \u00e9cran plat avec les cha\u00eenes du satellite. La table peut accueillir confortablement 6 personnes.Apr\u00e8s la salle \u00e0 manger on trouve la cuisine meubl\u00e9e et \u00e9quip\u00e9e enti\u00e8rement avec plan de travail en marbre. Il y a des plaques \u00e0 gaz et four encastr\u00e9, grand r\u00e9frig\u00e9rateur\/freezer, lave-vaisselle, micro-ondes, et toute la vaisselle et couverts n\u00e9cessaires.Au m\u00eame \u00e9tage on trouvera 3 des chambres et les 3 salles de bains. LA chambre principale a un lit king size, une grande salle de bain en suite avec toilettes.La deuxi\u00e8me chambre est une grande chambre avec deux lits simples avec armoires encastr\u00e9e, et la troisi\u00e8me est une petite chambre avec un lit simple.Ces deux chambres partagent une salle de douche avec douche italienne et toilette.A cet \u00e9tage se trouve aussi une buanderie avec lave-linge, lavabo, avec une petite salle de douche adjacente, avec toilette. Cette douche est aussi accessible de l\u2019ext\u00e9rieur, pour ne pas avoir \u00e0 traverser la maison en sortant de la piscine par exemple.A l\u2019\u00e9tage du haut vous trouverez 3 autres chambres, chacunes avec 2 lits doubles. on acc\u00e8de de l\u00e0, \u00e0 la terrasse sur le toit qui offre de magnifiques vues sur la mer et sur l\u2019\u00eele del aire.A l\u2019ext\u00e9rieur une belle terrasse couverte est accessible depuis les portes fen\u00eatres du salon, elle a une grande table pour pouvoir profiter des d\u00eeners \u00e0 l\u2019air libre tout en \u00e9tant toute la journ\u00e9e \u00e0 l\u2019ombre.Quelques marches descendent vers la piscine de 10x4m. Il y a autour de celle-ci beaucoup de place pour prendre le soleil.Femme de m\u00e9nage:&nbsp;possible en extra 2\u20ac \/ heure, minimum 2 heuresBabysitter:&nbsp;possible en extraSituation et distances:A\u00e9roport 20 min, plage restaurant et magasins 5 min \u00e0 pied.Location de voiture recommand\u00e9eLa zone:Punta Prima se situe au sud-est de Minorque. Mahon, la capitale de l\u2019\u00eele est \u00e0 seulement 10 km et un trajet vers l\u2019a\u00e9roport dure environ 25min. Punta Prima se trouve \u00e0 proximit\u00e9 de Binibeca et de S\u2019algar.Le centre de Punta Prima, \u00e0 c\u00f4t\u00e9 de la grande plage, est l\u2019endroit o\u00f9 vous trouverez nombre de restaurants et bars ainsi que des airs de jeux pour les enfants.Un march\u00e9 de rue tient lieu 2 fois par semaine \u00e0 Punta Prima, avec artisanat local, il y a une pharmacie ouverte 7\/7 et un m\u00e9decin 24h\/24h.Plusieurs magasins vous proposerons des articles de plages et des souvenirs de Menorca.Il y a \u00e9galement un service de location de voitures dans le village.La plage de Punta Prima est id\u00e9ale pour les familles, avec ses eaux cristallines et peu profondes.La plage et le village surplombent la petite \u201cisla del aire\u201d, avec son phare et ses lezards noirs autochtones.Le resort b\u00e9n\u00e9ficie des services d\u2019un petit train routier qui longe la c\u00f4te de Punta Prima \u00e0 Binibeca.Mahon et Sant Lluis sont bien desservis en bus.Licence touristique: Presented 35\/2017\/0506","og_url":"https:\/\/menorcavillas.co.uk\/fr\/villas-menorca\/villa-antonio-2\/","og_site_name":"Menorca Villas","article_publisher":"https:\/\/www.facebook.com\/menorcavillasmenorca\/","article_modified_time":"2026-04-20T11:41:20+00:00","og_image":[{"width":1920,"height":1440,"url":"https:\/\/menorcavillas.co.uk\/wp-content\/uploads\/2026\/01\/properties2FVBsciNgCEqXnLPrlTEne-1735644563761-1-1.jpeg","type":"image\/jpeg"}],"twitter_card":"summary_large_image","twitter_misc":{"Dur\u00e9e de lecture estim\u00e9e":"3 minutes"},"schema":{"@context":"https:\/\/schema.org","@graph":[{"@type":"WebPage","@id":"https:\/\/menorcavillas.co.uk\/fr\/villas-menorca\/villa-antonio-2\/","url":"https:\/\/menorcavillas.co.uk\/fr\/villas-menorca\/villa-antonio-2\/","name":"Villa Antonio | Menorca Villas","isPartOf":{"@id":"https:\/\/menorcavillas.co.uk\/fr\/#website"},"primaryImageOfPage":{"@id":"https:\/\/menorcavillas.co.uk\/fr\/villas-menorca\/villa-antonio-2\/#primaryimage"},"image":{"@id":"https:\/\/menorcavillas.co.uk\/fr\/villas-menorca\/villa-antonio-2\/#primaryimage"},"thumbnailUrl":"https:\/\/menorcavillas.co.uk\/wp-content\/uploads\/2026\/01\/properties2FVBsciNgCEqXnLPrlTEne-1735644563761-1-1.jpeg","datePublished":"2026-01-16T17:07:15+00:00","dateModified":"2026-04-20T11:41:20+00:00","breadcrumb":{"@id":"https:\/\/menorcavillas.co.uk\/fr\/villas-menorca\/villa-antonio-2\/#breadcrumb"},"inLanguage":"fr-FR","potentialAction":[{"@type":"ReadAction","target":["https:\/\/menorcavillas.co.uk\/fr\/villas-menorca\/villa-antonio-2\/"]}]},{"@type":"ImageObject","inLanguage":"fr-FR","@id":"https:\/\/menorcavillas.co.uk\/fr\/villas-menorca\/villa-antonio-2\/#primaryimage","url":"https:\/\/menorcavillas.co.uk\/wp-content\/uploads\/2026\/01\/properties2FVBsciNgCEqXnLPrlTEne-1735644563761-1-1.jpeg","contentUrl":"https:\/\/menorcavillas.co.uk\/wp-content\/uploads\/2026\/01\/properties2FVBsciNgCEqXnLPrlTEne-1735644563761-1-1.jpeg","width":1920,"height":1440},{"@type":"BreadcrumbList","@id":"https:\/\/menorcavillas.co.uk\/fr\/villas-menorca\/villa-antonio-2\/#breadcrumb","itemListElement":[{"@type":"ListItem","position":1,"name":"Menorca Villas","item":"https:\/\/menorcavillas.co.uk\/fr\/"},{"@type":"ListItem","position":2,"name":"Our Villas","item":"https:\/\/menorcavillas.co.uk\/location-2\/"},{"@type":"ListItem","position":3,"name":"Villa Antonio"}]},{"@type":"WebSite","@id":"https:\/\/menorcavillas.co.uk\/fr\/#website","url":"https:\/\/menorcavillas.co.uk\/fr\/","name":"Menorca Villas","description":"2020","publisher":{"@id":"https:\/\/menorcavillas.co.uk\/fr\/#organization"},"potentialAction":[{"@type":"SearchAction","target":{"@type":"EntryPoint","urlTemplate":"https:\/\/menorcavillas.co.uk\/fr\/?s={search_term_string}"},"query-input":{"@type":"PropertyValueSpecification","valueRequired":true,"valueName":"search_term_string"}}],"inLanguage":"fr-FR"},{"@type":"Organization","@id":"https:\/\/menorcavillas.co.uk\/fr\/#organization","name":"Menorca Villas","url":"https:\/\/menorcavillas.co.uk\/fr\/","logo":{"@type":"ImageObject","inLanguage":"fr-FR","@id":"https:\/\/menorcavillas.co.uk\/fr\/#\/schema\/logo\/image\/","url":"","contentUrl":"","caption":"Menorca Villas"},"image":{"@id":"https:\/\/menorcavillas.co.uk\/fr\/#\/schema\/logo\/image\/"},"sameAs":["https:\/\/www.facebook.com\/menorcavillasmenorca\/"]}]}},"_links":{"self":[{"href":"https:\/\/menorcavillas.co.uk\/fr\/wp-json\/wp\/v2\/product\/44136","targetHints":{"allow":["GET"]}}],"collection":[{"href":"https:\/\/menorcavillas.co.uk\/fr\/wp-json\/wp\/v2\/product"}],"about":[{"href":"https:\/\/menorcavillas.co.uk\/fr\/wp-json\/wp\/v2\/types\/product"}],"wp:featuredmedia":[{"embeddable":true,"href":"https:\/\/menorcavillas.co.uk\/fr\/wp-json\/wp\/v2\/media\/93018"}],"wp:attachment":[{"href":"https:\/\/menorcavillas.co.uk\/fr\/wp-json\/wp\/v2\/media?parent=44136"}],"wp:term":[{"taxonomy":"product_brand","embeddable":true,"href":"https:\/\/menorcavillas.co.uk\/fr\/wp-json\/wp\/v2\/product_brand?post=44136"},{"taxonomy":"product_cat","embeddable":true,"href":"https:\/\/menorcavillas.co.uk\/fr\/wp-json\/wp\/v2\/product_cat?post=44136"},{"taxonomy":"product_tag","embeddable":true,"href":"https:\/\/menorcavillas.co.uk\/fr\/wp-json\/wp\/v2\/product_tag?post=44136"},{"taxonomy":"amenities","embeddable":true,"href":"https:\/\/menorcavillas.co.uk\/fr\/wp-json\/wp\/v2\/amenities?post=44136"}],"curies":[{"name":"wp","href":"https:\/\/api.w.org\/{rel}","templated":true}]}}