{"id":44131,"date":"2026-01-16T18:07:14","date_gmt":"2026-01-16T17:07:14","guid":{"rendered":"https:\/\/menorcavillas.co.uk\/?post_type=product&#038;p=44131"},"modified":"2026-04-20T14:09:10","modified_gmt":"2026-04-20T12:09:10","slug":"son-bou-gardens-3-92-2","status":"publish","type":"product","link":"https:\/\/menorcavillas.co.uk\/fr\/villas-menorca\/son-bou-gardens-3-92-2\/","title":{"rendered":"Son Bou Gardens 3, 92"},"content":{"rendered":"<p>Au 3\u00e8me \u00e9tage, avec une terrasse prot\u00e9g\u00e9e, une table pour quatre et une superbe vue sur la mer.<\/p>\n<p><span style=\"color: rgb(30, 165, 149);\">Voir plus<\/span><\/p>\n<p>En entrant nous arrivons directement sur le salon \/ salle \u00e0 manger et cuisine.<\/p>\n<p>Cette derni\u00e8re dispose d\u2019une gazini\u00e8re, d\u2019un four, d\u2019un micro-onde, d\u2019un r\u00e9frig\u00e9rateur avec un petit freezer, et de toute la vaisselle et couverts. La table de la salle \u00e0 manger accueille quatre personnes. Dans le salon il y a sofa, t\u00e9l\u00e9vision et lecteur DVD. Les deux chambres sont des chambres doubles avec des lits simples, des armoires encastr\u00e9es, et elles partagent une salle de bain.<\/p>\n<p><\/p>\n<p><strong>Serviette de plage et de piscine:&nbsp;<\/strong>Inclues&nbsp;<strong>S\u00e8che cheveux:&nbsp;<\/strong>Inclu<\/p>\n<p><strong>Femme de m\u00e9nage:<\/strong>&nbsp;Disponible en extra 2\u20ac\/h, minimum de 2h<\/p>\n<p><strong>Babysitter:<\/strong>&nbsp;Disponible en extra payable au resort<\/p>\n<p><\/p>\n<p><strong>Situation et distances<\/strong><\/p>\n<p>A\u00e9roport 25 minutes en voiture, Plage 10 minutes \u00e0 pied, supermarch\u00e9 5 min \u00e0 pied, bars et restaurants 7 min \u00e0 pied<\/p>\n<p>Location de voiture recommand\u00e9e<\/p>\n<p><\/p>\n<p><strong>Zone:<\/strong><\/p>\n<p>L\u2019appartement est situ\u00e9 dans le complexe de Son Bou Garden. Les appartements du complexes sont r\u00e9partis en plusieurs zone, celui-ci se trouve dans la zone 3, centrale et proche de la piscine, du snack bar et de terrain de tennis.<\/p>\n<p>L\u2019appartement est \u00e0 7 minutes \u00e0 pied des bars, restaurants de Son Bou et \u00e0 10 minutes de sa magnifique plage. Il y a un supermarch\u00e9 \u00e0 5 minute. Pour beaucoup la plage parfaite et ses eaux claires est la principale attraction, vous trouverez de quoi louer des transat, des p\u00e9dalos, des cano\u00ebs. Le club San Jaime est \u00e0 c\u00f4t\u00e9 et a, lui aussi beaucoup de propositions, une grande piscine, des toboggans, et un restaurant. De plus de juin \u00e0 septembre beaucoup de restaurants ou bars proposent de la musique live. Il y en a vraiment pour tous les go\u00fbts dans tr\u00e8s beau complexe.<\/p>\n<p><\/p>\n<p><em>Licence touristique: APM1478<\/em><\/p>\n<p><\/p>\n<p><\/p>\n","protected":false},"excerpt":{"rendered":"<p>Au 3\u00e8me \u00e9tage, avec une terrasse prot\u00e9g\u00e9e, une table pour quatre et une superbe vue sur la mer.<\/p>\n<p><span style=\"color: rgb(30, 165, 149);\">Voir plus<\/span><\/p>\n<p>En entrant nous arrivons directement sur le salon \/ salle \u00e0 manger et cuisine.<\/p>\n<p>Cette derni\u00e8re dispose d\u2019une gazini\u00e8re, d\u2019un four, d\u2019un micro-onde, d\u2019un r\u00e9frig\u00e9rateur avec un petit freezer, et de toute la vaisselle et couverts. La table de la salle \u00e0 manger accueille quatre personnes. Dans le salon il y a sofa, t\u00e9l\u00e9vision et lecteur DVD. Les deux chambres sont des chambres doubles avec des lits simples, des armoires encastr\u00e9es, et elles partagent une salle de bain.<\/p>\n<p><\/p>\n<p><strong>Serviette de plage et de piscine:&nbsp;<\/strong>Inclues&nbsp;<strong>S\u00e8che cheveux:&nbsp;<\/strong>Inclu<\/p>\n<p><strong>Femme de m\u00e9nage:<\/strong>&nbsp;Disponible en extra 2\u20ac\/h, minimum de 2h<\/p>\n<p><strong>Babysitter:<\/strong>&nbsp;Disponible en extra payable au resort<\/p>\n<p><\/p>\n<p><strong>Situation et distances<\/strong><\/p>\n<p>A\u00e9roport 25 minutes en voiture, Plage 10 minutes \u00e0 pied, supermarch\u00e9 5 min \u00e0 pied, bars et restaurants 7 min \u00e0 pied<\/p>\n<p>Location de voiture recommand\u00e9e<\/p>\n<p><\/p>\n<p><strong>Zone:<\/strong><\/p>\n<p>L\u2019appartement est situ\u00e9 dans le complexe de Son Bou Garden. Les appartements du complexes sont r\u00e9partis en plusieurs zone, celui-ci se trouve dans la zone 3, centrale et proche de la piscine, du snack bar et de terrain de tennis.<\/p>\n<p>L\u2019appartement est \u00e0 7 minutes \u00e0 pied des bars, restaurants de Son Bou et \u00e0 10 minutes de sa magnifique plage. Il y a un supermarch\u00e9 \u00e0 5 minute. Pour beaucoup la plage parfaite et ses eaux claires est la principale attraction, vous trouverez de quoi louer des transat, des p\u00e9dalos, des cano\u00ebs. Le club San Jaime est \u00e0 c\u00f4t\u00e9 et a, lui aussi beaucoup de propositions, une grande piscine, des toboggans, et un restaurant. De plus de juin \u00e0 septembre beaucoup de restaurants ou bars proposent de la musique live. Il y en a vraiment pour tous les go\u00fbts dans tr\u00e8s beau complexe.<\/p>\n<p><\/p>\n<p><em>Licence touristique: APM1478<\/em><\/p>\n<p><\/p>\n<p><\/p>\n","protected":false},"featured_media":92992,"template":"","meta":{"_acf_changed":false},"product_brand":[],"product_cat":[202],"product_tag":[],"amenities":[311,312,313,318,316,153],"class_list":{"0":"post-44131","1":"product","2":"type-product","3":"status-publish","4":"has-post-thumbnail","6":"product_cat-son-bou-fr","7":"amenities-iptv","8":"amenities-lounge-dining-room","9":"amenities-pool","10":"amenities-sea-view","11":"amenities-terrace","12":"amenities-wifi","14":"first","15":"instock","16":"shipping-taxable","17":"purchasable","18":"product-type-simple"},"acf":[],"yoast_head":"<!-- This site is optimized with the Yoast SEO Premium plugin v26.7 (Yoast SEO v27.4) - https:\/\/yoast.com\/product\/yoast-seo-premium-wordpress\/ -->\n<title>Son Bou Gardens 3, 92 | Menorca Villas<\/title>\n<meta name=\"robots\" content=\"index, follow, max-snippet:-1, max-image-preview:large, max-video-preview:-1\" \/>\n<link rel=\"canonical\" href=\"https:\/\/menorcavillas.co.uk\/fr\/villas-menorca\/son-bou-gardens-3-92-2\/\" \/>\n<meta property=\"og:locale\" content=\"fr_FR\" \/>\n<meta property=\"og:type\" content=\"article\" \/>\n<meta property=\"og:title\" content=\"Son Bou Gardens 3, 92\" \/>\n<meta property=\"og:description\" content=\"Au 3\u00e8me \u00e9tage, avec une terrasse prot\u00e9g\u00e9e, une table pour quatre et une superbe vue sur la mer.Voir plusEn entrant nous arrivons directement sur le salon \/ salle \u00e0 manger et cuisine.Cette derni\u00e8re dispose d\u2019une gazini\u00e8re, d\u2019un four, d\u2019un micro-onde, d\u2019un r\u00e9frig\u00e9rateur avec un petit freezer, et de toute la vaisselle et couverts. La table de la salle \u00e0 manger accueille quatre personnes. Dans le salon il y a sofa, t\u00e9l\u00e9vision et lecteur DVD. Les deux chambres sont des chambres doubles avec des lits simples, des armoires encastr\u00e9es, et elles partagent une salle de bain.Serviette de plage et de piscine:&nbsp;Inclues&nbsp;S\u00e8che cheveux:&nbsp;IncluFemme de m\u00e9nage:&nbsp;Disponible en extra 2\u20ac\/h, minimum de 2hBabysitter:&nbsp;Disponible en extra payable au resortSituation et distancesA\u00e9roport 25 minutes en voiture, Plage 10 minutes \u00e0 pied, supermarch\u00e9 5 min \u00e0 pied, bars et restaurants 7 min \u00e0 piedLocation de voiture recommand\u00e9eZone:L\u2019appartement est situ\u00e9 dans le complexe de Son Bou Garden. Les appartements du complexes sont r\u00e9partis en plusieurs zone, celui-ci se trouve dans la zone 3, centrale et proche de la piscine, du snack bar et de terrain de tennis.L\u2019appartement est \u00e0 7 minutes \u00e0 pied des bars, restaurants de Son Bou et \u00e0 10 minutes de sa magnifique plage. Il y a un supermarch\u00e9 \u00e0 5 minute. Pour beaucoup la plage parfaite et ses eaux claires est la principale attraction, vous trouverez de quoi louer des transat, des p\u00e9dalos, des cano\u00ebs. Le club San Jaime est \u00e0 c\u00f4t\u00e9 et a, lui aussi beaucoup de propositions, une grande piscine, des toboggans, et un restaurant. De plus de juin \u00e0 septembre beaucoup de restaurants ou bars proposent de la musique live. Il y en a vraiment pour tous les go\u00fbts dans tr\u00e8s beau complexe.Licence touristique: APM1478\" \/>\n<meta property=\"og:url\" content=\"https:\/\/menorcavillas.co.uk\/fr\/villas-menorca\/son-bou-gardens-3-92-2\/\" \/>\n<meta property=\"og:site_name\" content=\"Menorca Villas\" \/>\n<meta property=\"article:publisher\" content=\"https:\/\/www.facebook.com\/menorcavillasmenorca\/\" \/>\n<meta property=\"article:modified_time\" content=\"2026-04-20T12:09:10+00:00\" \/>\n<meta property=\"og:image\" content=\"https:\/\/menorcavillas.co.uk\/wp-content\/uploads\/2026\/01\/properties2Fc9DolIYK9O7HTYYaUsdZ-1734948733224-1-1.jpeg\" \/>\n\t<meta property=\"og:image:width\" content=\"1920\" \/>\n\t<meta property=\"og:image:height\" content=\"1440\" \/>\n\t<meta property=\"og:image:type\" content=\"image\/jpeg\" \/>\n<meta name=\"twitter:card\" content=\"summary_large_image\" \/>\n<meta name=\"twitter:label1\" content=\"Dur\u00e9e de lecture estim\u00e9e\" \/>\n\t<meta name=\"twitter:data1\" content=\"2 minutes\" \/>\n<script type=\"application\/ld+json\" class=\"yoast-schema-graph\">{\"@context\":\"https:\\\/\\\/schema.org\",\"@graph\":[{\"@type\":\"WebPage\",\"@id\":\"https:\\\/\\\/menorcavillas.co.uk\\\/fr\\\/villas-menorca\\\/son-bou-gardens-3-92-2\\\/\",\"url\":\"https:\\\/\\\/menorcavillas.co.uk\\\/fr\\\/villas-menorca\\\/son-bou-gardens-3-92-2\\\/\",\"name\":\"Son Bou Gardens 3, 92 | Menorca Villas\",\"isPartOf\":{\"@id\":\"https:\\\/\\\/menorcavillas.co.uk\\\/fr\\\/#website\"},\"primaryImageOfPage\":{\"@id\":\"https:\\\/\\\/menorcavillas.co.uk\\\/fr\\\/villas-menorca\\\/son-bou-gardens-3-92-2\\\/#primaryimage\"},\"image\":{\"@id\":\"https:\\\/\\\/menorcavillas.co.uk\\\/fr\\\/villas-menorca\\\/son-bou-gardens-3-92-2\\\/#primaryimage\"},\"thumbnailUrl\":\"https:\\\/\\\/menorcavillas.co.uk\\\/wp-content\\\/uploads\\\/2026\\\/01\\\/properties2Fc9DolIYK9O7HTYYaUsdZ-1734948733224-1-1.jpeg\",\"datePublished\":\"2026-01-16T17:07:14+00:00\",\"dateModified\":\"2026-04-20T12:09:10+00:00\",\"breadcrumb\":{\"@id\":\"https:\\\/\\\/menorcavillas.co.uk\\\/fr\\\/villas-menorca\\\/son-bou-gardens-3-92-2\\\/#breadcrumb\"},\"inLanguage\":\"fr-FR\",\"potentialAction\":[{\"@type\":\"ReadAction\",\"target\":[\"https:\\\/\\\/menorcavillas.co.uk\\\/fr\\\/villas-menorca\\\/son-bou-gardens-3-92-2\\\/\"]}]},{\"@type\":\"ImageObject\",\"inLanguage\":\"fr-FR\",\"@id\":\"https:\\\/\\\/menorcavillas.co.uk\\\/fr\\\/villas-menorca\\\/son-bou-gardens-3-92-2\\\/#primaryimage\",\"url\":\"https:\\\/\\\/menorcavillas.co.uk\\\/wp-content\\\/uploads\\\/2026\\\/01\\\/properties2Fc9DolIYK9O7HTYYaUsdZ-1734948733224-1-1.jpeg\",\"contentUrl\":\"https:\\\/\\\/menorcavillas.co.uk\\\/wp-content\\\/uploads\\\/2026\\\/01\\\/properties2Fc9DolIYK9O7HTYYaUsdZ-1734948733224-1-1.jpeg\",\"width\":1920,\"height\":1440},{\"@type\":\"BreadcrumbList\",\"@id\":\"https:\\\/\\\/menorcavillas.co.uk\\\/fr\\\/villas-menorca\\\/son-bou-gardens-3-92-2\\\/#breadcrumb\",\"itemListElement\":[{\"@type\":\"ListItem\",\"position\":1,\"name\":\"Menorca Villas\",\"item\":\"https:\\\/\\\/menorcavillas.co.uk\\\/fr\\\/\"},{\"@type\":\"ListItem\",\"position\":2,\"name\":\"Our Villas\",\"item\":\"https:\\\/\\\/menorcavillas.co.uk\\\/location-2\\\/\"},{\"@type\":\"ListItem\",\"position\":3,\"name\":\"Son Bou Gardens 3, 92\"}]},{\"@type\":\"WebSite\",\"@id\":\"https:\\\/\\\/menorcavillas.co.uk\\\/fr\\\/#website\",\"url\":\"https:\\\/\\\/menorcavillas.co.uk\\\/fr\\\/\",\"name\":\"Menorca Villas\",\"description\":\"2020\",\"publisher\":{\"@id\":\"https:\\\/\\\/menorcavillas.co.uk\\\/fr\\\/#organization\"},\"potentialAction\":[{\"@type\":\"SearchAction\",\"target\":{\"@type\":\"EntryPoint\",\"urlTemplate\":\"https:\\\/\\\/menorcavillas.co.uk\\\/fr\\\/?s={search_term_string}\"},\"query-input\":{\"@type\":\"PropertyValueSpecification\",\"valueRequired\":true,\"valueName\":\"search_term_string\"}}],\"inLanguage\":\"fr-FR\"},{\"@type\":\"Organization\",\"@id\":\"https:\\\/\\\/menorcavillas.co.uk\\\/fr\\\/#organization\",\"name\":\"Menorca Villas\",\"url\":\"https:\\\/\\\/menorcavillas.co.uk\\\/fr\\\/\",\"logo\":{\"@type\":\"ImageObject\",\"inLanguage\":\"fr-FR\",\"@id\":\"https:\\\/\\\/menorcavillas.co.uk\\\/fr\\\/#\\\/schema\\\/logo\\\/image\\\/\",\"url\":\"\",\"contentUrl\":\"\",\"caption\":\"Menorca Villas\"},\"image\":{\"@id\":\"https:\\\/\\\/menorcavillas.co.uk\\\/fr\\\/#\\\/schema\\\/logo\\\/image\\\/\"},\"sameAs\":[\"https:\\\/\\\/www.facebook.com\\\/menorcavillasmenorca\\\/\"]}]}<\/script>\n<!-- \/ Yoast SEO Premium plugin. -->","yoast_head_json":{"title":"Son Bou Gardens 3, 92 | Menorca Villas","robots":{"index":"index","follow":"follow","max-snippet":"max-snippet:-1","max-image-preview":"max-image-preview:large","max-video-preview":"max-video-preview:-1"},"canonical":"https:\/\/menorcavillas.co.uk\/fr\/villas-menorca\/son-bou-gardens-3-92-2\/","og_locale":"fr_FR","og_type":"article","og_title":"Son Bou Gardens 3, 92","og_description":"Au 3\u00e8me \u00e9tage, avec une terrasse prot\u00e9g\u00e9e, une table pour quatre et une superbe vue sur la mer.Voir plusEn entrant nous arrivons directement sur le salon \/ salle \u00e0 manger et cuisine.Cette derni\u00e8re dispose d\u2019une gazini\u00e8re, d\u2019un four, d\u2019un micro-onde, d\u2019un r\u00e9frig\u00e9rateur avec un petit freezer, et de toute la vaisselle et couverts. La table de la salle \u00e0 manger accueille quatre personnes. Dans le salon il y a sofa, t\u00e9l\u00e9vision et lecteur DVD. Les deux chambres sont des chambres doubles avec des lits simples, des armoires encastr\u00e9es, et elles partagent une salle de bain.Serviette de plage et de piscine:&nbsp;Inclues&nbsp;S\u00e8che cheveux:&nbsp;IncluFemme de m\u00e9nage:&nbsp;Disponible en extra 2\u20ac\/h, minimum de 2hBabysitter:&nbsp;Disponible en extra payable au resortSituation et distancesA\u00e9roport 25 minutes en voiture, Plage 10 minutes \u00e0 pied, supermarch\u00e9 5 min \u00e0 pied, bars et restaurants 7 min \u00e0 piedLocation de voiture recommand\u00e9eZone:L\u2019appartement est situ\u00e9 dans le complexe de Son Bou Garden. Les appartements du complexes sont r\u00e9partis en plusieurs zone, celui-ci se trouve dans la zone 3, centrale et proche de la piscine, du snack bar et de terrain de tennis.L\u2019appartement est \u00e0 7 minutes \u00e0 pied des bars, restaurants de Son Bou et \u00e0 10 minutes de sa magnifique plage. Il y a un supermarch\u00e9 \u00e0 5 minute. Pour beaucoup la plage parfaite et ses eaux claires est la principale attraction, vous trouverez de quoi louer des transat, des p\u00e9dalos, des cano\u00ebs. Le club San Jaime est \u00e0 c\u00f4t\u00e9 et a, lui aussi beaucoup de propositions, une grande piscine, des toboggans, et un restaurant. De plus de juin \u00e0 septembre beaucoup de restaurants ou bars proposent de la musique live. Il y en a vraiment pour tous les go\u00fbts dans tr\u00e8s beau complexe.Licence touristique: APM1478","og_url":"https:\/\/menorcavillas.co.uk\/fr\/villas-menorca\/son-bou-gardens-3-92-2\/","og_site_name":"Menorca Villas","article_publisher":"https:\/\/www.facebook.com\/menorcavillasmenorca\/","article_modified_time":"2026-04-20T12:09:10+00:00","og_image":[{"width":1920,"height":1440,"url":"https:\/\/menorcavillas.co.uk\/wp-content\/uploads\/2026\/01\/properties2Fc9DolIYK9O7HTYYaUsdZ-1734948733224-1-1.jpeg","type":"image\/jpeg"}],"twitter_card":"summary_large_image","twitter_misc":{"Dur\u00e9e de lecture estim\u00e9e":"2 minutes"},"schema":{"@context":"https:\/\/schema.org","@graph":[{"@type":"WebPage","@id":"https:\/\/menorcavillas.co.uk\/fr\/villas-menorca\/son-bou-gardens-3-92-2\/","url":"https:\/\/menorcavillas.co.uk\/fr\/villas-menorca\/son-bou-gardens-3-92-2\/","name":"Son Bou Gardens 3, 92 | Menorca Villas","isPartOf":{"@id":"https:\/\/menorcavillas.co.uk\/fr\/#website"},"primaryImageOfPage":{"@id":"https:\/\/menorcavillas.co.uk\/fr\/villas-menorca\/son-bou-gardens-3-92-2\/#primaryimage"},"image":{"@id":"https:\/\/menorcavillas.co.uk\/fr\/villas-menorca\/son-bou-gardens-3-92-2\/#primaryimage"},"thumbnailUrl":"https:\/\/menorcavillas.co.uk\/wp-content\/uploads\/2026\/01\/properties2Fc9DolIYK9O7HTYYaUsdZ-1734948733224-1-1.jpeg","datePublished":"2026-01-16T17:07:14+00:00","dateModified":"2026-04-20T12:09:10+00:00","breadcrumb":{"@id":"https:\/\/menorcavillas.co.uk\/fr\/villas-menorca\/son-bou-gardens-3-92-2\/#breadcrumb"},"inLanguage":"fr-FR","potentialAction":[{"@type":"ReadAction","target":["https:\/\/menorcavillas.co.uk\/fr\/villas-menorca\/son-bou-gardens-3-92-2\/"]}]},{"@type":"ImageObject","inLanguage":"fr-FR","@id":"https:\/\/menorcavillas.co.uk\/fr\/villas-menorca\/son-bou-gardens-3-92-2\/#primaryimage","url":"https:\/\/menorcavillas.co.uk\/wp-content\/uploads\/2026\/01\/properties2Fc9DolIYK9O7HTYYaUsdZ-1734948733224-1-1.jpeg","contentUrl":"https:\/\/menorcavillas.co.uk\/wp-content\/uploads\/2026\/01\/properties2Fc9DolIYK9O7HTYYaUsdZ-1734948733224-1-1.jpeg","width":1920,"height":1440},{"@type":"BreadcrumbList","@id":"https:\/\/menorcavillas.co.uk\/fr\/villas-menorca\/son-bou-gardens-3-92-2\/#breadcrumb","itemListElement":[{"@type":"ListItem","position":1,"name":"Menorca Villas","item":"https:\/\/menorcavillas.co.uk\/fr\/"},{"@type":"ListItem","position":2,"name":"Our Villas","item":"https:\/\/menorcavillas.co.uk\/location-2\/"},{"@type":"ListItem","position":3,"name":"Son Bou Gardens 3, 92"}]},{"@type":"WebSite","@id":"https:\/\/menorcavillas.co.uk\/fr\/#website","url":"https:\/\/menorcavillas.co.uk\/fr\/","name":"Menorca Villas","description":"2020","publisher":{"@id":"https:\/\/menorcavillas.co.uk\/fr\/#organization"},"potentialAction":[{"@type":"SearchAction","target":{"@type":"EntryPoint","urlTemplate":"https:\/\/menorcavillas.co.uk\/fr\/?s={search_term_string}"},"query-input":{"@type":"PropertyValueSpecification","valueRequired":true,"valueName":"search_term_string"}}],"inLanguage":"fr-FR"},{"@type":"Organization","@id":"https:\/\/menorcavillas.co.uk\/fr\/#organization","name":"Menorca Villas","url":"https:\/\/menorcavillas.co.uk\/fr\/","logo":{"@type":"ImageObject","inLanguage":"fr-FR","@id":"https:\/\/menorcavillas.co.uk\/fr\/#\/schema\/logo\/image\/","url":"","contentUrl":"","caption":"Menorca Villas"},"image":{"@id":"https:\/\/menorcavillas.co.uk\/fr\/#\/schema\/logo\/image\/"},"sameAs":["https:\/\/www.facebook.com\/menorcavillasmenorca\/"]}]}},"_links":{"self":[{"href":"https:\/\/menorcavillas.co.uk\/fr\/wp-json\/wp\/v2\/product\/44131","targetHints":{"allow":["GET"]}}],"collection":[{"href":"https:\/\/menorcavillas.co.uk\/fr\/wp-json\/wp\/v2\/product"}],"about":[{"href":"https:\/\/menorcavillas.co.uk\/fr\/wp-json\/wp\/v2\/types\/product"}],"wp:featuredmedia":[{"embeddable":true,"href":"https:\/\/menorcavillas.co.uk\/fr\/wp-json\/wp\/v2\/media\/92992"}],"wp:attachment":[{"href":"https:\/\/menorcavillas.co.uk\/fr\/wp-json\/wp\/v2\/media?parent=44131"}],"wp:term":[{"taxonomy":"product_brand","embeddable":true,"href":"https:\/\/menorcavillas.co.uk\/fr\/wp-json\/wp\/v2\/product_brand?post=44131"},{"taxonomy":"product_cat","embeddable":true,"href":"https:\/\/menorcavillas.co.uk\/fr\/wp-json\/wp\/v2\/product_cat?post=44131"},{"taxonomy":"product_tag","embeddable":true,"href":"https:\/\/menorcavillas.co.uk\/fr\/wp-json\/wp\/v2\/product_tag?post=44131"},{"taxonomy":"amenities","embeddable":true,"href":"https:\/\/menorcavillas.co.uk\/fr\/wp-json\/wp\/v2\/amenities?post=44131"}],"curies":[{"name":"wp","href":"https:\/\/api.w.org\/{rel}","templated":true}]}}