{"id":44067,"date":"2026-01-16T18:06:51","date_gmt":"2026-01-16T17:06:51","guid":{"rendered":"https:\/\/menorcavillas.co.uk\/?post_type=product&#038;p=44067"},"modified":"2026-03-16T12:03:56","modified_gmt":"2026-03-16T11:03:56","slug":"gaviotas-2","status":"publish","type":"product","link":"https:\/\/menorcavillas.co.uk\/fr\/villas-menorca\/gaviotas-2\/","title":{"rendered":"Gaviotas"},"content":{"rendered":"<p>Cette jolie villa de 4 chambres et 3 salles de bains n\u2019est qu\u2019\u00e0 quelques minutes \u00e0 pied des restaurants, des bars, des magasins et de la plage de Cala en Porter.<\/p>\n<p><span style=\"color: rgb(30, 165, 149);\">Voir plus<\/span><\/p>\n<p>La propri\u00e9t\u00e9 est compos\u00e9e de la maison principale et de l\u2019annexe. La maison principale dispose d\u2019une chambre principale avec salle de bain en suite, et de deux chambres doubles avec des lits simples qui se partage une salle de bain. Toutes ont l\u2019air conditionn\u00e9, des armoires encastr\u00e9es et des ventilateurs de plafond.<\/p>\n<p>Le salon\/salle \u00e0 manger est \u00e9quip\u00e9 de sofa, fauteuils, internet, t\u00e9l\u00e9vision, lecteur DVD, la cuisine quant \u00e0 elle est \u00e9quip\u00e9e de tout ce dont vous aurez besoin, vous pourrez m\u00eame simplement y admirer la vue sur la mer.<\/p>\n<p>Les portes fen\u00eatres du salon donnent sur une terrasse avec une vue superbe. Quelques marches vous am\u00e8ne \u00e0 la piscine de 10\u00d75 m\u00e8tres et \u00e0 une autre terrasse d\u2019o\u00f9 prendre le soleil. Nous pouvons rajouter une protection enfant \u00e0 la piscine (en extra).<\/p>\n<p>Derri\u00e8re la piscine se trouve l\u2019annexe, avec une chambre double avec deux lits simples, une salle de douche, toilettes, un grand salon avec petite cuisine ouverte, et une entr\u00e9e s\u00e9par\u00e9e; parfait pour les grands parents, des adolescents, ou une babysitter.<\/p>\n<p>Il y a un lavabo et des toilettes accessibles deouis l\u2019extieur afin d\u2019eviter d\u2019entrer dans la maison en sortant de la piscine.<\/p>\n<p>Sur la terrasse couverte se trouve aussi un barbecue et un plan de travail, et toutes les fournitures n\u00e9cessaires pour profiter du soleil.<\/p>\n<p><\/p>\n<p><strong>Serviette de plage et de piscine:&nbsp;<\/strong>Inclues&nbsp;<\/p>\n<p><strong>S\u00e8che cheveux:&nbsp;<\/strong>Inclue<\/p>\n<p><strong>Femme de m\u00e9nage:<\/strong>&nbsp;Disponible en extra 22\u20ac\/h, minimum de 2h<\/p>\n<p><strong>Babysitter:<\/strong>&nbsp;Disponible en extra payable au resort<\/p>\n<p><\/p>\n<p><strong>Situation et distances<\/strong><\/p>\n<p>Aeroport 15 minutes en voitures, Plage 5 minutes \u00e0 pied, Restaurant bar 5 minutes \u00e0 pied<\/p>\n<p>Location de voiture recommand\u00e9e<\/p>\n<p><\/p>\n<p><strong>Zone:<\/strong><\/p>\n<p>Cala en Porter est sur une falaise surplombant une superbe baie dans un coin de nature prot\u00e9g\u00e9, avec une vue sur la campagne, les falaises, la plage de sable blanc et l\u2019eau turquoise. Il y a tout ce dont vous avez besoin \u00e0 Cala en Porter, mais vous serez pr\u00e8s de Mahon, San climent, Alaior, si vous voulez changer de d\u00e9cors\u2026<\/p>\n<p>La plage de Cala en Porter est parfaite pour les enfants, l\u2019entr\u00e9e dans l\u2019eau est tr\u00e8s facile. La plage \u00e9tant grande elle vous permettra aussi de vous isoler!<\/p>\n<p>Vous pouvez rejoindre la plage par des escaliers ou en voiture que vous pourrez laisser sur un parking gratuit et ombrag\u00e9. La plage est surveill\u00e9e, il y a des toilettes publiques, quelques bar et restaurants basiques pour ceux qui ne voudraient pas remonter au village pour manger.<\/p>\n<p><\/p>\n<p><em>Licence touristique:&nbsp;<\/em>ESFCTU000007013000546778000000000000000000000VT521ME4<\/p>\n","protected":false},"excerpt":{"rendered":"<p>Cette jolie villa de 4 chambres et 3 salles de bains n\u2019est qu\u2019\u00e0 quelques minutes \u00e0 pied des restaurants, des bars, des magasins et de la plage de Cala en Porter.<\/p>\n<p><span style=\"color: rgb(30, 165, 149);\">Voir plus<\/span><\/p>\n<p>La propri\u00e9t\u00e9 est compos\u00e9e de la maison principale et de l\u2019annexe. La maison principale dispose d\u2019une chambre principale avec salle de bain en suite, et de deux chambres doubles avec des lits simples qui se partage une salle de bain. Toutes ont l\u2019air conditionn\u00e9, des armoires encastr\u00e9es et des ventilateurs de plafond.<\/p>\n<p>Le salon\/salle \u00e0 manger est \u00e9quip\u00e9 de sofa, fauteuils, internet, t\u00e9l\u00e9vision, lecteur DVD, la cuisine quant \u00e0 elle est \u00e9quip\u00e9e de tout ce dont vous aurez besoin, vous pourrez m\u00eame simplement y admirer la vue sur la mer.<\/p>\n<p>Les portes fen\u00eatres du salon donnent sur une terrasse avec une vue superbe. Quelques marches vous am\u00e8ne \u00e0 la piscine de 10\u00d75 m\u00e8tres et \u00e0 une autre terrasse d\u2019o\u00f9 prendre le soleil. Nous pouvons rajouter une protection enfant \u00e0 la piscine (en extra).<\/p>\n<p>Derri\u00e8re la piscine se trouve l\u2019annexe, avec une chambre double avec deux lits simples, une salle de douche, toilettes, un grand salon avec petite cuisine ouverte, et une entr\u00e9e s\u00e9par\u00e9e; parfait pour les grands parents, des adolescents, ou une babysitter.<\/p>\n<p>Il y a un lavabo et des toilettes accessibles deouis l\u2019extieur afin d\u2019eviter d\u2019entrer dans la maison en sortant de la piscine.<\/p>\n<p>Sur la terrasse couverte se trouve aussi un barbecue et un plan de travail, et toutes les fournitures n\u00e9cessaires pour profiter du soleil.<\/p>\n<p><\/p>\n<p><strong>Serviette de plage et de piscine:&nbsp;<\/strong>Inclues&nbsp;<\/p>\n<p><strong>S\u00e8che cheveux:&nbsp;<\/strong>Inclue<\/p>\n<p><strong>Femme de m\u00e9nage:<\/strong>&nbsp;Disponible en extra 22\u20ac\/h, minimum de 2h<\/p>\n<p><strong>Babysitter:<\/strong>&nbsp;Disponible en extra payable au resort<\/p>\n<p><\/p>\n<p><strong>Situation et distances<\/strong><\/p>\n<p>Aeroport 15 minutes en voitures, Plage 5 minutes \u00e0 pied, Restaurant bar 5 minutes \u00e0 pied<\/p>\n<p>Location de voiture recommand\u00e9e<\/p>\n<p><\/p>\n<p><strong>Zone:<\/strong><\/p>\n<p>Cala en Porter est sur une falaise surplombant une superbe baie dans un coin de nature prot\u00e9g\u00e9, avec une vue sur la campagne, les falaises, la plage de sable blanc et l\u2019eau turquoise. Il y a tout ce dont vous avez besoin \u00e0 Cala en Porter, mais vous serez pr\u00e8s de Mahon, San climent, Alaior, si vous voulez changer de d\u00e9cors\u2026<\/p>\n<p>La plage de Cala en Porter est parfaite pour les enfants, l\u2019entr\u00e9e dans l\u2019eau est tr\u00e8s facile. La plage \u00e9tant grande elle vous permettra aussi de vous isoler!<\/p>\n<p>Vous pouvez rejoindre la plage par des escaliers ou en voiture que vous pourrez laisser sur un parking gratuit et ombrag\u00e9. La plage est surveill\u00e9e, il y a des toilettes publiques, quelques bar et restaurants basiques pour ceux qui ne voudraient pas remonter au village pour manger.<\/p>\n<p><\/p>\n<p><em>Licence touristique:&nbsp;<\/em>ESFCTU000007013000546778000000000000000000000VT521ME4<\/p>\n","protected":false},"featured_media":98229,"template":"","meta":{"_acf_changed":false},"product_brand":[],"product_cat":[15],"product_tag":[],"amenities":[315,129,311,312,313,318,316,153],"class_list":{"0":"post-44067","1":"product","2":"type-product","3":"status-publish","4":"has-post-thumbnail","6":"product_cat-sin-categorizar","7":"amenities-ac","8":"amenities-bbq","9":"amenities-iptv","10":"amenities-lounge-dining-room","11":"amenities-pool","12":"amenities-sea-view","13":"amenities-terrace","14":"amenities-wifi","16":"first","17":"instock","18":"shipping-taxable","19":"purchasable","20":"product-type-simple"},"acf":[],"yoast_head":"<!-- This site is optimized with the Yoast SEO Premium plugin v26.7 (Yoast SEO v26.7) - https:\/\/yoast.com\/wordpress\/plugins\/seo\/ -->\n<title>Gaviotas | Menorca Villas<\/title>\n<meta name=\"robots\" content=\"index, follow, max-snippet:-1, max-image-preview:large, max-video-preview:-1\" \/>\n<link rel=\"canonical\" href=\"https:\/\/menorcavillas.co.uk\/fr\/villas-menorca\/gaviotas-2\/\" \/>\n<meta property=\"og:locale\" content=\"fr_FR\" \/>\n<meta property=\"og:type\" content=\"article\" \/>\n<meta property=\"og:title\" content=\"Gaviotas\" \/>\n<meta property=\"og:description\" content=\"Cette jolie villa de 4 chambres et 3 salles de bains n\u2019est qu\u2019\u00e0 quelques minutes \u00e0 pied des restaurants, des bars, des magasins et de la plage de Cala en Porter.Voir plusLa propri\u00e9t\u00e9 est compos\u00e9e de la maison principale et de l\u2019annexe. La maison principale dispose d\u2019une chambre principale avec salle de bain en suite, et de deux chambres doubles avec des lits simples qui se partage une salle de bain. Toutes ont l\u2019air conditionn\u00e9, des armoires encastr\u00e9es et des ventilateurs de plafond.Le salon\/salle \u00e0 manger est \u00e9quip\u00e9 de sofa, fauteuils, internet, t\u00e9l\u00e9vision, lecteur DVD, la cuisine quant \u00e0 elle est \u00e9quip\u00e9e de tout ce dont vous aurez besoin, vous pourrez m\u00eame simplement y admirer la vue sur la mer.Les portes fen\u00eatres du salon donnent sur une terrasse avec une vue superbe. Quelques marches vous am\u00e8ne \u00e0 la piscine de 10\u00d75 m\u00e8tres et \u00e0 une autre terrasse d\u2019o\u00f9 prendre le soleil. Nous pouvons rajouter une protection enfant \u00e0 la piscine (en extra).Derri\u00e8re la piscine se trouve l\u2019annexe, avec une chambre double avec deux lits simples, une salle de douche, toilettes, un grand salon avec petite cuisine ouverte, et une entr\u00e9e s\u00e9par\u00e9e; parfait pour les grands parents, des adolescents, ou une babysitter.Il y a un lavabo et des toilettes accessibles deouis l\u2019extieur afin d\u2019eviter d\u2019entrer dans la maison en sortant de la piscine.Sur la terrasse couverte se trouve aussi un barbecue et un plan de travail, et toutes les fournitures n\u00e9cessaires pour profiter du soleil.Serviette de plage et de piscine:&nbsp;Inclues&nbsp;S\u00e8che cheveux:&nbsp;InclueFemme de m\u00e9nage:&nbsp;Disponible en extra 22\u20ac\/h, minimum de 2hBabysitter:&nbsp;Disponible en extra payable au resortSituation et distancesAeroport 15 minutes en voitures, Plage 5 minutes \u00e0 pied, Restaurant bar 5 minutes \u00e0 piedLocation de voiture recommand\u00e9eZone:Cala en Porter est sur une falaise surplombant une superbe baie dans un coin de nature prot\u00e9g\u00e9, avec une vue sur la campagne, les falaises, la plage de sable blanc et l\u2019eau turquoise. Il y a tout ce dont vous avez besoin \u00e0 Cala en Porter, mais vous serez pr\u00e8s de Mahon, San climent, Alaior, si vous voulez changer de d\u00e9cors\u2026La plage de Cala en Porter est parfaite pour les enfants, l\u2019entr\u00e9e dans l\u2019eau est tr\u00e8s facile. La plage \u00e9tant grande elle vous permettra aussi de vous isoler!Vous pouvez rejoindre la plage par des escaliers ou en voiture que vous pourrez laisser sur un parking gratuit et ombrag\u00e9. La plage est surveill\u00e9e, il y a des toilettes publiques, quelques bar et restaurants basiques pour ceux qui ne voudraient pas remonter au village pour manger.Licence touristique:&nbsp;ESFCTU000007013000546778000000000000000000000VT521ME4\" \/>\n<meta property=\"og:url\" content=\"https:\/\/menorcavillas.co.uk\/fr\/villas-menorca\/gaviotas-2\/\" \/>\n<meta property=\"og:site_name\" content=\"Menorca Villas\" \/>\n<meta property=\"article:publisher\" content=\"https:\/\/www.facebook.com\/menorcavillasmenorca\/\" \/>\n<meta property=\"article:modified_time\" content=\"2026-03-16T11:03:56+00:00\" \/>\n<meta property=\"og:image\" content=\"https:\/\/menorcavillas.co.uk\/wp-content\/uploads\/2026\/01\/properties2FUM72APacw6XbXCx9n9EV-1744035264924-1-3.jpeg\" \/>\n\t<meta property=\"og:image:width\" content=\"1920\" \/>\n\t<meta property=\"og:image:height\" content=\"1440\" \/>\n\t<meta property=\"og:image:type\" content=\"image\/jpeg\" \/>\n<meta name=\"twitter:card\" content=\"summary_large_image\" \/>\n<meta name=\"twitter:label1\" content=\"Dur\u00e9e de lecture estim\u00e9e\" \/>\n\t<meta name=\"twitter:data1\" content=\"2 minutes\" \/>\n<script type=\"application\/ld+json\" class=\"yoast-schema-graph\">{\"@context\":\"https:\/\/schema.org\",\"@graph\":[{\"@type\":\"WebPage\",\"@id\":\"https:\/\/menorcavillas.co.uk\/fr\/villas-menorca\/gaviotas-2\/\",\"url\":\"https:\/\/menorcavillas.co.uk\/fr\/villas-menorca\/gaviotas-2\/\",\"name\":\"Gaviotas | Menorca Villas\",\"isPartOf\":{\"@id\":\"https:\/\/menorcavillas.co.uk\/fr\/#website\"},\"primaryImageOfPage\":{\"@id\":\"https:\/\/menorcavillas.co.uk\/fr\/villas-menorca\/gaviotas-2\/#primaryimage\"},\"image\":{\"@id\":\"https:\/\/menorcavillas.co.uk\/fr\/villas-menorca\/gaviotas-2\/#primaryimage\"},\"thumbnailUrl\":\"https:\/\/menorcavillas.co.uk\/wp-content\/uploads\/2026\/01\/properties2FUM72APacw6XbXCx9n9EV-1744035264924-1-5.jpeg\",\"datePublished\":\"2026-01-16T17:06:51+00:00\",\"dateModified\":\"2026-03-16T11:03:56+00:00\",\"breadcrumb\":{\"@id\":\"https:\/\/menorcavillas.co.uk\/fr\/villas-menorca\/gaviotas-2\/#breadcrumb\"},\"inLanguage\":\"fr-FR\",\"potentialAction\":[{\"@type\":\"ReadAction\",\"target\":[\"https:\/\/menorcavillas.co.uk\/fr\/villas-menorca\/gaviotas-2\/\"]}]},{\"@type\":\"ImageObject\",\"inLanguage\":\"fr-FR\",\"@id\":\"https:\/\/menorcavillas.co.uk\/fr\/villas-menorca\/gaviotas-2\/#primaryimage\",\"url\":\"https:\/\/menorcavillas.co.uk\/wp-content\/uploads\/2026\/01\/properties2FUM72APacw6XbXCx9n9EV-1744035264924-1-5.jpeg\",\"contentUrl\":\"https:\/\/menorcavillas.co.uk\/wp-content\/uploads\/2026\/01\/properties2FUM72APacw6XbXCx9n9EV-1744035264924-1-5.jpeg\",\"width\":1920,\"height\":1440},{\"@type\":\"BreadcrumbList\",\"@id\":\"https:\/\/menorcavillas.co.uk\/fr\/villas-menorca\/gaviotas-2\/#breadcrumb\",\"itemListElement\":[{\"@type\":\"ListItem\",\"position\":1,\"name\":\"Menorca Villas\",\"item\":\"https:\/\/menorcavillas.co.uk\/fr\/\"},{\"@type\":\"ListItem\",\"position\":2,\"name\":\"Our Villas\",\"item\":\"https:\/\/menorcavillas.co.uk\/location-2\/\"},{\"@type\":\"ListItem\",\"position\":3,\"name\":\"Gaviotas\"}]},{\"@type\":\"WebSite\",\"@id\":\"https:\/\/menorcavillas.co.uk\/fr\/#website\",\"url\":\"https:\/\/menorcavillas.co.uk\/fr\/\",\"name\":\"Menorca Villas\",\"description\":\"2020\",\"publisher\":{\"@id\":\"https:\/\/menorcavillas.co.uk\/fr\/#organization\"},\"potentialAction\":[{\"@type\":\"SearchAction\",\"target\":{\"@type\":\"EntryPoint\",\"urlTemplate\":\"https:\/\/menorcavillas.co.uk\/fr\/?s={search_term_string}\"},\"query-input\":{\"@type\":\"PropertyValueSpecification\",\"valueRequired\":true,\"valueName\":\"search_term_string\"}}],\"inLanguage\":\"fr-FR\"},{\"@type\":\"Organization\",\"@id\":\"https:\/\/menorcavillas.co.uk\/fr\/#organization\",\"name\":\"Menorca Villas\",\"url\":\"https:\/\/menorcavillas.co.uk\/fr\/\",\"logo\":{\"@type\":\"ImageObject\",\"inLanguage\":\"fr-FR\",\"@id\":\"https:\/\/menorcavillas.co.uk\/fr\/#\/schema\/logo\/image\/\",\"url\":\"\",\"contentUrl\":\"\",\"caption\":\"Menorca Villas\"},\"image\":{\"@id\":\"https:\/\/menorcavillas.co.uk\/fr\/#\/schema\/logo\/image\/\"},\"sameAs\":[\"https:\/\/www.facebook.com\/menorcavillasmenorca\/\"]}]}<\/script>\n<!-- \/ Yoast SEO Premium plugin. -->","yoast_head_json":{"title":"Gaviotas | Menorca Villas","robots":{"index":"index","follow":"follow","max-snippet":"max-snippet:-1","max-image-preview":"max-image-preview:large","max-video-preview":"max-video-preview:-1"},"canonical":"https:\/\/menorcavillas.co.uk\/fr\/villas-menorca\/gaviotas-2\/","og_locale":"fr_FR","og_type":"article","og_title":"Gaviotas","og_description":"Cette jolie villa de 4 chambres et 3 salles de bains n\u2019est qu\u2019\u00e0 quelques minutes \u00e0 pied des restaurants, des bars, des magasins et de la plage de Cala en Porter.Voir plusLa propri\u00e9t\u00e9 est compos\u00e9e de la maison principale et de l\u2019annexe. La maison principale dispose d\u2019une chambre principale avec salle de bain en suite, et de deux chambres doubles avec des lits simples qui se partage une salle de bain. Toutes ont l\u2019air conditionn\u00e9, des armoires encastr\u00e9es et des ventilateurs de plafond.Le salon\/salle \u00e0 manger est \u00e9quip\u00e9 de sofa, fauteuils, internet, t\u00e9l\u00e9vision, lecteur DVD, la cuisine quant \u00e0 elle est \u00e9quip\u00e9e de tout ce dont vous aurez besoin, vous pourrez m\u00eame simplement y admirer la vue sur la mer.Les portes fen\u00eatres du salon donnent sur une terrasse avec une vue superbe. Quelques marches vous am\u00e8ne \u00e0 la piscine de 10\u00d75 m\u00e8tres et \u00e0 une autre terrasse d\u2019o\u00f9 prendre le soleil. Nous pouvons rajouter une protection enfant \u00e0 la piscine (en extra).Derri\u00e8re la piscine se trouve l\u2019annexe, avec une chambre double avec deux lits simples, une salle de douche, toilettes, un grand salon avec petite cuisine ouverte, et une entr\u00e9e s\u00e9par\u00e9e; parfait pour les grands parents, des adolescents, ou une babysitter.Il y a un lavabo et des toilettes accessibles deouis l\u2019extieur afin d\u2019eviter d\u2019entrer dans la maison en sortant de la piscine.Sur la terrasse couverte se trouve aussi un barbecue et un plan de travail, et toutes les fournitures n\u00e9cessaires pour profiter du soleil.Serviette de plage et de piscine:&nbsp;Inclues&nbsp;S\u00e8che cheveux:&nbsp;InclueFemme de m\u00e9nage:&nbsp;Disponible en extra 22\u20ac\/h, minimum de 2hBabysitter:&nbsp;Disponible en extra payable au resortSituation et distancesAeroport 15 minutes en voitures, Plage 5 minutes \u00e0 pied, Restaurant bar 5 minutes \u00e0 piedLocation de voiture recommand\u00e9eZone:Cala en Porter est sur une falaise surplombant une superbe baie dans un coin de nature prot\u00e9g\u00e9, avec une vue sur la campagne, les falaises, la plage de sable blanc et l\u2019eau turquoise. Il y a tout ce dont vous avez besoin \u00e0 Cala en Porter, mais vous serez pr\u00e8s de Mahon, San climent, Alaior, si vous voulez changer de d\u00e9cors\u2026La plage de Cala en Porter est parfaite pour les enfants, l\u2019entr\u00e9e dans l\u2019eau est tr\u00e8s facile. La plage \u00e9tant grande elle vous permettra aussi de vous isoler!Vous pouvez rejoindre la plage par des escaliers ou en voiture que vous pourrez laisser sur un parking gratuit et ombrag\u00e9. La plage est surveill\u00e9e, il y a des toilettes publiques, quelques bar et restaurants basiques pour ceux qui ne voudraient pas remonter au village pour manger.Licence touristique:&nbsp;ESFCTU000007013000546778000000000000000000000VT521ME4","og_url":"https:\/\/menorcavillas.co.uk\/fr\/villas-menorca\/gaviotas-2\/","og_site_name":"Menorca Villas","article_publisher":"https:\/\/www.facebook.com\/menorcavillasmenorca\/","article_modified_time":"2026-03-16T11:03:56+00:00","og_image":[{"width":1920,"height":1440,"url":"https:\/\/menorcavillas.co.uk\/wp-content\/uploads\/2026\/01\/properties2FUM72APacw6XbXCx9n9EV-1744035264924-1-3.jpeg","type":"image\/jpeg"}],"twitter_card":"summary_large_image","twitter_misc":{"Dur\u00e9e de lecture estim\u00e9e":"2 minutes"},"schema":{"@context":"https:\/\/schema.org","@graph":[{"@type":"WebPage","@id":"https:\/\/menorcavillas.co.uk\/fr\/villas-menorca\/gaviotas-2\/","url":"https:\/\/menorcavillas.co.uk\/fr\/villas-menorca\/gaviotas-2\/","name":"Gaviotas | Menorca Villas","isPartOf":{"@id":"https:\/\/menorcavillas.co.uk\/fr\/#website"},"primaryImageOfPage":{"@id":"https:\/\/menorcavillas.co.uk\/fr\/villas-menorca\/gaviotas-2\/#primaryimage"},"image":{"@id":"https:\/\/menorcavillas.co.uk\/fr\/villas-menorca\/gaviotas-2\/#primaryimage"},"thumbnailUrl":"https:\/\/menorcavillas.co.uk\/wp-content\/uploads\/2026\/01\/properties2FUM72APacw6XbXCx9n9EV-1744035264924-1-5.jpeg","datePublished":"2026-01-16T17:06:51+00:00","dateModified":"2026-03-16T11:03:56+00:00","breadcrumb":{"@id":"https:\/\/menorcavillas.co.uk\/fr\/villas-menorca\/gaviotas-2\/#breadcrumb"},"inLanguage":"fr-FR","potentialAction":[{"@type":"ReadAction","target":["https:\/\/menorcavillas.co.uk\/fr\/villas-menorca\/gaviotas-2\/"]}]},{"@type":"ImageObject","inLanguage":"fr-FR","@id":"https:\/\/menorcavillas.co.uk\/fr\/villas-menorca\/gaviotas-2\/#primaryimage","url":"https:\/\/menorcavillas.co.uk\/wp-content\/uploads\/2026\/01\/properties2FUM72APacw6XbXCx9n9EV-1744035264924-1-5.jpeg","contentUrl":"https:\/\/menorcavillas.co.uk\/wp-content\/uploads\/2026\/01\/properties2FUM72APacw6XbXCx9n9EV-1744035264924-1-5.jpeg","width":1920,"height":1440},{"@type":"BreadcrumbList","@id":"https:\/\/menorcavillas.co.uk\/fr\/villas-menorca\/gaviotas-2\/#breadcrumb","itemListElement":[{"@type":"ListItem","position":1,"name":"Menorca Villas","item":"https:\/\/menorcavillas.co.uk\/fr\/"},{"@type":"ListItem","position":2,"name":"Our Villas","item":"https:\/\/menorcavillas.co.uk\/location-2\/"},{"@type":"ListItem","position":3,"name":"Gaviotas"}]},{"@type":"WebSite","@id":"https:\/\/menorcavillas.co.uk\/fr\/#website","url":"https:\/\/menorcavillas.co.uk\/fr\/","name":"Menorca Villas","description":"2020","publisher":{"@id":"https:\/\/menorcavillas.co.uk\/fr\/#organization"},"potentialAction":[{"@type":"SearchAction","target":{"@type":"EntryPoint","urlTemplate":"https:\/\/menorcavillas.co.uk\/fr\/?s={search_term_string}"},"query-input":{"@type":"PropertyValueSpecification","valueRequired":true,"valueName":"search_term_string"}}],"inLanguage":"fr-FR"},{"@type":"Organization","@id":"https:\/\/menorcavillas.co.uk\/fr\/#organization","name":"Menorca Villas","url":"https:\/\/menorcavillas.co.uk\/fr\/","logo":{"@type":"ImageObject","inLanguage":"fr-FR","@id":"https:\/\/menorcavillas.co.uk\/fr\/#\/schema\/logo\/image\/","url":"","contentUrl":"","caption":"Menorca Villas"},"image":{"@id":"https:\/\/menorcavillas.co.uk\/fr\/#\/schema\/logo\/image\/"},"sameAs":["https:\/\/www.facebook.com\/menorcavillasmenorca\/"]}]}},"_links":{"self":[{"href":"https:\/\/menorcavillas.co.uk\/fr\/wp-json\/wp\/v2\/product\/44067","targetHints":{"allow":["GET"]}}],"collection":[{"href":"https:\/\/menorcavillas.co.uk\/fr\/wp-json\/wp\/v2\/product"}],"about":[{"href":"https:\/\/menorcavillas.co.uk\/fr\/wp-json\/wp\/v2\/types\/product"}],"wp:featuredmedia":[{"embeddable":true,"href":"https:\/\/menorcavillas.co.uk\/fr\/wp-json\/wp\/v2\/media\/98229"}],"wp:attachment":[{"href":"https:\/\/menorcavillas.co.uk\/fr\/wp-json\/wp\/v2\/media?parent=44067"}],"wp:term":[{"taxonomy":"product_brand","embeddable":true,"href":"https:\/\/menorcavillas.co.uk\/fr\/wp-json\/wp\/v2\/product_brand?post=44067"},{"taxonomy":"product_cat","embeddable":true,"href":"https:\/\/menorcavillas.co.uk\/fr\/wp-json\/wp\/v2\/product_cat?post=44067"},{"taxonomy":"product_tag","embeddable":true,"href":"https:\/\/menorcavillas.co.uk\/fr\/wp-json\/wp\/v2\/product_tag?post=44067"},{"taxonomy":"amenities","embeddable":true,"href":"https:\/\/menorcavillas.co.uk\/fr\/wp-json\/wp\/v2\/amenities?post=44067"}],"curies":[{"name":"wp","href":"https:\/\/api.w.org\/{rel}","templated":true}]}}