{"id":44033,"date":"2026-01-16T18:06:31","date_gmt":"2026-01-16T17:06:31","guid":{"rendered":"https:\/\/menorcavillas.co.uk\/?post_type=product&#038;p=44033"},"modified":"2026-03-24T10:24:14","modified_gmt":"2026-03-24T09:24:14","slug":"casa-juanita-2","status":"publish","type":"product","link":"https:\/\/menorcavillas.co.uk\/fr\/villas-menorca\/casa-juanita-2\/","title":{"rendered":"Casa Juanita"},"content":{"rendered":"<p>Casita Juanita est un appartement de deux chambres et de deux salles de bains, plus grand que la moyenne, situ\u00e9 au-dessus de Son Bou, dans le complexe Alta Mar. L&rsquo;h\u00e9bergement est organis\u00e9 sur un seul niveau.<\/p>\n<p>Depuis les portes-fen\u00eatres de la terrasse, vous entrez imm\u00e9diatement dans le grand salon, qui est meubl\u00e9 de canap\u00e9s, d&rsquo;une table basse et d&rsquo;un lecteur DVD. Cette pi\u00e8ce peut facilement accueillir un lit suppl\u00e9mentaire pour un enfant (un suppl\u00e9ment par semaine est applicable).<\/p>\n<p>De cette pi\u00e8ce, \u00e0 gauche, se trouve la cuisine avec four \u00e9lectrique, r\u00e9frig\u00e9rateur-cong\u00e9lateur, lave-linge, micro-ondes, cafeti\u00e8re et tous les ustensiles n\u00e9cessaires pour cuisiner.<\/p>\n<p>Depuis le salon, on acc\u00e8de \u00e0 une salle d&rsquo;eau dot\u00e9e d&rsquo;une grande douche \u00e0 l\u2019italienne. \u00c0 l&rsquo;autre extr\u00e9mit\u00e9 de l&rsquo;appartement, se trouvent une autre salle de bains (avec baignoire et douche), une chambre principale avec un lit King-size et une chambre avec deux lits simples. Les deux chambres sont climatis\u00e9es et disposent de grandes armoires.<\/p>\n<p>La grande terrasse est dot\u00e9e d&rsquo;un portail en fer forg\u00e9 \u00e0 l&rsquo;entr\u00e9e, de chaises longues et d&rsquo;une table et de chaises pour les repas en plein air. La vue sur la plage est vraiment superbe.<\/p>\n<p>Tous les appartements de ce complexe partagent une grande piscine avec un bassin peu profond pour les enfants. Veuillez noter que cette installation n&rsquo;est pas imm\u00e9diatement adjacente \u00e0 l&rsquo;appartement, mais qu&rsquo;elle se trouve \u00e0 une courte distance de marche.<\/p>\n<p>Il y a un certain nombre de marches menant \u00e0 l&rsquo;entr\u00e9e de l&rsquo;appartement depuis la route principale et le parking, et les personnes ayant des probl\u00e8mes de mobilit\u00e9 doivent en tenir compte. L&rsquo;h\u00e9bergement est situ\u00e9 sur la colline qui s&rsquo;\u00e9l\u00e8ve depuis le littoral. En raison de la mont\u00e9e, il est fortement recommand\u00e9 de louer une voiture.<\/p>\n<p>Les serviettes de piscine et le s\u00e8che-cheveux sont fournis.<\/p>\n<p><strong>Situation et distances<\/strong><\/p>\n<p>A\u00e9roport 25min en voiture ; plage 15min \u00e0 pied ; supermarch\u00e9 15min \u00e0 pied ; magasins, restaurants et bars 1 min \u00e0 pied<\/p>\n<p>Location de voiture recommand\u00e9<\/p>\n<p><\/p>\n<p><strong>R\u00e9gion :&nbsp;<\/strong><\/p>\n<p>Cet appartement de deux chambres est situ\u00e9 dans le complexe populaire Alta Mar (Block B). Il donne sur la station baln\u00e9aire de Son Bou.<\/p>\n<p>Pour beaucoup, la plage immacul\u00e9e est la principale attraction de Son Bou, la plus longue de l&rsquo;\u00eele, avec plusieurs bars, restaurants et des installations pour louer des chaises longues, des parasols, des p\u00e9dalos et des cano\u00ebs. Le Club San Jaime, \u00e9galement situ\u00e9 dans la station, dispose de nombreux \u00e9quipements, dont une grande piscine, des toboggans aquatiques et un restaurant. De plus, de juin \u00e0 septembre, de nombreux bars et restaurants proposent des spectacles et de la musique. Il y en a vraiment pour tous les go\u00fbts dans ce complexe propre et magnifiquement entretenu.<\/p>\n<p><\/p>\n<p>Licence Touristique: ESFCTU00000701300008182800000000000000000000ET2096ME6 <\/p>\n","protected":false},"excerpt":{"rendered":"<p>Casita Juanita est un appartement de deux chambres et de deux salles de bains, plus grand que la moyenne, situ\u00e9 au-dessus de Son Bou, dans le complexe Alta Mar. L&rsquo;h\u00e9bergement est organis\u00e9 sur un seul niveau.<\/p>\n<p>Depuis les portes-fen\u00eatres de la terrasse, vous entrez imm\u00e9diatement dans le grand salon, qui est meubl\u00e9 de canap\u00e9s, d&rsquo;une table basse et d&rsquo;un lecteur DVD. Cette pi\u00e8ce peut facilement accueillir un lit suppl\u00e9mentaire pour un enfant (un suppl\u00e9ment par semaine est applicable).<\/p>\n<p>De cette pi\u00e8ce, \u00e0 gauche, se trouve la cuisine avec four \u00e9lectrique, r\u00e9frig\u00e9rateur-cong\u00e9lateur, lave-linge, micro-ondes, cafeti\u00e8re et tous les ustensiles n\u00e9cessaires pour cuisiner.<\/p>\n<p>Depuis le salon, on acc\u00e8de \u00e0 une salle d&rsquo;eau dot\u00e9e d&rsquo;une grande douche \u00e0 l\u2019italienne. \u00c0 l&rsquo;autre extr\u00e9mit\u00e9 de l&rsquo;appartement, se trouvent une autre salle de bains (avec baignoire et douche), une chambre principale avec un lit King-size et une chambre avec deux lits simples. Les deux chambres sont climatis\u00e9es et disposent de grandes armoires.<\/p>\n<p>La grande terrasse est dot\u00e9e d&rsquo;un portail en fer forg\u00e9 \u00e0 l&rsquo;entr\u00e9e, de chaises longues et d&rsquo;une table et de chaises pour les repas en plein air. La vue sur la plage est vraiment superbe.<\/p>\n<p>Tous les appartements de ce complexe partagent une grande piscine avec un bassin peu profond pour les enfants. Veuillez noter que cette installation n&rsquo;est pas imm\u00e9diatement adjacente \u00e0 l&rsquo;appartement, mais qu&rsquo;elle se trouve \u00e0 une courte distance de marche.<\/p>\n<p>Il y a un certain nombre de marches menant \u00e0 l&rsquo;entr\u00e9e de l&rsquo;appartement depuis la route principale et le parking, et les personnes ayant des probl\u00e8mes de mobilit\u00e9 doivent en tenir compte. L&rsquo;h\u00e9bergement est situ\u00e9 sur la colline qui s&rsquo;\u00e9l\u00e8ve depuis le littoral. En raison de la mont\u00e9e, il est fortement recommand\u00e9 de louer une voiture.<\/p>\n<p>Les serviettes de piscine et le s\u00e8che-cheveux sont fournis.<\/p>\n<p><strong>Situation et distances<\/strong><\/p>\n<p>A\u00e9roport 25min en voiture ; plage 15min \u00e0 pied ; supermarch\u00e9 15min \u00e0 pied ; magasins, restaurants et bars 1 min \u00e0 pied<\/p>\n<p>Location de voiture recommand\u00e9<\/p>\n<p><\/p>\n<p><strong>R\u00e9gion :&nbsp;<\/strong><\/p>\n<p>Cet appartement de deux chambres est situ\u00e9 dans le complexe populaire Alta Mar (Block B). Il donne sur la station baln\u00e9aire de Son Bou.<\/p>\n<p>Pour beaucoup, la plage immacul\u00e9e est la principale attraction de Son Bou, la plus longue de l&rsquo;\u00eele, avec plusieurs bars, restaurants et des installations pour louer des chaises longues, des parasols, des p\u00e9dalos et des cano\u00ebs. Le Club San Jaime, \u00e9galement situ\u00e9 dans la station, dispose de nombreux \u00e9quipements, dont une grande piscine, des toboggans aquatiques et un restaurant. De plus, de juin \u00e0 septembre, de nombreux bars et restaurants proposent des spectacles et de la musique. Il y en a vraiment pour tous les go\u00fbts dans ce complexe propre et magnifiquement entretenu.<\/p>\n<p><\/p>\n<p>Licence Touristique: ESFCTU00000701300008182800000000000000000000ET2096ME6 <\/p>\n","protected":false},"featured_media":100175,"template":"","meta":{"_acf_changed":false},"product_brand":[],"product_cat":[15],"product_tag":[],"amenities":[315,129,311,312,313,318,316,153],"class_list":{"0":"post-44033","1":"product","2":"type-product","3":"status-publish","4":"has-post-thumbnail","6":"product_cat-sin-categorizar","7":"amenities-ac","8":"amenities-bbq","9":"amenities-iptv","10":"amenities-lounge-dining-room","11":"amenities-pool","12":"amenities-sea-view","13":"amenities-terrace","14":"amenities-wifi","16":"first","17":"instock","18":"shipping-taxable","19":"purchasable","20":"product-type-simple"},"acf":[],"yoast_head":"<!-- This site is optimized with the Yoast SEO Premium plugin v26.7 (Yoast SEO v26.7) - https:\/\/yoast.com\/wordpress\/plugins\/seo\/ -->\n<title>Casa Juanita | Menorca Villas<\/title>\n<meta name=\"robots\" content=\"index, follow, max-snippet:-1, max-image-preview:large, max-video-preview:-1\" \/>\n<link rel=\"canonical\" href=\"https:\/\/menorcavillas.co.uk\/fr\/villas-menorca\/casa-juanita-2\/\" \/>\n<meta property=\"og:locale\" content=\"fr_FR\" \/>\n<meta property=\"og:type\" content=\"article\" \/>\n<meta property=\"og:title\" content=\"Casa Juanita\" \/>\n<meta property=\"og:description\" content=\"Casita Juanita est un appartement de deux chambres et de deux salles de bains, plus grand que la moyenne, situ\u00e9 au-dessus de Son Bou, dans le complexe Alta Mar. L&#039;h\u00e9bergement est organis\u00e9 sur un seul niveau.Depuis les portes-fen\u00eatres de la terrasse, vous entrez imm\u00e9diatement dans le grand salon, qui est meubl\u00e9 de canap\u00e9s, d&#039;une table basse et d&#039;un lecteur DVD. Cette pi\u00e8ce peut facilement accueillir un lit suppl\u00e9mentaire pour un enfant (un suppl\u00e9ment par semaine est applicable).De cette pi\u00e8ce, \u00e0 gauche, se trouve la cuisine avec four \u00e9lectrique, r\u00e9frig\u00e9rateur-cong\u00e9lateur, lave-linge, micro-ondes, cafeti\u00e8re et tous les ustensiles n\u00e9cessaires pour cuisiner.Depuis le salon, on acc\u00e8de \u00e0 une salle d&#039;eau dot\u00e9e d&#039;une grande douche \u00e0 l\u2019italienne. \u00c0 l&#039;autre extr\u00e9mit\u00e9 de l&#039;appartement, se trouvent une autre salle de bains (avec baignoire et douche), une chambre principale avec un lit King-size et une chambre avec deux lits simples. Les deux chambres sont climatis\u00e9es et disposent de grandes armoires.La grande terrasse est dot\u00e9e d&#039;un portail en fer forg\u00e9 \u00e0 l&#039;entr\u00e9e, de chaises longues et d&#039;une table et de chaises pour les repas en plein air. La vue sur la plage est vraiment superbe.Tous les appartements de ce complexe partagent une grande piscine avec un bassin peu profond pour les enfants. Veuillez noter que cette installation n&#039;est pas imm\u00e9diatement adjacente \u00e0 l&#039;appartement, mais qu&#039;elle se trouve \u00e0 une courte distance de marche.Il y a un certain nombre de marches menant \u00e0 l&#039;entr\u00e9e de l&#039;appartement depuis la route principale et le parking, et les personnes ayant des probl\u00e8mes de mobilit\u00e9 doivent en tenir compte. L&#039;h\u00e9bergement est situ\u00e9 sur la colline qui s&#039;\u00e9l\u00e8ve depuis le littoral. En raison de la mont\u00e9e, il est fortement recommand\u00e9 de louer une voiture.Les serviettes de piscine et le s\u00e8che-cheveux sont fournis.Situation et distancesA\u00e9roport 25min en voiture ; plage 15min \u00e0 pied ; supermarch\u00e9 15min \u00e0 pied ; magasins, restaurants et bars 1 min \u00e0 piedLocation de voiture recommand\u00e9R\u00e9gion :&nbsp;Cet appartement de deux chambres est situ\u00e9 dans le complexe populaire Alta Mar (Block B). Il donne sur la station baln\u00e9aire de Son Bou.Pour beaucoup, la plage immacul\u00e9e est la principale attraction de Son Bou, la plus longue de l&#039;\u00eele, avec plusieurs bars, restaurants et des installations pour louer des chaises longues, des parasols, des p\u00e9dalos et des cano\u00ebs. Le Club San Jaime, \u00e9galement situ\u00e9 dans la station, dispose de nombreux \u00e9quipements, dont une grande piscine, des toboggans aquatiques et un restaurant. De plus, de juin \u00e0 septembre, de nombreux bars et restaurants proposent des spectacles et de la musique. Il y en a vraiment pour tous les go\u00fbts dans ce complexe propre et magnifiquement entretenu.Licence Touristique: ESFCTU00000701300008182800000000000000000000ET2096ME6\" \/>\n<meta property=\"og:url\" content=\"https:\/\/menorcavillas.co.uk\/fr\/villas-menorca\/casa-juanita-2\/\" \/>\n<meta property=\"og:site_name\" content=\"Menorca Villas\" \/>\n<meta property=\"article:publisher\" content=\"https:\/\/www.facebook.com\/menorcavillasmenorca\/\" \/>\n<meta property=\"article:modified_time\" content=\"2026-03-24T09:24:14+00:00\" \/>\n<meta property=\"og:image\" content=\"https:\/\/menorcavillas.co.uk\/wp-content\/uploads\/2026\/01\/properties2FVUG5c5R3bTJIjtXnq011-1732028068806-1-4.jpeg\" \/>\n\t<meta property=\"og:image:width\" content=\"1920\" \/>\n\t<meta property=\"og:image:height\" content=\"1440\" \/>\n\t<meta property=\"og:image:type\" content=\"image\/jpeg\" \/>\n<meta name=\"twitter:card\" content=\"summary_large_image\" \/>\n<meta name=\"twitter:label1\" content=\"Dur\u00e9e de lecture estim\u00e9e\" \/>\n\t<meta name=\"twitter:data1\" content=\"2 minutes\" \/>\n<script type=\"application\/ld+json\" class=\"yoast-schema-graph\">{\"@context\":\"https:\/\/schema.org\",\"@graph\":[{\"@type\":\"WebPage\",\"@id\":\"https:\/\/menorcavillas.co.uk\/fr\/villas-menorca\/casa-juanita-2\/\",\"url\":\"https:\/\/menorcavillas.co.uk\/fr\/villas-menorca\/casa-juanita-2\/\",\"name\":\"Casa Juanita | Menorca Villas\",\"isPartOf\":{\"@id\":\"https:\/\/menorcavillas.co.uk\/fr\/#website\"},\"primaryImageOfPage\":{\"@id\":\"https:\/\/menorcavillas.co.uk\/fr\/villas-menorca\/casa-juanita-2\/#primaryimage\"},\"image\":{\"@id\":\"https:\/\/menorcavillas.co.uk\/fr\/villas-menorca\/casa-juanita-2\/#primaryimage\"},\"thumbnailUrl\":\"https:\/\/menorcavillas.co.uk\/wp-content\/uploads\/2026\/01\/properties2FVUG5c5R3bTJIjtXnq011-1732028068806-1-4.jpeg\",\"datePublished\":\"2026-01-16T17:06:31+00:00\",\"dateModified\":\"2026-03-24T09:24:14+00:00\",\"breadcrumb\":{\"@id\":\"https:\/\/menorcavillas.co.uk\/fr\/villas-menorca\/casa-juanita-2\/#breadcrumb\"},\"inLanguage\":\"fr-FR\",\"potentialAction\":[{\"@type\":\"ReadAction\",\"target\":[\"https:\/\/menorcavillas.co.uk\/fr\/villas-menorca\/casa-juanita-2\/\"]}]},{\"@type\":\"ImageObject\",\"inLanguage\":\"fr-FR\",\"@id\":\"https:\/\/menorcavillas.co.uk\/fr\/villas-menorca\/casa-juanita-2\/#primaryimage\",\"url\":\"https:\/\/menorcavillas.co.uk\/wp-content\/uploads\/2026\/01\/properties2FVUG5c5R3bTJIjtXnq011-1732028068806-1-4.jpeg\",\"contentUrl\":\"https:\/\/menorcavillas.co.uk\/wp-content\/uploads\/2026\/01\/properties2FVUG5c5R3bTJIjtXnq011-1732028068806-1-4.jpeg\",\"width\":1920,\"height\":1440},{\"@type\":\"BreadcrumbList\",\"@id\":\"https:\/\/menorcavillas.co.uk\/fr\/villas-menorca\/casa-juanita-2\/#breadcrumb\",\"itemListElement\":[{\"@type\":\"ListItem\",\"position\":1,\"name\":\"Menorca Villas\",\"item\":\"https:\/\/menorcavillas.co.uk\/fr\/\"},{\"@type\":\"ListItem\",\"position\":2,\"name\":\"Our Villas\",\"item\":\"https:\/\/menorcavillas.co.uk\/location-2\/\"},{\"@type\":\"ListItem\",\"position\":3,\"name\":\"Casa Juanita\"}]},{\"@type\":\"WebSite\",\"@id\":\"https:\/\/menorcavillas.co.uk\/fr\/#website\",\"url\":\"https:\/\/menorcavillas.co.uk\/fr\/\",\"name\":\"Menorca Villas\",\"description\":\"2020\",\"publisher\":{\"@id\":\"https:\/\/menorcavillas.co.uk\/fr\/#organization\"},\"potentialAction\":[{\"@type\":\"SearchAction\",\"target\":{\"@type\":\"EntryPoint\",\"urlTemplate\":\"https:\/\/menorcavillas.co.uk\/fr\/?s={search_term_string}\"},\"query-input\":{\"@type\":\"PropertyValueSpecification\",\"valueRequired\":true,\"valueName\":\"search_term_string\"}}],\"inLanguage\":\"fr-FR\"},{\"@type\":\"Organization\",\"@id\":\"https:\/\/menorcavillas.co.uk\/fr\/#organization\",\"name\":\"Menorca Villas\",\"url\":\"https:\/\/menorcavillas.co.uk\/fr\/\",\"logo\":{\"@type\":\"ImageObject\",\"inLanguage\":\"fr-FR\",\"@id\":\"https:\/\/menorcavillas.co.uk\/fr\/#\/schema\/logo\/image\/\",\"url\":\"\",\"contentUrl\":\"\",\"caption\":\"Menorca Villas\"},\"image\":{\"@id\":\"https:\/\/menorcavillas.co.uk\/fr\/#\/schema\/logo\/image\/\"},\"sameAs\":[\"https:\/\/www.facebook.com\/menorcavillasmenorca\/\"]}]}<\/script>\n<!-- \/ Yoast SEO Premium plugin. -->","yoast_head_json":{"title":"Casa Juanita | Menorca Villas","robots":{"index":"index","follow":"follow","max-snippet":"max-snippet:-1","max-image-preview":"max-image-preview:large","max-video-preview":"max-video-preview:-1"},"canonical":"https:\/\/menorcavillas.co.uk\/fr\/villas-menorca\/casa-juanita-2\/","og_locale":"fr_FR","og_type":"article","og_title":"Casa Juanita","og_description":"Casita Juanita est un appartement de deux chambres et de deux salles de bains, plus grand que la moyenne, situ\u00e9 au-dessus de Son Bou, dans le complexe Alta Mar. L'h\u00e9bergement est organis\u00e9 sur un seul niveau.Depuis les portes-fen\u00eatres de la terrasse, vous entrez imm\u00e9diatement dans le grand salon, qui est meubl\u00e9 de canap\u00e9s, d'une table basse et d'un lecteur DVD. Cette pi\u00e8ce peut facilement accueillir un lit suppl\u00e9mentaire pour un enfant (un suppl\u00e9ment par semaine est applicable).De cette pi\u00e8ce, \u00e0 gauche, se trouve la cuisine avec four \u00e9lectrique, r\u00e9frig\u00e9rateur-cong\u00e9lateur, lave-linge, micro-ondes, cafeti\u00e8re et tous les ustensiles n\u00e9cessaires pour cuisiner.Depuis le salon, on acc\u00e8de \u00e0 une salle d'eau dot\u00e9e d'une grande douche \u00e0 l\u2019italienne. \u00c0 l'autre extr\u00e9mit\u00e9 de l'appartement, se trouvent une autre salle de bains (avec baignoire et douche), une chambre principale avec un lit King-size et une chambre avec deux lits simples. Les deux chambres sont climatis\u00e9es et disposent de grandes armoires.La grande terrasse est dot\u00e9e d'un portail en fer forg\u00e9 \u00e0 l'entr\u00e9e, de chaises longues et d'une table et de chaises pour les repas en plein air. La vue sur la plage est vraiment superbe.Tous les appartements de ce complexe partagent une grande piscine avec un bassin peu profond pour les enfants. Veuillez noter que cette installation n'est pas imm\u00e9diatement adjacente \u00e0 l'appartement, mais qu'elle se trouve \u00e0 une courte distance de marche.Il y a un certain nombre de marches menant \u00e0 l'entr\u00e9e de l'appartement depuis la route principale et le parking, et les personnes ayant des probl\u00e8mes de mobilit\u00e9 doivent en tenir compte. L'h\u00e9bergement est situ\u00e9 sur la colline qui s'\u00e9l\u00e8ve depuis le littoral. En raison de la mont\u00e9e, il est fortement recommand\u00e9 de louer une voiture.Les serviettes de piscine et le s\u00e8che-cheveux sont fournis.Situation et distancesA\u00e9roport 25min en voiture ; plage 15min \u00e0 pied ; supermarch\u00e9 15min \u00e0 pied ; magasins, restaurants et bars 1 min \u00e0 piedLocation de voiture recommand\u00e9R\u00e9gion :&nbsp;Cet appartement de deux chambres est situ\u00e9 dans le complexe populaire Alta Mar (Block B). Il donne sur la station baln\u00e9aire de Son Bou.Pour beaucoup, la plage immacul\u00e9e est la principale attraction de Son Bou, la plus longue de l'\u00eele, avec plusieurs bars, restaurants et des installations pour louer des chaises longues, des parasols, des p\u00e9dalos et des cano\u00ebs. Le Club San Jaime, \u00e9galement situ\u00e9 dans la station, dispose de nombreux \u00e9quipements, dont une grande piscine, des toboggans aquatiques et un restaurant. De plus, de juin \u00e0 septembre, de nombreux bars et restaurants proposent des spectacles et de la musique. Il y en a vraiment pour tous les go\u00fbts dans ce complexe propre et magnifiquement entretenu.Licence Touristique: ESFCTU00000701300008182800000000000000000000ET2096ME6","og_url":"https:\/\/menorcavillas.co.uk\/fr\/villas-menorca\/casa-juanita-2\/","og_site_name":"Menorca Villas","article_publisher":"https:\/\/www.facebook.com\/menorcavillasmenorca\/","article_modified_time":"2026-03-24T09:24:14+00:00","og_image":[{"width":1920,"height":1440,"url":"https:\/\/menorcavillas.co.uk\/wp-content\/uploads\/2026\/01\/properties2FVUG5c5R3bTJIjtXnq011-1732028068806-1-4.jpeg","type":"image\/jpeg"}],"twitter_card":"summary_large_image","twitter_misc":{"Dur\u00e9e de lecture estim\u00e9e":"2 minutes"},"schema":{"@context":"https:\/\/schema.org","@graph":[{"@type":"WebPage","@id":"https:\/\/menorcavillas.co.uk\/fr\/villas-menorca\/casa-juanita-2\/","url":"https:\/\/menorcavillas.co.uk\/fr\/villas-menorca\/casa-juanita-2\/","name":"Casa Juanita | Menorca Villas","isPartOf":{"@id":"https:\/\/menorcavillas.co.uk\/fr\/#website"},"primaryImageOfPage":{"@id":"https:\/\/menorcavillas.co.uk\/fr\/villas-menorca\/casa-juanita-2\/#primaryimage"},"image":{"@id":"https:\/\/menorcavillas.co.uk\/fr\/villas-menorca\/casa-juanita-2\/#primaryimage"},"thumbnailUrl":"https:\/\/menorcavillas.co.uk\/wp-content\/uploads\/2026\/01\/properties2FVUG5c5R3bTJIjtXnq011-1732028068806-1-4.jpeg","datePublished":"2026-01-16T17:06:31+00:00","dateModified":"2026-03-24T09:24:14+00:00","breadcrumb":{"@id":"https:\/\/menorcavillas.co.uk\/fr\/villas-menorca\/casa-juanita-2\/#breadcrumb"},"inLanguage":"fr-FR","potentialAction":[{"@type":"ReadAction","target":["https:\/\/menorcavillas.co.uk\/fr\/villas-menorca\/casa-juanita-2\/"]}]},{"@type":"ImageObject","inLanguage":"fr-FR","@id":"https:\/\/menorcavillas.co.uk\/fr\/villas-menorca\/casa-juanita-2\/#primaryimage","url":"https:\/\/menorcavillas.co.uk\/wp-content\/uploads\/2026\/01\/properties2FVUG5c5R3bTJIjtXnq011-1732028068806-1-4.jpeg","contentUrl":"https:\/\/menorcavillas.co.uk\/wp-content\/uploads\/2026\/01\/properties2FVUG5c5R3bTJIjtXnq011-1732028068806-1-4.jpeg","width":1920,"height":1440},{"@type":"BreadcrumbList","@id":"https:\/\/menorcavillas.co.uk\/fr\/villas-menorca\/casa-juanita-2\/#breadcrumb","itemListElement":[{"@type":"ListItem","position":1,"name":"Menorca Villas","item":"https:\/\/menorcavillas.co.uk\/fr\/"},{"@type":"ListItem","position":2,"name":"Our Villas","item":"https:\/\/menorcavillas.co.uk\/location-2\/"},{"@type":"ListItem","position":3,"name":"Casa Juanita"}]},{"@type":"WebSite","@id":"https:\/\/menorcavillas.co.uk\/fr\/#website","url":"https:\/\/menorcavillas.co.uk\/fr\/","name":"Menorca Villas","description":"2020","publisher":{"@id":"https:\/\/menorcavillas.co.uk\/fr\/#organization"},"potentialAction":[{"@type":"SearchAction","target":{"@type":"EntryPoint","urlTemplate":"https:\/\/menorcavillas.co.uk\/fr\/?s={search_term_string}"},"query-input":{"@type":"PropertyValueSpecification","valueRequired":true,"valueName":"search_term_string"}}],"inLanguage":"fr-FR"},{"@type":"Organization","@id":"https:\/\/menorcavillas.co.uk\/fr\/#organization","name":"Menorca Villas","url":"https:\/\/menorcavillas.co.uk\/fr\/","logo":{"@type":"ImageObject","inLanguage":"fr-FR","@id":"https:\/\/menorcavillas.co.uk\/fr\/#\/schema\/logo\/image\/","url":"","contentUrl":"","caption":"Menorca Villas"},"image":{"@id":"https:\/\/menorcavillas.co.uk\/fr\/#\/schema\/logo\/image\/"},"sameAs":["https:\/\/www.facebook.com\/menorcavillasmenorca\/"]}]}},"_links":{"self":[{"href":"https:\/\/menorcavillas.co.uk\/fr\/wp-json\/wp\/v2\/product\/44033","targetHints":{"allow":["GET"]}}],"collection":[{"href":"https:\/\/menorcavillas.co.uk\/fr\/wp-json\/wp\/v2\/product"}],"about":[{"href":"https:\/\/menorcavillas.co.uk\/fr\/wp-json\/wp\/v2\/types\/product"}],"wp:featuredmedia":[{"embeddable":true,"href":"https:\/\/menorcavillas.co.uk\/fr\/wp-json\/wp\/v2\/media\/100175"}],"wp:attachment":[{"href":"https:\/\/menorcavillas.co.uk\/fr\/wp-json\/wp\/v2\/media?parent=44033"}],"wp:term":[{"taxonomy":"product_brand","embeddable":true,"href":"https:\/\/menorcavillas.co.uk\/fr\/wp-json\/wp\/v2\/product_brand?post=44033"},{"taxonomy":"product_cat","embeddable":true,"href":"https:\/\/menorcavillas.co.uk\/fr\/wp-json\/wp\/v2\/product_cat?post=44033"},{"taxonomy":"product_tag","embeddable":true,"href":"https:\/\/menorcavillas.co.uk\/fr\/wp-json\/wp\/v2\/product_tag?post=44033"},{"taxonomy":"amenities","embeddable":true,"href":"https:\/\/menorcavillas.co.uk\/fr\/wp-json\/wp\/v2\/amenities?post=44033"}],"curies":[{"name":"wp","href":"https:\/\/api.w.org\/{rel}","templated":true}]}}