{"id":44019,"date":"2026-01-16T18:06:27","date_gmt":"2026-01-16T17:06:27","guid":{"rendered":"https:\/\/menorcavillas.co.uk\/?post_type=product&#038;p=44019"},"modified":"2026-03-13T18:53:07","modified_gmt":"2026-03-13T17:53:07","slug":"casa-colina-2","status":"publish","type":"product","link":"https:\/\/menorcavillas.co.uk\/fr\/villas-menorca\/casa-colina-2\/","title":{"rendered":"Casa Colina"},"content":{"rendered":"<p>Une fois entr\u00e9 dans la villa on arrive \u00e0 un salon enti\u00e8rement \u00e9quip\u00e9 et meubl\u00e9, un \u00e9cran plat avec IPTV, lecteur DVD avec beaucoup de films, internet et un ventilateur.<\/p>\n<p><span style=\"color: rgb(30, 165, 149);\">Voir plus<\/span><\/p>\n<p>De l\u00e0 des portes ouvrent sur la terrasse et la piscine. La cuisine est enti\u00e8rement \u00e9quip\u00e9e elle aussi et le lave-linge se trouve dans le garage.<\/p>\n<p>Les 3 chambres sont compos\u00e9es d\u2019une chambre double avec salle de douche, armoires encastr\u00e9es et portes ouvrant sur la terrasse, et de 2 chambres doubles avec 2 lits simples chacunes. Ces 2 derni\u00e8res partagent une salle de bain et toutes les chambres ont un ventilateur.<\/p>\n<p>Dehors la piscine de 9x5m est entour\u00e9e d\u2019une terrasse pour prendre le soleil avec des transats. Il y a aussi un barbecue \u00e0 gaz et une table pour diner dehors sur la terrasse couverte, de laquelle on a une belle vue sur la campagne. Sur le chemin il y a suffisamment place pour 2 voitures, et il y aussi de la place dans le garage.<\/p>\n<p><\/p>\n<p><strong>Serviette de plage et de piscine:&nbsp;<\/strong>Inclues&nbsp;<strong>S\u00e8che cheveux:&nbsp;<\/strong>Inclu<\/p>\n<p><strong>Femme de m\u00e9nage:<\/strong>&nbsp;Disponible en extra 2\u20ac\/h, minimum de 2h<\/p>\n<p><strong>Babysitter:<\/strong>&nbsp;Disponible en extra payable au resort<\/p>\n<p><\/p>\n<p><strong>Situation et distances<\/strong><\/p>\n<p>A\u00e9roport 20 minutes. Plages 15 minutes \u00e0 pied. Boutiques 10 minutes \u00e0 pied.<\/p>\n<p>Restaurants 10 minutes \u00e0 pied<\/p>\n<p><\/p>\n<p><strong>Zone:<\/strong><\/p>\n<p><strong>Binibeca&nbsp;<\/strong>Binibeca est un village calme, idyllique de la c\u00f4te sud de Minorque, parfait pour ceux qui souhaitent s\u2019\u00e9chapper de l\u2019ambiance d\u2019endroits plus touristiques et plus peupl\u00e9s. Vous ne verrez aucun grattes ciel ou autre barre d\u2019h\u00f4tel ici!!<\/p>\n<p><\/p>\n<p><strong>Le plage:&nbsp;<\/strong>&nbsp;Une belle plage de sable fin et blanc avec une zone de pic nic ombrag\u00e9e et des toilettes publics. Un parking gratuit. Une crique entour\u00e9e de rochers, id\u00e9al pour faire du snorkeling. Le bar \u201cLos Bucaneros\u201d (ancienne maison de p\u00eacheurs) sert de petits plats, des snacks et des boissons fra\u00eeches. Secouristes. Location de kayak et de petits bateaux \u00e9lectriques depuis la plage. Chaises longues et parasol \u00e0 louer. Derri\u00e8re la plage, glaces, boissons, et cr\u00eapes. L\u2019endroit est pris\u00e9 des familles avec jeunes enfants, mais de par sa taille elle n\u2019est pas encombr\u00e9e pour autant.<\/p>\n<p><\/p>\n<p><em>Licence touristique: ET0532ME<\/em><\/p>\n<p><\/p>\n<p><\/p>\n","protected":false},"excerpt":{"rendered":"<p>Une fois entr\u00e9 dans la villa on arrive \u00e0 un salon enti\u00e8rement \u00e9quip\u00e9 et meubl\u00e9, un \u00e9cran plat avec IPTV, lecteur DVD avec beaucoup de films, internet et un ventilateur.<\/p>\n<p><span style=\"color: rgb(30, 165, 149);\">Voir plus<\/span><\/p>\n<p>De l\u00e0 des portes ouvrent sur la terrasse et la piscine. La cuisine est enti\u00e8rement \u00e9quip\u00e9e elle aussi et le lave-linge se trouve dans le garage.<\/p>\n<p>Les 3 chambres sont compos\u00e9es d\u2019une chambre double avec salle de douche, armoires encastr\u00e9es et portes ouvrant sur la terrasse, et de 2 chambres doubles avec 2 lits simples chacunes. Ces 2 derni\u00e8res partagent une salle de bain et toutes les chambres ont un ventilateur.<\/p>\n<p>Dehors la piscine de 9x5m est entour\u00e9e d\u2019une terrasse pour prendre le soleil avec des transats. Il y a aussi un barbecue \u00e0 gaz et une table pour diner dehors sur la terrasse couverte, de laquelle on a une belle vue sur la campagne. Sur le chemin il y a suffisamment place pour 2 voitures, et il y aussi de la place dans le garage.<\/p>\n<p><\/p>\n<p><strong>Serviette de plage et de piscine:&nbsp;<\/strong>Inclues&nbsp;<strong>S\u00e8che cheveux:&nbsp;<\/strong>Inclu<\/p>\n<p><strong>Femme de m\u00e9nage:<\/strong>&nbsp;Disponible en extra 2\u20ac\/h, minimum de 2h<\/p>\n<p><strong>Babysitter:<\/strong>&nbsp;Disponible en extra payable au resort<\/p>\n<p><\/p>\n<p><strong>Situation et distances<\/strong><\/p>\n<p>A\u00e9roport 20 minutes. Plages 15 minutes \u00e0 pied. Boutiques 10 minutes \u00e0 pied.<\/p>\n<p>Restaurants 10 minutes \u00e0 pied<\/p>\n<p><\/p>\n<p><strong>Zone:<\/strong><\/p>\n<p><strong>Binibeca&nbsp;<\/strong>Binibeca est un village calme, idyllique de la c\u00f4te sud de Minorque, parfait pour ceux qui souhaitent s\u2019\u00e9chapper de l\u2019ambiance d\u2019endroits plus touristiques et plus peupl\u00e9s. Vous ne verrez aucun grattes ciel ou autre barre d\u2019h\u00f4tel ici!!<\/p>\n<p><\/p>\n<p><strong>Le plage:&nbsp;<\/strong>&nbsp;Une belle plage de sable fin et blanc avec une zone de pic nic ombrag\u00e9e et des toilettes publics. Un parking gratuit. Une crique entour\u00e9e de rochers, id\u00e9al pour faire du snorkeling. Le bar \u201cLos Bucaneros\u201d (ancienne maison de p\u00eacheurs) sert de petits plats, des snacks et des boissons fra\u00eeches. Secouristes. Location de kayak et de petits bateaux \u00e9lectriques depuis la plage. Chaises longues et parasol \u00e0 louer. Derri\u00e8re la plage, glaces, boissons, et cr\u00eapes. L\u2019endroit est pris\u00e9 des familles avec jeunes enfants, mais de par sa taille elle n\u2019est pas encombr\u00e9e pour autant.<\/p>\n<p><\/p>\n<p><em>Licence touristique: ET0532ME<\/em><\/p>\n<p><\/p>\n<p><\/p>\n","protected":false},"featured_media":91723,"template":"","meta":{"_acf_changed":false},"product_brand":[],"product_cat":[336,361,15],"product_tag":[],"amenities":[315,129,254,314,311,312,313,316,153,276],"class_list":{"0":"post-44019","1":"product","2":"type-product","3":"status-publish","4":"has-post-thumbnail","6":"product_cat-binibequer-nou","7":"product_cat-binibequer-nou-fr","8":"product_cat-sin-categorizar","9":"amenities-ac","10":"amenities-bbq","11":"amenities-bbq-fr","12":"amenities-garage","13":"amenities-iptv","14":"amenities-lounge-dining-room","15":"amenities-pool","16":"amenities-terrace","17":"amenities-wifi","18":"amenities-wifi-fr","20":"first","21":"instock","22":"shipping-taxable","23":"purchasable","24":"product-type-simple"},"acf":[],"yoast_head":"<!-- This site is optimized with the Yoast SEO Premium plugin v26.7 (Yoast SEO v26.7) - https:\/\/yoast.com\/wordpress\/plugins\/seo\/ -->\n<title>Casa Colina | Menorca Villas<\/title>\n<meta name=\"robots\" content=\"index, follow, max-snippet:-1, max-image-preview:large, max-video-preview:-1\" \/>\n<link rel=\"canonical\" href=\"https:\/\/menorcavillas.co.uk\/fr\/villas-menorca\/casa-colina-2\/\" \/>\n<meta property=\"og:locale\" content=\"fr_FR\" \/>\n<meta property=\"og:type\" content=\"article\" \/>\n<meta property=\"og:title\" content=\"Casa Colina\" \/>\n<meta property=\"og:description\" content=\"Une fois entr\u00e9 dans la villa on arrive \u00e0 un salon enti\u00e8rement \u00e9quip\u00e9 et meubl\u00e9, un \u00e9cran plat avec IPTV, lecteur DVD avec beaucoup de films, internet et un ventilateur.Voir plusDe l\u00e0 des portes ouvrent sur la terrasse et la piscine. La cuisine est enti\u00e8rement \u00e9quip\u00e9e elle aussi et le lave-linge se trouve dans le garage.Les 3 chambres sont compos\u00e9es d\u2019une chambre double avec salle de douche, armoires encastr\u00e9es et portes ouvrant sur la terrasse, et de 2 chambres doubles avec 2 lits simples chacunes. Ces 2 derni\u00e8res partagent une salle de bain et toutes les chambres ont un ventilateur.Dehors la piscine de 9x5m est entour\u00e9e d\u2019une terrasse pour prendre le soleil avec des transats. Il y a aussi un barbecue \u00e0 gaz et une table pour diner dehors sur la terrasse couverte, de laquelle on a une belle vue sur la campagne. Sur le chemin il y a suffisamment place pour 2 voitures, et il y aussi de la place dans le garage.Serviette de plage et de piscine:&nbsp;Inclues&nbsp;S\u00e8che cheveux:&nbsp;IncluFemme de m\u00e9nage:&nbsp;Disponible en extra 2\u20ac\/h, minimum de 2hBabysitter:&nbsp;Disponible en extra payable au resortSituation et distancesA\u00e9roport 20 minutes. Plages 15 minutes \u00e0 pied. Boutiques 10 minutes \u00e0 pied.Restaurants 10 minutes \u00e0 piedZone:Binibeca&nbsp;Binibeca est un village calme, idyllique de la c\u00f4te sud de Minorque, parfait pour ceux qui souhaitent s\u2019\u00e9chapper de l\u2019ambiance d\u2019endroits plus touristiques et plus peupl\u00e9s. Vous ne verrez aucun grattes ciel ou autre barre d\u2019h\u00f4tel ici!!Le plage:&nbsp;&nbsp;Une belle plage de sable fin et blanc avec une zone de pic nic ombrag\u00e9e et des toilettes publics. Un parking gratuit. Une crique entour\u00e9e de rochers, id\u00e9al pour faire du snorkeling. Le bar \u201cLos Bucaneros\u201d (ancienne maison de p\u00eacheurs) sert de petits plats, des snacks et des boissons fra\u00eeches. Secouristes. Location de kayak et de petits bateaux \u00e9lectriques depuis la plage. Chaises longues et parasol \u00e0 louer. Derri\u00e8re la plage, glaces, boissons, et cr\u00eapes. L\u2019endroit est pris\u00e9 des familles avec jeunes enfants, mais de par sa taille elle n\u2019est pas encombr\u00e9e pour autant.Licence touristique: ET0532ME\" \/>\n<meta property=\"og:url\" content=\"https:\/\/menorcavillas.co.uk\/fr\/villas-menorca\/casa-colina-2\/\" \/>\n<meta property=\"og:site_name\" content=\"Menorca Villas\" \/>\n<meta property=\"article:publisher\" content=\"https:\/\/www.facebook.com\/menorcavillasmenorca\/\" \/>\n<meta property=\"article:modified_time\" content=\"2026-03-13T17:53:07+00:00\" \/>\n<meta property=\"og:image\" content=\"https:\/\/menorcavillas.co.uk\/wp-content\/uploads\/2026\/01\/properties2FVEPew5X1EYX7Z0XnDsxu-1735828987450-1-1.jpeg\" \/>\n\t<meta property=\"og:image:width\" content=\"1920\" \/>\n\t<meta property=\"og:image:height\" content=\"1440\" \/>\n\t<meta property=\"og:image:type\" content=\"image\/jpeg\" \/>\n<meta name=\"twitter:card\" content=\"summary_large_image\" \/>\n<meta name=\"twitter:label1\" content=\"Dur\u00e9e de lecture estim\u00e9e\" \/>\n\t<meta name=\"twitter:data1\" content=\"2 minutes\" \/>\n<script type=\"application\/ld+json\" class=\"yoast-schema-graph\">{\"@context\":\"https:\/\/schema.org\",\"@graph\":[{\"@type\":\"WebPage\",\"@id\":\"https:\/\/menorcavillas.co.uk\/fr\/villas-menorca\/casa-colina-2\/\",\"url\":\"https:\/\/menorcavillas.co.uk\/fr\/villas-menorca\/casa-colina-2\/\",\"name\":\"Casa Colina | Menorca Villas\",\"isPartOf\":{\"@id\":\"https:\/\/menorcavillas.co.uk\/fr\/#website\"},\"primaryImageOfPage\":{\"@id\":\"https:\/\/menorcavillas.co.uk\/fr\/villas-menorca\/casa-colina-2\/#primaryimage\"},\"image\":{\"@id\":\"https:\/\/menorcavillas.co.uk\/fr\/villas-menorca\/casa-colina-2\/#primaryimage\"},\"thumbnailUrl\":\"https:\/\/menorcavillas.co.uk\/wp-content\/uploads\/2026\/01\/properties2FVEPew5X1EYX7Z0XnDsxu-1735828987450-1-1.jpeg\",\"datePublished\":\"2026-01-16T17:06:27+00:00\",\"dateModified\":\"2026-03-13T17:53:07+00:00\",\"breadcrumb\":{\"@id\":\"https:\/\/menorcavillas.co.uk\/fr\/villas-menorca\/casa-colina-2\/#breadcrumb\"},\"inLanguage\":\"fr-FR\",\"potentialAction\":[{\"@type\":\"ReadAction\",\"target\":[\"https:\/\/menorcavillas.co.uk\/fr\/villas-menorca\/casa-colina-2\/\"]}]},{\"@type\":\"ImageObject\",\"inLanguage\":\"fr-FR\",\"@id\":\"https:\/\/menorcavillas.co.uk\/fr\/villas-menorca\/casa-colina-2\/#primaryimage\",\"url\":\"https:\/\/menorcavillas.co.uk\/wp-content\/uploads\/2026\/01\/properties2FVEPew5X1EYX7Z0XnDsxu-1735828987450-1-1.jpeg\",\"contentUrl\":\"https:\/\/menorcavillas.co.uk\/wp-content\/uploads\/2026\/01\/properties2FVEPew5X1EYX7Z0XnDsxu-1735828987450-1-1.jpeg\",\"width\":1920,\"height\":1440},{\"@type\":\"BreadcrumbList\",\"@id\":\"https:\/\/menorcavillas.co.uk\/fr\/villas-menorca\/casa-colina-2\/#breadcrumb\",\"itemListElement\":[{\"@type\":\"ListItem\",\"position\":1,\"name\":\"Menorca Villas\",\"item\":\"https:\/\/menorcavillas.co.uk\/fr\/\"},{\"@type\":\"ListItem\",\"position\":2,\"name\":\"Our Villas\",\"item\":\"https:\/\/menorcavillas.co.uk\/location-2\/\"},{\"@type\":\"ListItem\",\"position\":3,\"name\":\"Casa Colina\"}]},{\"@type\":\"WebSite\",\"@id\":\"https:\/\/menorcavillas.co.uk\/fr\/#website\",\"url\":\"https:\/\/menorcavillas.co.uk\/fr\/\",\"name\":\"Menorca Villas\",\"description\":\"2020\",\"publisher\":{\"@id\":\"https:\/\/menorcavillas.co.uk\/fr\/#organization\"},\"potentialAction\":[{\"@type\":\"SearchAction\",\"target\":{\"@type\":\"EntryPoint\",\"urlTemplate\":\"https:\/\/menorcavillas.co.uk\/fr\/?s={search_term_string}\"},\"query-input\":{\"@type\":\"PropertyValueSpecification\",\"valueRequired\":true,\"valueName\":\"search_term_string\"}}],\"inLanguage\":\"fr-FR\"},{\"@type\":\"Organization\",\"@id\":\"https:\/\/menorcavillas.co.uk\/fr\/#organization\",\"name\":\"Menorca Villas\",\"url\":\"https:\/\/menorcavillas.co.uk\/fr\/\",\"logo\":{\"@type\":\"ImageObject\",\"inLanguage\":\"fr-FR\",\"@id\":\"https:\/\/menorcavillas.co.uk\/fr\/#\/schema\/logo\/image\/\",\"url\":\"\",\"contentUrl\":\"\",\"caption\":\"Menorca Villas\"},\"image\":{\"@id\":\"https:\/\/menorcavillas.co.uk\/fr\/#\/schema\/logo\/image\/\"},\"sameAs\":[\"https:\/\/www.facebook.com\/menorcavillasmenorca\/\"]}]}<\/script>\n<!-- \/ Yoast SEO Premium plugin. -->","yoast_head_json":{"title":"Casa Colina | Menorca Villas","robots":{"index":"index","follow":"follow","max-snippet":"max-snippet:-1","max-image-preview":"max-image-preview:large","max-video-preview":"max-video-preview:-1"},"canonical":"https:\/\/menorcavillas.co.uk\/fr\/villas-menorca\/casa-colina-2\/","og_locale":"fr_FR","og_type":"article","og_title":"Casa Colina","og_description":"Une fois entr\u00e9 dans la villa on arrive \u00e0 un salon enti\u00e8rement \u00e9quip\u00e9 et meubl\u00e9, un \u00e9cran plat avec IPTV, lecteur DVD avec beaucoup de films, internet et un ventilateur.Voir plusDe l\u00e0 des portes ouvrent sur la terrasse et la piscine. La cuisine est enti\u00e8rement \u00e9quip\u00e9e elle aussi et le lave-linge se trouve dans le garage.Les 3 chambres sont compos\u00e9es d\u2019une chambre double avec salle de douche, armoires encastr\u00e9es et portes ouvrant sur la terrasse, et de 2 chambres doubles avec 2 lits simples chacunes. Ces 2 derni\u00e8res partagent une salle de bain et toutes les chambres ont un ventilateur.Dehors la piscine de 9x5m est entour\u00e9e d\u2019une terrasse pour prendre le soleil avec des transats. Il y a aussi un barbecue \u00e0 gaz et une table pour diner dehors sur la terrasse couverte, de laquelle on a une belle vue sur la campagne. Sur le chemin il y a suffisamment place pour 2 voitures, et il y aussi de la place dans le garage.Serviette de plage et de piscine:&nbsp;Inclues&nbsp;S\u00e8che cheveux:&nbsp;IncluFemme de m\u00e9nage:&nbsp;Disponible en extra 2\u20ac\/h, minimum de 2hBabysitter:&nbsp;Disponible en extra payable au resortSituation et distancesA\u00e9roport 20 minutes. Plages 15 minutes \u00e0 pied. Boutiques 10 minutes \u00e0 pied.Restaurants 10 minutes \u00e0 piedZone:Binibeca&nbsp;Binibeca est un village calme, idyllique de la c\u00f4te sud de Minorque, parfait pour ceux qui souhaitent s\u2019\u00e9chapper de l\u2019ambiance d\u2019endroits plus touristiques et plus peupl\u00e9s. Vous ne verrez aucun grattes ciel ou autre barre d\u2019h\u00f4tel ici!!Le plage:&nbsp;&nbsp;Une belle plage de sable fin et blanc avec une zone de pic nic ombrag\u00e9e et des toilettes publics. Un parking gratuit. Une crique entour\u00e9e de rochers, id\u00e9al pour faire du snorkeling. Le bar \u201cLos Bucaneros\u201d (ancienne maison de p\u00eacheurs) sert de petits plats, des snacks et des boissons fra\u00eeches. Secouristes. Location de kayak et de petits bateaux \u00e9lectriques depuis la plage. Chaises longues et parasol \u00e0 louer. Derri\u00e8re la plage, glaces, boissons, et cr\u00eapes. L\u2019endroit est pris\u00e9 des familles avec jeunes enfants, mais de par sa taille elle n\u2019est pas encombr\u00e9e pour autant.Licence touristique: ET0532ME","og_url":"https:\/\/menorcavillas.co.uk\/fr\/villas-menorca\/casa-colina-2\/","og_site_name":"Menorca Villas","article_publisher":"https:\/\/www.facebook.com\/menorcavillasmenorca\/","article_modified_time":"2026-03-13T17:53:07+00:00","og_image":[{"width":1920,"height":1440,"url":"https:\/\/menorcavillas.co.uk\/wp-content\/uploads\/2026\/01\/properties2FVEPew5X1EYX7Z0XnDsxu-1735828987450-1-1.jpeg","type":"image\/jpeg"}],"twitter_card":"summary_large_image","twitter_misc":{"Dur\u00e9e de lecture estim\u00e9e":"2 minutes"},"schema":{"@context":"https:\/\/schema.org","@graph":[{"@type":"WebPage","@id":"https:\/\/menorcavillas.co.uk\/fr\/villas-menorca\/casa-colina-2\/","url":"https:\/\/menorcavillas.co.uk\/fr\/villas-menorca\/casa-colina-2\/","name":"Casa Colina | Menorca Villas","isPartOf":{"@id":"https:\/\/menorcavillas.co.uk\/fr\/#website"},"primaryImageOfPage":{"@id":"https:\/\/menorcavillas.co.uk\/fr\/villas-menorca\/casa-colina-2\/#primaryimage"},"image":{"@id":"https:\/\/menorcavillas.co.uk\/fr\/villas-menorca\/casa-colina-2\/#primaryimage"},"thumbnailUrl":"https:\/\/menorcavillas.co.uk\/wp-content\/uploads\/2026\/01\/properties2FVEPew5X1EYX7Z0XnDsxu-1735828987450-1-1.jpeg","datePublished":"2026-01-16T17:06:27+00:00","dateModified":"2026-03-13T17:53:07+00:00","breadcrumb":{"@id":"https:\/\/menorcavillas.co.uk\/fr\/villas-menorca\/casa-colina-2\/#breadcrumb"},"inLanguage":"fr-FR","potentialAction":[{"@type":"ReadAction","target":["https:\/\/menorcavillas.co.uk\/fr\/villas-menorca\/casa-colina-2\/"]}]},{"@type":"ImageObject","inLanguage":"fr-FR","@id":"https:\/\/menorcavillas.co.uk\/fr\/villas-menorca\/casa-colina-2\/#primaryimage","url":"https:\/\/menorcavillas.co.uk\/wp-content\/uploads\/2026\/01\/properties2FVEPew5X1EYX7Z0XnDsxu-1735828987450-1-1.jpeg","contentUrl":"https:\/\/menorcavillas.co.uk\/wp-content\/uploads\/2026\/01\/properties2FVEPew5X1EYX7Z0XnDsxu-1735828987450-1-1.jpeg","width":1920,"height":1440},{"@type":"BreadcrumbList","@id":"https:\/\/menorcavillas.co.uk\/fr\/villas-menorca\/casa-colina-2\/#breadcrumb","itemListElement":[{"@type":"ListItem","position":1,"name":"Menorca Villas","item":"https:\/\/menorcavillas.co.uk\/fr\/"},{"@type":"ListItem","position":2,"name":"Our Villas","item":"https:\/\/menorcavillas.co.uk\/location-2\/"},{"@type":"ListItem","position":3,"name":"Casa Colina"}]},{"@type":"WebSite","@id":"https:\/\/menorcavillas.co.uk\/fr\/#website","url":"https:\/\/menorcavillas.co.uk\/fr\/","name":"Menorca Villas","description":"2020","publisher":{"@id":"https:\/\/menorcavillas.co.uk\/fr\/#organization"},"potentialAction":[{"@type":"SearchAction","target":{"@type":"EntryPoint","urlTemplate":"https:\/\/menorcavillas.co.uk\/fr\/?s={search_term_string}"},"query-input":{"@type":"PropertyValueSpecification","valueRequired":true,"valueName":"search_term_string"}}],"inLanguage":"fr-FR"},{"@type":"Organization","@id":"https:\/\/menorcavillas.co.uk\/fr\/#organization","name":"Menorca Villas","url":"https:\/\/menorcavillas.co.uk\/fr\/","logo":{"@type":"ImageObject","inLanguage":"fr-FR","@id":"https:\/\/menorcavillas.co.uk\/fr\/#\/schema\/logo\/image\/","url":"","contentUrl":"","caption":"Menorca Villas"},"image":{"@id":"https:\/\/menorcavillas.co.uk\/fr\/#\/schema\/logo\/image\/"},"sameAs":["https:\/\/www.facebook.com\/menorcavillasmenorca\/"]}]}},"_links":{"self":[{"href":"https:\/\/menorcavillas.co.uk\/fr\/wp-json\/wp\/v2\/product\/44019","targetHints":{"allow":["GET"]}}],"collection":[{"href":"https:\/\/menorcavillas.co.uk\/fr\/wp-json\/wp\/v2\/product"}],"about":[{"href":"https:\/\/menorcavillas.co.uk\/fr\/wp-json\/wp\/v2\/types\/product"}],"wp:featuredmedia":[{"embeddable":true,"href":"https:\/\/menorcavillas.co.uk\/fr\/wp-json\/wp\/v2\/media\/91723"}],"wp:attachment":[{"href":"https:\/\/menorcavillas.co.uk\/fr\/wp-json\/wp\/v2\/media?parent=44019"}],"wp:term":[{"taxonomy":"product_brand","embeddable":true,"href":"https:\/\/menorcavillas.co.uk\/fr\/wp-json\/wp\/v2\/product_brand?post=44019"},{"taxonomy":"product_cat","embeddable":true,"href":"https:\/\/menorcavillas.co.uk\/fr\/wp-json\/wp\/v2\/product_cat?post=44019"},{"taxonomy":"product_tag","embeddable":true,"href":"https:\/\/menorcavillas.co.uk\/fr\/wp-json\/wp\/v2\/product_tag?post=44019"},{"taxonomy":"amenities","embeddable":true,"href":"https:\/\/menorcavillas.co.uk\/fr\/wp-json\/wp\/v2\/amenities?post=44019"}],"curies":[{"name":"wp","href":"https:\/\/api.w.org\/{rel}","templated":true}]}}