{"id":100906,"date":"2026-03-23T10:37:04","date_gmt":"2026-03-23T09:37:04","guid":{"rendered":"https:\/\/menorcavillas.co.uk\/?post_type=product&#038;p=100906"},"modified":"2026-03-23T10:37:05","modified_gmt":"2026-03-23T09:37:05","slug":"es-jardi","status":"publish","type":"product","link":"https:\/\/menorcavillas.co.uk\/fr\/villas-menorca\/es-jardi\/","title":{"rendered":"Es Jardi"},"content":{"rendered":"<p>Es Jard\u00ed est une grande et \u00e9l\u00e9gante villa de style marocain qui se trouve sur un seul niveau et au milieu d\u2019un terrain de 8000m2 dans la campagne m\u00e9diterran\u00e9enne. On arrive \u00e0 la maison apr\u00e8s un chemin bord\u00e9 de lavande.<\/p>\n<p><\/p>\n<p><strong>Equipements ext\u00e9rieurs:<\/strong><\/p>\n<p>*&nbsp;&nbsp;une piscine avec une barri\u00e8re, une pataugeoire (la piscine peut \u00eatre chauff\u00e9e, en suppl\u00e9ment)<\/p>\n<p>* piste de paddle \u00e9clair\u00e9e<\/p>\n<p>* terrain de basket<\/p>\n<p>* terrain de jeu ensabl\u00e9<\/p>\n<p>* mini terrain de football, avec des buts \u00e0 taille r\u00e9elle<\/p>\n<p>* terrasse abrit\u00e9es, avec chaises longues confortables tout le long de la maison<\/p>\n<p>* barbecue de brique, avec zone partiellement ferm\u00e9e ext\u00e9rieure et table pour 10 personnes.<\/p>\n<p><\/p>\n<p><strong>La propri\u00e9t\u00e9 offre:<\/strong><\/p>\n<p>* Trois grandes chambres avec armoires encastr\u00e9es, air conditionn\u00e9, et salles de bain en suite. La chambre principale comprend un lit king size, et les deux autres ont ou deux lits simples, ou un lit superkingsize.<\/p>\n<p>* Le salon dispose de beaucoup d\u2019espace confortable pour s\u2019asseoir ou s\u2019allonger. Il y a une grande t\u00e9l\u00e9 de 42\u201d avec acc\u00e8s sky free et un lecteur DVD, et un acc\u00e8s wi-fi.<\/p>\n<p>* La cuisine est enti\u00e8rement \u00e9quip\u00e9e avec un double frigo am\u00e9ricain, un plan de travail en granit, un lave-vaisselle et un cellier. Il y a un comptoir qui donne sur l\u2019espace salle \u00e0 manger qui est sur un autre niveau et est entour\u00e9e de portes vitr\u00e9es coulissantes ouvertes sur la terrasse de la piscine, la zone de barbecue etc..<\/p>\n<p><\/p>\n<p><strong>H\u00e9bergement dans l\u2019annexe:<\/strong><\/p>\n<ol>\n<li>Une suite priv\u00e9e avec son entr\u00e9e s\u00e9par\u00e9e et air conditionn\u00e9. La chambre a des portes fen\u00eatres qui donnent directement sur la piscine. Il y a un lit superkingsize, une salle de bain en suite, une kitchenette et une mezzanine avec deux autres lits simples. Cette mezzanine surplombe la chambre principale et est accessible par un escalier \u00e9troit, elle n\u2019est de ce fait pas adapt\u00e9e pour des petits enfants ou des personnes \u00e2g\u00e9es.<\/li>\n<li>Une chambre double avec deux lits simples, sa salle de douche en suite et sa propre entr\u00e9e.<\/li>\n<li>Au fond de l\u2019annexe se trouve la buanderie avec la machine \u00e0 laver et un espace pour s\u00e9cher le linge.<\/li>\n<\/ol>\n<p><\/p>\n<p><strong>Serviette de plage et de piscine:&nbsp;<\/strong><\/p>\n<p>Inclues&nbsp;<strong>S\u00e8che cheveux:&nbsp;<\/strong>Inclu<\/p>\n<p><strong>Femme de m\u00e9nage:<\/strong>&nbsp;Disponible en extra 22\u20ac\/h, minimum de 2h<\/p>\n<p><strong>Babysitter:<\/strong>&nbsp;Disponible en extra payable au resort<\/p>\n<p><\/p>\n<p><strong>Situation et distances<\/strong><\/p>\n<p>A\u00e9roport 10 minutes, Plage 5 minutes, magasins, bars, restaurants 10 minutes \u00e0 pied<\/p>\n<p><\/p>\n<p><strong>Zone:<\/strong><\/p>\n<p>Es Jard\u00ed procure confort, qualit\u00e9, et tranquilit\u00e9, tout en \u00e9tant \u00e0 quelques pas des bars, restaurants, de la bodega de Binifadet (qui a son propre restaurant) du village de San Luis. Les plages de Binisafua, Binibeca et Punta Prima sont \u00e0 5 minutes en voiture.<\/p>\n<p>Villa Puerto<\/p>\n<p><\/p>\n<p><strong>Licence touristique: <\/strong><span style=\"background-color: rgb(247, 247, 247); color: rgb(17, 17, 17);\">ESFCTU00000701300004015300000000000000000000ET0649ME2<\/span><\/p>\n","protected":false},"excerpt":{"rendered":"<p>Es Jard\u00ed est une grande et \u00e9l\u00e9gante villa de style marocain qui se trouve sur un seul niveau et au milieu d\u2019un terrain de 8000m2 dans la campagne m\u00e9diterran\u00e9enne. On arrive \u00e0 la maison apr\u00e8s un chemin bord\u00e9 de lavande.<\/p>\n<p><\/p>\n<p><strong>Equipements ext\u00e9rieurs:<\/strong><\/p>\n<p>*&nbsp;&nbsp;une piscine avec une barri\u00e8re, une pataugeoire (la piscine peut \u00eatre chauff\u00e9e, en suppl\u00e9ment)<\/p>\n<p>* piste de paddle \u00e9clair\u00e9e<\/p>\n<p>* terrain de basket<\/p>\n<p>* terrain de jeu ensabl\u00e9<\/p>\n<p>* mini terrain de football, avec des buts \u00e0 taille r\u00e9elle<\/p>\n<p>* terrasse abrit\u00e9es, avec chaises longues confortables tout le long de la maison<\/p>\n<p>* barbecue de brique, avec zone partiellement ferm\u00e9e ext\u00e9rieure et table pour 10 personnes.<\/p>\n<p><\/p>\n<p><strong>La propri\u00e9t\u00e9 offre:<\/strong><\/p>\n<p>* Trois grandes chambres avec armoires encastr\u00e9es, air conditionn\u00e9, et salles de bain en suite. La chambre principale comprend un lit king size, et les deux autres ont ou deux lits simples, ou un lit superkingsize.<\/p>\n<p>* Le salon dispose de beaucoup d\u2019espace confortable pour s\u2019asseoir ou s\u2019allonger. Il y a une grande t\u00e9l\u00e9 de 42\u201d avec acc\u00e8s sky free et un lecteur DVD, et un acc\u00e8s wi-fi.<\/p>\n<p>* La cuisine est enti\u00e8rement \u00e9quip\u00e9e avec un double frigo am\u00e9ricain, un plan de travail en granit, un lave-vaisselle et un cellier. Il y a un comptoir qui donne sur l\u2019espace salle \u00e0 manger qui est sur un autre niveau et est entour\u00e9e de portes vitr\u00e9es coulissantes ouvertes sur la terrasse de la piscine, la zone de barbecue etc..<\/p>\n<p><\/p>\n<p><strong>H\u00e9bergement dans l\u2019annexe:<\/strong><\/p>\n<ol>\n<li>Une suite priv\u00e9e avec son entr\u00e9e s\u00e9par\u00e9e et air conditionn\u00e9. La chambre a des portes fen\u00eatres qui donnent directement sur la piscine. Il y a un lit superkingsize, une salle de bain en suite, une kitchenette et une mezzanine avec deux autres lits simples. Cette mezzanine surplombe la chambre principale et est accessible par un escalier \u00e9troit, elle n\u2019est de ce fait pas adapt\u00e9e pour des petits enfants ou des personnes \u00e2g\u00e9es.<\/li>\n<li>Une chambre double avec deux lits simples, sa salle de douche en suite et sa propre entr\u00e9e.<\/li>\n<li>Au fond de l\u2019annexe se trouve la buanderie avec la machine \u00e0 laver et un espace pour s\u00e9cher le linge.<\/li>\n<\/ol>\n<p><\/p>\n<p><strong>Serviette de plage et de piscine:&nbsp;<\/strong><\/p>\n<p>Inclues&nbsp;<strong>S\u00e8che cheveux:&nbsp;<\/strong>Inclu<\/p>\n<p><strong>Femme de m\u00e9nage:<\/strong>&nbsp;Disponible en extra 22\u20ac\/h, minimum de 2h<\/p>\n<p><strong>Babysitter:<\/strong>&nbsp;Disponible en extra payable au resort<\/p>\n<p><\/p>\n<p><strong>Situation et distances<\/strong><\/p>\n<p>A\u00e9roport 10 minutes, Plage 5 minutes, magasins, bars, restaurants 10 minutes \u00e0 pied<\/p>\n<p><\/p>\n<p><strong>Zone:<\/strong><\/p>\n<p>Es Jard\u00ed procure confort, qualit\u00e9, et tranquilit\u00e9, tout en \u00e9tant \u00e0 quelques pas des bars, restaurants, de la bodega de Binifadet (qui a son propre restaurant) du village de San Luis. Les plages de Binisafua, Binibeca et Punta Prima sont \u00e0 5 minutes en voiture.<\/p>\n<p>Villa Puerto<\/p>\n<p><\/p>\n<p><strong>Licence touristique: <\/strong><span style=\"background-color: rgb(247, 247, 247); color: rgb(17, 17, 17);\">ESFCTU00000701300004015300000000000000000000ET0649ME2<\/span><\/p>\n","protected":false},"featured_media":60298,"template":"","meta":{"_acf_changed":false},"product_brand":[],"product_cat":[296],"product_tag":[],"amenities":[315,129,314,311,312,155,313,316,153],"class_list":{"0":"post-100906","1":"product","2":"type-product","3":"status-publish","4":"has-post-thumbnail","6":"product_cat-es-castell-fr","7":"amenities-ac","8":"amenities-bbq","9":"amenities-garage","10":"amenities-iptv","11":"amenities-lounge-dining-room","12":"amenities-luxury-villa","13":"amenities-pool","14":"amenities-terrace","15":"amenities-wifi","17":"first","18":"instock","19":"shipping-taxable","20":"purchasable","21":"product-type-simple"},"acf":[],"yoast_head":"<!-- This site is optimized with the Yoast SEO Premium plugin v26.7 (Yoast SEO v26.7) - https:\/\/yoast.com\/wordpress\/plugins\/seo\/ -->\n<title>Es Jardi | Menorca Villas<\/title>\n<meta name=\"robots\" content=\"index, follow, max-snippet:-1, max-image-preview:large, max-video-preview:-1\" \/>\n<link rel=\"canonical\" href=\"https:\/\/menorcavillas.co.uk\/fr\/villas-menorca\/es-jardi\/\" \/>\n<meta property=\"og:locale\" content=\"fr_FR\" \/>\n<meta property=\"og:type\" content=\"article\" \/>\n<meta property=\"og:title\" content=\"Es Jardi\" \/>\n<meta property=\"og:description\" content=\"Es Jard\u00ed est une grande et \u00e9l\u00e9gante villa de style marocain qui se trouve sur un seul niveau et au milieu d\u2019un terrain de 8000m2 dans la campagne m\u00e9diterran\u00e9enne. On arrive \u00e0 la maison apr\u00e8s un chemin bord\u00e9 de lavande.Equipements ext\u00e9rieurs:*&nbsp;&nbsp;une piscine avec une barri\u00e8re, une pataugeoire (la piscine peut \u00eatre chauff\u00e9e, en suppl\u00e9ment)* piste de paddle \u00e9clair\u00e9e* terrain de basket* terrain de jeu ensabl\u00e9* mini terrain de football, avec des buts \u00e0 taille r\u00e9elle* terrasse abrit\u00e9es, avec chaises longues confortables tout le long de la maison* barbecue de brique, avec zone partiellement ferm\u00e9e ext\u00e9rieure et table pour 10 personnes.La propri\u00e9t\u00e9 offre:* Trois grandes chambres avec armoires encastr\u00e9es, air conditionn\u00e9, et salles de bain en suite. La chambre principale comprend un lit king size, et les deux autres ont ou deux lits simples, ou un lit superkingsize.* Le salon dispose de beaucoup d\u2019espace confortable pour s\u2019asseoir ou s\u2019allonger. Il y a une grande t\u00e9l\u00e9 de 42\u201d avec acc\u00e8s sky free et un lecteur DVD, et un acc\u00e8s wi-fi.* La cuisine est enti\u00e8rement \u00e9quip\u00e9e avec un double frigo am\u00e9ricain, un plan de travail en granit, un lave-vaisselle et un cellier. Il y a un comptoir qui donne sur l\u2019espace salle \u00e0 manger qui est sur un autre niveau et est entour\u00e9e de portes vitr\u00e9es coulissantes ouvertes sur la terrasse de la piscine, la zone de barbecue etc..H\u00e9bergement dans l\u2019annexe:Une suite priv\u00e9e avec son entr\u00e9e s\u00e9par\u00e9e et air conditionn\u00e9. La chambre a des portes fen\u00eatres qui donnent directement sur la piscine. Il y a un lit superkingsize, une salle de bain en suite, une kitchenette et une mezzanine avec deux autres lits simples. Cette mezzanine surplombe la chambre principale et est accessible par un escalier \u00e9troit, elle n\u2019est de ce fait pas adapt\u00e9e pour des petits enfants ou des personnes \u00e2g\u00e9es.Une chambre double avec deux lits simples, sa salle de douche en suite et sa propre entr\u00e9e.Au fond de l\u2019annexe se trouve la buanderie avec la machine \u00e0 laver et un espace pour s\u00e9cher le linge.Serviette de plage et de piscine:&nbsp;Inclues&nbsp;S\u00e8che cheveux:&nbsp;IncluFemme de m\u00e9nage:&nbsp;Disponible en extra 22\u20ac\/h, minimum de 2hBabysitter:&nbsp;Disponible en extra payable au resortSituation et distancesA\u00e9roport 10 minutes, Plage 5 minutes, magasins, bars, restaurants 10 minutes \u00e0 piedZone:Es Jard\u00ed procure confort, qualit\u00e9, et tranquilit\u00e9, tout en \u00e9tant \u00e0 quelques pas des bars, restaurants, de la bodega de Binifadet (qui a son propre restaurant) du village de San Luis. Les plages de Binisafua, Binibeca et Punta Prima sont \u00e0 5 minutes en voiture.Villa PuertoLicence touristique: ESFCTU00000701300004015300000000000000000000ET0649ME2\" \/>\n<meta property=\"og:url\" content=\"https:\/\/menorcavillas.co.uk\/fr\/villas-menorca\/es-jardi\/\" \/>\n<meta property=\"og:site_name\" content=\"Menorca Villas\" \/>\n<meta property=\"article:publisher\" content=\"https:\/\/www.facebook.com\/menorcavillasmenorca\/\" \/>\n<meta property=\"article:modified_time\" content=\"2026-03-23T09:37:05+00:00\" \/>\n<meta property=\"og:image\" content=\"https:\/\/menorcavillas.co.uk\/wp-content\/uploads\/2020\/02\/views-home.jpg\" \/>\n\t<meta property=\"og:image:width\" content=\"700\" \/>\n\t<meta property=\"og:image:height\" content=\"535\" \/>\n\t<meta property=\"og:image:type\" content=\"image\/jpeg\" \/>\n<meta name=\"twitter:card\" content=\"summary_large_image\" \/>\n<meta name=\"twitter:label1\" content=\"Dur\u00e9e de lecture estim\u00e9e\" \/>\n\t<meta name=\"twitter:data1\" content=\"2 minutes\" \/>\n<script type=\"application\/ld+json\" class=\"yoast-schema-graph\">{\"@context\":\"https:\/\/schema.org\",\"@graph\":[{\"@type\":\"WebPage\",\"@id\":\"https:\/\/menorcavillas.co.uk\/fr\/villas-menorca\/es-jardi\/\",\"url\":\"https:\/\/menorcavillas.co.uk\/fr\/villas-menorca\/es-jardi\/\",\"name\":\"Es Jardi | Menorca Villas\",\"isPartOf\":{\"@id\":\"https:\/\/menorcavillas.co.uk\/fr\/#website\"},\"primaryImageOfPage\":{\"@id\":\"https:\/\/menorcavillas.co.uk\/fr\/villas-menorca\/es-jardi\/#primaryimage\"},\"image\":{\"@id\":\"https:\/\/menorcavillas.co.uk\/fr\/villas-menorca\/es-jardi\/#primaryimage\"},\"thumbnailUrl\":\"https:\/\/menorcavillas.co.uk\/wp-content\/uploads\/2026\/01\/properties2FWmV8t4QUmO8kW6q9ZqoA-1744035641836-1.jpeg\",\"datePublished\":\"2026-03-23T09:37:04+00:00\",\"dateModified\":\"2026-03-23T09:37:05+00:00\",\"breadcrumb\":{\"@id\":\"https:\/\/menorcavillas.co.uk\/fr\/villas-menorca\/es-jardi\/#breadcrumb\"},\"inLanguage\":\"fr-FR\",\"potentialAction\":[{\"@type\":\"ReadAction\",\"target\":[\"https:\/\/menorcavillas.co.uk\/fr\/villas-menorca\/es-jardi\/\"]}]},{\"@type\":\"ImageObject\",\"inLanguage\":\"fr-FR\",\"@id\":\"https:\/\/menorcavillas.co.uk\/fr\/villas-menorca\/es-jardi\/#primaryimage\",\"url\":\"https:\/\/menorcavillas.co.uk\/wp-content\/uploads\/2026\/01\/properties2FWmV8t4QUmO8kW6q9ZqoA-1744035641836-1.jpeg\",\"contentUrl\":\"https:\/\/menorcavillas.co.uk\/wp-content\/uploads\/2026\/01\/properties2FWmV8t4QUmO8kW6q9ZqoA-1744035641836-1.jpeg\",\"width\":2560,\"height\":1707},{\"@type\":\"BreadcrumbList\",\"@id\":\"https:\/\/menorcavillas.co.uk\/fr\/villas-menorca\/es-jardi\/#breadcrumb\",\"itemListElement\":[{\"@type\":\"ListItem\",\"position\":1,\"name\":\"Menorca Villas\",\"item\":\"https:\/\/menorcavillas.co.uk\/fr\/\"},{\"@type\":\"ListItem\",\"position\":2,\"name\":\"Our Villas\",\"item\":\"https:\/\/menorcavillas.co.uk\/location-2\/\"},{\"@type\":\"ListItem\",\"position\":3,\"name\":\"Es Jardi\"}]},{\"@type\":\"WebSite\",\"@id\":\"https:\/\/menorcavillas.co.uk\/fr\/#website\",\"url\":\"https:\/\/menorcavillas.co.uk\/fr\/\",\"name\":\"Menorca Villas\",\"description\":\"2020\",\"publisher\":{\"@id\":\"https:\/\/menorcavillas.co.uk\/fr\/#organization\"},\"potentialAction\":[{\"@type\":\"SearchAction\",\"target\":{\"@type\":\"EntryPoint\",\"urlTemplate\":\"https:\/\/menorcavillas.co.uk\/fr\/?s={search_term_string}\"},\"query-input\":{\"@type\":\"PropertyValueSpecification\",\"valueRequired\":true,\"valueName\":\"search_term_string\"}}],\"inLanguage\":\"fr-FR\"},{\"@type\":\"Organization\",\"@id\":\"https:\/\/menorcavillas.co.uk\/fr\/#organization\",\"name\":\"Menorca Villas\",\"url\":\"https:\/\/menorcavillas.co.uk\/fr\/\",\"logo\":{\"@type\":\"ImageObject\",\"inLanguage\":\"fr-FR\",\"@id\":\"https:\/\/menorcavillas.co.uk\/fr\/#\/schema\/logo\/image\/\",\"url\":\"\",\"contentUrl\":\"\",\"caption\":\"Menorca Villas\"},\"image\":{\"@id\":\"https:\/\/menorcavillas.co.uk\/fr\/#\/schema\/logo\/image\/\"},\"sameAs\":[\"https:\/\/www.facebook.com\/menorcavillasmenorca\/\"]}]}<\/script>\n<!-- \/ Yoast SEO Premium plugin. -->","yoast_head_json":{"title":"Es Jardi | Menorca Villas","robots":{"index":"index","follow":"follow","max-snippet":"max-snippet:-1","max-image-preview":"max-image-preview:large","max-video-preview":"max-video-preview:-1"},"canonical":"https:\/\/menorcavillas.co.uk\/fr\/villas-menorca\/es-jardi\/","og_locale":"fr_FR","og_type":"article","og_title":"Es Jardi","og_description":"Es Jard\u00ed est une grande et \u00e9l\u00e9gante villa de style marocain qui se trouve sur un seul niveau et au milieu d\u2019un terrain de 8000m2 dans la campagne m\u00e9diterran\u00e9enne. On arrive \u00e0 la maison apr\u00e8s un chemin bord\u00e9 de lavande.Equipements ext\u00e9rieurs:*&nbsp;&nbsp;une piscine avec une barri\u00e8re, une pataugeoire (la piscine peut \u00eatre chauff\u00e9e, en suppl\u00e9ment)* piste de paddle \u00e9clair\u00e9e* terrain de basket* terrain de jeu ensabl\u00e9* mini terrain de football, avec des buts \u00e0 taille r\u00e9elle* terrasse abrit\u00e9es, avec chaises longues confortables tout le long de la maison* barbecue de brique, avec zone partiellement ferm\u00e9e ext\u00e9rieure et table pour 10 personnes.La propri\u00e9t\u00e9 offre:* Trois grandes chambres avec armoires encastr\u00e9es, air conditionn\u00e9, et salles de bain en suite. La chambre principale comprend un lit king size, et les deux autres ont ou deux lits simples, ou un lit superkingsize.* Le salon dispose de beaucoup d\u2019espace confortable pour s\u2019asseoir ou s\u2019allonger. Il y a une grande t\u00e9l\u00e9 de 42\u201d avec acc\u00e8s sky free et un lecteur DVD, et un acc\u00e8s wi-fi.* La cuisine est enti\u00e8rement \u00e9quip\u00e9e avec un double frigo am\u00e9ricain, un plan de travail en granit, un lave-vaisselle et un cellier. Il y a un comptoir qui donne sur l\u2019espace salle \u00e0 manger qui est sur un autre niveau et est entour\u00e9e de portes vitr\u00e9es coulissantes ouvertes sur la terrasse de la piscine, la zone de barbecue etc..H\u00e9bergement dans l\u2019annexe:Une suite priv\u00e9e avec son entr\u00e9e s\u00e9par\u00e9e et air conditionn\u00e9. La chambre a des portes fen\u00eatres qui donnent directement sur la piscine. Il y a un lit superkingsize, une salle de bain en suite, une kitchenette et une mezzanine avec deux autres lits simples. Cette mezzanine surplombe la chambre principale et est accessible par un escalier \u00e9troit, elle n\u2019est de ce fait pas adapt\u00e9e pour des petits enfants ou des personnes \u00e2g\u00e9es.Une chambre double avec deux lits simples, sa salle de douche en suite et sa propre entr\u00e9e.Au fond de l\u2019annexe se trouve la buanderie avec la machine \u00e0 laver et un espace pour s\u00e9cher le linge.Serviette de plage et de piscine:&nbsp;Inclues&nbsp;S\u00e8che cheveux:&nbsp;IncluFemme de m\u00e9nage:&nbsp;Disponible en extra 22\u20ac\/h, minimum de 2hBabysitter:&nbsp;Disponible en extra payable au resortSituation et distancesA\u00e9roport 10 minutes, Plage 5 minutes, magasins, bars, restaurants 10 minutes \u00e0 piedZone:Es Jard\u00ed procure confort, qualit\u00e9, et tranquilit\u00e9, tout en \u00e9tant \u00e0 quelques pas des bars, restaurants, de la bodega de Binifadet (qui a son propre restaurant) du village de San Luis. Les plages de Binisafua, Binibeca et Punta Prima sont \u00e0 5 minutes en voiture.Villa PuertoLicence touristique: ESFCTU00000701300004015300000000000000000000ET0649ME2","og_url":"https:\/\/menorcavillas.co.uk\/fr\/villas-menorca\/es-jardi\/","og_site_name":"Menorca Villas","article_publisher":"https:\/\/www.facebook.com\/menorcavillasmenorca\/","article_modified_time":"2026-03-23T09:37:05+00:00","og_image":[{"width":700,"height":535,"url":"https:\/\/menorcavillas.co.uk\/wp-content\/uploads\/2020\/02\/views-home.jpg","type":"image\/jpeg"}],"twitter_card":"summary_large_image","twitter_misc":{"Dur\u00e9e de lecture estim\u00e9e":"2 minutes"},"schema":{"@context":"https:\/\/schema.org","@graph":[{"@type":"WebPage","@id":"https:\/\/menorcavillas.co.uk\/fr\/villas-menorca\/es-jardi\/","url":"https:\/\/menorcavillas.co.uk\/fr\/villas-menorca\/es-jardi\/","name":"Es Jardi | Menorca Villas","isPartOf":{"@id":"https:\/\/menorcavillas.co.uk\/fr\/#website"},"primaryImageOfPage":{"@id":"https:\/\/menorcavillas.co.uk\/fr\/villas-menorca\/es-jardi\/#primaryimage"},"image":{"@id":"https:\/\/menorcavillas.co.uk\/fr\/villas-menorca\/es-jardi\/#primaryimage"},"thumbnailUrl":"https:\/\/menorcavillas.co.uk\/wp-content\/uploads\/2026\/01\/properties2FWmV8t4QUmO8kW6q9ZqoA-1744035641836-1.jpeg","datePublished":"2026-03-23T09:37:04+00:00","dateModified":"2026-03-23T09:37:05+00:00","breadcrumb":{"@id":"https:\/\/menorcavillas.co.uk\/fr\/villas-menorca\/es-jardi\/#breadcrumb"},"inLanguage":"fr-FR","potentialAction":[{"@type":"ReadAction","target":["https:\/\/menorcavillas.co.uk\/fr\/villas-menorca\/es-jardi\/"]}]},{"@type":"ImageObject","inLanguage":"fr-FR","@id":"https:\/\/menorcavillas.co.uk\/fr\/villas-menorca\/es-jardi\/#primaryimage","url":"https:\/\/menorcavillas.co.uk\/wp-content\/uploads\/2026\/01\/properties2FWmV8t4QUmO8kW6q9ZqoA-1744035641836-1.jpeg","contentUrl":"https:\/\/menorcavillas.co.uk\/wp-content\/uploads\/2026\/01\/properties2FWmV8t4QUmO8kW6q9ZqoA-1744035641836-1.jpeg","width":2560,"height":1707},{"@type":"BreadcrumbList","@id":"https:\/\/menorcavillas.co.uk\/fr\/villas-menorca\/es-jardi\/#breadcrumb","itemListElement":[{"@type":"ListItem","position":1,"name":"Menorca Villas","item":"https:\/\/menorcavillas.co.uk\/fr\/"},{"@type":"ListItem","position":2,"name":"Our Villas","item":"https:\/\/menorcavillas.co.uk\/location-2\/"},{"@type":"ListItem","position":3,"name":"Es Jardi"}]},{"@type":"WebSite","@id":"https:\/\/menorcavillas.co.uk\/fr\/#website","url":"https:\/\/menorcavillas.co.uk\/fr\/","name":"Menorca Villas","description":"2020","publisher":{"@id":"https:\/\/menorcavillas.co.uk\/fr\/#organization"},"potentialAction":[{"@type":"SearchAction","target":{"@type":"EntryPoint","urlTemplate":"https:\/\/menorcavillas.co.uk\/fr\/?s={search_term_string}"},"query-input":{"@type":"PropertyValueSpecification","valueRequired":true,"valueName":"search_term_string"}}],"inLanguage":"fr-FR"},{"@type":"Organization","@id":"https:\/\/menorcavillas.co.uk\/fr\/#organization","name":"Menorca Villas","url":"https:\/\/menorcavillas.co.uk\/fr\/","logo":{"@type":"ImageObject","inLanguage":"fr-FR","@id":"https:\/\/menorcavillas.co.uk\/fr\/#\/schema\/logo\/image\/","url":"","contentUrl":"","caption":"Menorca Villas"},"image":{"@id":"https:\/\/menorcavillas.co.uk\/fr\/#\/schema\/logo\/image\/"},"sameAs":["https:\/\/www.facebook.com\/menorcavillasmenorca\/"]}]}},"_links":{"self":[{"href":"https:\/\/menorcavillas.co.uk\/fr\/wp-json\/wp\/v2\/product\/100906","targetHints":{"allow":["GET"]}}],"collection":[{"href":"https:\/\/menorcavillas.co.uk\/fr\/wp-json\/wp\/v2\/product"}],"about":[{"href":"https:\/\/menorcavillas.co.uk\/fr\/wp-json\/wp\/v2\/types\/product"}],"wp:featuredmedia":[{"embeddable":true,"href":"https:\/\/menorcavillas.co.uk\/fr\/wp-json\/wp\/v2\/media\/60298"}],"wp:attachment":[{"href":"https:\/\/menorcavillas.co.uk\/fr\/wp-json\/wp\/v2\/media?parent=100906"}],"wp:term":[{"taxonomy":"product_brand","embeddable":true,"href":"https:\/\/menorcavillas.co.uk\/fr\/wp-json\/wp\/v2\/product_brand?post=100906"},{"taxonomy":"product_cat","embeddable":true,"href":"https:\/\/menorcavillas.co.uk\/fr\/wp-json\/wp\/v2\/product_cat?post=100906"},{"taxonomy":"product_tag","embeddable":true,"href":"https:\/\/menorcavillas.co.uk\/fr\/wp-json\/wp\/v2\/product_tag?post=100906"},{"taxonomy":"amenities","embeddable":true,"href":"https:\/\/menorcavillas.co.uk\/fr\/wp-json\/wp\/v2\/amenities?post=100906"}],"curies":[{"name":"wp","href":"https:\/\/api.w.org\/{rel}","templated":true}]}}