{"id":2761,"date":"2019-12-09T18:18:56","date_gmt":"2019-12-09T17:18:56","guid":{"rendered":"http:\/\/www.menorcavillas.com.mialias.net\/why-use-menorca-villas\/"},"modified":"2026-03-17T14:59:58","modified_gmt":"2026-03-17T13:59:58","slug":"menorca-villas","status":"publish","type":"page","link":"https:\/\/menorcavillas.co.uk\/fr\/menorca-villas\/","title":{"rendered":"Menorca Villas"},"content":{"rendered":"\n\n\t<section class=\"section\" id=\"section_1738800301\">\n\t\t<div class=\"section-bg fill\" >\n\t\t\t\t\t\t\t\t\t\n\t\t\t\n\n\t\t<\/div>\n\n\t\t\n\n\t\t<div class=\"section-content relative\">\n\t\t\t\n\n<div class=\"row\"  id=\"row-315744649\">\n\n\n\t<div id=\"col-1977397316\" class=\"col medium-10 small-12 large-10\"  >\n\t\t\t\t<div class=\"col-inner\"  >\n\t\t\t\n\t\t\t\n\n\t<div id=\"gap-833283997\" class=\"gap-element clearfix\" style=\"display:block; height:auto;\">\n\t\t\n<style>\n#gap-833283997 {\n  padding-top: 39px;\n}\n<\/style>\n\t<\/div>\n\t\n\n<h1>Pourquoi choisir Menorca Villas?<\/h1>\n<p>Nous g\u00e9rons nous m\u00eame \u00e0 travers notre agence de maintenance _ MeHoCa Serveis SL, toutes les propri\u00e9t\u00e9s que nous proposons sur notre site. De ce fait les maisons sont parfaitement entretenues et pr\u00e9par\u00e9es avant l\u2019arriv\u00e9e de chacun de nos clients. Toutes les maisons sont v\u00e9rifi\u00e9es et contr\u00f4l\u00e9es tant au niveau de la propret\u00e9 que de la maintenance, de mani\u00e8re \u00e0 ce qu\u2019elles soient toutes en parfaite condition.<\/p>\n<p>Nous nous effor\u00e7ons \u00e0 d\u00e9crire au mieux nos propri\u00e9t\u00e9 de mani\u00e8re \u00e0 ce que le client puisse se faire une id\u00e9e r\u00e9elle de la maison et de ses commodit\u00e9s.<\/p>\n<p>Une fois arriv\u00e9e dans la maison, MeHoCa vous propose un service d\u2019urgence t\u00e9l\u00e9phonique 7\/7 jours et 24h\/24 pour traiter rapidement les probl\u00e8mes qui surgiraient. Pour les attentions plus courantes et quotidiennes nous sommes disponibles du lundi au vendredi de 8h30 \u00e0 19h.<\/p>\n<p>De plus nous pouvons vous aider dans vos r\u00e9servation de voitures, de restaurants, d\u2019excursions, et vous donner des conseils sur les endroits et \u00e9v\u00e9nements qui selon nous sont incontournables.<br>Si vous avez un d\u00e9collage tardif le jour de votre d\u00e9part nous pouvons garder vos bagages dans notre bureau situ\u00e9 \u00e0 Sant Lluis, \u00e0 seulement 10 minutes de l\u2019a\u00e9roport.<\/p>\n<p>En r\u00e9sum\u00e9 nous nous effor\u00e7ons d\u2019offrir \u00e0 nos clients une exp\u00e9rience unique qui leurs donne envie de revenir chez nous l\u2019ann\u00e9e suivante.<\/p>\n<p>Si vous trouvez une propri\u00e9t\u00e9 qui vous int\u00e9resse, surtout n\u2019h\u00e9sitez pas \u00e0 nous appeller et nous nous ferons un plaisir de vous la d\u00e9crire plus en d\u00e9tail et de vous parler de la zone dans laquelle elle est situ\u00e9e.<\/p>\n\n\n\n\t\t<\/div>\n\t\t\t\t\n<style>\n#col-1977397316 > .col-inner {\n  margin: 0px 0px -0px 0px;\n}\n<\/style>\n\t<\/div>\n\n\t\n\n<\/div>\n\n\t\t<\/div>\n\n\t\t\n<style>\n#section_1738800301 {\n  padding-top: 30px;\n  padding-bottom: 30px;\n}\n<\/style>\n\t<\/section>\n\t\n","protected":false},"excerpt":{"rendered":"","protected":false},"author":1,"featured_media":0,"parent":0,"menu_order":47,"comment_status":"closed","ping_status":"closed","template":"page-blank.php","meta":{"_acf_changed":false,"footnotes":""},"class_list":["post-2761","page","type-page","status-publish","hentry"],"acf":[],"yoast_head":"<!-- This site is optimized with the Yoast SEO Premium plugin v26.7 (Yoast SEO v26.7) - https:\/\/yoast.com\/wordpress\/plugins\/seo\/ -->\n<title>Menorca Villas | Menorca Villas<\/title>\n<meta name=\"robots\" content=\"index, follow, max-snippet:-1, max-image-preview:large, max-video-preview:-1\" \/>\n<link rel=\"canonical\" href=\"https:\/\/menorcavillas.co.uk\/fr\/menorca-villas\/\" \/>\n<meta property=\"og:locale\" content=\"fr_FR\" \/>\n<meta property=\"og:type\" content=\"article\" \/>\n<meta property=\"og:title\" content=\"Menorca Villas\" \/>\n<meta property=\"og:url\" content=\"https:\/\/menorcavillas.co.uk\/fr\/menorca-villas\/\" \/>\n<meta property=\"og:site_name\" content=\"Menorca Villas\" \/>\n<meta property=\"article:publisher\" content=\"https:\/\/www.facebook.com\/menorcavillasmenorca\/\" \/>\n<meta property=\"article:modified_time\" content=\"2026-03-17T13:59:58+00:00\" \/>\n<meta property=\"og:image\" content=\"https:\/\/menorcavillas.co.uk\/wp-content\/uploads\/2020\/02\/views-home.jpg\" \/>\n\t<meta property=\"og:image:width\" content=\"700\" \/>\n\t<meta property=\"og:image:height\" content=\"535\" \/>\n\t<meta property=\"og:image:type\" content=\"image\/jpeg\" \/>\n<meta name=\"twitter:card\" content=\"summary_large_image\" \/>\n<meta name=\"twitter:label1\" content=\"Dur\u00e9e de lecture estim\u00e9e\" \/>\n\t<meta name=\"twitter:data1\" content=\"2 minutes\" \/>\n<script type=\"application\/ld+json\" class=\"yoast-schema-graph\">{\"@context\":\"https:\/\/schema.org\",\"@graph\":[{\"@type\":\"WebPage\",\"@id\":\"https:\/\/menorcavillas.co.uk\/fr\/menorca-villas\/\",\"url\":\"https:\/\/menorcavillas.co.uk\/fr\/menorca-villas\/\",\"name\":\"Menorca Villas | Menorca Villas\",\"isPartOf\":{\"@id\":\"https:\/\/menorcavillas.co.uk\/fr\/#website\"},\"datePublished\":\"2019-12-09T17:18:56+00:00\",\"dateModified\":\"2026-03-17T13:59:58+00:00\",\"breadcrumb\":{\"@id\":\"https:\/\/menorcavillas.co.uk\/fr\/menorca-villas\/#breadcrumb\"},\"inLanguage\":\"fr-FR\",\"potentialAction\":[{\"@type\":\"ReadAction\",\"target\":[\"https:\/\/menorcavillas.co.uk\/fr\/menorca-villas\/\"]}]},{\"@type\":\"BreadcrumbList\",\"@id\":\"https:\/\/menorcavillas.co.uk\/fr\/menorca-villas\/#breadcrumb\",\"itemListElement\":[{\"@type\":\"ListItem\",\"position\":1,\"name\":\"Menorca Villas\",\"item\":\"https:\/\/menorcavillas.co.uk\/fr\/\"},{\"@type\":\"ListItem\",\"position\":2,\"name\":\"Menorca Villas\"}]},{\"@type\":\"WebSite\",\"@id\":\"https:\/\/menorcavillas.co.uk\/fr\/#website\",\"url\":\"https:\/\/menorcavillas.co.uk\/fr\/\",\"name\":\"Menorca Villas\",\"description\":\"2020\",\"publisher\":{\"@id\":\"https:\/\/menorcavillas.co.uk\/fr\/#organization\"},\"potentialAction\":[{\"@type\":\"SearchAction\",\"target\":{\"@type\":\"EntryPoint\",\"urlTemplate\":\"https:\/\/menorcavillas.co.uk\/fr\/?s={search_term_string}\"},\"query-input\":{\"@type\":\"PropertyValueSpecification\",\"valueRequired\":true,\"valueName\":\"search_term_string\"}}],\"inLanguage\":\"fr-FR\"},{\"@type\":\"Organization\",\"@id\":\"https:\/\/menorcavillas.co.uk\/fr\/#organization\",\"name\":\"Menorca Villas\",\"url\":\"https:\/\/menorcavillas.co.uk\/fr\/\",\"logo\":{\"@type\":\"ImageObject\",\"inLanguage\":\"fr-FR\",\"@id\":\"https:\/\/menorcavillas.co.uk\/fr\/#\/schema\/logo\/image\/\",\"url\":\"\",\"contentUrl\":\"\",\"caption\":\"Menorca Villas\"},\"image\":{\"@id\":\"https:\/\/menorcavillas.co.uk\/fr\/#\/schema\/logo\/image\/\"},\"sameAs\":[\"https:\/\/www.facebook.com\/menorcavillasmenorca\/\"]}]}<\/script>\n<!-- \/ Yoast SEO Premium plugin. -->","yoast_head_json":{"title":"Menorca Villas | Menorca Villas","robots":{"index":"index","follow":"follow","max-snippet":"max-snippet:-1","max-image-preview":"max-image-preview:large","max-video-preview":"max-video-preview:-1"},"canonical":"https:\/\/menorcavillas.co.uk\/fr\/menorca-villas\/","og_locale":"fr_FR","og_type":"article","og_title":"Menorca Villas","og_url":"https:\/\/menorcavillas.co.uk\/fr\/menorca-villas\/","og_site_name":"Menorca Villas","article_publisher":"https:\/\/www.facebook.com\/menorcavillasmenorca\/","article_modified_time":"2026-03-17T13:59:58+00:00","og_image":[{"width":700,"height":535,"url":"https:\/\/menorcavillas.co.uk\/wp-content\/uploads\/2020\/02\/views-home.jpg","type":"image\/jpeg"}],"twitter_card":"summary_large_image","twitter_misc":{"Dur\u00e9e de lecture estim\u00e9e":"2 minutes"},"schema":{"@context":"https:\/\/schema.org","@graph":[{"@type":"WebPage","@id":"https:\/\/menorcavillas.co.uk\/fr\/menorca-villas\/","url":"https:\/\/menorcavillas.co.uk\/fr\/menorca-villas\/","name":"Menorca Villas | Menorca Villas","isPartOf":{"@id":"https:\/\/menorcavillas.co.uk\/fr\/#website"},"datePublished":"2019-12-09T17:18:56+00:00","dateModified":"2026-03-17T13:59:58+00:00","breadcrumb":{"@id":"https:\/\/menorcavillas.co.uk\/fr\/menorca-villas\/#breadcrumb"},"inLanguage":"fr-FR","potentialAction":[{"@type":"ReadAction","target":["https:\/\/menorcavillas.co.uk\/fr\/menorca-villas\/"]}]},{"@type":"BreadcrumbList","@id":"https:\/\/menorcavillas.co.uk\/fr\/menorca-villas\/#breadcrumb","itemListElement":[{"@type":"ListItem","position":1,"name":"Menorca Villas","item":"https:\/\/menorcavillas.co.uk\/fr\/"},{"@type":"ListItem","position":2,"name":"Menorca Villas"}]},{"@type":"WebSite","@id":"https:\/\/menorcavillas.co.uk\/fr\/#website","url":"https:\/\/menorcavillas.co.uk\/fr\/","name":"Menorca Villas","description":"2020","publisher":{"@id":"https:\/\/menorcavillas.co.uk\/fr\/#organization"},"potentialAction":[{"@type":"SearchAction","target":{"@type":"EntryPoint","urlTemplate":"https:\/\/menorcavillas.co.uk\/fr\/?s={search_term_string}"},"query-input":{"@type":"PropertyValueSpecification","valueRequired":true,"valueName":"search_term_string"}}],"inLanguage":"fr-FR"},{"@type":"Organization","@id":"https:\/\/menorcavillas.co.uk\/fr\/#organization","name":"Menorca Villas","url":"https:\/\/menorcavillas.co.uk\/fr\/","logo":{"@type":"ImageObject","inLanguage":"fr-FR","@id":"https:\/\/menorcavillas.co.uk\/fr\/#\/schema\/logo\/image\/","url":"","contentUrl":"","caption":"Menorca Villas"},"image":{"@id":"https:\/\/menorcavillas.co.uk\/fr\/#\/schema\/logo\/image\/"},"sameAs":["https:\/\/www.facebook.com\/menorcavillasmenorca\/"]}]}},"_links":{"self":[{"href":"https:\/\/menorcavillas.co.uk\/fr\/wp-json\/wp\/v2\/pages\/2761","targetHints":{"allow":["GET"]}}],"collection":[{"href":"https:\/\/menorcavillas.co.uk\/fr\/wp-json\/wp\/v2\/pages"}],"about":[{"href":"https:\/\/menorcavillas.co.uk\/fr\/wp-json\/wp\/v2\/types\/page"}],"author":[{"embeddable":true,"href":"https:\/\/menorcavillas.co.uk\/fr\/wp-json\/wp\/v2\/users\/1"}],"replies":[{"embeddable":true,"href":"https:\/\/menorcavillas.co.uk\/fr\/wp-json\/wp\/v2\/comments?post=2761"}],"version-history":[{"count":6,"href":"https:\/\/menorcavillas.co.uk\/fr\/wp-json\/wp\/v2\/pages\/2761\/revisions"}],"predecessor-version":[{"id":99775,"href":"https:\/\/menorcavillas.co.uk\/fr\/wp-json\/wp\/v2\/pages\/2761\/revisions\/99775"}],"wp:attachment":[{"href":"https:\/\/menorcavillas.co.uk\/fr\/wp-json\/wp\/v2\/media?parent=2761"}],"curies":[{"name":"wp","href":"https:\/\/api.w.org\/{rel}","templated":true}]}}