{"id":59946,"date":"2026-01-27T11:51:20","date_gmt":"2026-01-27T10:51:20","guid":{"rendered":"https:\/\/menorcavillas.co.uk\/?post_type=product&#038;p=59946"},"modified":"2026-03-18T12:18:58","modified_gmt":"2026-03-18T11:18:58","slug":"villa-rosa","status":"publish","type":"product","link":"https:\/\/menorcavillas.co.uk\/es\/villas-menorca\/villa-rosa\/","title":{"rendered":"Villa Rosa"},"content":{"rendered":"<p>Villa Rosa es una villa grande situada en un cul-de-sac rec\u00f3ndito, en el popular pueblo playero de Binibeca.<\/p>\n<p><span style=\"color: rgb(30, 165, 149);\">Ver m\u00e1s<\/span><\/p>\n<p>Detr\u00e1s de la propiedad hay una gran zona de campo verde raz\u00f3n por la cual esta casa sirve como una base tranquila para unas vacaciones relajantes a pesar de estar a poca distancia de la playa, las tiendas, los bares y los restaurantes de la zona.<\/p>\n<p>Esta villa ofrece alojamiento c\u00f3modo para hasta 8 personas. Tres de las habitaciones est\u00e1n en la planta inferior; dos cuentan con dos camas individuales y comparten un cuarto de ba\u00f1o con ducha, mientras que la otra es una habitaci\u00f3n con cama doble, cuarto de ba\u00f1o ensuite y vistas al campo. La habitaci\u00f3n principal est\u00e1 en la planta superior; tiene una cama doble, un cuarto de ba\u00f1o ensuite con ba\u00f1era y ducha y puertas que acceden a la gran terraza exterior con incre\u00edbles vistas al campo y al mar.<\/p>\n<p>En la planta inferior est\u00e1 tambi\u00e9n el sal\u00f3n espacioso, c\u00f3modamente amueblado, y una zona de comedor con una mesa que tiene lugar para 8 personas inicialmente pero que se puede abrir para acomodar a m\u00e1s personas si fuera necesario. Viene equipado con una televisi\u00f3n con acceso a canales de sat\u00e9lite ingleses y un reproductor de DVD. Hay puertas que dan acceso a la terraza exterior donde se encuentra la piscina. Tambi\u00e9n cuenta con grandes ventanales y techos altos por lo que es una sala muy luminosa y aireada.<\/p>\n<p>La cocina est\u00e1 totalmente equipada con horno el\u00e9ctrico, cocina, lavavajillas, lavadora, microondas, hervidora de agua, tostadora, nevera\/congelador y nevera de vinos separada.<\/p>\n<p>La propiedad est\u00e1 situada en una parcela bastante grande con un jard\u00edn bien cuidado, incluyendo zonas de c\u00e9sped, arbustos y plantas, y terrazas extensivas (tanto cubiertas como no cubiertas) para comer al exterior o para tomar el sol.<\/p>\n<p>La villa entera cuenta con calefacci\u00f3n, haciendo que sea adecuado para los meses de temporada baja cuando a\u00fan hace buen tiempo, pero las noches son algo m\u00e1s fresquitas.<\/p>\n<p><strong>Localizaci\u00f3n y distancias<\/strong><\/p>\n<p>Aeropuerto 20min en coche, Playa, Restaurantes y tiendas 10min a pie<\/p>\n<p><\/p>\n<p><strong>Zona:<\/strong><\/p>\n<p><strong>Binibeca<\/strong>&nbsp;es una urbanizaci\u00f3n tranquila, id\u00edlica y popular en la preciosa costa sur de Menorca, y es la opci\u00f3n perfecta para aquellos turistas que busquen alejarse del ruido y de las muchedumbres de las zonas m\u00e1s urbanizadas. Aqu\u00ed no encontrar\u00e1 ning\u00fan gran complejo vacacional ni ning\u00fan gran hotel que interrumpa las magn\u00edficas vistas.<\/p>\n<p><\/p>\n<p><strong>Playa:<\/strong>&nbsp;Una atractiva y profunda playa de arena blanca y fina con una zona de picnic sombreada en la parte posterior con lavabos p\u00fablicos. Zona de parking gratis abiertamente disponible. Las aguas de la playa est\u00e1n protegidas por un cabo prominente en el horizonte. Poco profunda, con fondo de arena blanca y flanqueada por rocas en ambos lados, es perfecta para hacer snorkel. El chiringuito, Los Bucaneros (una antigua caba\u00f1a de pescadores convertida en bar) sirve platos b\u00e1sicos frescos, adem\u00e1s de patatas, etc. y bebidas calientes y fr\u00edas. Cuenta con socorrista. Se pueden alquiler kayaks y botes el\u00e9ctricos desde la misma playa. Tambi\u00e9n cuenta con servicio de alquiler de hamacas y parasoles. En la calle, subiendo de la playa hay otro peque\u00f1o chiringuito donde se pueden comprar helados, crepes y otros tipos de bebidas y comida. La c\u00e1lida agua poco profunda de esta playa la convierte en una de las m\u00e1s populares con familias con hijos peque\u00f1os, pero la playa es suficientemente grande como para que todos tengan espacio.<\/p>\n<p>Coche de alquiler recomendado<\/p>\n<p><\/p>\n<p><em>Licencia tur\u00edstica: ET1905ME<\/em><\/p>\n","protected":false},"excerpt":{"rendered":"<p>Villa Rosa es una villa grande situada en un cul-de-sac rec\u00f3ndito, en el popular pueblo playero de Binibeca.<\/p>\n<p><span style=\"color: rgb(30, 165, 149);\">Ver m\u00e1s<\/span><\/p>\n<p>Detr\u00e1s de la propiedad hay una gran zona de campo verde raz\u00f3n por la cual esta casa sirve como una base tranquila para unas vacaciones relajantes a pesar de estar a poca distancia de la playa, las tiendas, los bares y los restaurantes de la zona.<\/p>\n<p>Esta villa ofrece alojamiento c\u00f3modo para hasta 8 personas. Tres de las habitaciones est\u00e1n en la planta inferior; dos cuentan con dos camas individuales y comparten un cuarto de ba\u00f1o con ducha, mientras que la otra es una habitaci\u00f3n con cama doble, cuarto de ba\u00f1o ensuite y vistas al campo. La habitaci\u00f3n principal est\u00e1 en la planta superior; tiene una cama doble, un cuarto de ba\u00f1o ensuite con ba\u00f1era y ducha y puertas que acceden a la gran terraza exterior con incre\u00edbles vistas al campo y al mar.<\/p>\n<p>En la planta inferior est\u00e1 tambi\u00e9n el sal\u00f3n espacioso, c\u00f3modamente amueblado, y una zona de comedor con una mesa que tiene lugar para 8 personas inicialmente pero que se puede abrir para acomodar a m\u00e1s personas si fuera necesario. Viene equipado con una televisi\u00f3n con acceso a canales de sat\u00e9lite ingleses y un reproductor de DVD. Hay puertas que dan acceso a la terraza exterior donde se encuentra la piscina. Tambi\u00e9n cuenta con grandes ventanales y techos altos por lo que es una sala muy luminosa y aireada.<\/p>\n<p>La cocina est\u00e1 totalmente equipada con horno el\u00e9ctrico, cocina, lavavajillas, lavadora, microondas, hervidora de agua, tostadora, nevera\/congelador y nevera de vinos separada.<\/p>\n<p>La propiedad est\u00e1 situada en una parcela bastante grande con un jard\u00edn bien cuidado, incluyendo zonas de c\u00e9sped, arbustos y plantas, y terrazas extensivas (tanto cubiertas como no cubiertas) para comer al exterior o para tomar el sol.<\/p>\n<p>La villa entera cuenta con calefacci\u00f3n, haciendo que sea adecuado para los meses de temporada baja cuando a\u00fan hace buen tiempo, pero las noches son algo m\u00e1s fresquitas.<\/p>\n<p><strong>Localizaci\u00f3n y distancias<\/strong><\/p>\n<p>Aeropuerto 20min en coche, Playa, Restaurantes y tiendas 10min a pie<\/p>\n<p><\/p>\n<p><strong>Zona:<\/strong><\/p>\n<p><strong>Binibeca<\/strong>&nbsp;es una urbanizaci\u00f3n tranquila, id\u00edlica y popular en la preciosa costa sur de Menorca, y es la opci\u00f3n perfecta para aquellos turistas que busquen alejarse del ruido y de las muchedumbres de las zonas m\u00e1s urbanizadas. Aqu\u00ed no encontrar\u00e1 ning\u00fan gran complejo vacacional ni ning\u00fan gran hotel que interrumpa las magn\u00edficas vistas.<\/p>\n<p><\/p>\n<p><strong>Playa:<\/strong>&nbsp;Una atractiva y profunda playa de arena blanca y fina con una zona de picnic sombreada en la parte posterior con lavabos p\u00fablicos. Zona de parking gratis abiertamente disponible. Las aguas de la playa est\u00e1n protegidas por un cabo prominente en el horizonte. Poco profunda, con fondo de arena blanca y flanqueada por rocas en ambos lados, es perfecta para hacer snorkel. El chiringuito, Los Bucaneros (una antigua caba\u00f1a de pescadores convertida en bar) sirve platos b\u00e1sicos frescos, adem\u00e1s de patatas, etc. y bebidas calientes y fr\u00edas. Cuenta con socorrista. Se pueden alquiler kayaks y botes el\u00e9ctricos desde la misma playa. Tambi\u00e9n cuenta con servicio de alquiler de hamacas y parasoles. En la calle, subiendo de la playa hay otro peque\u00f1o chiringuito donde se pueden comprar helados, crepes y otros tipos de bebidas y comida. La c\u00e1lida agua poco profunda de esta playa la convierte en una de las m\u00e1s populares con familias con hijos peque\u00f1os, pero la playa es suficientemente grande como para que todos tengan espacio.<\/p>\n<p>Coche de alquiler recomendado<\/p>\n<p><\/p>\n<p><em>Licencia tur\u00edstica: ET1905ME<\/em><\/p>\n","protected":false},"featured_media":100024,"template":"","meta":{"_acf_changed":false},"product_brand":[],"product_cat":[15],"product_tag":[],"amenities":[315,129,311,312,313,316,153],"class_list":{"0":"post-59946","1":"product","2":"type-product","3":"status-publish","4":"has-post-thumbnail","6":"product_cat-sin-categorizar","7":"amenities-ac","8":"amenities-bbq","9":"amenities-iptv","10":"amenities-lounge-dining-room","11":"amenities-pool","12":"amenities-terrace","13":"amenities-wifi","15":"first","16":"instock","17":"shipping-taxable","18":"purchasable","19":"product-type-simple"},"acf":[],"yoast_head":"<!-- This site is optimized with the Yoast SEO Premium plugin v26.7 (Yoast SEO v26.7) - https:\/\/yoast.com\/wordpress\/plugins\/seo\/ -->\n<title>Villa Rosa | Menorca Villas<\/title>\n<meta name=\"robots\" content=\"index, follow, max-snippet:-1, max-image-preview:large, max-video-preview:-1\" \/>\n<link rel=\"canonical\" href=\"https:\/\/menorcavillas.co.uk\/es\/villas-menorca\/villa-rosa\/\" \/>\n<meta property=\"og:locale\" content=\"es_ES\" \/>\n<meta property=\"og:type\" content=\"article\" \/>\n<meta property=\"og:title\" content=\"Villa Rosa\" \/>\n<meta property=\"og:description\" content=\"Villa Rosa es una villa grande situada en un cul-de-sac rec\u00f3ndito, en el popular pueblo playero de Binibeca.Ver m\u00e1sDetr\u00e1s de la propiedad hay una gran zona de campo verde raz\u00f3n por la cual esta casa sirve como una base tranquila para unas vacaciones relajantes a pesar de estar a poca distancia de la playa, las tiendas, los bares y los restaurantes de la zona.Esta villa ofrece alojamiento c\u00f3modo para hasta 8 personas. Tres de las habitaciones est\u00e1n en la planta inferior; dos cuentan con dos camas individuales y comparten un cuarto de ba\u00f1o con ducha, mientras que la otra es una habitaci\u00f3n con cama doble, cuarto de ba\u00f1o ensuite y vistas al campo. La habitaci\u00f3n principal est\u00e1 en la planta superior; tiene una cama doble, un cuarto de ba\u00f1o ensuite con ba\u00f1era y ducha y puertas que acceden a la gran terraza exterior con incre\u00edbles vistas al campo y al mar.En la planta inferior est\u00e1 tambi\u00e9n el sal\u00f3n espacioso, c\u00f3modamente amueblado, y una zona de comedor con una mesa que tiene lugar para 8 personas inicialmente pero que se puede abrir para acomodar a m\u00e1s personas si fuera necesario. Viene equipado con una televisi\u00f3n con acceso a canales de sat\u00e9lite ingleses y un reproductor de DVD. Hay puertas que dan acceso a la terraza exterior donde se encuentra la piscina. Tambi\u00e9n cuenta con grandes ventanales y techos altos por lo que es una sala muy luminosa y aireada.La cocina est\u00e1 totalmente equipada con horno el\u00e9ctrico, cocina, lavavajillas, lavadora, microondas, hervidora de agua, tostadora, nevera\/congelador y nevera de vinos separada.La propiedad est\u00e1 situada en una parcela bastante grande con un jard\u00edn bien cuidado, incluyendo zonas de c\u00e9sped, arbustos y plantas, y terrazas extensivas (tanto cubiertas como no cubiertas) para comer al exterior o para tomar el sol.La villa entera cuenta con calefacci\u00f3n, haciendo que sea adecuado para los meses de temporada baja cuando a\u00fan hace buen tiempo, pero las noches son algo m\u00e1s fresquitas.Localizaci\u00f3n y distanciasAeropuerto 20min en coche, Playa, Restaurantes y tiendas 10min a pieZona:Binibeca&nbsp;es una urbanizaci\u00f3n tranquila, id\u00edlica y popular en la preciosa costa sur de Menorca, y es la opci\u00f3n perfecta para aquellos turistas que busquen alejarse del ruido y de las muchedumbres de las zonas m\u00e1s urbanizadas. Aqu\u00ed no encontrar\u00e1 ning\u00fan gran complejo vacacional ni ning\u00fan gran hotel que interrumpa las magn\u00edficas vistas.Playa:&nbsp;Una atractiva y profunda playa de arena blanca y fina con una zona de picnic sombreada en la parte posterior con lavabos p\u00fablicos. Zona de parking gratis abiertamente disponible. Las aguas de la playa est\u00e1n protegidas por un cabo prominente en el horizonte. Poco profunda, con fondo de arena blanca y flanqueada por rocas en ambos lados, es perfecta para hacer snorkel. El chiringuito, Los Bucaneros (una antigua caba\u00f1a de pescadores convertida en bar) sirve platos b\u00e1sicos frescos, adem\u00e1s de patatas, etc. y bebidas calientes y fr\u00edas. Cuenta con socorrista. Se pueden alquiler kayaks y botes el\u00e9ctricos desde la misma playa. Tambi\u00e9n cuenta con servicio de alquiler de hamacas y parasoles. En la calle, subiendo de la playa hay otro peque\u00f1o chiringuito donde se pueden comprar helados, crepes y otros tipos de bebidas y comida. La c\u00e1lida agua poco profunda de esta playa la convierte en una de las m\u00e1s populares con familias con hijos peque\u00f1os, pero la playa es suficientemente grande como para que todos tengan espacio.Coche de alquiler recomendadoLicencia tur\u00edstica: ET1905ME\" \/>\n<meta property=\"og:url\" content=\"https:\/\/menorcavillas.co.uk\/es\/villas-menorca\/villa-rosa\/\" \/>\n<meta property=\"og:site_name\" content=\"Menorca Villas\" \/>\n<meta property=\"article:publisher\" content=\"https:\/\/www.facebook.com\/menorcavillasmenorca\/\" \/>\n<meta property=\"article:modified_time\" content=\"2026-03-18T11:18:58+00:00\" \/>\n<meta property=\"og:image\" content=\"https:\/\/menorcavillas.co.uk\/wp-content\/uploads\/2026\/01\/properties2FGytG5ZUXYm7xedXOYi7e-1768903644337-1-2.jpeg\" \/>\n\t<meta property=\"og:image:width\" content=\"1512\" \/>\n\t<meta property=\"og:image:height\" content=\"2016\" \/>\n\t<meta property=\"og:image:type\" content=\"image\/jpeg\" \/>\n<meta name=\"twitter:card\" content=\"summary_large_image\" \/>\n<meta name=\"twitter:label1\" content=\"Tiempo de lectura\" \/>\n\t<meta name=\"twitter:data1\" content=\"3 minutos\" \/>\n<script type=\"application\/ld+json\" class=\"yoast-schema-graph\">{\"@context\":\"https:\/\/schema.org\",\"@graph\":[{\"@type\":\"WebPage\",\"@id\":\"https:\/\/menorcavillas.co.uk\/es\/villas-menorca\/villa-rosa\/\",\"url\":\"https:\/\/menorcavillas.co.uk\/es\/villas-menorca\/villa-rosa\/\",\"name\":\"Villa Rosa | Menorca Villas\",\"isPartOf\":{\"@id\":\"https:\/\/menorcavillas.co.uk\/es\/#website\"},\"primaryImageOfPage\":{\"@id\":\"https:\/\/menorcavillas.co.uk\/es\/villas-menorca\/villa-rosa\/#primaryimage\"},\"image\":{\"@id\":\"https:\/\/menorcavillas.co.uk\/es\/villas-menorca\/villa-rosa\/#primaryimage\"},\"thumbnailUrl\":\"https:\/\/menorcavillas.co.uk\/wp-content\/uploads\/2026\/01\/properties2FGytG5ZUXYm7xedXOYi7e-1768903644337-1-4.jpeg\",\"datePublished\":\"2026-01-27T10:51:20+00:00\",\"dateModified\":\"2026-03-18T11:18:58+00:00\",\"breadcrumb\":{\"@id\":\"https:\/\/menorcavillas.co.uk\/es\/villas-menorca\/villa-rosa\/#breadcrumb\"},\"inLanguage\":\"es\",\"potentialAction\":[{\"@type\":\"ReadAction\",\"target\":[\"https:\/\/menorcavillas.co.uk\/es\/villas-menorca\/villa-rosa\/\"]}]},{\"@type\":\"ImageObject\",\"inLanguage\":\"es\",\"@id\":\"https:\/\/menorcavillas.co.uk\/es\/villas-menorca\/villa-rosa\/#primaryimage\",\"url\":\"https:\/\/menorcavillas.co.uk\/wp-content\/uploads\/2026\/01\/properties2FGytG5ZUXYm7xedXOYi7e-1768903644337-1-4.jpeg\",\"contentUrl\":\"https:\/\/menorcavillas.co.uk\/wp-content\/uploads\/2026\/01\/properties2FGytG5ZUXYm7xedXOYi7e-1768903644337-1-4.jpeg\",\"width\":1512,\"height\":2016},{\"@type\":\"BreadcrumbList\",\"@id\":\"https:\/\/menorcavillas.co.uk\/es\/villas-menorca\/villa-rosa\/#breadcrumb\",\"itemListElement\":[{\"@type\":\"ListItem\",\"position\":1,\"name\":\"Menorca Villas\",\"item\":\"https:\/\/menorcavillas.co.uk\/es\/\"},{\"@type\":\"ListItem\",\"position\":2,\"name\":\"Our Villas\",\"item\":\"https:\/\/menorcavillas.co.uk\/location-2\/\"},{\"@type\":\"ListItem\",\"position\":3,\"name\":\"Villa Rosa\"}]},{\"@type\":\"WebSite\",\"@id\":\"https:\/\/menorcavillas.co.uk\/es\/#website\",\"url\":\"https:\/\/menorcavillas.co.uk\/es\/\",\"name\":\"Menorca Villas\",\"description\":\"Holiday Rentals Menorca\",\"publisher\":{\"@id\":\"https:\/\/menorcavillas.co.uk\/es\/#organization\"},\"potentialAction\":[{\"@type\":\"SearchAction\",\"target\":{\"@type\":\"EntryPoint\",\"urlTemplate\":\"https:\/\/menorcavillas.co.uk\/es\/?s={search_term_string}\"},\"query-input\":{\"@type\":\"PropertyValueSpecification\",\"valueRequired\":true,\"valueName\":\"search_term_string\"}}],\"inLanguage\":\"es\"},{\"@type\":\"Organization\",\"@id\":\"https:\/\/menorcavillas.co.uk\/es\/#organization\",\"name\":\"Menorca Villas\",\"url\":\"https:\/\/menorcavillas.co.uk\/es\/\",\"logo\":{\"@type\":\"ImageObject\",\"inLanguage\":\"es\",\"@id\":\"https:\/\/menorcavillas.co.uk\/es\/#\/schema\/logo\/image\/\",\"url\":\"\",\"contentUrl\":\"\",\"caption\":\"Menorca Villas\"},\"image\":{\"@id\":\"https:\/\/menorcavillas.co.uk\/es\/#\/schema\/logo\/image\/\"},\"sameAs\":[\"https:\/\/www.facebook.com\/menorcavillasmenorca\/\"]}]}<\/script>\n<!-- \/ Yoast SEO Premium plugin. -->","yoast_head_json":{"title":"Villa Rosa | Menorca Villas","robots":{"index":"index","follow":"follow","max-snippet":"max-snippet:-1","max-image-preview":"max-image-preview:large","max-video-preview":"max-video-preview:-1"},"canonical":"https:\/\/menorcavillas.co.uk\/es\/villas-menorca\/villa-rosa\/","og_locale":"es_ES","og_type":"article","og_title":"Villa Rosa","og_description":"Villa Rosa es una villa grande situada en un cul-de-sac rec\u00f3ndito, en el popular pueblo playero de Binibeca.Ver m\u00e1sDetr\u00e1s de la propiedad hay una gran zona de campo verde raz\u00f3n por la cual esta casa sirve como una base tranquila para unas vacaciones relajantes a pesar de estar a poca distancia de la playa, las tiendas, los bares y los restaurantes de la zona.Esta villa ofrece alojamiento c\u00f3modo para hasta 8 personas. Tres de las habitaciones est\u00e1n en la planta inferior; dos cuentan con dos camas individuales y comparten un cuarto de ba\u00f1o con ducha, mientras que la otra es una habitaci\u00f3n con cama doble, cuarto de ba\u00f1o ensuite y vistas al campo. La habitaci\u00f3n principal est\u00e1 en la planta superior; tiene una cama doble, un cuarto de ba\u00f1o ensuite con ba\u00f1era y ducha y puertas que acceden a la gran terraza exterior con incre\u00edbles vistas al campo y al mar.En la planta inferior est\u00e1 tambi\u00e9n el sal\u00f3n espacioso, c\u00f3modamente amueblado, y una zona de comedor con una mesa que tiene lugar para 8 personas inicialmente pero que se puede abrir para acomodar a m\u00e1s personas si fuera necesario. Viene equipado con una televisi\u00f3n con acceso a canales de sat\u00e9lite ingleses y un reproductor de DVD. Hay puertas que dan acceso a la terraza exterior donde se encuentra la piscina. Tambi\u00e9n cuenta con grandes ventanales y techos altos por lo que es una sala muy luminosa y aireada.La cocina est\u00e1 totalmente equipada con horno el\u00e9ctrico, cocina, lavavajillas, lavadora, microondas, hervidora de agua, tostadora, nevera\/congelador y nevera de vinos separada.La propiedad est\u00e1 situada en una parcela bastante grande con un jard\u00edn bien cuidado, incluyendo zonas de c\u00e9sped, arbustos y plantas, y terrazas extensivas (tanto cubiertas como no cubiertas) para comer al exterior o para tomar el sol.La villa entera cuenta con calefacci\u00f3n, haciendo que sea adecuado para los meses de temporada baja cuando a\u00fan hace buen tiempo, pero las noches son algo m\u00e1s fresquitas.Localizaci\u00f3n y distanciasAeropuerto 20min en coche, Playa, Restaurantes y tiendas 10min a pieZona:Binibeca&nbsp;es una urbanizaci\u00f3n tranquila, id\u00edlica y popular en la preciosa costa sur de Menorca, y es la opci\u00f3n perfecta para aquellos turistas que busquen alejarse del ruido y de las muchedumbres de las zonas m\u00e1s urbanizadas. Aqu\u00ed no encontrar\u00e1 ning\u00fan gran complejo vacacional ni ning\u00fan gran hotel que interrumpa las magn\u00edficas vistas.Playa:&nbsp;Una atractiva y profunda playa de arena blanca y fina con una zona de picnic sombreada en la parte posterior con lavabos p\u00fablicos. Zona de parking gratis abiertamente disponible. Las aguas de la playa est\u00e1n protegidas por un cabo prominente en el horizonte. Poco profunda, con fondo de arena blanca y flanqueada por rocas en ambos lados, es perfecta para hacer snorkel. El chiringuito, Los Bucaneros (una antigua caba\u00f1a de pescadores convertida en bar) sirve platos b\u00e1sicos frescos, adem\u00e1s de patatas, etc. y bebidas calientes y fr\u00edas. Cuenta con socorrista. Se pueden alquiler kayaks y botes el\u00e9ctricos desde la misma playa. Tambi\u00e9n cuenta con servicio de alquiler de hamacas y parasoles. En la calle, subiendo de la playa hay otro peque\u00f1o chiringuito donde se pueden comprar helados, crepes y otros tipos de bebidas y comida. La c\u00e1lida agua poco profunda de esta playa la convierte en una de las m\u00e1s populares con familias con hijos peque\u00f1os, pero la playa es suficientemente grande como para que todos tengan espacio.Coche de alquiler recomendadoLicencia tur\u00edstica: ET1905ME","og_url":"https:\/\/menorcavillas.co.uk\/es\/villas-menorca\/villa-rosa\/","og_site_name":"Menorca Villas","article_publisher":"https:\/\/www.facebook.com\/menorcavillasmenorca\/","article_modified_time":"2026-03-18T11:18:58+00:00","og_image":[{"width":1512,"height":2016,"url":"https:\/\/menorcavillas.co.uk\/wp-content\/uploads\/2026\/01\/properties2FGytG5ZUXYm7xedXOYi7e-1768903644337-1-2.jpeg","type":"image\/jpeg"}],"twitter_card":"summary_large_image","twitter_misc":{"Tiempo de lectura":"3 minutos"},"schema":{"@context":"https:\/\/schema.org","@graph":[{"@type":"WebPage","@id":"https:\/\/menorcavillas.co.uk\/es\/villas-menorca\/villa-rosa\/","url":"https:\/\/menorcavillas.co.uk\/es\/villas-menorca\/villa-rosa\/","name":"Villa Rosa | Menorca Villas","isPartOf":{"@id":"https:\/\/menorcavillas.co.uk\/es\/#website"},"primaryImageOfPage":{"@id":"https:\/\/menorcavillas.co.uk\/es\/villas-menorca\/villa-rosa\/#primaryimage"},"image":{"@id":"https:\/\/menorcavillas.co.uk\/es\/villas-menorca\/villa-rosa\/#primaryimage"},"thumbnailUrl":"https:\/\/menorcavillas.co.uk\/wp-content\/uploads\/2026\/01\/properties2FGytG5ZUXYm7xedXOYi7e-1768903644337-1-4.jpeg","datePublished":"2026-01-27T10:51:20+00:00","dateModified":"2026-03-18T11:18:58+00:00","breadcrumb":{"@id":"https:\/\/menorcavillas.co.uk\/es\/villas-menorca\/villa-rosa\/#breadcrumb"},"inLanguage":"es","potentialAction":[{"@type":"ReadAction","target":["https:\/\/menorcavillas.co.uk\/es\/villas-menorca\/villa-rosa\/"]}]},{"@type":"ImageObject","inLanguage":"es","@id":"https:\/\/menorcavillas.co.uk\/es\/villas-menorca\/villa-rosa\/#primaryimage","url":"https:\/\/menorcavillas.co.uk\/wp-content\/uploads\/2026\/01\/properties2FGytG5ZUXYm7xedXOYi7e-1768903644337-1-4.jpeg","contentUrl":"https:\/\/menorcavillas.co.uk\/wp-content\/uploads\/2026\/01\/properties2FGytG5ZUXYm7xedXOYi7e-1768903644337-1-4.jpeg","width":1512,"height":2016},{"@type":"BreadcrumbList","@id":"https:\/\/menorcavillas.co.uk\/es\/villas-menorca\/villa-rosa\/#breadcrumb","itemListElement":[{"@type":"ListItem","position":1,"name":"Menorca Villas","item":"https:\/\/menorcavillas.co.uk\/es\/"},{"@type":"ListItem","position":2,"name":"Our Villas","item":"https:\/\/menorcavillas.co.uk\/location-2\/"},{"@type":"ListItem","position":3,"name":"Villa Rosa"}]},{"@type":"WebSite","@id":"https:\/\/menorcavillas.co.uk\/es\/#website","url":"https:\/\/menorcavillas.co.uk\/es\/","name":"Menorca Villas","description":"Holiday Rentals Menorca","publisher":{"@id":"https:\/\/menorcavillas.co.uk\/es\/#organization"},"potentialAction":[{"@type":"SearchAction","target":{"@type":"EntryPoint","urlTemplate":"https:\/\/menorcavillas.co.uk\/es\/?s={search_term_string}"},"query-input":{"@type":"PropertyValueSpecification","valueRequired":true,"valueName":"search_term_string"}}],"inLanguage":"es"},{"@type":"Organization","@id":"https:\/\/menorcavillas.co.uk\/es\/#organization","name":"Menorca Villas","url":"https:\/\/menorcavillas.co.uk\/es\/","logo":{"@type":"ImageObject","inLanguage":"es","@id":"https:\/\/menorcavillas.co.uk\/es\/#\/schema\/logo\/image\/","url":"","contentUrl":"","caption":"Menorca Villas"},"image":{"@id":"https:\/\/menorcavillas.co.uk\/es\/#\/schema\/logo\/image\/"},"sameAs":["https:\/\/www.facebook.com\/menorcavillasmenorca\/"]}]}},"_links":{"self":[{"href":"https:\/\/menorcavillas.co.uk\/es\/wp-json\/wp\/v2\/product\/59946","targetHints":{"allow":["GET"]}}],"collection":[{"href":"https:\/\/menorcavillas.co.uk\/es\/wp-json\/wp\/v2\/product"}],"about":[{"href":"https:\/\/menorcavillas.co.uk\/es\/wp-json\/wp\/v2\/types\/product"}],"wp:featuredmedia":[{"embeddable":true,"href":"https:\/\/menorcavillas.co.uk\/es\/wp-json\/wp\/v2\/media\/100024"}],"wp:attachment":[{"href":"https:\/\/menorcavillas.co.uk\/es\/wp-json\/wp\/v2\/media?parent=59946"}],"wp:term":[{"taxonomy":"product_brand","embeddable":true,"href":"https:\/\/menorcavillas.co.uk\/es\/wp-json\/wp\/v2\/product_brand?post=59946"},{"taxonomy":"product_cat","embeddable":true,"href":"https:\/\/menorcavillas.co.uk\/es\/wp-json\/wp\/v2\/product_cat?post=59946"},{"taxonomy":"product_tag","embeddable":true,"href":"https:\/\/menorcavillas.co.uk\/es\/wp-json\/wp\/v2\/product_tag?post=59946"},{"taxonomy":"amenities","embeddable":true,"href":"https:\/\/menorcavillas.co.uk\/es\/wp-json\/wp\/v2\/amenities?post=59946"}],"curies":[{"name":"wp","href":"https:\/\/api.w.org\/{rel}","templated":true}]}}