{"id":44353,"date":"2026-01-19T13:58:12","date_gmt":"2026-01-19T12:58:12","guid":{"rendered":"https:\/\/menorcavillas.co.uk\/?post_type=product&#038;p=44353"},"modified":"2026-03-30T11:59:16","modified_gmt":"2026-03-30T09:59:16","slug":"casa-mares-3","status":"publish","type":"product","link":"https:\/\/menorcavillas.co.uk\/es\/villas-menorca\/casa-mares-3\/","title":{"rendered":"Casa Mares"},"content":{"rendered":"<p>Esta hermosa villa, de 4 dormitorios recientemente renovada, est\u00e1 ubicada en el popular complejo de Binibeca, y tiene mucho espacio tanto por dentro como por fuera, para disfrutar de unas relajantes vacaciones en familia. Ha sido construida con la famosa piedra blaear de mares, que la distingue del resto.<\/p>\n<p><\/p>\n<p>Se accede a la villa a trav\u00e9s de en un amplio hall, desde el cual se ingresa al sal\u00f3n, comedor y cocina de planta abierta. El sal\u00f3n, muy amplio, est\u00e1 separado del comedor y la cocina con un gran arco. El sal\u00f3n tiene sof\u00e1s, mesa de caf\u00e9 y una gran chimenea. Hay un Smart TV para que pueda acceder a Netflix, Amazon Prime, etc.<\/p>\n<p>El comedor tiene una mesa con sillas, y tiene acceso a la terraza. La cocina es de planta abierta y tiene lavavajillas, horno, vitrocer\u00e1mica, microondas y frigor\u00edfico, adem\u00e1s de toda la vajilla y cuberter\u00eda necesar\u00eda para unas vacaciones con cocina.<\/p>\n<p>A la Master suite con cama de matrimonio se accede a trav\u00e9s de un espacioso vestidor y cuenta con un exclusivo ba\u00f1o moderno, hecho a mano y acorde con el estilo tradicional menorqu\u00edn. Este ba\u00f1o tiene tocador, ducha y wc.<\/p>\n<p>Dos de los dormitorios, a los que se accede desde el hall de entrada, son dobles y comparten un ba\u00f1o, nuevamente en el mismo estilo que la suite principal. Este ba\u00f1o tiene dos lavabos, un medio ba\u00f1o con ducha grande y wc.<\/p>\n<p>Desde la cocina se accede un dormitorio anexo, que tiene una cama doble peque\u00f1a y ba\u00f1o con lavabo, gran ducha a ras de suelo y wc.<\/p>\n<p>Todos los dormitorios tienen aire acondicionado.<\/p>\n<p>En el exterior hay una terraza que se accede desde el comedor, que proporciona mucha sombra. Tiene una gran mesa para comer al aire libre, as\u00ed como un sof\u00e1 de esquina. Desde la terraza hay escalones que conducen a una zona para tomar el sol con grandes tumbonas fijas que dan a la piscina. Hay escalones adicionales para acceder a la \u00e1rea de la piscina donde hay hamacas y m\u00e1s espacio para tomar el sol. La piscina es de 8\u00d76 metros con escalera romana.<\/p>\n<p>Tambi\u00e9n encontrar\u00e1 una terraza en la azotea con impresionantes vistas al mar, una cocina exterior y una mesa de comedor.<\/p>\n<p>Si bien la casa en s\u00ed es de un solo nivel, vale la pena se\u00f1alar que hay bastantes escalones para acceder a las diferentes partes de las \u00e1reas para tomar el sol y la piscina.<\/p>\n<p>Las toallas para la piscina y los secadores de pelo est\u00e1n incluidos en el precio.<\/p>\n<p><\/p>\n<p><strong>Ubicaci\u00f3n y distancias:<\/strong><\/p>\n<p>Aeropuerto a 20 minutos en coche. Playa a 15 minutos andando. Tiendas a 10 minutos andando. Restaurantes a 10 minutos andando.<\/p>\n<p>Se recomienda alquilar un coche.<\/p>\n<h3><strong>Zona:&nbsp;<\/strong><\/h3>\n<p><strong>Binibeca:<\/strong><\/p>\n<p>Es un complejo tranquilo, id\u00edlico y popular en la hermosa costa sur de Menorca. Es una opci\u00f3n perfecta para los turistas que desean escapar del ruido y las multitudes de otras \u00e1reas m\u00e1s pobladas. Aqu\u00ed no encontrar\u00e1 hoteles que destruyan el horizonte o grandes complejos vacacionales.<\/p>\n<p><strong>Playa:&nbsp;<\/strong><\/p>\n<p>La playa m\u00e1s cercana es la playa de Binibeca, una cala de arena fina blanca y agua turquesa, con un \u00e1rea de picnic con sombra en la parte trasera y ba\u00f1os gratuitos. Aparcamiento gratuito en la parte trasera y al borde de la carretera. Con fondo arenoso poco profundo y bordeado en ambos lados por rocas para un excelente esn\u00f3rquel. El bar de la playa de Los Bucaneros (caba\u00f1a de pescadores reconvertida) sirve comidas b\u00e1sicas reci\u00e9n preparadas, as\u00ed como bocadillos y bebidas fr\u00edas y calientes. Kayaks y divertidos botes el\u00e9ctricos disponibles para alquilar desde la playa. Alquiler de hamacas y sombrillas. Detr\u00e1s de la playa, puede disfrutar de helados, crepes y otros alimentos y bebidas disponibles. Las c\u00e1lidas aguas poco profundas de esta bah\u00eda hacen que este complejo sea muy popular entre las familias con ni\u00f1os peque\u00f1os, aunque la playa es lo suficientemente grande si necesita algo de espacio.<\/p>\n<p><\/p>\n<p><em>Licencia tur\u00edstica:&nbsp;ET3074ME<\/em><\/p>\n","protected":false},"excerpt":{"rendered":"<p>Esta hermosa villa, de 4 dormitorios recientemente renovada, est\u00e1 ubicada en el popular complejo de Binibeca, y tiene mucho espacio tanto por dentro como por fuera, para disfrutar de unas relajantes vacaciones en familia. Ha sido construida con la famosa piedra blaear de mares, que la distingue del resto.<\/p>\n<p><\/p>\n<p>Se accede a la villa a trav\u00e9s de en un amplio hall, desde el cual se ingresa al sal\u00f3n, comedor y cocina de planta abierta. El sal\u00f3n, muy amplio, est\u00e1 separado del comedor y la cocina con un gran arco. El sal\u00f3n tiene sof\u00e1s, mesa de caf\u00e9 y una gran chimenea. Hay un Smart TV para que pueda acceder a Netflix, Amazon Prime, etc.<\/p>\n<p>El comedor tiene una mesa con sillas, y tiene acceso a la terraza. La cocina es de planta abierta y tiene lavavajillas, horno, vitrocer\u00e1mica, microondas y frigor\u00edfico, adem\u00e1s de toda la vajilla y cuberter\u00eda necesar\u00eda para unas vacaciones con cocina.<\/p>\n<p>A la Master suite con cama de matrimonio se accede a trav\u00e9s de un espacioso vestidor y cuenta con un exclusivo ba\u00f1o moderno, hecho a mano y acorde con el estilo tradicional menorqu\u00edn. Este ba\u00f1o tiene tocador, ducha y wc.<\/p>\n<p>Dos de los dormitorios, a los que se accede desde el hall de entrada, son dobles y comparten un ba\u00f1o, nuevamente en el mismo estilo que la suite principal. Este ba\u00f1o tiene dos lavabos, un medio ba\u00f1o con ducha grande y wc.<\/p>\n<p>Desde la cocina se accede un dormitorio anexo, que tiene una cama doble peque\u00f1a y ba\u00f1o con lavabo, gran ducha a ras de suelo y wc.<\/p>\n<p>Todos los dormitorios tienen aire acondicionado.<\/p>\n<p>En el exterior hay una terraza que se accede desde el comedor, que proporciona mucha sombra. Tiene una gran mesa para comer al aire libre, as\u00ed como un sof\u00e1 de esquina. Desde la terraza hay escalones que conducen a una zona para tomar el sol con grandes tumbonas fijas que dan a la piscina. Hay escalones adicionales para acceder a la \u00e1rea de la piscina donde hay hamacas y m\u00e1s espacio para tomar el sol. La piscina es de 8\u00d76 metros con escalera romana.<\/p>\n<p>Tambi\u00e9n encontrar\u00e1 una terraza en la azotea con impresionantes vistas al mar, una cocina exterior y una mesa de comedor.<\/p>\n<p>Si bien la casa en s\u00ed es de un solo nivel, vale la pena se\u00f1alar que hay bastantes escalones para acceder a las diferentes partes de las \u00e1reas para tomar el sol y la piscina.<\/p>\n<p>Las toallas para la piscina y los secadores de pelo est\u00e1n incluidos en el precio.<\/p>\n<p><\/p>\n<p><strong>Ubicaci\u00f3n y distancias:<\/strong><\/p>\n<p>Aeropuerto a 20 minutos en coche. Playa a 15 minutos andando. Tiendas a 10 minutos andando. Restaurantes a 10 minutos andando.<\/p>\n<p>Se recomienda alquilar un coche.<\/p>\n<h3><strong>Zona:&nbsp;<\/strong><\/h3>\n<p><strong>Binibeca:<\/strong><\/p>\n<p>Es un complejo tranquilo, id\u00edlico y popular en la hermosa costa sur de Menorca. Es una opci\u00f3n perfecta para los turistas que desean escapar del ruido y las multitudes de otras \u00e1reas m\u00e1s pobladas. Aqu\u00ed no encontrar\u00e1 hoteles que destruyan el horizonte o grandes complejos vacacionales.<\/p>\n<p><strong>Playa:&nbsp;<\/strong><\/p>\n<p>La playa m\u00e1s cercana es la playa de Binibeca, una cala de arena fina blanca y agua turquesa, con un \u00e1rea de picnic con sombra en la parte trasera y ba\u00f1os gratuitos. Aparcamiento gratuito en la parte trasera y al borde de la carretera. Con fondo arenoso poco profundo y bordeado en ambos lados por rocas para un excelente esn\u00f3rquel. El bar de la playa de Los Bucaneros (caba\u00f1a de pescadores reconvertida) sirve comidas b\u00e1sicas reci\u00e9n preparadas, as\u00ed como bocadillos y bebidas fr\u00edas y calientes. Kayaks y divertidos botes el\u00e9ctricos disponibles para alquilar desde la playa. Alquiler de hamacas y sombrillas. Detr\u00e1s de la playa, puede disfrutar de helados, crepes y otros alimentos y bebidas disponibles. Las c\u00e1lidas aguas poco profundas de esta bah\u00eda hacen que este complejo sea muy popular entre las familias con ni\u00f1os peque\u00f1os, aunque la playa es lo suficientemente grande si necesita algo de espacio.<\/p>\n<p><\/p>\n<p><em>Licencia tur\u00edstica:&nbsp;ET3074ME<\/em><\/p>\n","protected":false},"featured_media":41914,"template":"","meta":{"_acf_changed":false},"product_brand":[],"product_cat":[15],"product_tag":[],"amenities":[315,129,311,312,155,313,318,316,153],"class_list":{"0":"post-44353","1":"product","2":"type-product","3":"status-publish","4":"has-post-thumbnail","6":"product_cat-sin-categorizar","7":"amenities-ac","8":"amenities-bbq","9":"amenities-iptv","10":"amenities-lounge-dining-room","11":"amenities-luxury-villa","12":"amenities-pool","13":"amenities-sea-view","14":"amenities-terrace","15":"amenities-wifi","17":"first","18":"instock","19":"shipping-taxable","20":"purchasable","21":"product-type-simple"},"acf":[],"yoast_head":"<!-- This site is optimized with the Yoast SEO Premium plugin v26.7 (Yoast SEO v26.7) - https:\/\/yoast.com\/wordpress\/plugins\/seo\/ -->\n<title>Casa Mares | Menorca Villas<\/title>\n<meta name=\"robots\" content=\"index, follow, max-snippet:-1, max-image-preview:large, max-video-preview:-1\" \/>\n<link rel=\"canonical\" href=\"https:\/\/menorcavillas.co.uk\/es\/villas-menorca\/casa-mares-3\/\" \/>\n<meta property=\"og:locale\" content=\"es_ES\" \/>\n<meta property=\"og:type\" content=\"article\" \/>\n<meta property=\"og:title\" content=\"Casa Mares\" \/>\n<meta property=\"og:description\" content=\"Esta hermosa villa, de 4 dormitorios recientemente renovada, est\u00e1 ubicada en el popular complejo de Binibeca, y tiene mucho espacio tanto por dentro como por fuera, para disfrutar de unas relajantes vacaciones en familia. Ha sido construida con la famosa piedra blaear de mares, que la distingue del resto.Se accede a la villa a trav\u00e9s de en un amplio hall, desde el cual se ingresa al sal\u00f3n, comedor y cocina de planta abierta. El sal\u00f3n, muy amplio, est\u00e1 separado del comedor y la cocina con un gran arco. El sal\u00f3n tiene sof\u00e1s, mesa de caf\u00e9 y una gran chimenea. Hay un Smart TV para que pueda acceder a Netflix, Amazon Prime, etc.El comedor tiene una mesa con sillas, y tiene acceso a la terraza. La cocina es de planta abierta y tiene lavavajillas, horno, vitrocer\u00e1mica, microondas y frigor\u00edfico, adem\u00e1s de toda la vajilla y cuberter\u00eda necesar\u00eda para unas vacaciones con cocina.A la Master suite con cama de matrimonio se accede a trav\u00e9s de un espacioso vestidor y cuenta con un exclusivo ba\u00f1o moderno, hecho a mano y acorde con el estilo tradicional menorqu\u00edn. Este ba\u00f1o tiene tocador, ducha y wc.Dos de los dormitorios, a los que se accede desde el hall de entrada, son dobles y comparten un ba\u00f1o, nuevamente en el mismo estilo que la suite principal. Este ba\u00f1o tiene dos lavabos, un medio ba\u00f1o con ducha grande y wc.Desde la cocina se accede un dormitorio anexo, que tiene una cama doble peque\u00f1a y ba\u00f1o con lavabo, gran ducha a ras de suelo y wc.Todos los dormitorios tienen aire acondicionado.En el exterior hay una terraza que se accede desde el comedor, que proporciona mucha sombra. Tiene una gran mesa para comer al aire libre, as\u00ed como un sof\u00e1 de esquina. Desde la terraza hay escalones que conducen a una zona para tomar el sol con grandes tumbonas fijas que dan a la piscina. Hay escalones adicionales para acceder a la \u00e1rea de la piscina donde hay hamacas y m\u00e1s espacio para tomar el sol. La piscina es de 8\u00d76 metros con escalera romana.Tambi\u00e9n encontrar\u00e1 una terraza en la azotea con impresionantes vistas al mar, una cocina exterior y una mesa de comedor.Si bien la casa en s\u00ed es de un solo nivel, vale la pena se\u00f1alar que hay bastantes escalones para acceder a las diferentes partes de las \u00e1reas para tomar el sol y la piscina.Las toallas para la piscina y los secadores de pelo est\u00e1n incluidos en el precio.Ubicaci\u00f3n y distancias:Aeropuerto a 20 minutos en coche. Playa a 15 minutos andando. Tiendas a 10 minutos andando. Restaurantes a 10 minutos andando.Se recomienda alquilar un coche.Zona:&nbsp;Binibeca:Es un complejo tranquilo, id\u00edlico y popular en la hermosa costa sur de Menorca. Es una opci\u00f3n perfecta para los turistas que desean escapar del ruido y las multitudes de otras \u00e1reas m\u00e1s pobladas. Aqu\u00ed no encontrar\u00e1 hoteles que destruyan el horizonte o grandes complejos vacacionales.Playa:&nbsp;La playa m\u00e1s cercana es la playa de Binibeca, una cala de arena fina blanca y agua turquesa, con un \u00e1rea de picnic con sombra en la parte trasera y ba\u00f1os gratuitos. Aparcamiento gratuito en la parte trasera y al borde de la carretera. Con fondo arenoso poco profundo y bordeado en ambos lados por rocas para un excelente esn\u00f3rquel. El bar de la playa de Los Bucaneros (caba\u00f1a de pescadores reconvertida) sirve comidas b\u00e1sicas reci\u00e9n preparadas, as\u00ed como bocadillos y bebidas fr\u00edas y calientes. Kayaks y divertidos botes el\u00e9ctricos disponibles para alquilar desde la playa. Alquiler de hamacas y sombrillas. Detr\u00e1s de la playa, puede disfrutar de helados, crepes y otros alimentos y bebidas disponibles. Las c\u00e1lidas aguas poco profundas de esta bah\u00eda hacen que este complejo sea muy popular entre las familias con ni\u00f1os peque\u00f1os, aunque la playa es lo suficientemente grande si necesita algo de espacio.Licencia tur\u00edstica:&nbsp;ET3074ME\" \/>\n<meta property=\"og:url\" content=\"https:\/\/menorcavillas.co.uk\/es\/villas-menorca\/casa-mares-3\/\" \/>\n<meta property=\"og:site_name\" content=\"Menorca Villas\" \/>\n<meta property=\"article:publisher\" content=\"https:\/\/www.facebook.com\/menorcavillasmenorca\/\" \/>\n<meta property=\"article:modified_time\" content=\"2026-03-30T09:59:16+00:00\" \/>\n<meta property=\"og:image\" content=\"https:\/\/menorcavillas.co.uk\/wp-content\/uploads\/2026\/01\/properties2FmgHKqxsfS6aDKvqMozWd-1735831834034-1.jpeg\" \/>\n\t<meta property=\"og:image:width\" content=\"2560\" \/>\n\t<meta property=\"og:image:height\" content=\"1920\" \/>\n\t<meta property=\"og:image:type\" content=\"image\/jpeg\" \/>\n<meta name=\"twitter:card\" content=\"summary_large_image\" \/>\n<meta name=\"twitter:label1\" content=\"Tiempo de lectura\" \/>\n\t<meta name=\"twitter:data1\" content=\"3 minutos\" \/>\n<script type=\"application\/ld+json\" class=\"yoast-schema-graph\">{\"@context\":\"https:\/\/schema.org\",\"@graph\":[{\"@type\":\"WebPage\",\"@id\":\"https:\/\/menorcavillas.co.uk\/es\/villas-menorca\/casa-mares-3\/\",\"url\":\"https:\/\/menorcavillas.co.uk\/es\/villas-menorca\/casa-mares-3\/\",\"name\":\"Casa Mares | Menorca Villas\",\"isPartOf\":{\"@id\":\"https:\/\/menorcavillas.co.uk\/es\/#website\"},\"primaryImageOfPage\":{\"@id\":\"https:\/\/menorcavillas.co.uk\/es\/villas-menorca\/casa-mares-3\/#primaryimage\"},\"image\":{\"@id\":\"https:\/\/menorcavillas.co.uk\/es\/villas-menorca\/casa-mares-3\/#primaryimage\"},\"thumbnailUrl\":\"https:\/\/menorcavillas.co.uk\/wp-content\/uploads\/2026\/01\/properties2FmgHKqxsfS6aDKvqMozWd-1735831834034-1.jpeg\",\"datePublished\":\"2026-01-19T12:58:12+00:00\",\"dateModified\":\"2026-03-30T09:59:16+00:00\",\"breadcrumb\":{\"@id\":\"https:\/\/menorcavillas.co.uk\/es\/villas-menorca\/casa-mares-3\/#breadcrumb\"},\"inLanguage\":\"es\",\"potentialAction\":[{\"@type\":\"ReadAction\",\"target\":[\"https:\/\/menorcavillas.co.uk\/es\/villas-menorca\/casa-mares-3\/\"]}]},{\"@type\":\"ImageObject\",\"inLanguage\":\"es\",\"@id\":\"https:\/\/menorcavillas.co.uk\/es\/villas-menorca\/casa-mares-3\/#primaryimage\",\"url\":\"https:\/\/menorcavillas.co.uk\/wp-content\/uploads\/2026\/01\/properties2FmgHKqxsfS6aDKvqMozWd-1735831834034-1.jpeg\",\"contentUrl\":\"https:\/\/menorcavillas.co.uk\/wp-content\/uploads\/2026\/01\/properties2FmgHKqxsfS6aDKvqMozWd-1735831834034-1.jpeg\",\"width\":2560,\"height\":1920},{\"@type\":\"BreadcrumbList\",\"@id\":\"https:\/\/menorcavillas.co.uk\/es\/villas-menorca\/casa-mares-3\/#breadcrumb\",\"itemListElement\":[{\"@type\":\"ListItem\",\"position\":1,\"name\":\"Menorca Villas\",\"item\":\"https:\/\/menorcavillas.co.uk\/es\/\"},{\"@type\":\"ListItem\",\"position\":2,\"name\":\"Our Villas\",\"item\":\"https:\/\/menorcavillas.co.uk\/location-2\/\"},{\"@type\":\"ListItem\",\"position\":3,\"name\":\"Casa Mares\"}]},{\"@type\":\"WebSite\",\"@id\":\"https:\/\/menorcavillas.co.uk\/es\/#website\",\"url\":\"https:\/\/menorcavillas.co.uk\/es\/\",\"name\":\"Menorca Villas\",\"description\":\"Holiday Rentals Menorca\",\"publisher\":{\"@id\":\"https:\/\/menorcavillas.co.uk\/es\/#organization\"},\"potentialAction\":[{\"@type\":\"SearchAction\",\"target\":{\"@type\":\"EntryPoint\",\"urlTemplate\":\"https:\/\/menorcavillas.co.uk\/es\/?s={search_term_string}\"},\"query-input\":{\"@type\":\"PropertyValueSpecification\",\"valueRequired\":true,\"valueName\":\"search_term_string\"}}],\"inLanguage\":\"es\"},{\"@type\":\"Organization\",\"@id\":\"https:\/\/menorcavillas.co.uk\/es\/#organization\",\"name\":\"Menorca Villas\",\"url\":\"https:\/\/menorcavillas.co.uk\/es\/\",\"logo\":{\"@type\":\"ImageObject\",\"inLanguage\":\"es\",\"@id\":\"https:\/\/menorcavillas.co.uk\/es\/#\/schema\/logo\/image\/\",\"url\":\"\",\"contentUrl\":\"\",\"caption\":\"Menorca Villas\"},\"image\":{\"@id\":\"https:\/\/menorcavillas.co.uk\/es\/#\/schema\/logo\/image\/\"},\"sameAs\":[\"https:\/\/www.facebook.com\/menorcavillasmenorca\/\"]}]}<\/script>\n<!-- \/ Yoast SEO Premium plugin. -->","yoast_head_json":{"title":"Casa Mares | Menorca Villas","robots":{"index":"index","follow":"follow","max-snippet":"max-snippet:-1","max-image-preview":"max-image-preview:large","max-video-preview":"max-video-preview:-1"},"canonical":"https:\/\/menorcavillas.co.uk\/es\/villas-menorca\/casa-mares-3\/","og_locale":"es_ES","og_type":"article","og_title":"Casa Mares","og_description":"Esta hermosa villa, de 4 dormitorios recientemente renovada, est\u00e1 ubicada en el popular complejo de Binibeca, y tiene mucho espacio tanto por dentro como por fuera, para disfrutar de unas relajantes vacaciones en familia. Ha sido construida con la famosa piedra blaear de mares, que la distingue del resto.Se accede a la villa a trav\u00e9s de en un amplio hall, desde el cual se ingresa al sal\u00f3n, comedor y cocina de planta abierta. El sal\u00f3n, muy amplio, est\u00e1 separado del comedor y la cocina con un gran arco. El sal\u00f3n tiene sof\u00e1s, mesa de caf\u00e9 y una gran chimenea. Hay un Smart TV para que pueda acceder a Netflix, Amazon Prime, etc.El comedor tiene una mesa con sillas, y tiene acceso a la terraza. La cocina es de planta abierta y tiene lavavajillas, horno, vitrocer\u00e1mica, microondas y frigor\u00edfico, adem\u00e1s de toda la vajilla y cuberter\u00eda necesar\u00eda para unas vacaciones con cocina.A la Master suite con cama de matrimonio se accede a trav\u00e9s de un espacioso vestidor y cuenta con un exclusivo ba\u00f1o moderno, hecho a mano y acorde con el estilo tradicional menorqu\u00edn. Este ba\u00f1o tiene tocador, ducha y wc.Dos de los dormitorios, a los que se accede desde el hall de entrada, son dobles y comparten un ba\u00f1o, nuevamente en el mismo estilo que la suite principal. Este ba\u00f1o tiene dos lavabos, un medio ba\u00f1o con ducha grande y wc.Desde la cocina se accede un dormitorio anexo, que tiene una cama doble peque\u00f1a y ba\u00f1o con lavabo, gran ducha a ras de suelo y wc.Todos los dormitorios tienen aire acondicionado.En el exterior hay una terraza que se accede desde el comedor, que proporciona mucha sombra. Tiene una gran mesa para comer al aire libre, as\u00ed como un sof\u00e1 de esquina. Desde la terraza hay escalones que conducen a una zona para tomar el sol con grandes tumbonas fijas que dan a la piscina. Hay escalones adicionales para acceder a la \u00e1rea de la piscina donde hay hamacas y m\u00e1s espacio para tomar el sol. La piscina es de 8\u00d76 metros con escalera romana.Tambi\u00e9n encontrar\u00e1 una terraza en la azotea con impresionantes vistas al mar, una cocina exterior y una mesa de comedor.Si bien la casa en s\u00ed es de un solo nivel, vale la pena se\u00f1alar que hay bastantes escalones para acceder a las diferentes partes de las \u00e1reas para tomar el sol y la piscina.Las toallas para la piscina y los secadores de pelo est\u00e1n incluidos en el precio.Ubicaci\u00f3n y distancias:Aeropuerto a 20 minutos en coche. Playa a 15 minutos andando. Tiendas a 10 minutos andando. Restaurantes a 10 minutos andando.Se recomienda alquilar un coche.Zona:&nbsp;Binibeca:Es un complejo tranquilo, id\u00edlico y popular en la hermosa costa sur de Menorca. Es una opci\u00f3n perfecta para los turistas que desean escapar del ruido y las multitudes de otras \u00e1reas m\u00e1s pobladas. Aqu\u00ed no encontrar\u00e1 hoteles que destruyan el horizonte o grandes complejos vacacionales.Playa:&nbsp;La playa m\u00e1s cercana es la playa de Binibeca, una cala de arena fina blanca y agua turquesa, con un \u00e1rea de picnic con sombra en la parte trasera y ba\u00f1os gratuitos. Aparcamiento gratuito en la parte trasera y al borde de la carretera. Con fondo arenoso poco profundo y bordeado en ambos lados por rocas para un excelente esn\u00f3rquel. El bar de la playa de Los Bucaneros (caba\u00f1a de pescadores reconvertida) sirve comidas b\u00e1sicas reci\u00e9n preparadas, as\u00ed como bocadillos y bebidas fr\u00edas y calientes. Kayaks y divertidos botes el\u00e9ctricos disponibles para alquilar desde la playa. Alquiler de hamacas y sombrillas. Detr\u00e1s de la playa, puede disfrutar de helados, crepes y otros alimentos y bebidas disponibles. Las c\u00e1lidas aguas poco profundas de esta bah\u00eda hacen que este complejo sea muy popular entre las familias con ni\u00f1os peque\u00f1os, aunque la playa es lo suficientemente grande si necesita algo de espacio.Licencia tur\u00edstica:&nbsp;ET3074ME","og_url":"https:\/\/menorcavillas.co.uk\/es\/villas-menorca\/casa-mares-3\/","og_site_name":"Menorca Villas","article_publisher":"https:\/\/www.facebook.com\/menorcavillasmenorca\/","article_modified_time":"2026-03-30T09:59:16+00:00","og_image":[{"width":2560,"height":1920,"url":"https:\/\/menorcavillas.co.uk\/wp-content\/uploads\/2026\/01\/properties2FmgHKqxsfS6aDKvqMozWd-1735831834034-1.jpeg","type":"image\/jpeg"}],"twitter_card":"summary_large_image","twitter_misc":{"Tiempo de lectura":"3 minutos"},"schema":{"@context":"https:\/\/schema.org","@graph":[{"@type":"WebPage","@id":"https:\/\/menorcavillas.co.uk\/es\/villas-menorca\/casa-mares-3\/","url":"https:\/\/menorcavillas.co.uk\/es\/villas-menorca\/casa-mares-3\/","name":"Casa Mares | Menorca Villas","isPartOf":{"@id":"https:\/\/menorcavillas.co.uk\/es\/#website"},"primaryImageOfPage":{"@id":"https:\/\/menorcavillas.co.uk\/es\/villas-menorca\/casa-mares-3\/#primaryimage"},"image":{"@id":"https:\/\/menorcavillas.co.uk\/es\/villas-menorca\/casa-mares-3\/#primaryimage"},"thumbnailUrl":"https:\/\/menorcavillas.co.uk\/wp-content\/uploads\/2026\/01\/properties2FmgHKqxsfS6aDKvqMozWd-1735831834034-1.jpeg","datePublished":"2026-01-19T12:58:12+00:00","dateModified":"2026-03-30T09:59:16+00:00","breadcrumb":{"@id":"https:\/\/menorcavillas.co.uk\/es\/villas-menorca\/casa-mares-3\/#breadcrumb"},"inLanguage":"es","potentialAction":[{"@type":"ReadAction","target":["https:\/\/menorcavillas.co.uk\/es\/villas-menorca\/casa-mares-3\/"]}]},{"@type":"ImageObject","inLanguage":"es","@id":"https:\/\/menorcavillas.co.uk\/es\/villas-menorca\/casa-mares-3\/#primaryimage","url":"https:\/\/menorcavillas.co.uk\/wp-content\/uploads\/2026\/01\/properties2FmgHKqxsfS6aDKvqMozWd-1735831834034-1.jpeg","contentUrl":"https:\/\/menorcavillas.co.uk\/wp-content\/uploads\/2026\/01\/properties2FmgHKqxsfS6aDKvqMozWd-1735831834034-1.jpeg","width":2560,"height":1920},{"@type":"BreadcrumbList","@id":"https:\/\/menorcavillas.co.uk\/es\/villas-menorca\/casa-mares-3\/#breadcrumb","itemListElement":[{"@type":"ListItem","position":1,"name":"Menorca Villas","item":"https:\/\/menorcavillas.co.uk\/es\/"},{"@type":"ListItem","position":2,"name":"Our Villas","item":"https:\/\/menorcavillas.co.uk\/location-2\/"},{"@type":"ListItem","position":3,"name":"Casa Mares"}]},{"@type":"WebSite","@id":"https:\/\/menorcavillas.co.uk\/es\/#website","url":"https:\/\/menorcavillas.co.uk\/es\/","name":"Menorca Villas","description":"Holiday Rentals Menorca","publisher":{"@id":"https:\/\/menorcavillas.co.uk\/es\/#organization"},"potentialAction":[{"@type":"SearchAction","target":{"@type":"EntryPoint","urlTemplate":"https:\/\/menorcavillas.co.uk\/es\/?s={search_term_string}"},"query-input":{"@type":"PropertyValueSpecification","valueRequired":true,"valueName":"search_term_string"}}],"inLanguage":"es"},{"@type":"Organization","@id":"https:\/\/menorcavillas.co.uk\/es\/#organization","name":"Menorca Villas","url":"https:\/\/menorcavillas.co.uk\/es\/","logo":{"@type":"ImageObject","inLanguage":"es","@id":"https:\/\/menorcavillas.co.uk\/es\/#\/schema\/logo\/image\/","url":"","contentUrl":"","caption":"Menorca Villas"},"image":{"@id":"https:\/\/menorcavillas.co.uk\/es\/#\/schema\/logo\/image\/"},"sameAs":["https:\/\/www.facebook.com\/menorcavillasmenorca\/"]}]}},"_links":{"self":[{"href":"https:\/\/menorcavillas.co.uk\/es\/wp-json\/wp\/v2\/product\/44353","targetHints":{"allow":["GET"]}}],"collection":[{"href":"https:\/\/menorcavillas.co.uk\/es\/wp-json\/wp\/v2\/product"}],"about":[{"href":"https:\/\/menorcavillas.co.uk\/es\/wp-json\/wp\/v2\/types\/product"}],"wp:featuredmedia":[{"embeddable":true,"href":"https:\/\/menorcavillas.co.uk\/es\/wp-json\/wp\/v2\/media\/41914"}],"wp:attachment":[{"href":"https:\/\/menorcavillas.co.uk\/es\/wp-json\/wp\/v2\/media?parent=44353"}],"wp:term":[{"taxonomy":"product_brand","embeddable":true,"href":"https:\/\/menorcavillas.co.uk\/es\/wp-json\/wp\/v2\/product_brand?post=44353"},{"taxonomy":"product_cat","embeddable":true,"href":"https:\/\/menorcavillas.co.uk\/es\/wp-json\/wp\/v2\/product_cat?post=44353"},{"taxonomy":"product_tag","embeddable":true,"href":"https:\/\/menorcavillas.co.uk\/es\/wp-json\/wp\/v2\/product_tag?post=44353"},{"taxonomy":"amenities","embeddable":true,"href":"https:\/\/menorcavillas.co.uk\/es\/wp-json\/wp\/v2\/amenities?post=44353"}],"curies":[{"name":"wp","href":"https:\/\/api.w.org\/{rel}","templated":true}]}}