{"id":44186,"date":"2026-01-16T18:07:35","date_gmt":"2026-01-16T17:07:35","guid":{"rendered":"https:\/\/menorcavillas.co.uk\/?post_type=product&#038;p=44186"},"modified":"2026-04-07T09:18:07","modified_gmt":"2026-04-07T07:18:07","slug":"villa-leocadia-2","status":"publish","type":"product","link":"https:\/\/menorcavillas.co.uk\/es\/villas-menorca\/villa-leocadia-2\/","title":{"rendered":"Villa Leocadia"},"content":{"rendered":"<p>Esta magn\u00edfica villa de cuatro habitaciones se encuentra en Binibeca Vell. Est\u00e1 tan cerca del antiguo poblado de pescadores, con todos sus restaurantes, que se puede llegar f\u00e1cilmente a pie; adem\u00e1s de estar tambi\u00e9n cerca de Binibeca Nou, que cuenta con a\u00fan m\u00e1s restaurantes y bares y la bonita playa de Binibeca.<\/p>\n<p><span style=\"color: rgb(30, 165, 149);\">Ver m\u00e1s<\/span><\/p>\n<p>Tiene una cocina totalmente nueva, que ofrece todo lo que uno podr\u00eda necesitar para unas vacaciones; un horno el\u00e9ctrico integral, microondas, cocina el\u00e9ctrica, hervidora de agua y tostadora.<\/p>\n<p>Hay un gran sal\u00f3n\/comedor con una mesa que acomoda f\u00e1cilmente a 8 personas. La propiedad cuenta con 3 televisiones, uno en este sal\u00f3n y luego dos de las habitaciones tambi\u00e9n cuentan con uno. Cada televisioon tiene un sistema de IPTV que incluye todos los canales ingleses y varios internacionales.<\/p>\n<p>Todas las cuatro habitaciones tienen armarios empotrados y aire acondicionado. La habitaci\u00f3n principal ofrece una cama king size y un ba\u00f1o ensuite con una ducha amplia, v\u00e1ter y lavabo. Otra habitaci\u00f3n con cama king size tambi\u00e9n tiene ensuite con las mismas caracter\u00edsticas. Hay adem\u00e1s dos habitaciones con dos camas individuales en cada una que comparten un ba\u00f1o, tambi\u00e9n con ducha, v\u00e1ter y lavabo.<\/p>\n<p>Hay un lavadero aparte con una lavadora y una pica.<\/p>\n<p>La villa se encuentra situada en un terreno amplio con una zona de c\u00e9sped, plantas y una gran piscina. Hay una bonita terraza con una barbacoa integral, sillas donde relajarse y disfrutar de la sombra adem\u00e1s de contar con abundante espacio para tomar el sol alrededor de la piscina. Goza tambi\u00e9n de una azotea desde donde se aprecian vistas al mar.<\/p>\n<p><strong>Incluye:<\/strong><\/p>\n<ul>\n<li>Toallas de playa<\/li>\n<li>Secadoras de pelo<\/li>\n<\/ul>\n<p><\/p>\n<p><strong>Localizaci\u00f3n y distancias<\/strong><\/p>\n<p>Aeropuerto 20 min en coche, Playa 15 min a pie, Tiendas yRestaurantes 5 min a pie<\/p>\n<p>Coche de alquiler recomendado<\/p>\n<p><\/p>\n<p><strong>Zona:<\/strong><\/p>\n<p><strong>Binibeca<\/strong>&nbsp;es una urbanizaci\u00f3n tranquila, id\u00edlica y popular en la preciosa costa sur de Menorca, y es la opci\u00f3n perfecta para aquellos turistas que busquen alejarse del ruido y de las muchedumbres de las zonas m\u00e1s urbanizadas. Aqu\u00ed no encontrar\u00e1 ning\u00fan gran complejo vacacional ni ning\u00fan gran hotel que interrumpa las magn\u00edficas vistas.<\/p>\n<p><strong>Playa:<\/strong>&nbsp;Una atractiva y profunda playa de arena blanca y fina con una zona de picnic sombreada en la parte posterior con lavabos p\u00fablicos. Zona de parking gratis abiertamente disponible. Las aguas de la playa est\u00e1n protegidas por un cabo prominente en el horizonte. Poco profunda, con fondo de arena blanca y flanqueada por rocas en ambos lados, es perfecta para hacer snorkel. El chiringuito, Los Bucaneros (una antigua caba\u00f1a de pescadores convertida en bar) sirve platos b\u00e1sicos frescos, adem\u00e1s de patatas, etc. y bebidas calientes y fr\u00edas. Cuenta con socorrista. Se pueden alquiler kayaks y botes el\u00e9ctricos desde la misma playa. Tambi\u00e9n cuenta con servicio de alquiler de hamacas y parasoles. En la calle, subiendo de la playa hay otro peque\u00f1o chiringuito donde se pueden comprar helados, crepes y otros tipos de bebidas y comida. La c\u00e1lida agua poco profunda de esta playa la convierte en una de las m\u00e1s populares con familias con hijos peque\u00f1os, pero la playa es suficientemente grande como para que todos tengan espacio.<\/p>\n<p><\/p>\n<p><em>Licencia tur\u00edstica: VT382ME<\/em><\/p>\n","protected":false},"excerpt":{"rendered":"<p>Esta magn\u00edfica villa de cuatro habitaciones se encuentra en Binibeca Vell. Est\u00e1 tan cerca del antiguo poblado de pescadores, con todos sus restaurantes, que se puede llegar f\u00e1cilmente a pie; adem\u00e1s de estar tambi\u00e9n cerca de Binibeca Nou, que cuenta con a\u00fan m\u00e1s restaurantes y bares y la bonita playa de Binibeca.<\/p>\n<p><span style=\"color: rgb(30, 165, 149);\">Ver m\u00e1s<\/span><\/p>\n<p>Tiene una cocina totalmente nueva, que ofrece todo lo que uno podr\u00eda necesitar para unas vacaciones; un horno el\u00e9ctrico integral, microondas, cocina el\u00e9ctrica, hervidora de agua y tostadora.<\/p>\n<p>Hay un gran sal\u00f3n\/comedor con una mesa que acomoda f\u00e1cilmente a 8 personas. La propiedad cuenta con 3 televisiones, uno en este sal\u00f3n y luego dos de las habitaciones tambi\u00e9n cuentan con uno. Cada televisioon tiene un sistema de IPTV que incluye todos los canales ingleses y varios internacionales.<\/p>\n<p>Todas las cuatro habitaciones tienen armarios empotrados y aire acondicionado. La habitaci\u00f3n principal ofrece una cama king size y un ba\u00f1o ensuite con una ducha amplia, v\u00e1ter y lavabo. Otra habitaci\u00f3n con cama king size tambi\u00e9n tiene ensuite con las mismas caracter\u00edsticas. Hay adem\u00e1s dos habitaciones con dos camas individuales en cada una que comparten un ba\u00f1o, tambi\u00e9n con ducha, v\u00e1ter y lavabo.<\/p>\n<p>Hay un lavadero aparte con una lavadora y una pica.<\/p>\n<p>La villa se encuentra situada en un terreno amplio con una zona de c\u00e9sped, plantas y una gran piscina. Hay una bonita terraza con una barbacoa integral, sillas donde relajarse y disfrutar de la sombra adem\u00e1s de contar con abundante espacio para tomar el sol alrededor de la piscina. Goza tambi\u00e9n de una azotea desde donde se aprecian vistas al mar.<\/p>\n<p><strong>Incluye:<\/strong><\/p>\n<ul>\n<li>Toallas de playa<\/li>\n<li>Secadoras de pelo<\/li>\n<\/ul>\n<p><\/p>\n<p><strong>Localizaci\u00f3n y distancias<\/strong><\/p>\n<p>Aeropuerto 20 min en coche, Playa 15 min a pie, Tiendas yRestaurantes 5 min a pie<\/p>\n<p>Coche de alquiler recomendado<\/p>\n<p><\/p>\n<p><strong>Zona:<\/strong><\/p>\n<p><strong>Binibeca<\/strong>&nbsp;es una urbanizaci\u00f3n tranquila, id\u00edlica y popular en la preciosa costa sur de Menorca, y es la opci\u00f3n perfecta para aquellos turistas que busquen alejarse del ruido y de las muchedumbres de las zonas m\u00e1s urbanizadas. Aqu\u00ed no encontrar\u00e1 ning\u00fan gran complejo vacacional ni ning\u00fan gran hotel que interrumpa las magn\u00edficas vistas.<\/p>\n<p><strong>Playa:<\/strong>&nbsp;Una atractiva y profunda playa de arena blanca y fina con una zona de picnic sombreada en la parte posterior con lavabos p\u00fablicos. Zona de parking gratis abiertamente disponible. Las aguas de la playa est\u00e1n protegidas por un cabo prominente en el horizonte. Poco profunda, con fondo de arena blanca y flanqueada por rocas en ambos lados, es perfecta para hacer snorkel. El chiringuito, Los Bucaneros (una antigua caba\u00f1a de pescadores convertida en bar) sirve platos b\u00e1sicos frescos, adem\u00e1s de patatas, etc. y bebidas calientes y fr\u00edas. Cuenta con socorrista. Se pueden alquiler kayaks y botes el\u00e9ctricos desde la misma playa. Tambi\u00e9n cuenta con servicio de alquiler de hamacas y parasoles. En la calle, subiendo de la playa hay otro peque\u00f1o chiringuito donde se pueden comprar helados, crepes y otros tipos de bebidas y comida. La c\u00e1lida agua poco profunda de esta playa la convierte en una de las m\u00e1s populares con familias con hijos peque\u00f1os, pero la playa es suficientemente grande como para que todos tengan espacio.<\/p>\n<p><\/p>\n<p><em>Licencia tur\u00edstica: VT382ME<\/em><\/p>\n","protected":false},"featured_media":93295,"comment_status":"open","ping_status":"closed","template":"","meta":{"_acf_changed":false},"product_brand":[],"product_cat":[15],"product_tag":[],"amenities":[315,129,314,311,312,155,313,318,316,153],"class_list":{"0":"post-44186","1":"product","2":"type-product","3":"status-publish","4":"has-post-thumbnail","6":"product_cat-sin-categorizar","7":"amenities-ac","8":"amenities-bbq","9":"amenities-garage","10":"amenities-iptv","11":"amenities-lounge-dining-room","12":"amenities-luxury-villa","13":"amenities-pool","14":"amenities-sea-view","15":"amenities-terrace","16":"amenities-wifi","18":"first","19":"instock","20":"shipping-taxable","21":"purchasable","22":"product-type-simple"},"acf":[],"yoast_head":"<!-- This site is optimized with the Yoast SEO Premium plugin v26.7 (Yoast SEO v26.7) - https:\/\/yoast.com\/wordpress\/plugins\/seo\/ -->\n<title>Villa Leocadia | Menorca Villas<\/title>\n<meta name=\"robots\" content=\"index, follow, max-snippet:-1, max-image-preview:large, max-video-preview:-1\" \/>\n<link rel=\"canonical\" href=\"https:\/\/menorcavillas.co.uk\/es\/villas-menorca\/villa-leocadia-2\/\" \/>\n<meta property=\"og:locale\" content=\"es_ES\" \/>\n<meta property=\"og:type\" content=\"article\" \/>\n<meta property=\"og:title\" content=\"Villa Leocadia\" \/>\n<meta property=\"og:description\" content=\"Esta magn\u00edfica villa de cuatro habitaciones se encuentra en Binibeca Vell. Est\u00e1 tan cerca del antiguo poblado de pescadores, con todos sus restaurantes, que se puede llegar f\u00e1cilmente a pie; adem\u00e1s de estar tambi\u00e9n cerca de Binibeca Nou, que cuenta con a\u00fan m\u00e1s restaurantes y bares y la bonita playa de Binibeca.Ver m\u00e1sTiene una cocina totalmente nueva, que ofrece todo lo que uno podr\u00eda necesitar para unas vacaciones; un horno el\u00e9ctrico integral, microondas, cocina el\u00e9ctrica, hervidora de agua y tostadora.Hay un gran sal\u00f3n\/comedor con una mesa que acomoda f\u00e1cilmente a 8 personas. La propiedad cuenta con 3 televisiones, uno en este sal\u00f3n y luego dos de las habitaciones tambi\u00e9n cuentan con uno. Cada televisioon tiene un sistema de IPTV que incluye todos los canales ingleses y varios internacionales.Todas las cuatro habitaciones tienen armarios empotrados y aire acondicionado. La habitaci\u00f3n principal ofrece una cama king size y un ba\u00f1o ensuite con una ducha amplia, v\u00e1ter y lavabo. Otra habitaci\u00f3n con cama king size tambi\u00e9n tiene ensuite con las mismas caracter\u00edsticas. Hay adem\u00e1s dos habitaciones con dos camas individuales en cada una que comparten un ba\u00f1o, tambi\u00e9n con ducha, v\u00e1ter y lavabo.Hay un lavadero aparte con una lavadora y una pica.La villa se encuentra situada en un terreno amplio con una zona de c\u00e9sped, plantas y una gran piscina. Hay una bonita terraza con una barbacoa integral, sillas donde relajarse y disfrutar de la sombra adem\u00e1s de contar con abundante espacio para tomar el sol alrededor de la piscina. Goza tambi\u00e9n de una azotea desde donde se aprecian vistas al mar.Incluye:Toallas de playaSecadoras de peloLocalizaci\u00f3n y distanciasAeropuerto 20 min en coche, Playa 15 min a pie, Tiendas yRestaurantes 5 min a pieCoche de alquiler recomendadoZona:Binibeca&nbsp;es una urbanizaci\u00f3n tranquila, id\u00edlica y popular en la preciosa costa sur de Menorca, y es la opci\u00f3n perfecta para aquellos turistas que busquen alejarse del ruido y de las muchedumbres de las zonas m\u00e1s urbanizadas. Aqu\u00ed no encontrar\u00e1 ning\u00fan gran complejo vacacional ni ning\u00fan gran hotel que interrumpa las magn\u00edficas vistas.Playa:&nbsp;Una atractiva y profunda playa de arena blanca y fina con una zona de picnic sombreada en la parte posterior con lavabos p\u00fablicos. Zona de parking gratis abiertamente disponible. Las aguas de la playa est\u00e1n protegidas por un cabo prominente en el horizonte. Poco profunda, con fondo de arena blanca y flanqueada por rocas en ambos lados, es perfecta para hacer snorkel. El chiringuito, Los Bucaneros (una antigua caba\u00f1a de pescadores convertida en bar) sirve platos b\u00e1sicos frescos, adem\u00e1s de patatas, etc. y bebidas calientes y fr\u00edas. Cuenta con socorrista. Se pueden alquiler kayaks y botes el\u00e9ctricos desde la misma playa. Tambi\u00e9n cuenta con servicio de alquiler de hamacas y parasoles. En la calle, subiendo de la playa hay otro peque\u00f1o chiringuito donde se pueden comprar helados, crepes y otros tipos de bebidas y comida. La c\u00e1lida agua poco profunda de esta playa la convierte en una de las m\u00e1s populares con familias con hijos peque\u00f1os, pero la playa es suficientemente grande como para que todos tengan espacio.Licencia tur\u00edstica: VT382ME\" \/>\n<meta property=\"og:url\" content=\"https:\/\/menorcavillas.co.uk\/es\/villas-menorca\/villa-leocadia-2\/\" \/>\n<meta property=\"og:site_name\" content=\"Menorca Villas\" \/>\n<meta property=\"article:publisher\" content=\"https:\/\/www.facebook.com\/menorcavillasmenorca\/\" \/>\n<meta property=\"article:modified_time\" content=\"2026-04-07T07:18:07+00:00\" \/>\n<meta property=\"og:image\" content=\"https:\/\/menorcavillas.co.uk\/wp-content\/uploads\/2026\/01\/properties2FmuyyRUHr2L8hN2B4gWpH-1744034455353-1-1.jpeg\" \/>\n\t<meta property=\"og:image:width\" content=\"1920\" \/>\n\t<meta property=\"og:image:height\" content=\"1440\" \/>\n\t<meta property=\"og:image:type\" content=\"image\/jpeg\" \/>\n<meta name=\"twitter:card\" content=\"summary_large_image\" \/>\n<meta name=\"twitter:label1\" content=\"Tiempo de lectura\" \/>\n\t<meta name=\"twitter:data1\" content=\"3 minutos\" \/>\n<script type=\"application\/ld+json\" class=\"yoast-schema-graph\">{\"@context\":\"https:\/\/schema.org\",\"@graph\":[{\"@type\":\"WebPage\",\"@id\":\"https:\/\/menorcavillas.co.uk\/es\/villas-menorca\/villa-leocadia-2\/\",\"url\":\"https:\/\/menorcavillas.co.uk\/es\/villas-menorca\/villa-leocadia-2\/\",\"name\":\"Villa Leocadia | Menorca Villas\",\"isPartOf\":{\"@id\":\"https:\/\/menorcavillas.co.uk\/es\/#website\"},\"primaryImageOfPage\":{\"@id\":\"https:\/\/menorcavillas.co.uk\/es\/villas-menorca\/villa-leocadia-2\/#primaryimage\"},\"image\":{\"@id\":\"https:\/\/menorcavillas.co.uk\/es\/villas-menorca\/villa-leocadia-2\/#primaryimage\"},\"thumbnailUrl\":\"https:\/\/menorcavillas.co.uk\/wp-content\/uploads\/2026\/01\/properties2FmuyyRUHr2L8hN2B4gWpH-1744034455353-1-1.jpeg\",\"datePublished\":\"2026-01-16T17:07:35+00:00\",\"dateModified\":\"2026-04-07T07:18:07+00:00\",\"breadcrumb\":{\"@id\":\"https:\/\/menorcavillas.co.uk\/es\/villas-menorca\/villa-leocadia-2\/#breadcrumb\"},\"inLanguage\":\"es\",\"potentialAction\":[{\"@type\":\"ReadAction\",\"target\":[\"https:\/\/menorcavillas.co.uk\/es\/villas-menorca\/villa-leocadia-2\/\"]}]},{\"@type\":\"ImageObject\",\"inLanguage\":\"es\",\"@id\":\"https:\/\/menorcavillas.co.uk\/es\/villas-menorca\/villa-leocadia-2\/#primaryimage\",\"url\":\"https:\/\/menorcavillas.co.uk\/wp-content\/uploads\/2026\/01\/properties2FmuyyRUHr2L8hN2B4gWpH-1744034455353-1-1.jpeg\",\"contentUrl\":\"https:\/\/menorcavillas.co.uk\/wp-content\/uploads\/2026\/01\/properties2FmuyyRUHr2L8hN2B4gWpH-1744034455353-1-1.jpeg\",\"width\":1920,\"height\":1440},{\"@type\":\"BreadcrumbList\",\"@id\":\"https:\/\/menorcavillas.co.uk\/es\/villas-menorca\/villa-leocadia-2\/#breadcrumb\",\"itemListElement\":[{\"@type\":\"ListItem\",\"position\":1,\"name\":\"Menorca Villas\",\"item\":\"https:\/\/menorcavillas.co.uk\/es\/\"},{\"@type\":\"ListItem\",\"position\":2,\"name\":\"Our Villas\",\"item\":\"https:\/\/menorcavillas.co.uk\/location-2\/\"},{\"@type\":\"ListItem\",\"position\":3,\"name\":\"Villa Leocadia\"}]},{\"@type\":\"WebSite\",\"@id\":\"https:\/\/menorcavillas.co.uk\/es\/#website\",\"url\":\"https:\/\/menorcavillas.co.uk\/es\/\",\"name\":\"Menorca Villas\",\"description\":\"Holiday Rentals Menorca\",\"publisher\":{\"@id\":\"https:\/\/menorcavillas.co.uk\/es\/#organization\"},\"potentialAction\":[{\"@type\":\"SearchAction\",\"target\":{\"@type\":\"EntryPoint\",\"urlTemplate\":\"https:\/\/menorcavillas.co.uk\/es\/?s={search_term_string}\"},\"query-input\":{\"@type\":\"PropertyValueSpecification\",\"valueRequired\":true,\"valueName\":\"search_term_string\"}}],\"inLanguage\":\"es\"},{\"@type\":\"Organization\",\"@id\":\"https:\/\/menorcavillas.co.uk\/es\/#organization\",\"name\":\"Menorca Villas\",\"url\":\"https:\/\/menorcavillas.co.uk\/es\/\",\"logo\":{\"@type\":\"ImageObject\",\"inLanguage\":\"es\",\"@id\":\"https:\/\/menorcavillas.co.uk\/es\/#\/schema\/logo\/image\/\",\"url\":\"\",\"contentUrl\":\"\",\"caption\":\"Menorca Villas\"},\"image\":{\"@id\":\"https:\/\/menorcavillas.co.uk\/es\/#\/schema\/logo\/image\/\"},\"sameAs\":[\"https:\/\/www.facebook.com\/menorcavillasmenorca\/\"]}]}<\/script>\n<!-- \/ Yoast SEO Premium plugin. -->","yoast_head_json":{"title":"Villa Leocadia | Menorca Villas","robots":{"index":"index","follow":"follow","max-snippet":"max-snippet:-1","max-image-preview":"max-image-preview:large","max-video-preview":"max-video-preview:-1"},"canonical":"https:\/\/menorcavillas.co.uk\/es\/villas-menorca\/villa-leocadia-2\/","og_locale":"es_ES","og_type":"article","og_title":"Villa Leocadia","og_description":"Esta magn\u00edfica villa de cuatro habitaciones se encuentra en Binibeca Vell. Est\u00e1 tan cerca del antiguo poblado de pescadores, con todos sus restaurantes, que se puede llegar f\u00e1cilmente a pie; adem\u00e1s de estar tambi\u00e9n cerca de Binibeca Nou, que cuenta con a\u00fan m\u00e1s restaurantes y bares y la bonita playa de Binibeca.Ver m\u00e1sTiene una cocina totalmente nueva, que ofrece todo lo que uno podr\u00eda necesitar para unas vacaciones; un horno el\u00e9ctrico integral, microondas, cocina el\u00e9ctrica, hervidora de agua y tostadora.Hay un gran sal\u00f3n\/comedor con una mesa que acomoda f\u00e1cilmente a 8 personas. La propiedad cuenta con 3 televisiones, uno en este sal\u00f3n y luego dos de las habitaciones tambi\u00e9n cuentan con uno. Cada televisioon tiene un sistema de IPTV que incluye todos los canales ingleses y varios internacionales.Todas las cuatro habitaciones tienen armarios empotrados y aire acondicionado. La habitaci\u00f3n principal ofrece una cama king size y un ba\u00f1o ensuite con una ducha amplia, v\u00e1ter y lavabo. Otra habitaci\u00f3n con cama king size tambi\u00e9n tiene ensuite con las mismas caracter\u00edsticas. Hay adem\u00e1s dos habitaciones con dos camas individuales en cada una que comparten un ba\u00f1o, tambi\u00e9n con ducha, v\u00e1ter y lavabo.Hay un lavadero aparte con una lavadora y una pica.La villa se encuentra situada en un terreno amplio con una zona de c\u00e9sped, plantas y una gran piscina. Hay una bonita terraza con una barbacoa integral, sillas donde relajarse y disfrutar de la sombra adem\u00e1s de contar con abundante espacio para tomar el sol alrededor de la piscina. Goza tambi\u00e9n de una azotea desde donde se aprecian vistas al mar.Incluye:Toallas de playaSecadoras de peloLocalizaci\u00f3n y distanciasAeropuerto 20 min en coche, Playa 15 min a pie, Tiendas yRestaurantes 5 min a pieCoche de alquiler recomendadoZona:Binibeca&nbsp;es una urbanizaci\u00f3n tranquila, id\u00edlica y popular en la preciosa costa sur de Menorca, y es la opci\u00f3n perfecta para aquellos turistas que busquen alejarse del ruido y de las muchedumbres de las zonas m\u00e1s urbanizadas. Aqu\u00ed no encontrar\u00e1 ning\u00fan gran complejo vacacional ni ning\u00fan gran hotel que interrumpa las magn\u00edficas vistas.Playa:&nbsp;Una atractiva y profunda playa de arena blanca y fina con una zona de picnic sombreada en la parte posterior con lavabos p\u00fablicos. Zona de parking gratis abiertamente disponible. Las aguas de la playa est\u00e1n protegidas por un cabo prominente en el horizonte. Poco profunda, con fondo de arena blanca y flanqueada por rocas en ambos lados, es perfecta para hacer snorkel. El chiringuito, Los Bucaneros (una antigua caba\u00f1a de pescadores convertida en bar) sirve platos b\u00e1sicos frescos, adem\u00e1s de patatas, etc. y bebidas calientes y fr\u00edas. Cuenta con socorrista. Se pueden alquiler kayaks y botes el\u00e9ctricos desde la misma playa. Tambi\u00e9n cuenta con servicio de alquiler de hamacas y parasoles. En la calle, subiendo de la playa hay otro peque\u00f1o chiringuito donde se pueden comprar helados, crepes y otros tipos de bebidas y comida. La c\u00e1lida agua poco profunda de esta playa la convierte en una de las m\u00e1s populares con familias con hijos peque\u00f1os, pero la playa es suficientemente grande como para que todos tengan espacio.Licencia tur\u00edstica: VT382ME","og_url":"https:\/\/menorcavillas.co.uk\/es\/villas-menorca\/villa-leocadia-2\/","og_site_name":"Menorca Villas","article_publisher":"https:\/\/www.facebook.com\/menorcavillasmenorca\/","article_modified_time":"2026-04-07T07:18:07+00:00","og_image":[{"width":1920,"height":1440,"url":"https:\/\/menorcavillas.co.uk\/wp-content\/uploads\/2026\/01\/properties2FmuyyRUHr2L8hN2B4gWpH-1744034455353-1-1.jpeg","type":"image\/jpeg"}],"twitter_card":"summary_large_image","twitter_misc":{"Tiempo de lectura":"3 minutos"},"schema":{"@context":"https:\/\/schema.org","@graph":[{"@type":"WebPage","@id":"https:\/\/menorcavillas.co.uk\/es\/villas-menorca\/villa-leocadia-2\/","url":"https:\/\/menorcavillas.co.uk\/es\/villas-menorca\/villa-leocadia-2\/","name":"Villa Leocadia | Menorca Villas","isPartOf":{"@id":"https:\/\/menorcavillas.co.uk\/es\/#website"},"primaryImageOfPage":{"@id":"https:\/\/menorcavillas.co.uk\/es\/villas-menorca\/villa-leocadia-2\/#primaryimage"},"image":{"@id":"https:\/\/menorcavillas.co.uk\/es\/villas-menorca\/villa-leocadia-2\/#primaryimage"},"thumbnailUrl":"https:\/\/menorcavillas.co.uk\/wp-content\/uploads\/2026\/01\/properties2FmuyyRUHr2L8hN2B4gWpH-1744034455353-1-1.jpeg","datePublished":"2026-01-16T17:07:35+00:00","dateModified":"2026-04-07T07:18:07+00:00","breadcrumb":{"@id":"https:\/\/menorcavillas.co.uk\/es\/villas-menorca\/villa-leocadia-2\/#breadcrumb"},"inLanguage":"es","potentialAction":[{"@type":"ReadAction","target":["https:\/\/menorcavillas.co.uk\/es\/villas-menorca\/villa-leocadia-2\/"]}]},{"@type":"ImageObject","inLanguage":"es","@id":"https:\/\/menorcavillas.co.uk\/es\/villas-menorca\/villa-leocadia-2\/#primaryimage","url":"https:\/\/menorcavillas.co.uk\/wp-content\/uploads\/2026\/01\/properties2FmuyyRUHr2L8hN2B4gWpH-1744034455353-1-1.jpeg","contentUrl":"https:\/\/menorcavillas.co.uk\/wp-content\/uploads\/2026\/01\/properties2FmuyyRUHr2L8hN2B4gWpH-1744034455353-1-1.jpeg","width":1920,"height":1440},{"@type":"BreadcrumbList","@id":"https:\/\/menorcavillas.co.uk\/es\/villas-menorca\/villa-leocadia-2\/#breadcrumb","itemListElement":[{"@type":"ListItem","position":1,"name":"Menorca Villas","item":"https:\/\/menorcavillas.co.uk\/es\/"},{"@type":"ListItem","position":2,"name":"Our Villas","item":"https:\/\/menorcavillas.co.uk\/location-2\/"},{"@type":"ListItem","position":3,"name":"Villa Leocadia"}]},{"@type":"WebSite","@id":"https:\/\/menorcavillas.co.uk\/es\/#website","url":"https:\/\/menorcavillas.co.uk\/es\/","name":"Menorca Villas","description":"Holiday Rentals Menorca","publisher":{"@id":"https:\/\/menorcavillas.co.uk\/es\/#organization"},"potentialAction":[{"@type":"SearchAction","target":{"@type":"EntryPoint","urlTemplate":"https:\/\/menorcavillas.co.uk\/es\/?s={search_term_string}"},"query-input":{"@type":"PropertyValueSpecification","valueRequired":true,"valueName":"search_term_string"}}],"inLanguage":"es"},{"@type":"Organization","@id":"https:\/\/menorcavillas.co.uk\/es\/#organization","name":"Menorca Villas","url":"https:\/\/menorcavillas.co.uk\/es\/","logo":{"@type":"ImageObject","inLanguage":"es","@id":"https:\/\/menorcavillas.co.uk\/es\/#\/schema\/logo\/image\/","url":"","contentUrl":"","caption":"Menorca Villas"},"image":{"@id":"https:\/\/menorcavillas.co.uk\/es\/#\/schema\/logo\/image\/"},"sameAs":["https:\/\/www.facebook.com\/menorcavillasmenorca\/"]}]}},"_links":{"self":[{"href":"https:\/\/menorcavillas.co.uk\/es\/wp-json\/wp\/v2\/product\/44186","targetHints":{"allow":["GET"]}}],"collection":[{"href":"https:\/\/menorcavillas.co.uk\/es\/wp-json\/wp\/v2\/product"}],"about":[{"href":"https:\/\/menorcavillas.co.uk\/es\/wp-json\/wp\/v2\/types\/product"}],"replies":[{"embeddable":true,"href":"https:\/\/menorcavillas.co.uk\/es\/wp-json\/wp\/v2\/comments?post=44186"}],"wp:featuredmedia":[{"embeddable":true,"href":"https:\/\/menorcavillas.co.uk\/es\/wp-json\/wp\/v2\/media\/93295"}],"wp:attachment":[{"href":"https:\/\/menorcavillas.co.uk\/es\/wp-json\/wp\/v2\/media?parent=44186"}],"wp:term":[{"taxonomy":"product_brand","embeddable":true,"href":"https:\/\/menorcavillas.co.uk\/es\/wp-json\/wp\/v2\/product_brand?post=44186"},{"taxonomy":"product_cat","embeddable":true,"href":"https:\/\/menorcavillas.co.uk\/es\/wp-json\/wp\/v2\/product_cat?post=44186"},{"taxonomy":"product_tag","embeddable":true,"href":"https:\/\/menorcavillas.co.uk\/es\/wp-json\/wp\/v2\/product_tag?post=44186"},{"taxonomy":"amenities","embeddable":true,"href":"https:\/\/menorcavillas.co.uk\/es\/wp-json\/wp\/v2\/amenities?post=44186"}],"curies":[{"name":"wp","href":"https:\/\/api.w.org\/{rel}","templated":true}]}}