{"id":44126,"date":"2026-01-16T18:07:14","date_gmt":"2026-01-16T17:07:14","guid":{"rendered":"https:\/\/menorcavillas.co.uk\/?post_type=product&#038;p=44126"},"modified":"2026-03-13T18:53:14","modified_gmt":"2026-03-13T17:53:14","slug":"son-bou-gardens-3-92-2","status":"publish","type":"product","link":"https:\/\/menorcavillas.co.uk\/es\/villas-menorca\/son-bou-gardens-3-92-2\/","title":{"rendered":"Son Bou Gardens 3, 92"},"content":{"rendered":"<p>Este apartamento de dos habitaciones est\u00e1 situado en el popular complejo de Son Bou Gardens.<\/p>\n<p><span style=\"color: rgb(30, 165, 149);\">Ver m\u00e1s<\/span><\/p>\n<p>Los apartamentos de la planta baja y del primer piso est\u00e1n establecidos en unos jardines bien mantenidos y son una base ideal para unas vacaciones en familia, cerca de todos los servicios que se ofrecen. Los apartamentos est\u00e1n divididos en zonas, este encontr\u00e1ndose en la Zona 3, la m\u00e1s cercana al centro del complejo, y establecidas alrededor de unas pistas de tenis, la piscina comunitaria y el bar.<\/p>\n<p>Este apartamento se sit\u00faa en un primer piso tiene una terraza vallada con incre\u00edbles vistas al mar, con una mesa y sillas para cuatro personas. Desde la entrada se llega directamente a una cocina americana, abierta al sal\u00f3n\/comedor. La cocina tiene una cocina de gas y horno, microondas, nevera con un peque\u00f1o compartimento de congelador y un equipo entero de utensilios, vajilla y cubiertos. La mesa del comedor con sillas tiene espacio para sentar a cuatro personas. Hay sof\u00e1s y un reproductor de DVD.<\/p>\n<p>El alojamiento se compone de dos habitaciones, las dos con dos camas individuales cada una con armarios empotrados. Comparten un cuarto de ba\u00f1o con ba\u00f1era y ducha.<\/p>\n<p><\/p>\n<p><strong>Zona:<\/strong><\/p>\n<p>La propiedad se encuentra a unos siete minutos a pie de los bares y restaurantes m\u00e1s cercanos y a diez minutos a pie de la preciosa playa de Son Bou. Hay un supermercado a unos cinco minutos a pie. Para muchos visitantes de la isla, la playa de Son Bou con su arena blanca y sus aguas cristalinas es la mayor atracci\u00f3n de la zona, contando con bares\/restaurantes y servicios para alquilar hamacas, parasoles, botes a pedales y canoas a lo largo de su costa. El Club San Jaime est\u00e1 cerca tambi\u00e9n, con diversas instalaciones incluyendo una gran piscina, toboganes de agua y un restaurante. Adem\u00e1s, desde junio hasta septiembre, la mayor\u00eda de bares y restaurantes de la zona ofrecen m\u00fasica y entretenimiento en directo. Realmente hay algo para todos en este complejo bonito, limpio y bien mantenido.<\/p>\n<p>Sino tambi\u00e9n puede animarse a ir hasta el pueblo cercano de Alayor para pasear por las bonitas calles del centro hist\u00f3rico o incluso ir hasta Mah\u00f3n o Es Castell para visitar sus animados puertos o los pueblos donde encontrar\u00e1n una amplia oferte de tiendas, restaurantes y establecimientos de ocio.<\/p>\n<p><\/p>\n<p><em>Licencia tur\u00edstica: APM1478<\/em><\/p>\n","protected":false},"excerpt":{"rendered":"<p>Este apartamento de dos habitaciones est\u00e1 situado en el popular complejo de Son Bou Gardens.<\/p>\n<p><span style=\"color: rgb(30, 165, 149);\">Ver m\u00e1s<\/span><\/p>\n<p>Los apartamentos de la planta baja y del primer piso est\u00e1n establecidos en unos jardines bien mantenidos y son una base ideal para unas vacaciones en familia, cerca de todos los servicios que se ofrecen. Los apartamentos est\u00e1n divididos en zonas, este encontr\u00e1ndose en la Zona 3, la m\u00e1s cercana al centro del complejo, y establecidas alrededor de unas pistas de tenis, la piscina comunitaria y el bar.<\/p>\n<p>Este apartamento se sit\u00faa en un primer piso tiene una terraza vallada con incre\u00edbles vistas al mar, con una mesa y sillas para cuatro personas. Desde la entrada se llega directamente a una cocina americana, abierta al sal\u00f3n\/comedor. La cocina tiene una cocina de gas y horno, microondas, nevera con un peque\u00f1o compartimento de congelador y un equipo entero de utensilios, vajilla y cubiertos. La mesa del comedor con sillas tiene espacio para sentar a cuatro personas. Hay sof\u00e1s y un reproductor de DVD.<\/p>\n<p>El alojamiento se compone de dos habitaciones, las dos con dos camas individuales cada una con armarios empotrados. Comparten un cuarto de ba\u00f1o con ba\u00f1era y ducha.<\/p>\n<p><\/p>\n<p><strong>Zona:<\/strong><\/p>\n<p>La propiedad se encuentra a unos siete minutos a pie de los bares y restaurantes m\u00e1s cercanos y a diez minutos a pie de la preciosa playa de Son Bou. Hay un supermercado a unos cinco minutos a pie. Para muchos visitantes de la isla, la playa de Son Bou con su arena blanca y sus aguas cristalinas es la mayor atracci\u00f3n de la zona, contando con bares\/restaurantes y servicios para alquilar hamacas, parasoles, botes a pedales y canoas a lo largo de su costa. El Club San Jaime est\u00e1 cerca tambi\u00e9n, con diversas instalaciones incluyendo una gran piscina, toboganes de agua y un restaurante. Adem\u00e1s, desde junio hasta septiembre, la mayor\u00eda de bares y restaurantes de la zona ofrecen m\u00fasica y entretenimiento en directo. Realmente hay algo para todos en este complejo bonito, limpio y bien mantenido.<\/p>\n<p>Sino tambi\u00e9n puede animarse a ir hasta el pueblo cercano de Alayor para pasear por las bonitas calles del centro hist\u00f3rico o incluso ir hasta Mah\u00f3n o Es Castell para visitar sus animados puertos o los pueblos donde encontrar\u00e1n una amplia oferte de tiendas, restaurantes y establecimientos de ocio.<\/p>\n<p><\/p>\n<p><em>Licencia tur\u00edstica: APM1478<\/em><\/p>\n","protected":false},"featured_media":94622,"template":"","meta":{"_acf_changed":false},"product_brand":[],"product_cat":[15],"product_tag":[],"amenities":[311,312,313,318,316,153],"class_list":{"0":"post-44126","1":"product","2":"type-product","3":"status-publish","4":"has-post-thumbnail","6":"product_cat-sin-categorizar","7":"amenities-iptv","8":"amenities-lounge-dining-room","9":"amenities-pool","10":"amenities-sea-view","11":"amenities-terrace","12":"amenities-wifi","14":"first","15":"instock","16":"shipping-taxable","17":"purchasable","18":"product-type-simple"},"acf":[],"yoast_head":"<!-- This site is optimized with the Yoast SEO Premium plugin v26.7 (Yoast SEO v26.7) - https:\/\/yoast.com\/wordpress\/plugins\/seo\/ -->\n<title>Son Bou Gardens 3, 92 | Menorca Villas<\/title>\n<meta name=\"robots\" content=\"index, follow, max-snippet:-1, max-image-preview:large, max-video-preview:-1\" \/>\n<link rel=\"canonical\" href=\"https:\/\/menorcavillas.co.uk\/es\/villas-menorca\/son-bou-gardens-3-92-2\/\" \/>\n<meta property=\"og:locale\" content=\"es_ES\" \/>\n<meta property=\"og:type\" content=\"article\" \/>\n<meta property=\"og:title\" content=\"Son Bou Gardens 3, 92\" \/>\n<meta property=\"og:description\" content=\"Este apartamento de dos habitaciones est\u00e1 situado en el popular complejo de Son Bou Gardens.Ver m\u00e1sLos apartamentos de la planta baja y del primer piso est\u00e1n establecidos en unos jardines bien mantenidos y son una base ideal para unas vacaciones en familia, cerca de todos los servicios que se ofrecen. Los apartamentos est\u00e1n divididos en zonas, este encontr\u00e1ndose en la Zona 3, la m\u00e1s cercana al centro del complejo, y establecidas alrededor de unas pistas de tenis, la piscina comunitaria y el bar.Este apartamento se sit\u00faa en un primer piso tiene una terraza vallada con incre\u00edbles vistas al mar, con una mesa y sillas para cuatro personas. Desde la entrada se llega directamente a una cocina americana, abierta al sal\u00f3n\/comedor. La cocina tiene una cocina de gas y horno, microondas, nevera con un peque\u00f1o compartimento de congelador y un equipo entero de utensilios, vajilla y cubiertos. La mesa del comedor con sillas tiene espacio para sentar a cuatro personas. Hay sof\u00e1s y un reproductor de DVD.El alojamiento se compone de dos habitaciones, las dos con dos camas individuales cada una con armarios empotrados. Comparten un cuarto de ba\u00f1o con ba\u00f1era y ducha.Zona:La propiedad se encuentra a unos siete minutos a pie de los bares y restaurantes m\u00e1s cercanos y a diez minutos a pie de la preciosa playa de Son Bou. Hay un supermercado a unos cinco minutos a pie. Para muchos visitantes de la isla, la playa de Son Bou con su arena blanca y sus aguas cristalinas es la mayor atracci\u00f3n de la zona, contando con bares\/restaurantes y servicios para alquilar hamacas, parasoles, botes a pedales y canoas a lo largo de su costa. El Club San Jaime est\u00e1 cerca tambi\u00e9n, con diversas instalaciones incluyendo una gran piscina, toboganes de agua y un restaurante. Adem\u00e1s, desde junio hasta septiembre, la mayor\u00eda de bares y restaurantes de la zona ofrecen m\u00fasica y entretenimiento en directo. Realmente hay algo para todos en este complejo bonito, limpio y bien mantenido.Sino tambi\u00e9n puede animarse a ir hasta el pueblo cercano de Alayor para pasear por las bonitas calles del centro hist\u00f3rico o incluso ir hasta Mah\u00f3n o Es Castell para visitar sus animados puertos o los pueblos donde encontrar\u00e1n una amplia oferte de tiendas, restaurantes y establecimientos de ocio.Licencia tur\u00edstica: APM1478\" \/>\n<meta property=\"og:url\" content=\"https:\/\/menorcavillas.co.uk\/es\/villas-menorca\/son-bou-gardens-3-92-2\/\" \/>\n<meta property=\"og:site_name\" content=\"Menorca Villas\" \/>\n<meta property=\"article:publisher\" content=\"https:\/\/www.facebook.com\/menorcavillasmenorca\/\" \/>\n<meta property=\"article:modified_time\" content=\"2026-03-13T17:53:14+00:00\" \/>\n<meta property=\"og:image\" content=\"https:\/\/menorcavillas.co.uk\/wp-content\/uploads\/2026\/01\/properties2Fc9DolIYK9O7HTYYaUsdZ-1734948733224-1-1.jpeg\" \/>\n\t<meta property=\"og:image:width\" content=\"1920\" \/>\n\t<meta property=\"og:image:height\" content=\"1440\" \/>\n\t<meta property=\"og:image:type\" content=\"image\/jpeg\" \/>\n<meta name=\"twitter:card\" content=\"summary_large_image\" \/>\n<meta name=\"twitter:label1\" content=\"Tiempo de lectura\" \/>\n\t<meta name=\"twitter:data1\" content=\"2 minutos\" \/>\n<script type=\"application\/ld+json\" class=\"yoast-schema-graph\">{\"@context\":\"https:\/\/schema.org\",\"@graph\":[{\"@type\":\"WebPage\",\"@id\":\"https:\/\/menorcavillas.co.uk\/es\/villas-menorca\/son-bou-gardens-3-92-2\/\",\"url\":\"https:\/\/menorcavillas.co.uk\/es\/villas-menorca\/son-bou-gardens-3-92-2\/\",\"name\":\"Son Bou Gardens 3, 92 | Menorca Villas\",\"isPartOf\":{\"@id\":\"https:\/\/menorcavillas.co.uk\/es\/#website\"},\"primaryImageOfPage\":{\"@id\":\"https:\/\/menorcavillas.co.uk\/es\/villas-menorca\/son-bou-gardens-3-92-2\/#primaryimage\"},\"image\":{\"@id\":\"https:\/\/menorcavillas.co.uk\/es\/villas-menorca\/son-bou-gardens-3-92-2\/#primaryimage\"},\"thumbnailUrl\":\"https:\/\/menorcavillas.co.uk\/wp-content\/uploads\/2026\/01\/properties2Fc9DolIYK9O7HTYYaUsdZ-1734948733224-1-2.jpeg\",\"datePublished\":\"2026-01-16T17:07:14+00:00\",\"dateModified\":\"2026-03-13T17:53:14+00:00\",\"breadcrumb\":{\"@id\":\"https:\/\/menorcavillas.co.uk\/es\/villas-menorca\/son-bou-gardens-3-92-2\/#breadcrumb\"},\"inLanguage\":\"es\",\"potentialAction\":[{\"@type\":\"ReadAction\",\"target\":[\"https:\/\/menorcavillas.co.uk\/es\/villas-menorca\/son-bou-gardens-3-92-2\/\"]}]},{\"@type\":\"ImageObject\",\"inLanguage\":\"es\",\"@id\":\"https:\/\/menorcavillas.co.uk\/es\/villas-menorca\/son-bou-gardens-3-92-2\/#primaryimage\",\"url\":\"https:\/\/menorcavillas.co.uk\/wp-content\/uploads\/2026\/01\/properties2Fc9DolIYK9O7HTYYaUsdZ-1734948733224-1-2.jpeg\",\"contentUrl\":\"https:\/\/menorcavillas.co.uk\/wp-content\/uploads\/2026\/01\/properties2Fc9DolIYK9O7HTYYaUsdZ-1734948733224-1-2.jpeg\",\"width\":1920,\"height\":1440},{\"@type\":\"BreadcrumbList\",\"@id\":\"https:\/\/menorcavillas.co.uk\/es\/villas-menorca\/son-bou-gardens-3-92-2\/#breadcrumb\",\"itemListElement\":[{\"@type\":\"ListItem\",\"position\":1,\"name\":\"Menorca Villas\",\"item\":\"https:\/\/menorcavillas.co.uk\/es\/\"},{\"@type\":\"ListItem\",\"position\":2,\"name\":\"Our Villas\",\"item\":\"https:\/\/menorcavillas.co.uk\/location-2\/\"},{\"@type\":\"ListItem\",\"position\":3,\"name\":\"Son Bou Gardens 3, 92\"}]},{\"@type\":\"WebSite\",\"@id\":\"https:\/\/menorcavillas.co.uk\/es\/#website\",\"url\":\"https:\/\/menorcavillas.co.uk\/es\/\",\"name\":\"Menorca Villas\",\"description\":\"Holiday Rentals Menorca\",\"publisher\":{\"@id\":\"https:\/\/menorcavillas.co.uk\/es\/#organization\"},\"potentialAction\":[{\"@type\":\"SearchAction\",\"target\":{\"@type\":\"EntryPoint\",\"urlTemplate\":\"https:\/\/menorcavillas.co.uk\/es\/?s={search_term_string}\"},\"query-input\":{\"@type\":\"PropertyValueSpecification\",\"valueRequired\":true,\"valueName\":\"search_term_string\"}}],\"inLanguage\":\"es\"},{\"@type\":\"Organization\",\"@id\":\"https:\/\/menorcavillas.co.uk\/es\/#organization\",\"name\":\"Menorca Villas\",\"url\":\"https:\/\/menorcavillas.co.uk\/es\/\",\"logo\":{\"@type\":\"ImageObject\",\"inLanguage\":\"es\",\"@id\":\"https:\/\/menorcavillas.co.uk\/es\/#\/schema\/logo\/image\/\",\"url\":\"\",\"contentUrl\":\"\",\"caption\":\"Menorca Villas\"},\"image\":{\"@id\":\"https:\/\/menorcavillas.co.uk\/es\/#\/schema\/logo\/image\/\"},\"sameAs\":[\"https:\/\/www.facebook.com\/menorcavillasmenorca\/\"]}]}<\/script>\n<!-- \/ Yoast SEO Premium plugin. -->","yoast_head_json":{"title":"Son Bou Gardens 3, 92 | Menorca Villas","robots":{"index":"index","follow":"follow","max-snippet":"max-snippet:-1","max-image-preview":"max-image-preview:large","max-video-preview":"max-video-preview:-1"},"canonical":"https:\/\/menorcavillas.co.uk\/es\/villas-menorca\/son-bou-gardens-3-92-2\/","og_locale":"es_ES","og_type":"article","og_title":"Son Bou Gardens 3, 92","og_description":"Este apartamento de dos habitaciones est\u00e1 situado en el popular complejo de Son Bou Gardens.Ver m\u00e1sLos apartamentos de la planta baja y del primer piso est\u00e1n establecidos en unos jardines bien mantenidos y son una base ideal para unas vacaciones en familia, cerca de todos los servicios que se ofrecen. Los apartamentos est\u00e1n divididos en zonas, este encontr\u00e1ndose en la Zona 3, la m\u00e1s cercana al centro del complejo, y establecidas alrededor de unas pistas de tenis, la piscina comunitaria y el bar.Este apartamento se sit\u00faa en un primer piso tiene una terraza vallada con incre\u00edbles vistas al mar, con una mesa y sillas para cuatro personas. Desde la entrada se llega directamente a una cocina americana, abierta al sal\u00f3n\/comedor. La cocina tiene una cocina de gas y horno, microondas, nevera con un peque\u00f1o compartimento de congelador y un equipo entero de utensilios, vajilla y cubiertos. La mesa del comedor con sillas tiene espacio para sentar a cuatro personas. Hay sof\u00e1s y un reproductor de DVD.El alojamiento se compone de dos habitaciones, las dos con dos camas individuales cada una con armarios empotrados. Comparten un cuarto de ba\u00f1o con ba\u00f1era y ducha.Zona:La propiedad se encuentra a unos siete minutos a pie de los bares y restaurantes m\u00e1s cercanos y a diez minutos a pie de la preciosa playa de Son Bou. Hay un supermercado a unos cinco minutos a pie. Para muchos visitantes de la isla, la playa de Son Bou con su arena blanca y sus aguas cristalinas es la mayor atracci\u00f3n de la zona, contando con bares\/restaurantes y servicios para alquilar hamacas, parasoles, botes a pedales y canoas a lo largo de su costa. El Club San Jaime est\u00e1 cerca tambi\u00e9n, con diversas instalaciones incluyendo una gran piscina, toboganes de agua y un restaurante. Adem\u00e1s, desde junio hasta septiembre, la mayor\u00eda de bares y restaurantes de la zona ofrecen m\u00fasica y entretenimiento en directo. Realmente hay algo para todos en este complejo bonito, limpio y bien mantenido.Sino tambi\u00e9n puede animarse a ir hasta el pueblo cercano de Alayor para pasear por las bonitas calles del centro hist\u00f3rico o incluso ir hasta Mah\u00f3n o Es Castell para visitar sus animados puertos o los pueblos donde encontrar\u00e1n una amplia oferte de tiendas, restaurantes y establecimientos de ocio.Licencia tur\u00edstica: APM1478","og_url":"https:\/\/menorcavillas.co.uk\/es\/villas-menorca\/son-bou-gardens-3-92-2\/","og_site_name":"Menorca Villas","article_publisher":"https:\/\/www.facebook.com\/menorcavillasmenorca\/","article_modified_time":"2026-03-13T17:53:14+00:00","og_image":[{"width":1920,"height":1440,"url":"https:\/\/menorcavillas.co.uk\/wp-content\/uploads\/2026\/01\/properties2Fc9DolIYK9O7HTYYaUsdZ-1734948733224-1-1.jpeg","type":"image\/jpeg"}],"twitter_card":"summary_large_image","twitter_misc":{"Tiempo de lectura":"2 minutos"},"schema":{"@context":"https:\/\/schema.org","@graph":[{"@type":"WebPage","@id":"https:\/\/menorcavillas.co.uk\/es\/villas-menorca\/son-bou-gardens-3-92-2\/","url":"https:\/\/menorcavillas.co.uk\/es\/villas-menorca\/son-bou-gardens-3-92-2\/","name":"Son Bou Gardens 3, 92 | Menorca Villas","isPartOf":{"@id":"https:\/\/menorcavillas.co.uk\/es\/#website"},"primaryImageOfPage":{"@id":"https:\/\/menorcavillas.co.uk\/es\/villas-menorca\/son-bou-gardens-3-92-2\/#primaryimage"},"image":{"@id":"https:\/\/menorcavillas.co.uk\/es\/villas-menorca\/son-bou-gardens-3-92-2\/#primaryimage"},"thumbnailUrl":"https:\/\/menorcavillas.co.uk\/wp-content\/uploads\/2026\/01\/properties2Fc9DolIYK9O7HTYYaUsdZ-1734948733224-1-2.jpeg","datePublished":"2026-01-16T17:07:14+00:00","dateModified":"2026-03-13T17:53:14+00:00","breadcrumb":{"@id":"https:\/\/menorcavillas.co.uk\/es\/villas-menorca\/son-bou-gardens-3-92-2\/#breadcrumb"},"inLanguage":"es","potentialAction":[{"@type":"ReadAction","target":["https:\/\/menorcavillas.co.uk\/es\/villas-menorca\/son-bou-gardens-3-92-2\/"]}]},{"@type":"ImageObject","inLanguage":"es","@id":"https:\/\/menorcavillas.co.uk\/es\/villas-menorca\/son-bou-gardens-3-92-2\/#primaryimage","url":"https:\/\/menorcavillas.co.uk\/wp-content\/uploads\/2026\/01\/properties2Fc9DolIYK9O7HTYYaUsdZ-1734948733224-1-2.jpeg","contentUrl":"https:\/\/menorcavillas.co.uk\/wp-content\/uploads\/2026\/01\/properties2Fc9DolIYK9O7HTYYaUsdZ-1734948733224-1-2.jpeg","width":1920,"height":1440},{"@type":"BreadcrumbList","@id":"https:\/\/menorcavillas.co.uk\/es\/villas-menorca\/son-bou-gardens-3-92-2\/#breadcrumb","itemListElement":[{"@type":"ListItem","position":1,"name":"Menorca Villas","item":"https:\/\/menorcavillas.co.uk\/es\/"},{"@type":"ListItem","position":2,"name":"Our Villas","item":"https:\/\/menorcavillas.co.uk\/location-2\/"},{"@type":"ListItem","position":3,"name":"Son Bou Gardens 3, 92"}]},{"@type":"WebSite","@id":"https:\/\/menorcavillas.co.uk\/es\/#website","url":"https:\/\/menorcavillas.co.uk\/es\/","name":"Menorca Villas","description":"Holiday Rentals Menorca","publisher":{"@id":"https:\/\/menorcavillas.co.uk\/es\/#organization"},"potentialAction":[{"@type":"SearchAction","target":{"@type":"EntryPoint","urlTemplate":"https:\/\/menorcavillas.co.uk\/es\/?s={search_term_string}"},"query-input":{"@type":"PropertyValueSpecification","valueRequired":true,"valueName":"search_term_string"}}],"inLanguage":"es"},{"@type":"Organization","@id":"https:\/\/menorcavillas.co.uk\/es\/#organization","name":"Menorca Villas","url":"https:\/\/menorcavillas.co.uk\/es\/","logo":{"@type":"ImageObject","inLanguage":"es","@id":"https:\/\/menorcavillas.co.uk\/es\/#\/schema\/logo\/image\/","url":"","contentUrl":"","caption":"Menorca Villas"},"image":{"@id":"https:\/\/menorcavillas.co.uk\/es\/#\/schema\/logo\/image\/"},"sameAs":["https:\/\/www.facebook.com\/menorcavillasmenorca\/"]}]}},"_links":{"self":[{"href":"https:\/\/menorcavillas.co.uk\/es\/wp-json\/wp\/v2\/product\/44126","targetHints":{"allow":["GET"]}}],"collection":[{"href":"https:\/\/menorcavillas.co.uk\/es\/wp-json\/wp\/v2\/product"}],"about":[{"href":"https:\/\/menorcavillas.co.uk\/es\/wp-json\/wp\/v2\/types\/product"}],"wp:featuredmedia":[{"embeddable":true,"href":"https:\/\/menorcavillas.co.uk\/es\/wp-json\/wp\/v2\/media\/94622"}],"wp:attachment":[{"href":"https:\/\/menorcavillas.co.uk\/es\/wp-json\/wp\/v2\/media?parent=44126"}],"wp:term":[{"taxonomy":"product_brand","embeddable":true,"href":"https:\/\/menorcavillas.co.uk\/es\/wp-json\/wp\/v2\/product_brand?post=44126"},{"taxonomy":"product_cat","embeddable":true,"href":"https:\/\/menorcavillas.co.uk\/es\/wp-json\/wp\/v2\/product_cat?post=44126"},{"taxonomy":"product_tag","embeddable":true,"href":"https:\/\/menorcavillas.co.uk\/es\/wp-json\/wp\/v2\/product_tag?post=44126"},{"taxonomy":"amenities","embeddable":true,"href":"https:\/\/menorcavillas.co.uk\/es\/wp-json\/wp\/v2\/amenities?post=44126"}],"curies":[{"name":"wp","href":"https:\/\/api.w.org\/{rel}","templated":true}]}}