{"id":44066,"date":"2026-01-16T18:06:50","date_gmt":"2026-01-16T17:06:50","guid":{"rendered":"https:\/\/menorcavillas.co.uk\/?post_type=product&#038;p=44066"},"modified":"2026-03-16T12:03:31","modified_gmt":"2026-03-16T11:03:31","slug":"gaviotas-2","status":"publish","type":"product","link":"https:\/\/menorcavillas.co.uk\/es\/villas-menorca\/gaviotas-2\/","title":{"rendered":"Gaviotas"},"content":{"rendered":"<p>Esta casa de cuatro habitaciones y tres cuartos de ba\u00f1o est\u00e1 localizado en el popular centro tur\u00edstico de Cala en Porter. Se ha mantenido a un est\u00e1ndar exigente y ofrece un alto grado de privacidad, a pesar de estar a unos pocos minutos a pie de las tiendas, bares, restaurantes e instalaciones de ocio que ofrece esta urbanizaci\u00f3n, adem\u00e1s de su preciosa playa de arena blanca y aguas cristalinas.<\/p>\n<p><span style=\"color: rgb(30, 165, 149);\">ver m\u00e1s<\/span><\/p>\n<p>La propiedad est\u00e1 dividida en la casa principal y el anexo. En la casa principal hay tres habitaciones, todas con aire acondicionado: una habitaci\u00f3n principal doble con cuarto de ba\u00f1o ensuite, y dos habitaciones con dos camas individuales cada una que comparten un ba\u00f1o familiar. Todas cuentan con armarios empotrados y ventiladores de techo.<\/p>\n<p>Tambi\u00e9n en la casa principal est\u00e1 el sal\u00f3n\/comedor amueblado con un sof\u00e1, sillones, una mesa con sillas, una televisi\u00f3n con canales IPTV, un reproductor de DVD y Wi-Fi; y la cocina totalmente equipada con toda una serie de electrodom\u00e9sticos modernos, como una nevera\/congelador, un microondas, un lavaplatos y una lavadora.<\/p>\n<p>A trav\u00e9s de unas puertas del sal\u00f3n est\u00e1 la terraza exterior, con muebles de jard\u00edn donde se puede disfrutar de las magn\u00edficas vistas al mar. Unas escaleras llevan desde aqu\u00ed hasta la piscina, y zonas para tomar el sol.<\/p>\n<p>Hacia un lado de esta terraza, est\u00e1 el anexo, que ofrece una habitaci\u00f3n con aire acondicionado, con dos camas individuales. Cuenta con un cuarto de ba\u00f1o con ducha, un sal\u00f3n, una cocina y una entrada propia. Es el lugar perfecto para abuelos, una ni\u00f1era, o incluso adolescentes que quieran algo de privacidad.<\/p>\n<p>Hay un cuarto de ba\u00f1o al que se puede acceder desde la terraza para que los hu\u00e9spedes no tengan que entrar a la casa mojadas al usar la piscina o tomar el sol. Tambi\u00e9n hay una terraza cubierta para comer&nbsp;<em>al fresco<\/em>, con una barbacoa, una zona para la preparaci\u00f3n de alimentos y unos sof\u00e1s en el patio para aprovechar estas bonitas zonas exteriores.<\/p>\n<p><\/p>\n<p><strong>Localizaci\u00f3n y distancias<\/strong><\/p>\n<p>Aeropuerto 15 min en coche, Playa, Restaurantes y Tiendas 5 min a pie<\/p>\n<p>Coche de alquiler recomendado<\/p>\n<p><\/p>\n<p><strong>Zona:<\/strong><\/p>\n<p>Cala en Porter est\u00e1 situado en unos acantilados encima de una preciosa bah\u00eda en una resguardada zona de campo y playa. Esta urbanizaci\u00f3n independiente es perfecta para aquellos que quieren tener de todo a su alcance. Tambi\u00e9n est\u00e1 cerca de Mah\u00f3n, Es Castell y Alaior, por si le apetece un cambio de aires.<\/p>\n<p>La playa de Cala en Porter es perfecta para ni\u00f1os peque\u00f1os gracia a su arena blanca y fina y los baj\u00edos temperados que se convierten en agua turquesa y cristalina. Aunque sea muy popular con familias, la playa es lo suficientemente grande como para que haya espacio para aquellos que tambi\u00e9n quieran un poco de tranquilidad y privacidad.<\/p>\n<p>Se puede llegar a la playa a pie o bien bajando unas escaleras o bien bajando la calle de la playa, o en coche dejando el veh\u00edculo en el parking gratis. En la playa hay ba\u00f1os p\u00fablicos adem\u00e1s de socorristas y localizaci\u00f3n de cruz roja. Hay tambi\u00e9n un par de cafeter\u00edas, bares y restaurantes b\u00e1sicos en el paseo cercano, por si le apetece subir de nuevo al pueblo para comer.<\/p>\n<p><\/p>\n<p>Licencia tur\u00edstica: ESFCTU000007013000546778000000000000000000000VT521ME4<\/p>\n<p><\/p>\n<p><em>UBICACI\u00d3N: <\/em><\/p>\n","protected":false},"excerpt":{"rendered":"<p>Esta casa de cuatro habitaciones y tres cuartos de ba\u00f1o est\u00e1 localizado en el popular centro tur\u00edstico de Cala en Porter. Se ha mantenido a un est\u00e1ndar exigente y ofrece un alto grado de privacidad, a pesar de estar a unos pocos minutos a pie de las tiendas, bares, restaurantes e instalaciones de ocio que ofrece esta urbanizaci\u00f3n, adem\u00e1s de su preciosa playa de arena blanca y aguas cristalinas.<\/p>\n<p><span style=\"color: rgb(30, 165, 149);\">ver m\u00e1s<\/span><\/p>\n<p>La propiedad est\u00e1 dividida en la casa principal y el anexo. En la casa principal hay tres habitaciones, todas con aire acondicionado: una habitaci\u00f3n principal doble con cuarto de ba\u00f1o ensuite, y dos habitaciones con dos camas individuales cada una que comparten un ba\u00f1o familiar. Todas cuentan con armarios empotrados y ventiladores de techo.<\/p>\n<p>Tambi\u00e9n en la casa principal est\u00e1 el sal\u00f3n\/comedor amueblado con un sof\u00e1, sillones, una mesa con sillas, una televisi\u00f3n con canales IPTV, un reproductor de DVD y Wi-Fi; y la cocina totalmente equipada con toda una serie de electrodom\u00e9sticos modernos, como una nevera\/congelador, un microondas, un lavaplatos y una lavadora.<\/p>\n<p>A trav\u00e9s de unas puertas del sal\u00f3n est\u00e1 la terraza exterior, con muebles de jard\u00edn donde se puede disfrutar de las magn\u00edficas vistas al mar. Unas escaleras llevan desde aqu\u00ed hasta la piscina, y zonas para tomar el sol.<\/p>\n<p>Hacia un lado de esta terraza, est\u00e1 el anexo, que ofrece una habitaci\u00f3n con aire acondicionado, con dos camas individuales. Cuenta con un cuarto de ba\u00f1o con ducha, un sal\u00f3n, una cocina y una entrada propia. Es el lugar perfecto para abuelos, una ni\u00f1era, o incluso adolescentes que quieran algo de privacidad.<\/p>\n<p>Hay un cuarto de ba\u00f1o al que se puede acceder desde la terraza para que los hu\u00e9spedes no tengan que entrar a la casa mojadas al usar la piscina o tomar el sol. Tambi\u00e9n hay una terraza cubierta para comer&nbsp;<em>al fresco<\/em>, con una barbacoa, una zona para la preparaci\u00f3n de alimentos y unos sof\u00e1s en el patio para aprovechar estas bonitas zonas exteriores.<\/p>\n<p><\/p>\n<p><strong>Localizaci\u00f3n y distancias<\/strong><\/p>\n<p>Aeropuerto 15 min en coche, Playa, Restaurantes y Tiendas 5 min a pie<\/p>\n<p>Coche de alquiler recomendado<\/p>\n<p><\/p>\n<p><strong>Zona:<\/strong><\/p>\n<p>Cala en Porter est\u00e1 situado en unos acantilados encima de una preciosa bah\u00eda en una resguardada zona de campo y playa. Esta urbanizaci\u00f3n independiente es perfecta para aquellos que quieren tener de todo a su alcance. Tambi\u00e9n est\u00e1 cerca de Mah\u00f3n, Es Castell y Alaior, por si le apetece un cambio de aires.<\/p>\n<p>La playa de Cala en Porter es perfecta para ni\u00f1os peque\u00f1os gracia a su arena blanca y fina y los baj\u00edos temperados que se convierten en agua turquesa y cristalina. Aunque sea muy popular con familias, la playa es lo suficientemente grande como para que haya espacio para aquellos que tambi\u00e9n quieran un poco de tranquilidad y privacidad.<\/p>\n<p>Se puede llegar a la playa a pie o bien bajando unas escaleras o bien bajando la calle de la playa, o en coche dejando el veh\u00edculo en el parking gratis. En la playa hay ba\u00f1os p\u00fablicos adem\u00e1s de socorristas y localizaci\u00f3n de cruz roja. Hay tambi\u00e9n un par de cafeter\u00edas, bares y restaurantes b\u00e1sicos en el paseo cercano, por si le apetece subir de nuevo al pueblo para comer.<\/p>\n<p><\/p>\n<p>Licencia tur\u00edstica: ESFCTU000007013000546778000000000000000000000VT521ME4<\/p>\n<p><\/p>\n<p><em>UBICACI\u00d3N: <\/em><\/p>\n","protected":false},"featured_media":98145,"template":"","meta":{"_acf_changed":false},"product_brand":[],"product_cat":[15],"product_tag":[],"amenities":[315,129,311,312,313,318,316,153],"class_list":{"0":"post-44066","1":"product","2":"type-product","3":"status-publish","4":"has-post-thumbnail","6":"product_cat-sin-categorizar","7":"amenities-ac","8":"amenities-bbq","9":"amenities-iptv","10":"amenities-lounge-dining-room","11":"amenities-pool","12":"amenities-sea-view","13":"amenities-terrace","14":"amenities-wifi","16":"first","17":"instock","18":"shipping-taxable","19":"purchasable","20":"product-type-simple"},"acf":[],"yoast_head":"<!-- This site is optimized with the Yoast SEO Premium plugin v26.7 (Yoast SEO v26.7) - https:\/\/yoast.com\/wordpress\/plugins\/seo\/ -->\n<title>Gaviotas | Menorca Villas<\/title>\n<meta name=\"robots\" content=\"index, follow, max-snippet:-1, max-image-preview:large, max-video-preview:-1\" \/>\n<link rel=\"canonical\" href=\"https:\/\/menorcavillas.co.uk\/es\/villas-menorca\/gaviotas-2\/\" \/>\n<meta property=\"og:locale\" content=\"es_ES\" \/>\n<meta property=\"og:type\" content=\"article\" \/>\n<meta property=\"og:title\" content=\"Gaviotas\" \/>\n<meta property=\"og:description\" content=\"Esta casa de cuatro habitaciones y tres cuartos de ba\u00f1o est\u00e1 localizado en el popular centro tur\u00edstico de Cala en Porter. Se ha mantenido a un est\u00e1ndar exigente y ofrece un alto grado de privacidad, a pesar de estar a unos pocos minutos a pie de las tiendas, bares, restaurantes e instalaciones de ocio que ofrece esta urbanizaci\u00f3n, adem\u00e1s de su preciosa playa de arena blanca y aguas cristalinas.ver m\u00e1sLa propiedad est\u00e1 dividida en la casa principal y el anexo. En la casa principal hay tres habitaciones, todas con aire acondicionado: una habitaci\u00f3n principal doble con cuarto de ba\u00f1o ensuite, y dos habitaciones con dos camas individuales cada una que comparten un ba\u00f1o familiar. Todas cuentan con armarios empotrados y ventiladores de techo.Tambi\u00e9n en la casa principal est\u00e1 el sal\u00f3n\/comedor amueblado con un sof\u00e1, sillones, una mesa con sillas, una televisi\u00f3n con canales IPTV, un reproductor de DVD y Wi-Fi; y la cocina totalmente equipada con toda una serie de electrodom\u00e9sticos modernos, como una nevera\/congelador, un microondas, un lavaplatos y una lavadora.A trav\u00e9s de unas puertas del sal\u00f3n est\u00e1 la terraza exterior, con muebles de jard\u00edn donde se puede disfrutar de las magn\u00edficas vistas al mar. Unas escaleras llevan desde aqu\u00ed hasta la piscina, y zonas para tomar el sol.Hacia un lado de esta terraza, est\u00e1 el anexo, que ofrece una habitaci\u00f3n con aire acondicionado, con dos camas individuales. Cuenta con un cuarto de ba\u00f1o con ducha, un sal\u00f3n, una cocina y una entrada propia. Es el lugar perfecto para abuelos, una ni\u00f1era, o incluso adolescentes que quieran algo de privacidad.Hay un cuarto de ba\u00f1o al que se puede acceder desde la terraza para que los hu\u00e9spedes no tengan que entrar a la casa mojadas al usar la piscina o tomar el sol. Tambi\u00e9n hay una terraza cubierta para comer&nbsp;al fresco, con una barbacoa, una zona para la preparaci\u00f3n de alimentos y unos sof\u00e1s en el patio para aprovechar estas bonitas zonas exteriores.Localizaci\u00f3n y distanciasAeropuerto 15 min en coche, Playa, Restaurantes y Tiendas 5 min a pieCoche de alquiler recomendadoZona:Cala en Porter est\u00e1 situado en unos acantilados encima de una preciosa bah\u00eda en una resguardada zona de campo y playa. Esta urbanizaci\u00f3n independiente es perfecta para aquellos que quieren tener de todo a su alcance. Tambi\u00e9n est\u00e1 cerca de Mah\u00f3n, Es Castell y Alaior, por si le apetece un cambio de aires.La playa de Cala en Porter es perfecta para ni\u00f1os peque\u00f1os gracia a su arena blanca y fina y los baj\u00edos temperados que se convierten en agua turquesa y cristalina. Aunque sea muy popular con familias, la playa es lo suficientemente grande como para que haya espacio para aquellos que tambi\u00e9n quieran un poco de tranquilidad y privacidad.Se puede llegar a la playa a pie o bien bajando unas escaleras o bien bajando la calle de la playa, o en coche dejando el veh\u00edculo en el parking gratis. En la playa hay ba\u00f1os p\u00fablicos adem\u00e1s de socorristas y localizaci\u00f3n de cruz roja. Hay tambi\u00e9n un par de cafeter\u00edas, bares y restaurantes b\u00e1sicos en el paseo cercano, por si le apetece subir de nuevo al pueblo para comer.Licencia tur\u00edstica: ESFCTU000007013000546778000000000000000000000VT521ME4UBICACI\u00d3N:\" \/>\n<meta property=\"og:url\" content=\"https:\/\/menorcavillas.co.uk\/es\/villas-menorca\/gaviotas-2\/\" \/>\n<meta property=\"og:site_name\" content=\"Menorca Villas\" \/>\n<meta property=\"article:publisher\" content=\"https:\/\/www.facebook.com\/menorcavillasmenorca\/\" \/>\n<meta property=\"article:modified_time\" content=\"2026-03-16T11:03:31+00:00\" \/>\n<meta property=\"og:image\" content=\"https:\/\/menorcavillas.co.uk\/wp-content\/uploads\/2026\/01\/properties2FUM72APacw6XbXCx9n9EV-1744035264924-1-3.jpeg\" \/>\n\t<meta property=\"og:image:width\" content=\"1920\" \/>\n\t<meta property=\"og:image:height\" content=\"1440\" \/>\n\t<meta property=\"og:image:type\" content=\"image\/jpeg\" \/>\n<meta name=\"twitter:card\" content=\"summary_large_image\" \/>\n<meta name=\"twitter:label1\" content=\"Tiempo de lectura\" \/>\n\t<meta name=\"twitter:data1\" content=\"3 minutos\" \/>\n<script type=\"application\/ld+json\" class=\"yoast-schema-graph\">{\"@context\":\"https:\/\/schema.org\",\"@graph\":[{\"@type\":\"WebPage\",\"@id\":\"https:\/\/menorcavillas.co.uk\/es\/villas-menorca\/gaviotas-2\/\",\"url\":\"https:\/\/menorcavillas.co.uk\/es\/villas-menorca\/gaviotas-2\/\",\"name\":\"Gaviotas | Menorca Villas\",\"isPartOf\":{\"@id\":\"https:\/\/menorcavillas.co.uk\/es\/#website\"},\"primaryImageOfPage\":{\"@id\":\"https:\/\/menorcavillas.co.uk\/es\/villas-menorca\/gaviotas-2\/#primaryimage\"},\"image\":{\"@id\":\"https:\/\/menorcavillas.co.uk\/es\/villas-menorca\/gaviotas-2\/#primaryimage\"},\"thumbnailUrl\":\"https:\/\/menorcavillas.co.uk\/wp-content\/uploads\/2026\/01\/properties2FUM72APacw6XbXCx9n9EV-1744035264924-1-4.jpeg\",\"datePublished\":\"2026-01-16T17:06:50+00:00\",\"dateModified\":\"2026-03-16T11:03:31+00:00\",\"breadcrumb\":{\"@id\":\"https:\/\/menorcavillas.co.uk\/es\/villas-menorca\/gaviotas-2\/#breadcrumb\"},\"inLanguage\":\"es\",\"potentialAction\":[{\"@type\":\"ReadAction\",\"target\":[\"https:\/\/menorcavillas.co.uk\/es\/villas-menorca\/gaviotas-2\/\"]}]},{\"@type\":\"ImageObject\",\"inLanguage\":\"es\",\"@id\":\"https:\/\/menorcavillas.co.uk\/es\/villas-menorca\/gaviotas-2\/#primaryimage\",\"url\":\"https:\/\/menorcavillas.co.uk\/wp-content\/uploads\/2026\/01\/properties2FUM72APacw6XbXCx9n9EV-1744035264924-1-4.jpeg\",\"contentUrl\":\"https:\/\/menorcavillas.co.uk\/wp-content\/uploads\/2026\/01\/properties2FUM72APacw6XbXCx9n9EV-1744035264924-1-4.jpeg\",\"width\":1920,\"height\":1440},{\"@type\":\"BreadcrumbList\",\"@id\":\"https:\/\/menorcavillas.co.uk\/es\/villas-menorca\/gaviotas-2\/#breadcrumb\",\"itemListElement\":[{\"@type\":\"ListItem\",\"position\":1,\"name\":\"Menorca Villas\",\"item\":\"https:\/\/menorcavillas.co.uk\/es\/\"},{\"@type\":\"ListItem\",\"position\":2,\"name\":\"Our Villas\",\"item\":\"https:\/\/menorcavillas.co.uk\/location-2\/\"},{\"@type\":\"ListItem\",\"position\":3,\"name\":\"Gaviotas\"}]},{\"@type\":\"WebSite\",\"@id\":\"https:\/\/menorcavillas.co.uk\/es\/#website\",\"url\":\"https:\/\/menorcavillas.co.uk\/es\/\",\"name\":\"Menorca Villas\",\"description\":\"Holiday Rentals Menorca\",\"publisher\":{\"@id\":\"https:\/\/menorcavillas.co.uk\/es\/#organization\"},\"potentialAction\":[{\"@type\":\"SearchAction\",\"target\":{\"@type\":\"EntryPoint\",\"urlTemplate\":\"https:\/\/menorcavillas.co.uk\/es\/?s={search_term_string}\"},\"query-input\":{\"@type\":\"PropertyValueSpecification\",\"valueRequired\":true,\"valueName\":\"search_term_string\"}}],\"inLanguage\":\"es\"},{\"@type\":\"Organization\",\"@id\":\"https:\/\/menorcavillas.co.uk\/es\/#organization\",\"name\":\"Menorca Villas\",\"url\":\"https:\/\/menorcavillas.co.uk\/es\/\",\"logo\":{\"@type\":\"ImageObject\",\"inLanguage\":\"es\",\"@id\":\"https:\/\/menorcavillas.co.uk\/es\/#\/schema\/logo\/image\/\",\"url\":\"\",\"contentUrl\":\"\",\"caption\":\"Menorca Villas\"},\"image\":{\"@id\":\"https:\/\/menorcavillas.co.uk\/es\/#\/schema\/logo\/image\/\"},\"sameAs\":[\"https:\/\/www.facebook.com\/menorcavillasmenorca\/\"]}]}<\/script>\n<!-- \/ Yoast SEO Premium plugin. -->","yoast_head_json":{"title":"Gaviotas | Menorca Villas","robots":{"index":"index","follow":"follow","max-snippet":"max-snippet:-1","max-image-preview":"max-image-preview:large","max-video-preview":"max-video-preview:-1"},"canonical":"https:\/\/menorcavillas.co.uk\/es\/villas-menorca\/gaviotas-2\/","og_locale":"es_ES","og_type":"article","og_title":"Gaviotas","og_description":"Esta casa de cuatro habitaciones y tres cuartos de ba\u00f1o est\u00e1 localizado en el popular centro tur\u00edstico de Cala en Porter. Se ha mantenido a un est\u00e1ndar exigente y ofrece un alto grado de privacidad, a pesar de estar a unos pocos minutos a pie de las tiendas, bares, restaurantes e instalaciones de ocio que ofrece esta urbanizaci\u00f3n, adem\u00e1s de su preciosa playa de arena blanca y aguas cristalinas.ver m\u00e1sLa propiedad est\u00e1 dividida en la casa principal y el anexo. En la casa principal hay tres habitaciones, todas con aire acondicionado: una habitaci\u00f3n principal doble con cuarto de ba\u00f1o ensuite, y dos habitaciones con dos camas individuales cada una que comparten un ba\u00f1o familiar. Todas cuentan con armarios empotrados y ventiladores de techo.Tambi\u00e9n en la casa principal est\u00e1 el sal\u00f3n\/comedor amueblado con un sof\u00e1, sillones, una mesa con sillas, una televisi\u00f3n con canales IPTV, un reproductor de DVD y Wi-Fi; y la cocina totalmente equipada con toda una serie de electrodom\u00e9sticos modernos, como una nevera\/congelador, un microondas, un lavaplatos y una lavadora.A trav\u00e9s de unas puertas del sal\u00f3n est\u00e1 la terraza exterior, con muebles de jard\u00edn donde se puede disfrutar de las magn\u00edficas vistas al mar. Unas escaleras llevan desde aqu\u00ed hasta la piscina, y zonas para tomar el sol.Hacia un lado de esta terraza, est\u00e1 el anexo, que ofrece una habitaci\u00f3n con aire acondicionado, con dos camas individuales. Cuenta con un cuarto de ba\u00f1o con ducha, un sal\u00f3n, una cocina y una entrada propia. Es el lugar perfecto para abuelos, una ni\u00f1era, o incluso adolescentes que quieran algo de privacidad.Hay un cuarto de ba\u00f1o al que se puede acceder desde la terraza para que los hu\u00e9spedes no tengan que entrar a la casa mojadas al usar la piscina o tomar el sol. Tambi\u00e9n hay una terraza cubierta para comer&nbsp;al fresco, con una barbacoa, una zona para la preparaci\u00f3n de alimentos y unos sof\u00e1s en el patio para aprovechar estas bonitas zonas exteriores.Localizaci\u00f3n y distanciasAeropuerto 15 min en coche, Playa, Restaurantes y Tiendas 5 min a pieCoche de alquiler recomendadoZona:Cala en Porter est\u00e1 situado en unos acantilados encima de una preciosa bah\u00eda en una resguardada zona de campo y playa. Esta urbanizaci\u00f3n independiente es perfecta para aquellos que quieren tener de todo a su alcance. Tambi\u00e9n est\u00e1 cerca de Mah\u00f3n, Es Castell y Alaior, por si le apetece un cambio de aires.La playa de Cala en Porter es perfecta para ni\u00f1os peque\u00f1os gracia a su arena blanca y fina y los baj\u00edos temperados que se convierten en agua turquesa y cristalina. Aunque sea muy popular con familias, la playa es lo suficientemente grande como para que haya espacio para aquellos que tambi\u00e9n quieran un poco de tranquilidad y privacidad.Se puede llegar a la playa a pie o bien bajando unas escaleras o bien bajando la calle de la playa, o en coche dejando el veh\u00edculo en el parking gratis. En la playa hay ba\u00f1os p\u00fablicos adem\u00e1s de socorristas y localizaci\u00f3n de cruz roja. Hay tambi\u00e9n un par de cafeter\u00edas, bares y restaurantes b\u00e1sicos en el paseo cercano, por si le apetece subir de nuevo al pueblo para comer.Licencia tur\u00edstica: ESFCTU000007013000546778000000000000000000000VT521ME4UBICACI\u00d3N:","og_url":"https:\/\/menorcavillas.co.uk\/es\/villas-menorca\/gaviotas-2\/","og_site_name":"Menorca Villas","article_publisher":"https:\/\/www.facebook.com\/menorcavillasmenorca\/","article_modified_time":"2026-03-16T11:03:31+00:00","og_image":[{"width":1920,"height":1440,"url":"https:\/\/menorcavillas.co.uk\/wp-content\/uploads\/2026\/01\/properties2FUM72APacw6XbXCx9n9EV-1744035264924-1-3.jpeg","type":"image\/jpeg"}],"twitter_card":"summary_large_image","twitter_misc":{"Tiempo de lectura":"3 minutos"},"schema":{"@context":"https:\/\/schema.org","@graph":[{"@type":"WebPage","@id":"https:\/\/menorcavillas.co.uk\/es\/villas-menorca\/gaviotas-2\/","url":"https:\/\/menorcavillas.co.uk\/es\/villas-menorca\/gaviotas-2\/","name":"Gaviotas | Menorca Villas","isPartOf":{"@id":"https:\/\/menorcavillas.co.uk\/es\/#website"},"primaryImageOfPage":{"@id":"https:\/\/menorcavillas.co.uk\/es\/villas-menorca\/gaviotas-2\/#primaryimage"},"image":{"@id":"https:\/\/menorcavillas.co.uk\/es\/villas-menorca\/gaviotas-2\/#primaryimage"},"thumbnailUrl":"https:\/\/menorcavillas.co.uk\/wp-content\/uploads\/2026\/01\/properties2FUM72APacw6XbXCx9n9EV-1744035264924-1-4.jpeg","datePublished":"2026-01-16T17:06:50+00:00","dateModified":"2026-03-16T11:03:31+00:00","breadcrumb":{"@id":"https:\/\/menorcavillas.co.uk\/es\/villas-menorca\/gaviotas-2\/#breadcrumb"},"inLanguage":"es","potentialAction":[{"@type":"ReadAction","target":["https:\/\/menorcavillas.co.uk\/es\/villas-menorca\/gaviotas-2\/"]}]},{"@type":"ImageObject","inLanguage":"es","@id":"https:\/\/menorcavillas.co.uk\/es\/villas-menorca\/gaviotas-2\/#primaryimage","url":"https:\/\/menorcavillas.co.uk\/wp-content\/uploads\/2026\/01\/properties2FUM72APacw6XbXCx9n9EV-1744035264924-1-4.jpeg","contentUrl":"https:\/\/menorcavillas.co.uk\/wp-content\/uploads\/2026\/01\/properties2FUM72APacw6XbXCx9n9EV-1744035264924-1-4.jpeg","width":1920,"height":1440},{"@type":"BreadcrumbList","@id":"https:\/\/menorcavillas.co.uk\/es\/villas-menorca\/gaviotas-2\/#breadcrumb","itemListElement":[{"@type":"ListItem","position":1,"name":"Menorca Villas","item":"https:\/\/menorcavillas.co.uk\/es\/"},{"@type":"ListItem","position":2,"name":"Our Villas","item":"https:\/\/menorcavillas.co.uk\/location-2\/"},{"@type":"ListItem","position":3,"name":"Gaviotas"}]},{"@type":"WebSite","@id":"https:\/\/menorcavillas.co.uk\/es\/#website","url":"https:\/\/menorcavillas.co.uk\/es\/","name":"Menorca Villas","description":"Holiday Rentals Menorca","publisher":{"@id":"https:\/\/menorcavillas.co.uk\/es\/#organization"},"potentialAction":[{"@type":"SearchAction","target":{"@type":"EntryPoint","urlTemplate":"https:\/\/menorcavillas.co.uk\/es\/?s={search_term_string}"},"query-input":{"@type":"PropertyValueSpecification","valueRequired":true,"valueName":"search_term_string"}}],"inLanguage":"es"},{"@type":"Organization","@id":"https:\/\/menorcavillas.co.uk\/es\/#organization","name":"Menorca Villas","url":"https:\/\/menorcavillas.co.uk\/es\/","logo":{"@type":"ImageObject","inLanguage":"es","@id":"https:\/\/menorcavillas.co.uk\/es\/#\/schema\/logo\/image\/","url":"","contentUrl":"","caption":"Menorca Villas"},"image":{"@id":"https:\/\/menorcavillas.co.uk\/es\/#\/schema\/logo\/image\/"},"sameAs":["https:\/\/www.facebook.com\/menorcavillasmenorca\/"]}]}},"_links":{"self":[{"href":"https:\/\/menorcavillas.co.uk\/es\/wp-json\/wp\/v2\/product\/44066","targetHints":{"allow":["GET"]}}],"collection":[{"href":"https:\/\/menorcavillas.co.uk\/es\/wp-json\/wp\/v2\/product"}],"about":[{"href":"https:\/\/menorcavillas.co.uk\/es\/wp-json\/wp\/v2\/types\/product"}],"wp:featuredmedia":[{"embeddable":true,"href":"https:\/\/menorcavillas.co.uk\/es\/wp-json\/wp\/v2\/media\/98145"}],"wp:attachment":[{"href":"https:\/\/menorcavillas.co.uk\/es\/wp-json\/wp\/v2\/media?parent=44066"}],"wp:term":[{"taxonomy":"product_brand","embeddable":true,"href":"https:\/\/menorcavillas.co.uk\/es\/wp-json\/wp\/v2\/product_brand?post=44066"},{"taxonomy":"product_cat","embeddable":true,"href":"https:\/\/menorcavillas.co.uk\/es\/wp-json\/wp\/v2\/product_cat?post=44066"},{"taxonomy":"product_tag","embeddable":true,"href":"https:\/\/menorcavillas.co.uk\/es\/wp-json\/wp\/v2\/product_tag?post=44066"},{"taxonomy":"amenities","embeddable":true,"href":"https:\/\/menorcavillas.co.uk\/es\/wp-json\/wp\/v2\/amenities?post=44066"}],"curies":[{"name":"wp","href":"https:\/\/api.w.org\/{rel}","templated":true}]}}