{"id":44024,"date":"2026-01-16T18:06:29","date_gmt":"2026-01-16T17:06:29","guid":{"rendered":"https:\/\/menorcavillas.co.uk\/?post_type=product&#038;p=44024"},"modified":"2026-03-13T18:51:49","modified_gmt":"2026-03-13T17:51:49","slug":"casa-floris-2","status":"publish","type":"product","link":"https:\/\/menorcavillas.co.uk\/es\/villas-menorca\/casa-floris-2\/","title":{"rendered":"Casa Floris"},"content":{"rendered":"<p>Casa Floris es una villa tradicional menorquina de cuatro habitaciones y tres cuartos de ba\u00f1o, localizado en el popular pueblo de playa de Binibeca.<\/p>\n<p><span style=\"color: rgb(30, 165, 149);\">Ver m\u00e1s<\/span><\/p>\n<p>Est\u00e1 situado en un cul-de-sac tranquilo, ni diez minutos a pie de la playa y de los bares y restaurantes de Cala Torret y el pueblecito de pescadores de Binibeca Vell.<\/p>\n<p>Al entrar a la propiedad, los hu\u00e9spedes se encontrar\u00e1n en el sal\u00f3n\/comedor que est\u00e1 amueblado c\u00f3modamente con sof\u00e1s, sillones, una mesa de comedor con lugar para ocho personas, una televisi\u00f3n con canales IPTV y Wi-Fi. Hacia un lado del sal\u00f3n se encuentra la cocina, equipada con un horno, vitrocer\u00e1mica, nevera\/congelador, microondas, Cafetera Nespresso, lavadora y lavaplatos. . Tambi\u00e9n hay un \u00e1rea de servicios adyacente y un peque\u00f1o cuarto de ba\u00f1o con ducha, lavabo y WC.<\/p>\n<p>Desde el sal\u00f3n hay dos escalones que conducen a tres de las habitaciones. Hay dos dormitorios con cama matrimonial, armarios y mesitas de noche. Junto a estas dos habitaciones hay un ba\u00f1o con ba\u00f1era (con ducha), lavabo y WC.<\/p>\n<p>El tercer dormitorio tiene una cama matrimonial con armarios. Tiene un cuarto de ba\u00f1o en suite, con ducha, lavabo y WC.<\/p>\n<p>Finalmente, al cuarto dormitorio se accede por dos escalones m\u00e1s, y tambi\u00e9n tiene una cama matrimonial y armarios. Los cuatro dormitorios tienen aire acondicionado.<\/p>\n<p>Fuera de la villa hay una piscina de buen tama\u00f1o (9 x 4 m), con acceso por escalones romanos. Es 1.9m en su punto m\u00e1s profundo y .9m en el extremo menos profundo. Hay una gran cantidad de espacio para tomar el sol, as\u00ed como una terraza cubierta si desea encontrar algo de sombra. Hay una zona de barbacoa y una terraza en el tejado de la casa con unas vistas espectaculares al mar.<\/p>\n<p><\/p>\n<p><strong>Localizaci\u00f3n y distancias<\/strong><\/p>\n<p>Aeropuerto 20 minutos en coche, Playa, Tiendas y Restaurantes 10 minutos a pie<\/p>\n<p>Coche recomendado<\/p>\n<p><\/p>\n<p><strong>Zona:<\/strong><\/p>\n<p><strong>Binibeca<\/strong>&nbsp;es una urbanizaci\u00f3n tranquila, id\u00edlica y popular en la preciosa costa sur de Menorca, y es la opci\u00f3n perfecta para aquellos turistas que busquen alejarse del ruido y de las muchedumbres de las zonas m\u00e1s urbanizadas. Aqu\u00ed no encontrar\u00e1 ning\u00fan gran complejo vacacional ni ning\u00fan gran hotel que interrumpa las magn\u00edficas vistas.<\/p>\n<p><\/p>\n<p><strong>Playa:<\/strong>&nbsp;Una atractiva y profunda playa de arena blanca y fina con una zona de picnic sombreada en la parte posterior con lavabos p\u00fablicos. Zona de parking gratis abiertamente disponible. Las aguas de la playa est\u00e1n protegidas por un cabo prominente en el horizonte. Poco profunda, con fondo de arena blanca y flanqueada por rocas en ambos lados, es perfecta para hacer snorkel. El chiringuito, Los Bucaneros (una antigua caba\u00f1a de pescadores convertida en bar) sirve platos b\u00e1sicos frescos, adem\u00e1s de patatas, etc. y bebidas calientes y fr\u00edas. Cuenta con socorrista. Se pueden alquiler kayaks y botes el\u00e9ctricos desde la misma playa. Tambi\u00e9n cuenta con servicio de alquiler de hamacas y parasoles. En la calle, subiendo de la playa hay otro peque\u00f1o chiringuito donde se pueden comprar helados, crepes y otros tipos de bebidas y comida. La c\u00e1lida agua poco profunda de esta playa la convierte en una de las m\u00e1s populares con familias con hijos peque\u00f1os, pero la playa es suficientemente grande como para que todos tengan espacio.<\/p>\n<p><\/p>\n<p><em>Licencia tur\u00edstica: ET1902ME<\/em><\/p>\n","protected":false},"excerpt":{"rendered":"<p>Casa Floris es una villa tradicional menorquina de cuatro habitaciones y tres cuartos de ba\u00f1o, localizado en el popular pueblo de playa de Binibeca.<\/p>\n<p><span style=\"color: rgb(30, 165, 149);\">Ver m\u00e1s<\/span><\/p>\n<p>Est\u00e1 situado en un cul-de-sac tranquilo, ni diez minutos a pie de la playa y de los bares y restaurantes de Cala Torret y el pueblecito de pescadores de Binibeca Vell.<\/p>\n<p>Al entrar a la propiedad, los hu\u00e9spedes se encontrar\u00e1n en el sal\u00f3n\/comedor que est\u00e1 amueblado c\u00f3modamente con sof\u00e1s, sillones, una mesa de comedor con lugar para ocho personas, una televisi\u00f3n con canales IPTV y Wi-Fi. Hacia un lado del sal\u00f3n se encuentra la cocina, equipada con un horno, vitrocer\u00e1mica, nevera\/congelador, microondas, Cafetera Nespresso, lavadora y lavaplatos. . Tambi\u00e9n hay un \u00e1rea de servicios adyacente y un peque\u00f1o cuarto de ba\u00f1o con ducha, lavabo y WC.<\/p>\n<p>Desde el sal\u00f3n hay dos escalones que conducen a tres de las habitaciones. Hay dos dormitorios con cama matrimonial, armarios y mesitas de noche. Junto a estas dos habitaciones hay un ba\u00f1o con ba\u00f1era (con ducha), lavabo y WC.<\/p>\n<p>El tercer dormitorio tiene una cama matrimonial con armarios. Tiene un cuarto de ba\u00f1o en suite, con ducha, lavabo y WC.<\/p>\n<p>Finalmente, al cuarto dormitorio se accede por dos escalones m\u00e1s, y tambi\u00e9n tiene una cama matrimonial y armarios. Los cuatro dormitorios tienen aire acondicionado.<\/p>\n<p>Fuera de la villa hay una piscina de buen tama\u00f1o (9 x 4 m), con acceso por escalones romanos. Es 1.9m en su punto m\u00e1s profundo y .9m en el extremo menos profundo. Hay una gran cantidad de espacio para tomar el sol, as\u00ed como una terraza cubierta si desea encontrar algo de sombra. Hay una zona de barbacoa y una terraza en el tejado de la casa con unas vistas espectaculares al mar.<\/p>\n<p><\/p>\n<p><strong>Localizaci\u00f3n y distancias<\/strong><\/p>\n<p>Aeropuerto 20 minutos en coche, Playa, Tiendas y Restaurantes 10 minutos a pie<\/p>\n<p>Coche recomendado<\/p>\n<p><\/p>\n<p><strong>Zona:<\/strong><\/p>\n<p><strong>Binibeca<\/strong>&nbsp;es una urbanizaci\u00f3n tranquila, id\u00edlica y popular en la preciosa costa sur de Menorca, y es la opci\u00f3n perfecta para aquellos turistas que busquen alejarse del ruido y de las muchedumbres de las zonas m\u00e1s urbanizadas. Aqu\u00ed no encontrar\u00e1 ning\u00fan gran complejo vacacional ni ning\u00fan gran hotel que interrumpa las magn\u00edficas vistas.<\/p>\n<p><\/p>\n<p><strong>Playa:<\/strong>&nbsp;Una atractiva y profunda playa de arena blanca y fina con una zona de picnic sombreada en la parte posterior con lavabos p\u00fablicos. Zona de parking gratis abiertamente disponible. Las aguas de la playa est\u00e1n protegidas por un cabo prominente en el horizonte. Poco profunda, con fondo de arena blanca y flanqueada por rocas en ambos lados, es perfecta para hacer snorkel. El chiringuito, Los Bucaneros (una antigua caba\u00f1a de pescadores convertida en bar) sirve platos b\u00e1sicos frescos, adem\u00e1s de patatas, etc. y bebidas calientes y fr\u00edas. Cuenta con socorrista. Se pueden alquiler kayaks y botes el\u00e9ctricos desde la misma playa. Tambi\u00e9n cuenta con servicio de alquiler de hamacas y parasoles. En la calle, subiendo de la playa hay otro peque\u00f1o chiringuito donde se pueden comprar helados, crepes y otros tipos de bebidas y comida. La c\u00e1lida agua poco profunda de esta playa la convierte en una de las m\u00e1s populares con familias con hijos peque\u00f1os, pero la playa es suficientemente grande como para que todos tengan espacio.<\/p>\n<p><\/p>\n<p><em>Licencia tur\u00edstica: ET1902ME<\/em><\/p>\n","protected":false},"featured_media":92835,"comment_status":"open","ping_status":"closed","template":"","meta":{"_acf_changed":false},"product_brand":[],"product_cat":[15],"product_tag":[],"amenities":[315,129,311,312,313,316,153],"class_list":{"0":"post-44024","1":"product","2":"type-product","3":"status-publish","4":"has-post-thumbnail","6":"product_cat-sin-categorizar","7":"amenities-ac","8":"amenities-bbq","9":"amenities-iptv","10":"amenities-lounge-dining-room","11":"amenities-pool","12":"amenities-terrace","13":"amenities-wifi","15":"first","16":"instock","17":"shipping-taxable","18":"purchasable","19":"product-type-simple"},"acf":[],"yoast_head":"<!-- This site is optimized with the Yoast SEO Premium plugin v26.7 (Yoast SEO v26.7) - https:\/\/yoast.com\/wordpress\/plugins\/seo\/ -->\n<title>Casa Floris | Menorca Villas<\/title>\n<meta name=\"robots\" content=\"index, follow, max-snippet:-1, max-image-preview:large, max-video-preview:-1\" \/>\n<link rel=\"canonical\" href=\"https:\/\/menorcavillas.co.uk\/es\/villas-menorca\/casa-floris-2\/\" \/>\n<meta property=\"og:locale\" content=\"es_ES\" \/>\n<meta property=\"og:type\" content=\"article\" \/>\n<meta property=\"og:title\" content=\"Casa Floris\" \/>\n<meta property=\"og:description\" content=\"Casa Floris es una villa tradicional menorquina de cuatro habitaciones y tres cuartos de ba\u00f1o, localizado en el popular pueblo de playa de Binibeca.Ver m\u00e1sEst\u00e1 situado en un cul-de-sac tranquilo, ni diez minutos a pie de la playa y de los bares y restaurantes de Cala Torret y el pueblecito de pescadores de Binibeca Vell.Al entrar a la propiedad, los hu\u00e9spedes se encontrar\u00e1n en el sal\u00f3n\/comedor que est\u00e1 amueblado c\u00f3modamente con sof\u00e1s, sillones, una mesa de comedor con lugar para ocho personas, una televisi\u00f3n con canales IPTV y Wi-Fi. Hacia un lado del sal\u00f3n se encuentra la cocina, equipada con un horno, vitrocer\u00e1mica, nevera\/congelador, microondas, Cafetera Nespresso, lavadora y lavaplatos. . Tambi\u00e9n hay un \u00e1rea de servicios adyacente y un peque\u00f1o cuarto de ba\u00f1o con ducha, lavabo y WC.Desde el sal\u00f3n hay dos escalones que conducen a tres de las habitaciones. Hay dos dormitorios con cama matrimonial, armarios y mesitas de noche. Junto a estas dos habitaciones hay un ba\u00f1o con ba\u00f1era (con ducha), lavabo y WC.El tercer dormitorio tiene una cama matrimonial con armarios. Tiene un cuarto de ba\u00f1o en suite, con ducha, lavabo y WC.Finalmente, al cuarto dormitorio se accede por dos escalones m\u00e1s, y tambi\u00e9n tiene una cama matrimonial y armarios. Los cuatro dormitorios tienen aire acondicionado.Fuera de la villa hay una piscina de buen tama\u00f1o (9 x 4 m), con acceso por escalones romanos. Es 1.9m en su punto m\u00e1s profundo y .9m en el extremo menos profundo. Hay una gran cantidad de espacio para tomar el sol, as\u00ed como una terraza cubierta si desea encontrar algo de sombra. Hay una zona de barbacoa y una terraza en el tejado de la casa con unas vistas espectaculares al mar.Localizaci\u00f3n y distanciasAeropuerto 20 minutos en coche, Playa, Tiendas y Restaurantes 10 minutos a pieCoche recomendadoZona:Binibeca&nbsp;es una urbanizaci\u00f3n tranquila, id\u00edlica y popular en la preciosa costa sur de Menorca, y es la opci\u00f3n perfecta para aquellos turistas que busquen alejarse del ruido y de las muchedumbres de las zonas m\u00e1s urbanizadas. Aqu\u00ed no encontrar\u00e1 ning\u00fan gran complejo vacacional ni ning\u00fan gran hotel que interrumpa las magn\u00edficas vistas.Playa:&nbsp;Una atractiva y profunda playa de arena blanca y fina con una zona de picnic sombreada en la parte posterior con lavabos p\u00fablicos. Zona de parking gratis abiertamente disponible. Las aguas de la playa est\u00e1n protegidas por un cabo prominente en el horizonte. Poco profunda, con fondo de arena blanca y flanqueada por rocas en ambos lados, es perfecta para hacer snorkel. El chiringuito, Los Bucaneros (una antigua caba\u00f1a de pescadores convertida en bar) sirve platos b\u00e1sicos frescos, adem\u00e1s de patatas, etc. y bebidas calientes y fr\u00edas. Cuenta con socorrista. Se pueden alquiler kayaks y botes el\u00e9ctricos desde la misma playa. Tambi\u00e9n cuenta con servicio de alquiler de hamacas y parasoles. En la calle, subiendo de la playa hay otro peque\u00f1o chiringuito donde se pueden comprar helados, crepes y otros tipos de bebidas y comida. La c\u00e1lida agua poco profunda de esta playa la convierte en una de las m\u00e1s populares con familias con hijos peque\u00f1os, pero la playa es suficientemente grande como para que todos tengan espacio.Licencia tur\u00edstica: ET1902ME\" \/>\n<meta property=\"og:url\" content=\"https:\/\/menorcavillas.co.uk\/es\/villas-menorca\/casa-floris-2\/\" \/>\n<meta property=\"og:site_name\" content=\"Menorca Villas\" \/>\n<meta property=\"article:publisher\" content=\"https:\/\/www.facebook.com\/menorcavillasmenorca\/\" \/>\n<meta property=\"article:modified_time\" content=\"2026-03-13T17:51:49+00:00\" \/>\n<meta property=\"og:image\" content=\"https:\/\/menorcavillas.co.uk\/wp-content\/uploads\/2026\/01\/properties2FCKD5PN8yWTqqfBscVeqp-1744111168460-1.jpeg\" \/>\n\t<meta property=\"og:image:width\" content=\"1280\" \/>\n\t<meta property=\"og:image:height\" content=\"960\" \/>\n\t<meta property=\"og:image:type\" content=\"image\/jpeg\" \/>\n<meta name=\"twitter:card\" content=\"summary_large_image\" \/>\n<meta name=\"twitter:label1\" content=\"Tiempo de lectura\" \/>\n\t<meta name=\"twitter:data1\" content=\"3 minutos\" \/>\n<script type=\"application\/ld+json\" class=\"yoast-schema-graph\">{\"@context\":\"https:\/\/schema.org\",\"@graph\":[{\"@type\":\"WebPage\",\"@id\":\"https:\/\/menorcavillas.co.uk\/es\/villas-menorca\/casa-floris-2\/\",\"url\":\"https:\/\/menorcavillas.co.uk\/es\/villas-menorca\/casa-floris-2\/\",\"name\":\"Casa Floris | Menorca Villas\",\"isPartOf\":{\"@id\":\"https:\/\/menorcavillas.co.uk\/es\/#website\"},\"primaryImageOfPage\":{\"@id\":\"https:\/\/menorcavillas.co.uk\/es\/villas-menorca\/casa-floris-2\/#primaryimage\"},\"image\":{\"@id\":\"https:\/\/menorcavillas.co.uk\/es\/villas-menorca\/casa-floris-2\/#primaryimage\"},\"thumbnailUrl\":\"https:\/\/menorcavillas.co.uk\/wp-content\/uploads\/2026\/01\/properties2FCKD5PN8yWTqqfBscVeqp-1744111168460-1-1.jpeg\",\"datePublished\":\"2026-01-16T17:06:29+00:00\",\"dateModified\":\"2026-03-13T17:51:49+00:00\",\"breadcrumb\":{\"@id\":\"https:\/\/menorcavillas.co.uk\/es\/villas-menorca\/casa-floris-2\/#breadcrumb\"},\"inLanguage\":\"es\",\"potentialAction\":[{\"@type\":\"ReadAction\",\"target\":[\"https:\/\/menorcavillas.co.uk\/es\/villas-menorca\/casa-floris-2\/\"]}]},{\"@type\":\"ImageObject\",\"inLanguage\":\"es\",\"@id\":\"https:\/\/menorcavillas.co.uk\/es\/villas-menorca\/casa-floris-2\/#primaryimage\",\"url\":\"https:\/\/menorcavillas.co.uk\/wp-content\/uploads\/2026\/01\/properties2FCKD5PN8yWTqqfBscVeqp-1744111168460-1-1.jpeg\",\"contentUrl\":\"https:\/\/menorcavillas.co.uk\/wp-content\/uploads\/2026\/01\/properties2FCKD5PN8yWTqqfBscVeqp-1744111168460-1-1.jpeg\",\"width\":1280,\"height\":960},{\"@type\":\"BreadcrumbList\",\"@id\":\"https:\/\/menorcavillas.co.uk\/es\/villas-menorca\/casa-floris-2\/#breadcrumb\",\"itemListElement\":[{\"@type\":\"ListItem\",\"position\":1,\"name\":\"Menorca Villas\",\"item\":\"https:\/\/menorcavillas.co.uk\/es\/\"},{\"@type\":\"ListItem\",\"position\":2,\"name\":\"Our Villas\",\"item\":\"https:\/\/menorcavillas.co.uk\/location-2\/\"},{\"@type\":\"ListItem\",\"position\":3,\"name\":\"Casa Floris\"}]},{\"@type\":\"WebSite\",\"@id\":\"https:\/\/menorcavillas.co.uk\/es\/#website\",\"url\":\"https:\/\/menorcavillas.co.uk\/es\/\",\"name\":\"Menorca Villas\",\"description\":\"Holiday Rentals Menorca\",\"publisher\":{\"@id\":\"https:\/\/menorcavillas.co.uk\/es\/#organization\"},\"potentialAction\":[{\"@type\":\"SearchAction\",\"target\":{\"@type\":\"EntryPoint\",\"urlTemplate\":\"https:\/\/menorcavillas.co.uk\/es\/?s={search_term_string}\"},\"query-input\":{\"@type\":\"PropertyValueSpecification\",\"valueRequired\":true,\"valueName\":\"search_term_string\"}}],\"inLanguage\":\"es\"},{\"@type\":\"Organization\",\"@id\":\"https:\/\/menorcavillas.co.uk\/es\/#organization\",\"name\":\"Menorca Villas\",\"url\":\"https:\/\/menorcavillas.co.uk\/es\/\",\"logo\":{\"@type\":\"ImageObject\",\"inLanguage\":\"es\",\"@id\":\"https:\/\/menorcavillas.co.uk\/es\/#\/schema\/logo\/image\/\",\"url\":\"\",\"contentUrl\":\"\",\"caption\":\"Menorca Villas\"},\"image\":{\"@id\":\"https:\/\/menorcavillas.co.uk\/es\/#\/schema\/logo\/image\/\"},\"sameAs\":[\"https:\/\/www.facebook.com\/menorcavillasmenorca\/\"]}]}<\/script>\n<!-- \/ Yoast SEO Premium plugin. -->","yoast_head_json":{"title":"Casa Floris | Menorca Villas","robots":{"index":"index","follow":"follow","max-snippet":"max-snippet:-1","max-image-preview":"max-image-preview:large","max-video-preview":"max-video-preview:-1"},"canonical":"https:\/\/menorcavillas.co.uk\/es\/villas-menorca\/casa-floris-2\/","og_locale":"es_ES","og_type":"article","og_title":"Casa Floris","og_description":"Casa Floris es una villa tradicional menorquina de cuatro habitaciones y tres cuartos de ba\u00f1o, localizado en el popular pueblo de playa de Binibeca.Ver m\u00e1sEst\u00e1 situado en un cul-de-sac tranquilo, ni diez minutos a pie de la playa y de los bares y restaurantes de Cala Torret y el pueblecito de pescadores de Binibeca Vell.Al entrar a la propiedad, los hu\u00e9spedes se encontrar\u00e1n en el sal\u00f3n\/comedor que est\u00e1 amueblado c\u00f3modamente con sof\u00e1s, sillones, una mesa de comedor con lugar para ocho personas, una televisi\u00f3n con canales IPTV y Wi-Fi. Hacia un lado del sal\u00f3n se encuentra la cocina, equipada con un horno, vitrocer\u00e1mica, nevera\/congelador, microondas, Cafetera Nespresso, lavadora y lavaplatos. . Tambi\u00e9n hay un \u00e1rea de servicios adyacente y un peque\u00f1o cuarto de ba\u00f1o con ducha, lavabo y WC.Desde el sal\u00f3n hay dos escalones que conducen a tres de las habitaciones. Hay dos dormitorios con cama matrimonial, armarios y mesitas de noche. Junto a estas dos habitaciones hay un ba\u00f1o con ba\u00f1era (con ducha), lavabo y WC.El tercer dormitorio tiene una cama matrimonial con armarios. Tiene un cuarto de ba\u00f1o en suite, con ducha, lavabo y WC.Finalmente, al cuarto dormitorio se accede por dos escalones m\u00e1s, y tambi\u00e9n tiene una cama matrimonial y armarios. Los cuatro dormitorios tienen aire acondicionado.Fuera de la villa hay una piscina de buen tama\u00f1o (9 x 4 m), con acceso por escalones romanos. Es 1.9m en su punto m\u00e1s profundo y .9m en el extremo menos profundo. Hay una gran cantidad de espacio para tomar el sol, as\u00ed como una terraza cubierta si desea encontrar algo de sombra. Hay una zona de barbacoa y una terraza en el tejado de la casa con unas vistas espectaculares al mar.Localizaci\u00f3n y distanciasAeropuerto 20 minutos en coche, Playa, Tiendas y Restaurantes 10 minutos a pieCoche recomendadoZona:Binibeca&nbsp;es una urbanizaci\u00f3n tranquila, id\u00edlica y popular en la preciosa costa sur de Menorca, y es la opci\u00f3n perfecta para aquellos turistas que busquen alejarse del ruido y de las muchedumbres de las zonas m\u00e1s urbanizadas. Aqu\u00ed no encontrar\u00e1 ning\u00fan gran complejo vacacional ni ning\u00fan gran hotel que interrumpa las magn\u00edficas vistas.Playa:&nbsp;Una atractiva y profunda playa de arena blanca y fina con una zona de picnic sombreada en la parte posterior con lavabos p\u00fablicos. Zona de parking gratis abiertamente disponible. Las aguas de la playa est\u00e1n protegidas por un cabo prominente en el horizonte. Poco profunda, con fondo de arena blanca y flanqueada por rocas en ambos lados, es perfecta para hacer snorkel. El chiringuito, Los Bucaneros (una antigua caba\u00f1a de pescadores convertida en bar) sirve platos b\u00e1sicos frescos, adem\u00e1s de patatas, etc. y bebidas calientes y fr\u00edas. Cuenta con socorrista. Se pueden alquiler kayaks y botes el\u00e9ctricos desde la misma playa. Tambi\u00e9n cuenta con servicio de alquiler de hamacas y parasoles. En la calle, subiendo de la playa hay otro peque\u00f1o chiringuito donde se pueden comprar helados, crepes y otros tipos de bebidas y comida. La c\u00e1lida agua poco profunda de esta playa la convierte en una de las m\u00e1s populares con familias con hijos peque\u00f1os, pero la playa es suficientemente grande como para que todos tengan espacio.Licencia tur\u00edstica: ET1902ME","og_url":"https:\/\/menorcavillas.co.uk\/es\/villas-menorca\/casa-floris-2\/","og_site_name":"Menorca Villas","article_publisher":"https:\/\/www.facebook.com\/menorcavillasmenorca\/","article_modified_time":"2026-03-13T17:51:49+00:00","og_image":[{"width":1280,"height":960,"url":"https:\/\/menorcavillas.co.uk\/wp-content\/uploads\/2026\/01\/properties2FCKD5PN8yWTqqfBscVeqp-1744111168460-1.jpeg","type":"image\/jpeg"}],"twitter_card":"summary_large_image","twitter_misc":{"Tiempo de lectura":"3 minutos"},"schema":{"@context":"https:\/\/schema.org","@graph":[{"@type":"WebPage","@id":"https:\/\/menorcavillas.co.uk\/es\/villas-menorca\/casa-floris-2\/","url":"https:\/\/menorcavillas.co.uk\/es\/villas-menorca\/casa-floris-2\/","name":"Casa Floris | Menorca Villas","isPartOf":{"@id":"https:\/\/menorcavillas.co.uk\/es\/#website"},"primaryImageOfPage":{"@id":"https:\/\/menorcavillas.co.uk\/es\/villas-menorca\/casa-floris-2\/#primaryimage"},"image":{"@id":"https:\/\/menorcavillas.co.uk\/es\/villas-menorca\/casa-floris-2\/#primaryimage"},"thumbnailUrl":"https:\/\/menorcavillas.co.uk\/wp-content\/uploads\/2026\/01\/properties2FCKD5PN8yWTqqfBscVeqp-1744111168460-1-1.jpeg","datePublished":"2026-01-16T17:06:29+00:00","dateModified":"2026-03-13T17:51:49+00:00","breadcrumb":{"@id":"https:\/\/menorcavillas.co.uk\/es\/villas-menorca\/casa-floris-2\/#breadcrumb"},"inLanguage":"es","potentialAction":[{"@type":"ReadAction","target":["https:\/\/menorcavillas.co.uk\/es\/villas-menorca\/casa-floris-2\/"]}]},{"@type":"ImageObject","inLanguage":"es","@id":"https:\/\/menorcavillas.co.uk\/es\/villas-menorca\/casa-floris-2\/#primaryimage","url":"https:\/\/menorcavillas.co.uk\/wp-content\/uploads\/2026\/01\/properties2FCKD5PN8yWTqqfBscVeqp-1744111168460-1-1.jpeg","contentUrl":"https:\/\/menorcavillas.co.uk\/wp-content\/uploads\/2026\/01\/properties2FCKD5PN8yWTqqfBscVeqp-1744111168460-1-1.jpeg","width":1280,"height":960},{"@type":"BreadcrumbList","@id":"https:\/\/menorcavillas.co.uk\/es\/villas-menorca\/casa-floris-2\/#breadcrumb","itemListElement":[{"@type":"ListItem","position":1,"name":"Menorca Villas","item":"https:\/\/menorcavillas.co.uk\/es\/"},{"@type":"ListItem","position":2,"name":"Our Villas","item":"https:\/\/menorcavillas.co.uk\/location-2\/"},{"@type":"ListItem","position":3,"name":"Casa Floris"}]},{"@type":"WebSite","@id":"https:\/\/menorcavillas.co.uk\/es\/#website","url":"https:\/\/menorcavillas.co.uk\/es\/","name":"Menorca Villas","description":"Holiday Rentals Menorca","publisher":{"@id":"https:\/\/menorcavillas.co.uk\/es\/#organization"},"potentialAction":[{"@type":"SearchAction","target":{"@type":"EntryPoint","urlTemplate":"https:\/\/menorcavillas.co.uk\/es\/?s={search_term_string}"},"query-input":{"@type":"PropertyValueSpecification","valueRequired":true,"valueName":"search_term_string"}}],"inLanguage":"es"},{"@type":"Organization","@id":"https:\/\/menorcavillas.co.uk\/es\/#organization","name":"Menorca Villas","url":"https:\/\/menorcavillas.co.uk\/es\/","logo":{"@type":"ImageObject","inLanguage":"es","@id":"https:\/\/menorcavillas.co.uk\/es\/#\/schema\/logo\/image\/","url":"","contentUrl":"","caption":"Menorca Villas"},"image":{"@id":"https:\/\/menorcavillas.co.uk\/es\/#\/schema\/logo\/image\/"},"sameAs":["https:\/\/www.facebook.com\/menorcavillasmenorca\/"]}]}},"_links":{"self":[{"href":"https:\/\/menorcavillas.co.uk\/es\/wp-json\/wp\/v2\/product\/44024","targetHints":{"allow":["GET"]}}],"collection":[{"href":"https:\/\/menorcavillas.co.uk\/es\/wp-json\/wp\/v2\/product"}],"about":[{"href":"https:\/\/menorcavillas.co.uk\/es\/wp-json\/wp\/v2\/types\/product"}],"replies":[{"embeddable":true,"href":"https:\/\/menorcavillas.co.uk\/es\/wp-json\/wp\/v2\/comments?post=44024"}],"wp:featuredmedia":[{"embeddable":true,"href":"https:\/\/menorcavillas.co.uk\/es\/wp-json\/wp\/v2\/media\/92835"}],"wp:attachment":[{"href":"https:\/\/menorcavillas.co.uk\/es\/wp-json\/wp\/v2\/media?parent=44024"}],"wp:term":[{"taxonomy":"product_brand","embeddable":true,"href":"https:\/\/menorcavillas.co.uk\/es\/wp-json\/wp\/v2\/product_brand?post=44024"},{"taxonomy":"product_cat","embeddable":true,"href":"https:\/\/menorcavillas.co.uk\/es\/wp-json\/wp\/v2\/product_cat?post=44024"},{"taxonomy":"product_tag","embeddable":true,"href":"https:\/\/menorcavillas.co.uk\/es\/wp-json\/wp\/v2\/product_tag?post=44024"},{"taxonomy":"amenities","embeddable":true,"href":"https:\/\/menorcavillas.co.uk\/es\/wp-json\/wp\/v2\/amenities?post=44024"}],"curies":[{"name":"wp","href":"https:\/\/api.w.org\/{rel}","templated":true}]}}