{"id":100905,"date":"2026-03-23T10:37:04","date_gmt":"2026-03-23T09:37:04","guid":{"rendered":"https:\/\/menorcavillas.co.uk\/?post_type=product&#038;p=100905"},"modified":"2026-03-23T10:37:04","modified_gmt":"2026-03-23T09:37:04","slug":"es-jardi","status":"publish","type":"product","link":"https:\/\/menorcavillas.co.uk\/es\/villas-menorca\/es-jardi\/","title":{"rendered":"Es Jardi"},"content":{"rendered":"<p>Villa Es Jard\u00ed es una villa preciosa, espaciosa y dise\u00f1ada elegantemente al estilo marroqu\u00ed que ofrece alojamiento en un mismo nivel para hasta 10 personas. (Incuiedo para el servicio)<\/p>\n<p><\/p>\n<p>Se encuentra dentro de una parcela de 8000 metros cuadrados con unos jardines dise\u00f1ados al estilo mediterr\u00e1neo y cuenta con unas vallas de alta seguridad autom\u00e1ticas. Se acerca a la casa a trav\u00e9s de un camino bordeado con lavanda.<\/p>\n<p><\/p>\n<p><strong>Instalaciones externes incluyen:<\/strong><\/p>\n<ul>\n<li>Una piscina valla con una piscina peque\u00f1a separada para ni\u00f1os<\/li>\n<li>Pista de padel\/tenis iluminado<\/li>\n<li>Pista de b\u00e1squet<\/li>\n<li>Zona de recreo arenoso<\/li>\n<li>Mini pista de futbol con porter\u00edas a tama\u00f1o real<\/li>\n<li>Terrazas cubiertas con asientos c\u00f3modos a lo largo de la casa<\/li>\n<li>Barbacoa de piedra con zona de cena exterior parcialmente cercado, con mesa de teca para&nbsp;personas<\/li>\n<\/ul>\n<p>En el interior, la propiedad est\u00e1 amueblada con muy buen gusto; es muy luminoso y airoso gracias a sus altos techos abovedados y sus ciertos rasgos hechos en mar\u00e9s agradar\u00e1 a los clientes m\u00e1s sagaces.<\/p>\n<p><\/p>\n<p><strong>La propiedad principal ofrece:<\/strong><\/p>\n<ul>\n<li>Tres habitaciones muy grandes con aire acondicionado con armarios empotrados de teca, cada una con un cuarto de ba\u00f1o propio o ensuite. La habitaci\u00f3n principal cuenta con una cama King-size con un colch\u00f3n Tempur y su ensuite tiene una ba\u00f1era, ducha y un doble tocador. Las otras dos habitaciones ofrecen alojamiento flexible: camas individuales o super King-size.<\/li>\n<li>Un precioso sal\u00f3n con varios sof\u00e1s c\u00f3modos y puertas dobles que dan acceso a uno de los patios y el jard\u00edn. Incluye una televisi\u00f3n de 42 pulgadas con acceso a algunos canales de sat\u00e9lite ingleses, canales espa\u00f1oles TDT y un reproductor de DVD. La propiedad entera cuenta con internet Wi-Fi.<\/li>\n<li>Una magn\u00edfica cocina con horno\/cocina Smeg de alta calidad, una nevera\/congelador doble americana, encimeras de granito, lavaplatos y una gran despensa. Hay una barra americana para desayunar que parte la cocina y la zona de comedor que est\u00e1 envuelto de puertas corredizas de cristal que abren a la terraza exterior y la piscina.<\/li>\n<\/ul>\n<p><\/p>\n<p><strong>El alojamiento del anexo incluye:<\/strong><\/p>\n<ul>\n<li>Una gran habitaci\u00f3n con aire acondicionado con su propia entrada. La habitaci\u00f3n, que cuenta con puertas que abren a la terraza de la piscina, tiene una cama super King-size, un cuarto de ba\u00f1o ensuite, una mini-cocina y un peque\u00f1o entresuelo con dos camas individuales m\u00e1s. Este entresuelo tiene un peque\u00f1o \u201cbalc\u00f3n\u201d por encima de la habitaci\u00f3n principal y se llega a ella a trav\u00e9s de unas escaleras \u2013 por esta raz\u00f3n no es apto para ni\u00f1os muy peque\u00f1os ni para personas mayores.<\/li>\n<li>Una habitaci\u00f3n con dos camas individuales con cuarto de ba\u00f1o ensuite con ducha y entrada propia.<\/li>\n<li>Al final de la zona del anexo hay un lavadero, donde hay una lavadora y una zona para secar.<\/li>\n<\/ul>\n<p><strong>Incluye:<\/strong><\/p>\n<ul>\n<li>Toallas de playa<\/li>\n<li>Secadoras de pelo<\/li>\n<li>Carrito de beb\u00e9 y trona<\/li>\n<\/ul>\n<p><\/p>\n<p><strong>Localizaci\u00f3n y distancias<\/strong><\/p>\n<p>Aeropuerto 10 min en coche, Playa 5 min en coche, Tiendas y Restaurantes 10 min a pie<\/p>\n<h3><strong>Zona:<\/strong><\/h3>\n<p>Villa Es Jard ofrece comodidad, calidad y tranquilidad. Sin embargo, a pesar de su localizaci\u00f3n extremadamente privada y pac\u00edfica, los bares, restaurantes y tiendas del pueblo hist\u00f3rico de Sant Lluis y las magn\u00edficas bodegas de Binifadet (que cuenta con bar y restaurante propio) est\u00e1n a pocos minutos caminando. Y las playas de Binisafua, Binibeca y Punta Prima est\u00e1n a tan solo 5 minutos en coche.<\/p>\n<p><\/p>\n<p><strong>Licencia tur\u00edstica:<\/strong><em> <\/em><span style=\"background-color: rgb(247, 247, 247); color: rgb(17, 17, 17);\">ESFCTU00000701300004015300000000000000000000ET0649ME2<\/span><\/p>\n","protected":false},"excerpt":{"rendered":"<p>Villa Es Jard\u00ed es una villa preciosa, espaciosa y dise\u00f1ada elegantemente al estilo marroqu\u00ed que ofrece alojamiento en un mismo nivel para hasta 10 personas. (Incuiedo para el servicio)<\/p>\n<p><\/p>\n<p>Se encuentra dentro de una parcela de 8000 metros cuadrados con unos jardines dise\u00f1ados al estilo mediterr\u00e1neo y cuenta con unas vallas de alta seguridad autom\u00e1ticas. Se acerca a la casa a trav\u00e9s de un camino bordeado con lavanda.<\/p>\n<p><\/p>\n<p><strong>Instalaciones externes incluyen:<\/strong><\/p>\n<ul>\n<li>Una piscina valla con una piscina peque\u00f1a separada para ni\u00f1os<\/li>\n<li>Pista de padel\/tenis iluminado<\/li>\n<li>Pista de b\u00e1squet<\/li>\n<li>Zona de recreo arenoso<\/li>\n<li>Mini pista de futbol con porter\u00edas a tama\u00f1o real<\/li>\n<li>Terrazas cubiertas con asientos c\u00f3modos a lo largo de la casa<\/li>\n<li>Barbacoa de piedra con zona de cena exterior parcialmente cercado, con mesa de teca para&nbsp;personas<\/li>\n<\/ul>\n<p>En el interior, la propiedad est\u00e1 amueblada con muy buen gusto; es muy luminoso y airoso gracias a sus altos techos abovedados y sus ciertos rasgos hechos en mar\u00e9s agradar\u00e1 a los clientes m\u00e1s sagaces.<\/p>\n<p><\/p>\n<p><strong>La propiedad principal ofrece:<\/strong><\/p>\n<ul>\n<li>Tres habitaciones muy grandes con aire acondicionado con armarios empotrados de teca, cada una con un cuarto de ba\u00f1o propio o ensuite. La habitaci\u00f3n principal cuenta con una cama King-size con un colch\u00f3n Tempur y su ensuite tiene una ba\u00f1era, ducha y un doble tocador. Las otras dos habitaciones ofrecen alojamiento flexible: camas individuales o super King-size.<\/li>\n<li>Un precioso sal\u00f3n con varios sof\u00e1s c\u00f3modos y puertas dobles que dan acceso a uno de los patios y el jard\u00edn. Incluye una televisi\u00f3n de 42 pulgadas con acceso a algunos canales de sat\u00e9lite ingleses, canales espa\u00f1oles TDT y un reproductor de DVD. La propiedad entera cuenta con internet Wi-Fi.<\/li>\n<li>Una magn\u00edfica cocina con horno\/cocina Smeg de alta calidad, una nevera\/congelador doble americana, encimeras de granito, lavaplatos y una gran despensa. Hay una barra americana para desayunar que parte la cocina y la zona de comedor que est\u00e1 envuelto de puertas corredizas de cristal que abren a la terraza exterior y la piscina.<\/li>\n<\/ul>\n<p><\/p>\n<p><strong>El alojamiento del anexo incluye:<\/strong><\/p>\n<ul>\n<li>Una gran habitaci\u00f3n con aire acondicionado con su propia entrada. La habitaci\u00f3n, que cuenta con puertas que abren a la terraza de la piscina, tiene una cama super King-size, un cuarto de ba\u00f1o ensuite, una mini-cocina y un peque\u00f1o entresuelo con dos camas individuales m\u00e1s. Este entresuelo tiene un peque\u00f1o \u201cbalc\u00f3n\u201d por encima de la habitaci\u00f3n principal y se llega a ella a trav\u00e9s de unas escaleras \u2013 por esta raz\u00f3n no es apto para ni\u00f1os muy peque\u00f1os ni para personas mayores.<\/li>\n<li>Una habitaci\u00f3n con dos camas individuales con cuarto de ba\u00f1o ensuite con ducha y entrada propia.<\/li>\n<li>Al final de la zona del anexo hay un lavadero, donde hay una lavadora y una zona para secar.<\/li>\n<\/ul>\n<p><strong>Incluye:<\/strong><\/p>\n<ul>\n<li>Toallas de playa<\/li>\n<li>Secadoras de pelo<\/li>\n<li>Carrito de beb\u00e9 y trona<\/li>\n<\/ul>\n<p><\/p>\n<p><strong>Localizaci\u00f3n y distancias<\/strong><\/p>\n<p>Aeropuerto 10 min en coche, Playa 5 min en coche, Tiendas y Restaurantes 10 min a pie<\/p>\n<h3><strong>Zona:<\/strong><\/h3>\n<p>Villa Es Jard ofrece comodidad, calidad y tranquilidad. Sin embargo, a pesar de su localizaci\u00f3n extremadamente privada y pac\u00edfica, los bares, restaurantes y tiendas del pueblo hist\u00f3rico de Sant Lluis y las magn\u00edficas bodegas de Binifadet (que cuenta con bar y restaurante propio) est\u00e1n a pocos minutos caminando. Y las playas de Binisafua, Binibeca y Punta Prima est\u00e1n a tan solo 5 minutos en coche.<\/p>\n<p><\/p>\n<p><strong>Licencia tur\u00edstica:<\/strong><em> <\/em><span style=\"background-color: rgb(247, 247, 247); color: rgb(17, 17, 17);\">ESFCTU00000701300004015300000000000000000000ET0649ME2<\/span><\/p>\n","protected":false},"featured_media":60298,"template":"","meta":{"_acf_changed":false},"product_brand":[],"product_cat":[292],"product_tag":[],"amenities":[315,129,314,311,312,155,313,316,153],"class_list":{"0":"post-100905","1":"product","2":"type-product","3":"status-publish","4":"has-post-thumbnail","6":"product_cat-alojamientos-es-castell","7":"amenities-ac","8":"amenities-bbq","9":"amenities-garage","10":"amenities-iptv","11":"amenities-lounge-dining-room","12":"amenities-luxury-villa","13":"amenities-pool","14":"amenities-terrace","15":"amenities-wifi","17":"first","18":"instock","19":"shipping-taxable","20":"purchasable","21":"product-type-simple"},"acf":[],"yoast_head":"<!-- This site is optimized with the Yoast SEO Premium plugin v26.7 (Yoast SEO v26.7) - https:\/\/yoast.com\/wordpress\/plugins\/seo\/ -->\n<title>Es Jardi | Menorca Villas<\/title>\n<meta name=\"robots\" content=\"index, follow, max-snippet:-1, max-image-preview:large, max-video-preview:-1\" \/>\n<link rel=\"canonical\" href=\"https:\/\/menorcavillas.co.uk\/es\/villas-menorca\/es-jardi\/\" \/>\n<meta property=\"og:locale\" content=\"es_ES\" \/>\n<meta property=\"og:type\" content=\"article\" \/>\n<meta property=\"og:title\" content=\"Es Jardi\" \/>\n<meta property=\"og:description\" content=\"Villa Es Jard\u00ed es una villa preciosa, espaciosa y dise\u00f1ada elegantemente al estilo marroqu\u00ed que ofrece alojamiento en un mismo nivel para hasta 10 personas. (Incuiedo para el servicio)Se encuentra dentro de una parcela de 8000 metros cuadrados con unos jardines dise\u00f1ados al estilo mediterr\u00e1neo y cuenta con unas vallas de alta seguridad autom\u00e1ticas. Se acerca a la casa a trav\u00e9s de un camino bordeado con lavanda.Instalaciones externes incluyen:Una piscina valla con una piscina peque\u00f1a separada para ni\u00f1osPista de padel\/tenis iluminadoPista de b\u00e1squetZona de recreo arenosoMini pista de futbol con porter\u00edas a tama\u00f1o realTerrazas cubiertas con asientos c\u00f3modos a lo largo de la casaBarbacoa de piedra con zona de cena exterior parcialmente cercado, con mesa de teca para&nbsp;personasEn el interior, la propiedad est\u00e1 amueblada con muy buen gusto; es muy luminoso y airoso gracias a sus altos techos abovedados y sus ciertos rasgos hechos en mar\u00e9s agradar\u00e1 a los clientes m\u00e1s sagaces.La propiedad principal ofrece:Tres habitaciones muy grandes con aire acondicionado con armarios empotrados de teca, cada una con un cuarto de ba\u00f1o propio o ensuite. La habitaci\u00f3n principal cuenta con una cama King-size con un colch\u00f3n Tempur y su ensuite tiene una ba\u00f1era, ducha y un doble tocador. Las otras dos habitaciones ofrecen alojamiento flexible: camas individuales o super King-size.Un precioso sal\u00f3n con varios sof\u00e1s c\u00f3modos y puertas dobles que dan acceso a uno de los patios y el jard\u00edn. Incluye una televisi\u00f3n de 42 pulgadas con acceso a algunos canales de sat\u00e9lite ingleses, canales espa\u00f1oles TDT y un reproductor de DVD. La propiedad entera cuenta con internet Wi-Fi.Una magn\u00edfica cocina con horno\/cocina Smeg de alta calidad, una nevera\/congelador doble americana, encimeras de granito, lavaplatos y una gran despensa. Hay una barra americana para desayunar que parte la cocina y la zona de comedor que est\u00e1 envuelto de puertas corredizas de cristal que abren a la terraza exterior y la piscina.El alojamiento del anexo incluye:Una gran habitaci\u00f3n con aire acondicionado con su propia entrada. La habitaci\u00f3n, que cuenta con puertas que abren a la terraza de la piscina, tiene una cama super King-size, un cuarto de ba\u00f1o ensuite, una mini-cocina y un peque\u00f1o entresuelo con dos camas individuales m\u00e1s. Este entresuelo tiene un peque\u00f1o \u201cbalc\u00f3n\u201d por encima de la habitaci\u00f3n principal y se llega a ella a trav\u00e9s de unas escaleras \u2013 por esta raz\u00f3n no es apto para ni\u00f1os muy peque\u00f1os ni para personas mayores.Una habitaci\u00f3n con dos camas individuales con cuarto de ba\u00f1o ensuite con ducha y entrada propia.Al final de la zona del anexo hay un lavadero, donde hay una lavadora y una zona para secar.Incluye:Toallas de playaSecadoras de peloCarrito de beb\u00e9 y tronaLocalizaci\u00f3n y distanciasAeropuerto 10 min en coche, Playa 5 min en coche, Tiendas y Restaurantes 10 min a pieZona:Villa Es Jard ofrece comodidad, calidad y tranquilidad. Sin embargo, a pesar de su localizaci\u00f3n extremadamente privada y pac\u00edfica, los bares, restaurantes y tiendas del pueblo hist\u00f3rico de Sant Lluis y las magn\u00edficas bodegas de Binifadet (que cuenta con bar y restaurante propio) est\u00e1n a pocos minutos caminando. Y las playas de Binisafua, Binibeca y Punta Prima est\u00e1n a tan solo 5 minutos en coche.Licencia tur\u00edstica: ESFCTU00000701300004015300000000000000000000ET0649ME2\" \/>\n<meta property=\"og:url\" content=\"https:\/\/menorcavillas.co.uk\/es\/villas-menorca\/es-jardi\/\" \/>\n<meta property=\"og:site_name\" content=\"Menorca Villas\" \/>\n<meta property=\"article:publisher\" content=\"https:\/\/www.facebook.com\/menorcavillasmenorca\/\" \/>\n<meta property=\"og:image\" content=\"https:\/\/menorcavillas.co.uk\/wp-content\/uploads\/2020\/02\/views-home.jpg\" \/>\n\t<meta property=\"og:image:width\" content=\"700\" \/>\n\t<meta property=\"og:image:height\" content=\"535\" \/>\n\t<meta property=\"og:image:type\" content=\"image\/jpeg\" \/>\n<meta name=\"twitter:card\" content=\"summary_large_image\" \/>\n<meta name=\"twitter:label1\" content=\"Tiempo de lectura\" \/>\n\t<meta name=\"twitter:data1\" content=\"3 minutos\" \/>\n<script type=\"application\/ld+json\" class=\"yoast-schema-graph\">{\"@context\":\"https:\/\/schema.org\",\"@graph\":[{\"@type\":\"WebPage\",\"@id\":\"https:\/\/menorcavillas.co.uk\/es\/villas-menorca\/es-jardi\/\",\"url\":\"https:\/\/menorcavillas.co.uk\/es\/villas-menorca\/es-jardi\/\",\"name\":\"Es Jardi | Menorca Villas\",\"isPartOf\":{\"@id\":\"https:\/\/menorcavillas.co.uk\/es\/#website\"},\"primaryImageOfPage\":{\"@id\":\"https:\/\/menorcavillas.co.uk\/es\/villas-menorca\/es-jardi\/#primaryimage\"},\"image\":{\"@id\":\"https:\/\/menorcavillas.co.uk\/es\/villas-menorca\/es-jardi\/#primaryimage\"},\"thumbnailUrl\":\"https:\/\/menorcavillas.co.uk\/wp-content\/uploads\/2026\/01\/properties2FWmV8t4QUmO8kW6q9ZqoA-1744035641836-1.jpeg\",\"datePublished\":\"2026-03-23T09:37:04+00:00\",\"breadcrumb\":{\"@id\":\"https:\/\/menorcavillas.co.uk\/es\/villas-menorca\/es-jardi\/#breadcrumb\"},\"inLanguage\":\"es\",\"potentialAction\":[{\"@type\":\"ReadAction\",\"target\":[\"https:\/\/menorcavillas.co.uk\/es\/villas-menorca\/es-jardi\/\"]}]},{\"@type\":\"ImageObject\",\"inLanguage\":\"es\",\"@id\":\"https:\/\/menorcavillas.co.uk\/es\/villas-menorca\/es-jardi\/#primaryimage\",\"url\":\"https:\/\/menorcavillas.co.uk\/wp-content\/uploads\/2026\/01\/properties2FWmV8t4QUmO8kW6q9ZqoA-1744035641836-1.jpeg\",\"contentUrl\":\"https:\/\/menorcavillas.co.uk\/wp-content\/uploads\/2026\/01\/properties2FWmV8t4QUmO8kW6q9ZqoA-1744035641836-1.jpeg\",\"width\":2560,\"height\":1707},{\"@type\":\"BreadcrumbList\",\"@id\":\"https:\/\/menorcavillas.co.uk\/es\/villas-menorca\/es-jardi\/#breadcrumb\",\"itemListElement\":[{\"@type\":\"ListItem\",\"position\":1,\"name\":\"Menorca Villas\",\"item\":\"https:\/\/menorcavillas.co.uk\/es\/\"},{\"@type\":\"ListItem\",\"position\":2,\"name\":\"Our Villas\",\"item\":\"https:\/\/menorcavillas.co.uk\/location-2\/\"},{\"@type\":\"ListItem\",\"position\":3,\"name\":\"Es Jardi\"}]},{\"@type\":\"WebSite\",\"@id\":\"https:\/\/menorcavillas.co.uk\/es\/#website\",\"url\":\"https:\/\/menorcavillas.co.uk\/es\/\",\"name\":\"Menorca Villas\",\"description\":\"Holiday Rentals Menorca\",\"publisher\":{\"@id\":\"https:\/\/menorcavillas.co.uk\/es\/#organization\"},\"potentialAction\":[{\"@type\":\"SearchAction\",\"target\":{\"@type\":\"EntryPoint\",\"urlTemplate\":\"https:\/\/menorcavillas.co.uk\/es\/?s={search_term_string}\"},\"query-input\":{\"@type\":\"PropertyValueSpecification\",\"valueRequired\":true,\"valueName\":\"search_term_string\"}}],\"inLanguage\":\"es\"},{\"@type\":\"Organization\",\"@id\":\"https:\/\/menorcavillas.co.uk\/es\/#organization\",\"name\":\"Menorca Villas\",\"url\":\"https:\/\/menorcavillas.co.uk\/es\/\",\"logo\":{\"@type\":\"ImageObject\",\"inLanguage\":\"es\",\"@id\":\"https:\/\/menorcavillas.co.uk\/es\/#\/schema\/logo\/image\/\",\"url\":\"\",\"contentUrl\":\"\",\"caption\":\"Menorca Villas\"},\"image\":{\"@id\":\"https:\/\/menorcavillas.co.uk\/es\/#\/schema\/logo\/image\/\"},\"sameAs\":[\"https:\/\/www.facebook.com\/menorcavillasmenorca\/\"]}]}<\/script>\n<!-- \/ Yoast SEO Premium plugin. -->","yoast_head_json":{"title":"Es Jardi | Menorca Villas","robots":{"index":"index","follow":"follow","max-snippet":"max-snippet:-1","max-image-preview":"max-image-preview:large","max-video-preview":"max-video-preview:-1"},"canonical":"https:\/\/menorcavillas.co.uk\/es\/villas-menorca\/es-jardi\/","og_locale":"es_ES","og_type":"article","og_title":"Es Jardi","og_description":"Villa Es Jard\u00ed es una villa preciosa, espaciosa y dise\u00f1ada elegantemente al estilo marroqu\u00ed que ofrece alojamiento en un mismo nivel para hasta 10 personas. (Incuiedo para el servicio)Se encuentra dentro de una parcela de 8000 metros cuadrados con unos jardines dise\u00f1ados al estilo mediterr\u00e1neo y cuenta con unas vallas de alta seguridad autom\u00e1ticas. Se acerca a la casa a trav\u00e9s de un camino bordeado con lavanda.Instalaciones externes incluyen:Una piscina valla con una piscina peque\u00f1a separada para ni\u00f1osPista de padel\/tenis iluminadoPista de b\u00e1squetZona de recreo arenosoMini pista de futbol con porter\u00edas a tama\u00f1o realTerrazas cubiertas con asientos c\u00f3modos a lo largo de la casaBarbacoa de piedra con zona de cena exterior parcialmente cercado, con mesa de teca para&nbsp;personasEn el interior, la propiedad est\u00e1 amueblada con muy buen gusto; es muy luminoso y airoso gracias a sus altos techos abovedados y sus ciertos rasgos hechos en mar\u00e9s agradar\u00e1 a los clientes m\u00e1s sagaces.La propiedad principal ofrece:Tres habitaciones muy grandes con aire acondicionado con armarios empotrados de teca, cada una con un cuarto de ba\u00f1o propio o ensuite. La habitaci\u00f3n principal cuenta con una cama King-size con un colch\u00f3n Tempur y su ensuite tiene una ba\u00f1era, ducha y un doble tocador. Las otras dos habitaciones ofrecen alojamiento flexible: camas individuales o super King-size.Un precioso sal\u00f3n con varios sof\u00e1s c\u00f3modos y puertas dobles que dan acceso a uno de los patios y el jard\u00edn. Incluye una televisi\u00f3n de 42 pulgadas con acceso a algunos canales de sat\u00e9lite ingleses, canales espa\u00f1oles TDT y un reproductor de DVD. La propiedad entera cuenta con internet Wi-Fi.Una magn\u00edfica cocina con horno\/cocina Smeg de alta calidad, una nevera\/congelador doble americana, encimeras de granito, lavaplatos y una gran despensa. Hay una barra americana para desayunar que parte la cocina y la zona de comedor que est\u00e1 envuelto de puertas corredizas de cristal que abren a la terraza exterior y la piscina.El alojamiento del anexo incluye:Una gran habitaci\u00f3n con aire acondicionado con su propia entrada. La habitaci\u00f3n, que cuenta con puertas que abren a la terraza de la piscina, tiene una cama super King-size, un cuarto de ba\u00f1o ensuite, una mini-cocina y un peque\u00f1o entresuelo con dos camas individuales m\u00e1s. Este entresuelo tiene un peque\u00f1o \u201cbalc\u00f3n\u201d por encima de la habitaci\u00f3n principal y se llega a ella a trav\u00e9s de unas escaleras \u2013 por esta raz\u00f3n no es apto para ni\u00f1os muy peque\u00f1os ni para personas mayores.Una habitaci\u00f3n con dos camas individuales con cuarto de ba\u00f1o ensuite con ducha y entrada propia.Al final de la zona del anexo hay un lavadero, donde hay una lavadora y una zona para secar.Incluye:Toallas de playaSecadoras de peloCarrito de beb\u00e9 y tronaLocalizaci\u00f3n y distanciasAeropuerto 10 min en coche, Playa 5 min en coche, Tiendas y Restaurantes 10 min a pieZona:Villa Es Jard ofrece comodidad, calidad y tranquilidad. Sin embargo, a pesar de su localizaci\u00f3n extremadamente privada y pac\u00edfica, los bares, restaurantes y tiendas del pueblo hist\u00f3rico de Sant Lluis y las magn\u00edficas bodegas de Binifadet (que cuenta con bar y restaurante propio) est\u00e1n a pocos minutos caminando. Y las playas de Binisafua, Binibeca y Punta Prima est\u00e1n a tan solo 5 minutos en coche.Licencia tur\u00edstica: ESFCTU00000701300004015300000000000000000000ET0649ME2","og_url":"https:\/\/menorcavillas.co.uk\/es\/villas-menorca\/es-jardi\/","og_site_name":"Menorca Villas","article_publisher":"https:\/\/www.facebook.com\/menorcavillasmenorca\/","og_image":[{"width":700,"height":535,"url":"https:\/\/menorcavillas.co.uk\/wp-content\/uploads\/2020\/02\/views-home.jpg","type":"image\/jpeg"}],"twitter_card":"summary_large_image","twitter_misc":{"Tiempo de lectura":"3 minutos"},"schema":{"@context":"https:\/\/schema.org","@graph":[{"@type":"WebPage","@id":"https:\/\/menorcavillas.co.uk\/es\/villas-menorca\/es-jardi\/","url":"https:\/\/menorcavillas.co.uk\/es\/villas-menorca\/es-jardi\/","name":"Es Jardi | Menorca Villas","isPartOf":{"@id":"https:\/\/menorcavillas.co.uk\/es\/#website"},"primaryImageOfPage":{"@id":"https:\/\/menorcavillas.co.uk\/es\/villas-menorca\/es-jardi\/#primaryimage"},"image":{"@id":"https:\/\/menorcavillas.co.uk\/es\/villas-menorca\/es-jardi\/#primaryimage"},"thumbnailUrl":"https:\/\/menorcavillas.co.uk\/wp-content\/uploads\/2026\/01\/properties2FWmV8t4QUmO8kW6q9ZqoA-1744035641836-1.jpeg","datePublished":"2026-03-23T09:37:04+00:00","breadcrumb":{"@id":"https:\/\/menorcavillas.co.uk\/es\/villas-menorca\/es-jardi\/#breadcrumb"},"inLanguage":"es","potentialAction":[{"@type":"ReadAction","target":["https:\/\/menorcavillas.co.uk\/es\/villas-menorca\/es-jardi\/"]}]},{"@type":"ImageObject","inLanguage":"es","@id":"https:\/\/menorcavillas.co.uk\/es\/villas-menorca\/es-jardi\/#primaryimage","url":"https:\/\/menorcavillas.co.uk\/wp-content\/uploads\/2026\/01\/properties2FWmV8t4QUmO8kW6q9ZqoA-1744035641836-1.jpeg","contentUrl":"https:\/\/menorcavillas.co.uk\/wp-content\/uploads\/2026\/01\/properties2FWmV8t4QUmO8kW6q9ZqoA-1744035641836-1.jpeg","width":2560,"height":1707},{"@type":"BreadcrumbList","@id":"https:\/\/menorcavillas.co.uk\/es\/villas-menorca\/es-jardi\/#breadcrumb","itemListElement":[{"@type":"ListItem","position":1,"name":"Menorca Villas","item":"https:\/\/menorcavillas.co.uk\/es\/"},{"@type":"ListItem","position":2,"name":"Our Villas","item":"https:\/\/menorcavillas.co.uk\/location-2\/"},{"@type":"ListItem","position":3,"name":"Es Jardi"}]},{"@type":"WebSite","@id":"https:\/\/menorcavillas.co.uk\/es\/#website","url":"https:\/\/menorcavillas.co.uk\/es\/","name":"Menorca Villas","description":"Holiday Rentals Menorca","publisher":{"@id":"https:\/\/menorcavillas.co.uk\/es\/#organization"},"potentialAction":[{"@type":"SearchAction","target":{"@type":"EntryPoint","urlTemplate":"https:\/\/menorcavillas.co.uk\/es\/?s={search_term_string}"},"query-input":{"@type":"PropertyValueSpecification","valueRequired":true,"valueName":"search_term_string"}}],"inLanguage":"es"},{"@type":"Organization","@id":"https:\/\/menorcavillas.co.uk\/es\/#organization","name":"Menorca Villas","url":"https:\/\/menorcavillas.co.uk\/es\/","logo":{"@type":"ImageObject","inLanguage":"es","@id":"https:\/\/menorcavillas.co.uk\/es\/#\/schema\/logo\/image\/","url":"","contentUrl":"","caption":"Menorca Villas"},"image":{"@id":"https:\/\/menorcavillas.co.uk\/es\/#\/schema\/logo\/image\/"},"sameAs":["https:\/\/www.facebook.com\/menorcavillasmenorca\/"]}]}},"_links":{"self":[{"href":"https:\/\/menorcavillas.co.uk\/es\/wp-json\/wp\/v2\/product\/100905","targetHints":{"allow":["GET"]}}],"collection":[{"href":"https:\/\/menorcavillas.co.uk\/es\/wp-json\/wp\/v2\/product"}],"about":[{"href":"https:\/\/menorcavillas.co.uk\/es\/wp-json\/wp\/v2\/types\/product"}],"wp:featuredmedia":[{"embeddable":true,"href":"https:\/\/menorcavillas.co.uk\/es\/wp-json\/wp\/v2\/media\/60298"}],"wp:attachment":[{"href":"https:\/\/menorcavillas.co.uk\/es\/wp-json\/wp\/v2\/media?parent=100905"}],"wp:term":[{"taxonomy":"product_brand","embeddable":true,"href":"https:\/\/menorcavillas.co.uk\/es\/wp-json\/wp\/v2\/product_brand?post=100905"},{"taxonomy":"product_cat","embeddable":true,"href":"https:\/\/menorcavillas.co.uk\/es\/wp-json\/wp\/v2\/product_cat?post=100905"},{"taxonomy":"product_tag","embeddable":true,"href":"https:\/\/menorcavillas.co.uk\/es\/wp-json\/wp\/v2\/product_tag?post=100905"},{"taxonomy":"amenities","embeddable":true,"href":"https:\/\/menorcavillas.co.uk\/es\/wp-json\/wp\/v2\/amenities?post=100905"}],"curies":[{"name":"wp","href":"https:\/\/api.w.org\/{rel}","templated":true}]}}