{"id":2891,"date":"2019-10-18T13:27:06","date_gmt":"2019-10-18T11:27:06","guid":{"rendered":"http:\/\/www.menorcavillas.com.mialias.net\/politica-privacidad\/"},"modified":"2020-02-18T16:26:48","modified_gmt":"2020-02-18T15:26:48","slug":"politica-privacidad","status":"publish","type":"page","link":"https:\/\/menorcavillas.co.uk\/es\/politica-privacidad\/","title":{"rendered":"Pol\u00edtica de Privacidad"},"content":{"rendered":"\n<div class=\"row\"  id=\"row-1780065756\">\n\n\n\t<div id=\"col-833771291\" class=\"col small-12 large-12\"  >\n\t\t\t\t<div class=\"col-inner\"  >\n\t\t\t\n\t\t\t\n\n<h2>Pol\u00edtica de Privacidad<\/h2>\n<p>1. Introducci\u00f3n<\/p>\n<p>\u2022 En cumplimiento de a lo establecido por el Reglamento (UE) 2016\/679 del Parlamento Europeo y del Consejo, de 27 de abril de 2016, relativo a la protecci\u00f3n de las personas f\u00edsicas en lo que respecta al tratamiento de datos personales y a la libre circulaci\u00f3n de estos datos y por el que se deroga la Directiva 95\/46\/CE y la Ley 34\/2002, de 11 de julio, de Servicios de la Sociedad de la Informaci\u00f3n y de Comercio Electr\u00f3nico (LSSI-CE), MEHOCA SERVEIS SL, informa a los Usuarios, que ha procedido a crear una p\u00e1gina en las Red Social Facebook, con la finalidad principal de publicitar sus productos y servicios.<\/p>\n<p>Datos de: MEHOCA SERVEIS SL<\/p>\n<p>\u2022 CIF: B57222770<br>\u2022 DIRECCI\u00d3N: CARRER SA VOLTA, 11 POL. IND. 07710, SANT LLUIS (ILLES BALEARS)<br>\u2022 DOMINIO WEB: https:\/\/menorcavillas.co.uk.<br>\u2022 CORREO ELECTR\u00d3NICO: info@menorcahomecare.com<\/p>\n<p>El Usuario dispone de un perfil en la misma Red Social y ha decidido unirse a la p\u00e1gina creada por MEHOCA SERVEIS SL, mostrando as\u00ed inter\u00e9s en la informaci\u00f3n que se publicite en la Red. Al unirse a nuestra p\u00e1gina, nos facilita su consentimiento para el tratamiento de aquellos datos personales publicados en su perfil.<\/p>\n<p>El Usuario puede acceder en todo momento a las Pol\u00edticas de Privacidad de la propia Red Social, as\u00ed como configurar su perfil para garantizar su privacidad.<\/p>\n<p>MEHOCA SERVEIS SL tiene acceso y trata aquella informaci\u00f3n p\u00fablica del Usuario, en especial, su nombre de contacto. Estos datos, s\u00f3lo son utilizados dentro de la propia Red Social. No son incorporados a ning\u00fan sistema de tratamiento.<\/p>\n<p>En relaci\u00f3n a los derechos de acceso, rectificaci\u00f3n, limitaci\u00f3n de tratamiento, supresi\u00f3n, portabilidad y oposici\u00f3n al tratamiento de sus datos de car\u00e1cter personal de los que usted dispone y que pueden ser ejercitados ante MEHOCA SERVEIS SL, de acuerdo con la RGPD, debe tener en cuenta los siguientes matices:<\/p>\n<p>\u2022 Derecho de Acceso: Es el derecho del usuario a obtener informaci\u00f3n sobre sus datos concretos de car\u00e1cter personal y del tratamiento que se haya realizado o realice, as\u00ed como de la informaci\u00f3n disponible sobre el origen de dichos datos y las comunicaciones realizadas o previstas de los mismos.<\/p>\n<p>\u2022 Derecho de Rectificaci\u00f3n: Es el derecho del afectado a que se modifiquen los datos que resulten ser inexactos o incompletos. S\u00f3lo podr\u00e1 satisfacerse en relaci\u00f3n a aquella informaci\u00f3n que se encuentre bajo el control de MEHOCA SERVEIS SL, por ejemplo, eliminar comentarios publicados en la propia p\u00e1gina, im\u00e1genes o contenidos web donde consten datos de car\u00e1cter personal del usuario.<\/p>\n<p>\u2022 Derecho a la Limitaci\u00f3n de tratamiento: Es el derecho a que se limiten los fines del tratamiento previstos de forma original por el responsable del tratamiento.<\/p>\n<p>\u2022 Derecho de Supresi\u00f3n: Es el derecho a suprimir los datos de car\u00e1cter personal del usuario, a excepci\u00f3n de lo previsto en el propio RGPD o en otras normativas aplicables que determinen la obligatoriedad de la conservaci\u00f3n de los mismos, en tiempo y forma.<\/p>\n<p>\u2022 Derecho de portabilidad: El derecho a recibir los datos personales que el usuario, haya facilitado, en un formato estructurado, de uso com\u00fan y lectura mec\u00e1nica, y a transmitirlos a otro responsable.<\/p>\n<p>\u2022 Derecho de Oposici\u00f3n: Es el derecho del usuario a que no se lleve a cabo el tratamiento de sus datos de car\u00e1cter personal o se cese el tratamiento de los mismos por parte de MEHOCA SERVEIS SL<\/p>\n<p>MEHOCA SERVEIS SL realizar\u00e1 las siguientes actuaciones:<\/p>\n<p>\u2022 Acceso a la informaci\u00f3n p\u00fablica del perfil.<br>\u2022 Publicaci\u00f3n en el perfil del usuario de toda aquella informaci\u00f3n ya publicada en la p\u00e1gina de MEHOCA SERVEIS SL.<br>\u2022 Enviar mensajes personales e individuales a trav\u00e9s de los canales de la Red Social.<br>\u2022 Actualizaciones del estado de la p\u00e1gina que se publicar\u00e1n en el perfil del usuario.<br>El Usuario siempre puede controlar sus conexiones, eliminar los contenidos que dejen de interesarle y restringir con qui\u00e9n comparte sus conexiones, para ello deber\u00e1 acceder a su configuraci\u00f3n de privacidad.<\/p>\n<p>2. Publicaciones<\/p>\n<p>\u2022 El Usuario, una vez unido a la p\u00e1gina de MEHOCA SERVEIS SL, podr\u00e1 publicar en \u00e9sta \u00faltima comentarios, enlaces, im\u00e1genes o fotograf\u00edas o cualquier otro tipo de contenido multimedia soportado por la Red Social.<\/p>\n<p>El Usuario, en todos los casos, debe ser el titular de los mismos, gozar de los derechos de autor y de propiedad intelectual o contar con el consentimiento de los terceros afectados. Se proh\u00edbe expresamente cualquier publicaci\u00f3n en la p\u00e1gina, ya sean textos, gr\u00e1ficos, fotograf\u00edas, v\u00eddeos, etc. que atenten o sean susceptibles de atentar contra la moral, la \u00e9tica, el buen gusto o el decoro, ni que infrinjan, violen o conculquen los derechos de propiedad intelectual o industrial, el derecho a la imagen o la Ley. En estos casos, MEHOCA SERVEIS SL se reserva el derecho a retirar de inmediato el contenido, pudiendo solicitar el bloqueo permanente del Usuario.<\/p>\n<p>MEHOCA SERVEIS SL no se har\u00e1 responsable de los contenidos que libremente ha publicado un Usuario.<\/p>\n<p>El Usuario debe tener presente que sus publicaciones ser\u00e1n conocidas por los otros Usuarios, por lo que \u00e9l mismo es el principal responsable de su privacidad.<\/p>\n<p>Las im\u00e1genes que puedan publicarse en la p\u00e1gina no ser\u00e1n almacenadas en ning\u00fan fichero por parte de MEHOCA SERVEIS SL pero s\u00ed que permanecer\u00e1n en la Red Social.<\/p>\n<p>3. Concursos y promociones<\/p>\n<p>\u2022 MEHOCA SERVEIS SL se reserva el derecho a realizar concursos y promociones, en los que podr\u00e1 participar el Usuario unido a su p\u00e1gina. Las bases de cada uno de ellos, cuando se utilice para ello la plataforma de la Red Social, ser\u00e1n publicadas en la misma, cumpliendo siempre con la LSSI-CE y con cualquier otra norma que le sea de aplicaci\u00f3n.<\/p>\n<p>La Red Social no patrocina, avala ni administra, de modo alguno, ninguna de nuestras promociones, ni est\u00e1 asociada a ninguna de ellas.<\/p>\n<p>4. Publicidad<\/p>\n<p>\u2022 MEHOCA SERVEIS AL utilizar\u00e1 la Red Social para publicitar sus productos y servicios, en todo caso, si decide tratar sus datos de contacto para realizar acciones directas de prospecci\u00f3n comercial, ser\u00e1 siempre, cumpliendo con las exigencias legales de la RGPD y de la LSSI-CE.<\/p>\n<p>No se considerar\u00e1 publicidad el hecho de recomendar a otros usuarios la p\u00e1gina de MEHOCA SERVEIS SL para que tambi\u00e9n ellos puedan disfrutar de las promociones o estar informados de su actividad.<\/p>\n<p>A continuaci\u00f3n detallamos el enlace a la pol\u00edtica de privacidad de las Red Social:<\/p>\n<p>\u2022 Facebook: https:\/\/www.facebook.com\/help\/323540651073243\/<\/p>\n\n\t\t<\/div>\n\t\t\t\t\t<\/div>\n\n\t\n\n<\/div>\n","protected":false},"excerpt":{"rendered":"","protected":false},"author":1,"featured_media":0,"parent":0,"menu_order":31,"comment_status":"closed","ping_status":"open","template":"","meta":{"_acf_changed":false,"footnotes":""},"class_list":["post-2891","page","type-page","status-publish","hentry"],"acf":[],"yoast_head":"<!-- This site is optimized with the Yoast SEO Premium plugin v26.7 (Yoast SEO v26.7) - https:\/\/yoast.com\/wordpress\/plugins\/seo\/ -->\n<title>Pol\u00edtica de Privacidad | Menorca Villas<\/title>\n<meta name=\"robots\" content=\"index, follow, max-snippet:-1, max-image-preview:large, max-video-preview:-1\" \/>\n<link rel=\"canonical\" href=\"https:\/\/menorcavillas.co.uk\/es\/politica-privacidad\/\" \/>\n<meta property=\"og:locale\" content=\"es_ES\" \/>\n<meta property=\"og:type\" content=\"article\" \/>\n<meta property=\"og:title\" content=\"Pol\u00edtica de Privacidad\" \/>\n<meta property=\"og:url\" content=\"https:\/\/menorcavillas.co.uk\/es\/politica-privacidad\/\" \/>\n<meta property=\"og:site_name\" content=\"Menorca Villas\" \/>\n<meta property=\"article:publisher\" content=\"https:\/\/www.facebook.com\/menorcavillasmenorca\/\" \/>\n<meta property=\"article:modified_time\" content=\"2020-02-18T15:26:48+00:00\" \/>\n<meta property=\"og:image\" content=\"https:\/\/menorcavillas.co.uk\/wp-content\/uploads\/2020\/02\/views-home.jpg\" \/>\n\t<meta property=\"og:image:width\" content=\"700\" \/>\n\t<meta property=\"og:image:height\" content=\"535\" \/>\n\t<meta property=\"og:image:type\" content=\"image\/jpeg\" \/>\n<meta name=\"twitter:card\" content=\"summary_large_image\" \/>\n<meta name=\"twitter:label1\" content=\"Tiempo de lectura\" \/>\n\t<meta name=\"twitter:data1\" content=\"6 minutos\" \/>\n<script type=\"application\/ld+json\" class=\"yoast-schema-graph\">{\"@context\":\"https:\/\/schema.org\",\"@graph\":[{\"@type\":\"WebPage\",\"@id\":\"https:\/\/menorcavillas.co.uk\/es\/politica-privacidad\/\",\"url\":\"https:\/\/menorcavillas.co.uk\/es\/politica-privacidad\/\",\"name\":\"Pol\u00edtica de Privacidad | Menorca Villas\",\"isPartOf\":{\"@id\":\"https:\/\/menorcavillas.co.uk\/es\/#website\"},\"datePublished\":\"2019-10-18T11:27:06+00:00\",\"dateModified\":\"2020-02-18T15:26:48+00:00\",\"breadcrumb\":{\"@id\":\"https:\/\/menorcavillas.co.uk\/es\/politica-privacidad\/#breadcrumb\"},\"inLanguage\":\"es\",\"potentialAction\":[{\"@type\":\"ReadAction\",\"target\":[\"https:\/\/menorcavillas.co.uk\/es\/politica-privacidad\/\"]}]},{\"@type\":\"BreadcrumbList\",\"@id\":\"https:\/\/menorcavillas.co.uk\/es\/politica-privacidad\/#breadcrumb\",\"itemListElement\":[{\"@type\":\"ListItem\",\"position\":1,\"name\":\"Menorca Villas\",\"item\":\"https:\/\/menorcavillas.co.uk\/es\/\"},{\"@type\":\"ListItem\",\"position\":2,\"name\":\"Pol\u00edtica de Privacidad\"}]},{\"@type\":\"WebSite\",\"@id\":\"https:\/\/menorcavillas.co.uk\/es\/#website\",\"url\":\"https:\/\/menorcavillas.co.uk\/es\/\",\"name\":\"Menorca Villas\",\"description\":\"Holiday Rentals Menorca\",\"publisher\":{\"@id\":\"https:\/\/menorcavillas.co.uk\/es\/#organization\"},\"potentialAction\":[{\"@type\":\"SearchAction\",\"target\":{\"@type\":\"EntryPoint\",\"urlTemplate\":\"https:\/\/menorcavillas.co.uk\/es\/?s={search_term_string}\"},\"query-input\":{\"@type\":\"PropertyValueSpecification\",\"valueRequired\":true,\"valueName\":\"search_term_string\"}}],\"inLanguage\":\"es\"},{\"@type\":\"Organization\",\"@id\":\"https:\/\/menorcavillas.co.uk\/es\/#organization\",\"name\":\"Menorca Villas\",\"url\":\"https:\/\/menorcavillas.co.uk\/es\/\",\"logo\":{\"@type\":\"ImageObject\",\"inLanguage\":\"es\",\"@id\":\"https:\/\/menorcavillas.co.uk\/es\/#\/schema\/logo\/image\/\",\"url\":\"\",\"contentUrl\":\"\",\"caption\":\"Menorca Villas\"},\"image\":{\"@id\":\"https:\/\/menorcavillas.co.uk\/es\/#\/schema\/logo\/image\/\"},\"sameAs\":[\"https:\/\/www.facebook.com\/menorcavillasmenorca\/\"]}]}<\/script>\n<!-- \/ Yoast SEO Premium plugin. -->","yoast_head_json":{"title":"Pol\u00edtica de Privacidad | Menorca Villas","robots":{"index":"index","follow":"follow","max-snippet":"max-snippet:-1","max-image-preview":"max-image-preview:large","max-video-preview":"max-video-preview:-1"},"canonical":"https:\/\/menorcavillas.co.uk\/es\/politica-privacidad\/","og_locale":"es_ES","og_type":"article","og_title":"Pol\u00edtica de Privacidad","og_url":"https:\/\/menorcavillas.co.uk\/es\/politica-privacidad\/","og_site_name":"Menorca Villas","article_publisher":"https:\/\/www.facebook.com\/menorcavillasmenorca\/","article_modified_time":"2020-02-18T15:26:48+00:00","og_image":[{"width":700,"height":535,"url":"https:\/\/menorcavillas.co.uk\/wp-content\/uploads\/2020\/02\/views-home.jpg","type":"image\/jpeg"}],"twitter_card":"summary_large_image","twitter_misc":{"Tiempo de lectura":"6 minutos"},"schema":{"@context":"https:\/\/schema.org","@graph":[{"@type":"WebPage","@id":"https:\/\/menorcavillas.co.uk\/es\/politica-privacidad\/","url":"https:\/\/menorcavillas.co.uk\/es\/politica-privacidad\/","name":"Pol\u00edtica de Privacidad | Menorca Villas","isPartOf":{"@id":"https:\/\/menorcavillas.co.uk\/es\/#website"},"datePublished":"2019-10-18T11:27:06+00:00","dateModified":"2020-02-18T15:26:48+00:00","breadcrumb":{"@id":"https:\/\/menorcavillas.co.uk\/es\/politica-privacidad\/#breadcrumb"},"inLanguage":"es","potentialAction":[{"@type":"ReadAction","target":["https:\/\/menorcavillas.co.uk\/es\/politica-privacidad\/"]}]},{"@type":"BreadcrumbList","@id":"https:\/\/menorcavillas.co.uk\/es\/politica-privacidad\/#breadcrumb","itemListElement":[{"@type":"ListItem","position":1,"name":"Menorca Villas","item":"https:\/\/menorcavillas.co.uk\/es\/"},{"@type":"ListItem","position":2,"name":"Pol\u00edtica de Privacidad"}]},{"@type":"WebSite","@id":"https:\/\/menorcavillas.co.uk\/es\/#website","url":"https:\/\/menorcavillas.co.uk\/es\/","name":"Menorca Villas","description":"Holiday Rentals Menorca","publisher":{"@id":"https:\/\/menorcavillas.co.uk\/es\/#organization"},"potentialAction":[{"@type":"SearchAction","target":{"@type":"EntryPoint","urlTemplate":"https:\/\/menorcavillas.co.uk\/es\/?s={search_term_string}"},"query-input":{"@type":"PropertyValueSpecification","valueRequired":true,"valueName":"search_term_string"}}],"inLanguage":"es"},{"@type":"Organization","@id":"https:\/\/menorcavillas.co.uk\/es\/#organization","name":"Menorca Villas","url":"https:\/\/menorcavillas.co.uk\/es\/","logo":{"@type":"ImageObject","inLanguage":"es","@id":"https:\/\/menorcavillas.co.uk\/es\/#\/schema\/logo\/image\/","url":"","contentUrl":"","caption":"Menorca Villas"},"image":{"@id":"https:\/\/menorcavillas.co.uk\/es\/#\/schema\/logo\/image\/"},"sameAs":["https:\/\/www.facebook.com\/menorcavillasmenorca\/"]}]}},"_links":{"self":[{"href":"https:\/\/menorcavillas.co.uk\/es\/wp-json\/wp\/v2\/pages\/2891","targetHints":{"allow":["GET"]}}],"collection":[{"href":"https:\/\/menorcavillas.co.uk\/es\/wp-json\/wp\/v2\/pages"}],"about":[{"href":"https:\/\/menorcavillas.co.uk\/es\/wp-json\/wp\/v2\/types\/page"}],"author":[{"embeddable":true,"href":"https:\/\/menorcavillas.co.uk\/es\/wp-json\/wp\/v2\/users\/1"}],"replies":[{"embeddable":true,"href":"https:\/\/menorcavillas.co.uk\/es\/wp-json\/wp\/v2\/comments?post=2891"}],"version-history":[{"count":1,"href":"https:\/\/menorcavillas.co.uk\/es\/wp-json\/wp\/v2\/pages\/2891\/revisions"}],"predecessor-version":[{"id":2892,"href":"https:\/\/menorcavillas.co.uk\/es\/wp-json\/wp\/v2\/pages\/2891\/revisions\/2892"}],"wp:attachment":[{"href":"https:\/\/menorcavillas.co.uk\/es\/wp-json\/wp\/v2\/media?parent=2891"}],"curies":[{"name":"wp","href":"https:\/\/api.w.org\/{rel}","templated":true}]}}