{"id":2762,"date":"2019-12-09T18:18:56","date_gmt":"2019-12-09T17:18:56","guid":{"rendered":"http:\/\/www.menorcavillas.com.mialias.net\/why-use-menorca-villas\/"},"modified":"2020-06-04T15:23:53","modified_gmt":"2020-06-04T13:23:53","slug":"menorca-villas","status":"publish","type":"page","link":"https:\/\/menorcavillas.co.uk\/es\/menorca-villas\/","title":{"rendered":"Menorca Villas"},"content":{"rendered":"\n\n\t<section class=\"section\" id=\"section_482010981\">\n\t\t<div class=\"section-bg fill\" >\n\t\t\t\t\t\t\t\t\t\n\t\t\t\n\n\t\t<\/div>\n\n\t\t\n\n\t\t<div class=\"section-content relative\">\n\t\t\t\n\n<div class=\"row\"  id=\"row-1281137672\">\n\n\n\t<div id=\"col-1466333686\" class=\"col medium-10 small-12 large-10\"  >\n\t\t\t\t<div class=\"col-inner\"  >\n\t\t\t\n\t\t\t\n\n\t<div id=\"gap-1626956776\" class=\"gap-element clearfix\" style=\"display:block; height:auto;\">\n\t\t\n<style>\n#gap-1626956776 {\n  padding-top: 39px;\n}\n<\/style>\n\t<\/div>\n\t\n\n<h1>Menorca Villas<\/h1>\n<h2><span style=\"color: #1ea595;\">Alquiler de Villas en Menorca<\/span><\/h2>\n<p>Somos una empresa de Alquiler Vacacional en Menorca. <strong>En Menorca Villas<\/strong> ofrecemos hermosas villas y apartamentos en alquiler para unas vacaciones perfectas. Nuestro servicio es serio y profesional y est\u00e1 respaldado por nuestros muchos a\u00f1os en el negocio del <strong>Alquiler de Villas en Menorca<\/strong>. Encuentre el alojamiento que desea con Menorca Villas.<\/p>\n<h3>\u00bfPor qu\u00e9 confiar en Menorca Villas?<\/h3>\n<p>Todas las villas ofertadas en nuestra p\u00e1gina web para el<strong> alquiler vacacional<\/strong> son gestionadas personalmente por nuestra empresa de gesti\u00f3n de propiedades \u2013 <a href=\"http:\/\/mehocaserveis.com\/\" target=\"_blank\" rel=\"noopener noreferrer\">MeHoCa Serveis S.L.<\/a>-, quiz\u00e1s la mayor empresa de esta \u00edndole en la isla. Por ello, cada propiedad es preparada cuidadosamente y mantenida al m\u00e1s alto nivel para la llegada de cada cliente. Todas las Villas se benefician de inspecciones peri\u00f3dicas y evaluaciones de mantenimiento durante todo el a\u00f1o, y por supuesto, de reparaciones y mejoras para mantenerlos en perfecto estado.<\/p>\n<p>Nos esforzamos para garantizar que las descripciones de las <strong>Villas y Apartamentos en Menorca<\/strong> sean precisas, por lo que las expectativas del cliente est\u00e1n en consonancia con la presentaci\u00f3n y las instalaciones del inmueble.<\/p>\n<p>Mientras que el cliente est\u00e1 disfrutando de la propiedad, <strong>Menorca Villas<\/strong> ofrece un servicio 24\/7 de llamadas de emergencia para tratar de forma inmediata cualquier problema que pudiera surgir. El personal de atenci\u00f3n al cliente es multiling\u00fce y disponible de 8.30 hasta las 7.00 a.m. de lunes a viernes, y los s\u00e1bados por la ma\u00f1ana para atenderle para que pueda sacar el m\u00e1ximo provecho de sus <strong>vacaciones en Menorca<\/strong>. Esto tambi\u00e9n incluye la reserva de coches, embarcaciones de recreo, alquiler de equipos (por ejemplo: cunas, tronas, WiFi routers, unidades port\u00e1tiles de aire acondicionado, ventiladores, etc.) asesoramiento y reserva de restaurantes, actividades, lugares a visitar, las mejores playas y mucho m\u00e1s.<\/p>\n<p>Si usted tiene un vuelo de \u00faltima hora en su d\u00eda de salida y debido a la llegada de los pr\u00f3ximos clientes que le impide quedar en la propiedad, podemos guardar su equipaje en nuestras instalaciones \u2013 oficinas, almac\u00e9n, y lavander\u00eda \u2013 c\u00f3modamente ubicados en el Pol\u00edgono de Sant Llu\u00eds de la carretera Sant Llu\u00eds-Mah\u00f3n, y a s\u00f3lo 10 minutos del aeropuerto.<\/p>\n<p>En resumen, nos esforzamos por ofrecer a nuestros clientes una experiencia vacacional \u00fanica\u2026 queremos que regresen y alojen con nosotros a\u00f1o tras a\u00f1o!!!<\/p>\n<p>Si ve una propiedad que le guste el aspecto, por favor no dude en llamarnos\u2026 estaremos encantados de proporcionarle cualquier informaci\u00f3n que necesite, sea acerca de la Villa u Apartamento o la zona en la que est\u00e1 localizado el inmueble.<\/p>\n\n\t\t<\/div>\n\t\t\t\t\n<style>\n#col-1466333686 > .col-inner {\n  margin: 0px 0px -0px 0px;\n}\n<\/style>\n\t<\/div>\n\n\t\n\n<\/div>\n\n\t\t<\/div>\n\n\t\t\n<style>\n#section_482010981 {\n  padding-top: 30px;\n  padding-bottom: 30px;\n}\n<\/style>\n\t<\/section>\n\t\n","protected":false},"excerpt":{"rendered":"","protected":false},"author":1,"featured_media":0,"parent":0,"menu_order":47,"comment_status":"closed","ping_status":"closed","template":"page-blank.php","meta":{"_acf_changed":false,"footnotes":""},"class_list":["post-2762","page","type-page","status-publish","hentry"],"acf":[],"yoast_head":"<!-- This site is optimized with the Yoast SEO Premium plugin v26.7 (Yoast SEO v26.7) - https:\/\/yoast.com\/wordpress\/plugins\/seo\/ -->\n<title>Menorca Villas | Alquiler Vacacional en Menorca | Alquiler de Villas<\/title>\n<meta name=\"description\" content=\"Menorca Villas. Somos una empresa de Alquiler Vacacional en Menorca. Ofrecemos hermosas villas, casas y apartamentos para alquilar en Menorca.\" \/>\n<meta name=\"robots\" content=\"index, follow, max-snippet:-1, max-image-preview:large, max-video-preview:-1\" \/>\n<link rel=\"canonical\" href=\"https:\/\/menorcavillas.co.uk\/es\/menorca-villas\/\" \/>\n<meta property=\"og:locale\" content=\"es_ES\" \/>\n<meta property=\"og:type\" content=\"article\" \/>\n<meta property=\"og:title\" content=\"Menorca Villas\" \/>\n<meta property=\"og:description\" content=\"Menorca Villas. Somos una empresa de Alquiler Vacacional en Menorca. Ofrecemos hermosas villas, casas y apartamentos para alquilar en Menorca.\" \/>\n<meta property=\"og:url\" content=\"https:\/\/menorcavillas.co.uk\/es\/menorca-villas\/\" \/>\n<meta property=\"og:site_name\" content=\"Menorca Villas\" \/>\n<meta property=\"article:publisher\" content=\"https:\/\/www.facebook.com\/menorcavillasmenorca\/\" \/>\n<meta property=\"article:modified_time\" content=\"2020-06-04T13:23:53+00:00\" \/>\n<meta property=\"og:image\" content=\"https:\/\/menorcavillas.co.uk\/wp-content\/uploads\/2020\/02\/views-home.jpg\" \/>\n\t<meta property=\"og:image:width\" content=\"700\" \/>\n\t<meta property=\"og:image:height\" content=\"535\" \/>\n\t<meta property=\"og:image:type\" content=\"image\/jpeg\" \/>\n<meta name=\"twitter:card\" content=\"summary_large_image\" \/>\n<meta name=\"twitter:label1\" content=\"Tiempo de lectura\" \/>\n\t<meta name=\"twitter:data1\" content=\"2 minutos\" \/>\n<script type=\"application\/ld+json\" class=\"yoast-schema-graph\">{\"@context\":\"https:\/\/schema.org\",\"@graph\":[{\"@type\":\"WebPage\",\"@id\":\"https:\/\/menorcavillas.co.uk\/es\/menorca-villas\/\",\"url\":\"https:\/\/menorcavillas.co.uk\/es\/menorca-villas\/\",\"name\":\"Menorca Villas | Alquiler Vacacional en Menorca | Alquiler de Villas\",\"isPartOf\":{\"@id\":\"https:\/\/menorcavillas.co.uk\/es\/#website\"},\"datePublished\":\"2019-12-09T17:18:56+00:00\",\"dateModified\":\"2020-06-04T13:23:53+00:00\",\"description\":\"Menorca Villas. Somos una empresa de Alquiler Vacacional en Menorca. Ofrecemos hermosas villas, casas y apartamentos para alquilar en Menorca.\",\"breadcrumb\":{\"@id\":\"https:\/\/menorcavillas.co.uk\/es\/menorca-villas\/#breadcrumb\"},\"inLanguage\":\"es\",\"potentialAction\":[{\"@type\":\"ReadAction\",\"target\":[\"https:\/\/menorcavillas.co.uk\/es\/menorca-villas\/\"]}]},{\"@type\":\"BreadcrumbList\",\"@id\":\"https:\/\/menorcavillas.co.uk\/es\/menorca-villas\/#breadcrumb\",\"itemListElement\":[{\"@type\":\"ListItem\",\"position\":1,\"name\":\"Menorca Villas\",\"item\":\"https:\/\/menorcavillas.co.uk\/es\/\"},{\"@type\":\"ListItem\",\"position\":2,\"name\":\"Menorca Villas\"}]},{\"@type\":\"WebSite\",\"@id\":\"https:\/\/menorcavillas.co.uk\/es\/#website\",\"url\":\"https:\/\/menorcavillas.co.uk\/es\/\",\"name\":\"Menorca Villas\",\"description\":\"Holiday Rentals Menorca\",\"publisher\":{\"@id\":\"https:\/\/menorcavillas.co.uk\/es\/#organization\"},\"potentialAction\":[{\"@type\":\"SearchAction\",\"target\":{\"@type\":\"EntryPoint\",\"urlTemplate\":\"https:\/\/menorcavillas.co.uk\/es\/?s={search_term_string}\"},\"query-input\":{\"@type\":\"PropertyValueSpecification\",\"valueRequired\":true,\"valueName\":\"search_term_string\"}}],\"inLanguage\":\"es\"},{\"@type\":\"Organization\",\"@id\":\"https:\/\/menorcavillas.co.uk\/es\/#organization\",\"name\":\"Menorca Villas\",\"url\":\"https:\/\/menorcavillas.co.uk\/es\/\",\"logo\":{\"@type\":\"ImageObject\",\"inLanguage\":\"es\",\"@id\":\"https:\/\/menorcavillas.co.uk\/es\/#\/schema\/logo\/image\/\",\"url\":\"\",\"contentUrl\":\"\",\"caption\":\"Menorca Villas\"},\"image\":{\"@id\":\"https:\/\/menorcavillas.co.uk\/es\/#\/schema\/logo\/image\/\"},\"sameAs\":[\"https:\/\/www.facebook.com\/menorcavillasmenorca\/\"]}]}<\/script>\n<!-- \/ Yoast SEO Premium plugin. -->","yoast_head_json":{"title":"Menorca Villas | Alquiler Vacacional en Menorca | Alquiler de Villas","description":"Menorca Villas. Somos una empresa de Alquiler Vacacional en Menorca. Ofrecemos hermosas villas, casas y apartamentos para alquilar en Menorca.","robots":{"index":"index","follow":"follow","max-snippet":"max-snippet:-1","max-image-preview":"max-image-preview:large","max-video-preview":"max-video-preview:-1"},"canonical":"https:\/\/menorcavillas.co.uk\/es\/menorca-villas\/","og_locale":"es_ES","og_type":"article","og_title":"Menorca Villas","og_description":"Menorca Villas. Somos una empresa de Alquiler Vacacional en Menorca. Ofrecemos hermosas villas, casas y apartamentos para alquilar en Menorca.","og_url":"https:\/\/menorcavillas.co.uk\/es\/menorca-villas\/","og_site_name":"Menorca Villas","article_publisher":"https:\/\/www.facebook.com\/menorcavillasmenorca\/","article_modified_time":"2020-06-04T13:23:53+00:00","og_image":[{"width":700,"height":535,"url":"https:\/\/menorcavillas.co.uk\/wp-content\/uploads\/2020\/02\/views-home.jpg","type":"image\/jpeg"}],"twitter_card":"summary_large_image","twitter_misc":{"Tiempo de lectura":"2 minutos"},"schema":{"@context":"https:\/\/schema.org","@graph":[{"@type":"WebPage","@id":"https:\/\/menorcavillas.co.uk\/es\/menorca-villas\/","url":"https:\/\/menorcavillas.co.uk\/es\/menorca-villas\/","name":"Menorca Villas | Alquiler Vacacional en Menorca | Alquiler de Villas","isPartOf":{"@id":"https:\/\/menorcavillas.co.uk\/es\/#website"},"datePublished":"2019-12-09T17:18:56+00:00","dateModified":"2020-06-04T13:23:53+00:00","description":"Menorca Villas. Somos una empresa de Alquiler Vacacional en Menorca. Ofrecemos hermosas villas, casas y apartamentos para alquilar en Menorca.","breadcrumb":{"@id":"https:\/\/menorcavillas.co.uk\/es\/menorca-villas\/#breadcrumb"},"inLanguage":"es","potentialAction":[{"@type":"ReadAction","target":["https:\/\/menorcavillas.co.uk\/es\/menorca-villas\/"]}]},{"@type":"BreadcrumbList","@id":"https:\/\/menorcavillas.co.uk\/es\/menorca-villas\/#breadcrumb","itemListElement":[{"@type":"ListItem","position":1,"name":"Menorca Villas","item":"https:\/\/menorcavillas.co.uk\/es\/"},{"@type":"ListItem","position":2,"name":"Menorca Villas"}]},{"@type":"WebSite","@id":"https:\/\/menorcavillas.co.uk\/es\/#website","url":"https:\/\/menorcavillas.co.uk\/es\/","name":"Menorca Villas","description":"Holiday Rentals Menorca","publisher":{"@id":"https:\/\/menorcavillas.co.uk\/es\/#organization"},"potentialAction":[{"@type":"SearchAction","target":{"@type":"EntryPoint","urlTemplate":"https:\/\/menorcavillas.co.uk\/es\/?s={search_term_string}"},"query-input":{"@type":"PropertyValueSpecification","valueRequired":true,"valueName":"search_term_string"}}],"inLanguage":"es"},{"@type":"Organization","@id":"https:\/\/menorcavillas.co.uk\/es\/#organization","name":"Menorca Villas","url":"https:\/\/menorcavillas.co.uk\/es\/","logo":{"@type":"ImageObject","inLanguage":"es","@id":"https:\/\/menorcavillas.co.uk\/es\/#\/schema\/logo\/image\/","url":"","contentUrl":"","caption":"Menorca Villas"},"image":{"@id":"https:\/\/menorcavillas.co.uk\/es\/#\/schema\/logo\/image\/"},"sameAs":["https:\/\/www.facebook.com\/menorcavillasmenorca\/"]}]}},"_links":{"self":[{"href":"https:\/\/menorcavillas.co.uk\/es\/wp-json\/wp\/v2\/pages\/2762","targetHints":{"allow":["GET"]}}],"collection":[{"href":"https:\/\/menorcavillas.co.uk\/es\/wp-json\/wp\/v2\/pages"}],"about":[{"href":"https:\/\/menorcavillas.co.uk\/es\/wp-json\/wp\/v2\/types\/page"}],"author":[{"embeddable":true,"href":"https:\/\/menorcavillas.co.uk\/es\/wp-json\/wp\/v2\/users\/1"}],"replies":[{"embeddable":true,"href":"https:\/\/menorcavillas.co.uk\/es\/wp-json\/wp\/v2\/comments?post=2762"}],"version-history":[{"count":7,"href":"https:\/\/menorcavillas.co.uk\/es\/wp-json\/wp\/v2\/pages\/2762\/revisions"}],"predecessor-version":[{"id":3545,"href":"https:\/\/menorcavillas.co.uk\/es\/wp-json\/wp\/v2\/pages\/2762\/revisions\/3545"}],"wp:attachment":[{"href":"https:\/\/menorcavillas.co.uk\/es\/wp-json\/wp\/v2\/media?parent=2762"}],"curies":[{"name":"wp","href":"https:\/\/api.w.org\/{rel}","templated":true}]}}