{"id":2390,"date":"2019-12-09T14:35:37","date_gmt":"2019-12-09T13:35:37","guid":{"rendered":"http:\/\/www.menorcavillas.com.mialias.net\/home\/"},"modified":"2026-02-25T15:53:31","modified_gmt":"2026-02-25T14:53:31","slug":"alquiler-villas-menorca","status":"publish","type":"page","link":"https:\/\/menorcavillas.co.uk\/es\/","title":{"rendered":"Home"},"content":{"rendered":"\n\n  <div class=\"banner has-hover banner_home\" id=\"banner-2144342991\">\n          <div class=\"banner-inner fill\">\n        <div class=\"banner-bg fill\" >\n            <img decoding=\"async\" width=\"2400\" height=\"1486\" src=\"https:\/\/menorcavillas.co.uk\/wp-content\/uploads\/2020\/02\/home-2020.jpg\" class=\"bg attachment-original size-original\" alt=\"\" \/>                        <div class=\"overlay\"><\/div>            \n                    <\/div>\n\t\t\n        <div class=\"banner-layers container\">\n            <div class=\"fill banner-link\"><\/div>            \n\n   <div id=\"text-box-256754173\" class=\"text-box banner-layer x50 md-x50 lg-x50 y25 md-y90 lg-y90 res-text\">\n                                <div class=\"text-box-content text dark\">\n              \n              <div class=\"text-inner text-center\">\n                  \n\n\t<div id=\"gap-628292643\" class=\"gap-element clearfix\" style=\"display:block; height:auto;\">\n\t\t\n<style>\n#gap-628292643 {\n  padding-top: 25px;\n}\n<\/style>\n\t<\/div>\n\t\n\n<h1>Alquiler de Villas en Menorca<\/h1>\n<div  class=\"dgwt-wcas-search-wrapp dgwt-wcas-has-submit woocommerce dgwt-wcas-style-pirx js-dgwt-wcas-layout-classic dgwt-wcas-layout-classic js-dgwt-wcas-mobile-overlay-enabled\">\n\t\t<form class=\"dgwt-wcas-search-form\" role=\"search\" action=\"https:\/\/menorcavillas.co.uk\/es\/\" method=\"get\">\n\t\t<div class=\"dgwt-wcas-sf-wrapp\">\n\t\t\t\t\t\t<label class=\"screen-reader-text\"\n\t\t\t\tfor=\"dgwt-wcas-search-input-1\">\n\t\t\t\tB\u00fasqueda de productos\t\t\t<\/label>\n\n\t\t\t<input\n\t\t\t\tid=\"dgwt-wcas-search-input-1\"\n\t\t\t\ttype=\"search\"\n\t\t\t\tclass=\"dgwt-wcas-search-input\"\n\t\t\t\tname=\"s\"\n\t\t\t\tvalue=\"\"\n\t\t\t\tplaceholder=\"Search for name, location...\"\n\t\t\t\tautocomplete=\"off\"\n\t\t\t\t\t\t\t\/>\n\t\t\t<div class=\"dgwt-wcas-preloader\"><\/div>\n\n\t\t\t<div class=\"dgwt-wcas-voice-search\"><\/div>\n\n\t\t\t\t\t\t\t<button type=\"submit\"\n\t\t\t\t\t\taria-label=\"Buscar\"\n\t\t\t\t\t\tclass=\"dgwt-wcas-search-submit\">\t\t\t\t<svg\n\t\t\t\t\tclass=\"dgwt-wcas-ico-magnifier\" xmlns=\"http:\/\/www.w3.org\/2000\/svg\" width=\"18\" height=\"18\" viewBox=\"0 0 18 18\">\n\t\t\t\t\t<path  d=\" M 16.722523,17.901412 C 16.572585,17.825208 15.36088,16.670476 14.029846,15.33534 L 11.609782,12.907819 11.01926,13.29667 C 8.7613237,14.783493 5.6172703,14.768302 3.332423,13.259528 -0.07366363,11.010358 -1.0146502,6.5989684 1.1898146,3.2148776\n\t\t\t\t\t1.5505179,2.6611594 2.4056498,1.7447266 2.9644271,1.3130497 3.4423015,0.94387379 4.3921825,0.48568469 5.1732652,0.2475835 5.886299,0.03022609 6.1341883,0 7.2037391,0 8.2732897,0 8.521179,0.03022609 9.234213,0.2475835 c 0.781083,0.23810119 1.730962,0.69629029 2.208837,1.0654662\n\t\t\t\t\t0.532501,0.4113763 1.39922,1.3400096 1.760153,1.8858877 1.520655,2.2998531 1.599025,5.3023778 0.199549,7.6451086 -0.208076,0.348322 -0.393306,0.668209 -0.411622,0.710863 -0.01831,0.04265 1.065556,1.18264 2.408603,2.533307 1.343046,1.350666 2.486621,2.574792 2.541278,2.720279 0.282475,0.7519\n\t\t\t\t\t-0.503089,1.456506 -1.218488,1.092917 z M 8.4027892,12.475062 C 9.434946,12.25579 10.131043,11.855461 10.99416,10.984753 11.554519,10.419467 11.842507,10.042366 12.062078,9.5863882 12.794223,8.0659672 12.793657,6.2652398 12.060578,4.756293 11.680383,3.9737304 10.453587,2.7178427\n\t\t\t\t\t9.730569,2.3710306 8.6921295,1.8729196 8.3992147,1.807606 7.2037567,1.807606 6.0082984,1.807606 5.7153841,1.87292 4.6769446,2.3710306 3.9539263,2.7178427 2.7271301,3.9737304 2.3469352,4.756293 1.6138384,6.2652398 1.6132726,8.0659672 2.3454252,9.5863882 c 0.4167354,0.8654208 1.5978784,2.0575608\n\t\t\t\t\t2.4443766,2.4671358 1.0971012,0.530827 2.3890403,0.681561 3.6130134,0.421538 z\n\t\t\t\t\t\"\/>\n\t\t\t\t<\/svg>\n\t\t\t\t<\/button>\n\t\t\t\n\t\t\t<input type=\"hidden\" name=\"post_type\" value=\"product\"\/>\n\t\t\t<input type=\"hidden\" name=\"dgwt_wcas\" value=\"1\"\/>\n\n\t\t\t\t\t\t\t<input type=\"hidden\" name=\"lang\" value=\"es\"\/>\n\t\t\t\n\t\t\t\t\t<\/div>\n\t<\/form>\n<\/div>\n\n\t<div id=\"gap-1631383945\" class=\"gap-element clearfix\" style=\"display:block; height:auto;\">\n\t\t\n<style>\n#gap-1631383945 {\n  padding-top: 25px;\n}\n<\/style>\n\t<\/div>\n\t\n\n\n              <\/div>\n           <\/div>\n                            \n<style>\n#text-box-256754173 {\n  width: 93%;\n}\n#text-box-256754173 .text-box-content {\n  font-size: 100%;\n}\n@media (min-width:550px) {\n  #text-box-256754173 {\n    width: 75%;\n  }\n}\n<\/style>\n    <\/div>\n \n\n        <\/div>\n      <\/div>\n\n            \n<style>\n#banner-2144342991 {\n  padding-top: 600px;\n}\n#banner-2144342991 .overlay {\n  background-color: rgba(30, 36, 50, 0.17);\n}\n#banner-2144342991 .banner-bg img {\n  object-position: 1% 77%;\n}\n@media (min-width:550px) {\n  #banner-2144342991 {\n    padding-top: 70%;\n  }\n}\n<\/style>\n  <\/div>\n\n\n<div class=\"row\"  id=\"row-683609866\">\n\n\n\t<div id=\"col-561265978\" class=\"col small-12 large-12\"  >\n\t\t\t\t<div class=\"col-inner\"  >\n\t\t\t\n\t\t\t\n\n\t<div id=\"gap-1666739220\" class=\"gap-element clearfix\" style=\"display:block; height:auto;\">\n\t\t\n<style>\n#gap-1666739220 {\n  padding-top: 50px;\n}\n<\/style>\n\t<\/div>\n\t\n\n<h2 style=\"font-size: 36px; line-height: 36px;\">Alquiler Vacacional Menorca<\/h2>\n<h3 style=\"font-size: 26px; line-height: 26px; font-family: 'avenir-light' !important; color: #000; margin-top: -10px;\">Villas, Casas y Apartamentos para alquilar en Menorca <\/h3>\n\n\t\t<\/div>\n\t\t\t\t\t<\/div>\n\n\t\n\n<\/div>\n\n<div class=\"row\"  id=\"row-1542027920\">\n\n\n\t<div id=\"col-438216575\" class=\"col small-12 large-12\"  >\n\t\t\t\t<div class=\"col-inner\"  >\n\t\t\t\n\t\t\t\n\n<div class=\"woocommerce columns-4 \"><div class=\"products row row-small large-columns-4 medium-columns-2 small-columns-1\">\n<style>\n.after-price\n{\nfont-size: 15px;  \n}\n<\/style>   \n<div class=\"product-small col has-hover product type-product post-43793 status-publish first instock product_cat-binibequer-nou has-post-thumbnail featured shipping-taxable purchasable product-type-simple\">\n\t<div class=\"col-inner\">\n\t\n<div class=\"badge-container absolute left top z-1\">\n\n<\/div>\n\t<div class=\"product-small box \">\n\t\t<div class=\"box-image\">\n\t\t\t<div class=\"image-fade_in_back\">\n\t\t\t\t<a href=\"https:\/\/menorcavillas.co.uk\/es\/villas-menorca\/xoroi\/\">\n\t\t\t\t\t<img decoding=\"async\" width=\"760\" height=\"507\" src=\"https:\/\/menorcavillas.co.uk\/wp-content\/uploads\/2026\/01\/properties2FFxMG6NLFrjszma11KCzl-1764931032916-1-1-760x507.jpeg\" class=\"attachment-woocommerce_thumbnail size-woocommerce_thumbnail\" alt=\"Bini Xoroi\" \/><img decoding=\"async\" width=\"760\" height=\"507\" src=\"https:\/\/menorcavillas.co.uk\/wp-content\/uploads\/2026\/01\/properties2FFxMG6NLFrjszma11KCzl-1764931032916-1-1-760x507.jpeg\" class=\"show-on-hover absolute fill hide-for-small back-image\" alt=\"Alternative view of Bini Xoroi\" aria-hidden=\"true\" \/>\t\t\t\t<\/a>\n\t\t\t<\/div>\n\t\t\t<div class=\"image-tools is-small top right show-on-hover\">\n\t\t\t\t\t\t\t<\/div>\n\t\t\t<div class=\"image-tools is-small hide-for-small bottom left show-on-hover\">\n\t\t\t\t\t\t\t<\/div>\n\t\t\t<div class=\"image-tools grid-tools text-center hide-for-small bottom hover-slide-in show-on-hover\">\n\t\t\t\t\t\t\t<\/div>\n\t\t\t\t\t<\/div><!-- box-image -->\n\n\t\t<div class=\"box-text box-text-products\">\n\t\t\t<div class=\"title-wrapper\">\t\t<p class=\"category uppercase is-smaller no-text-overflow product-cat op-8\">\n\t\t\tBinib\u00e9quer Nou\t\t<\/p>\n\t<p class=\"name product-title woocommerce-loop-product__title\"><a href=\"https:\/\/menorcavillas.co.uk\/es\/villas-menorca\/xoroi\/\" class=\"woocommerce-LoopProduct-link woocommerce-loop-product__link\">Bini Xoroi<\/a><\/p><\/div><div class=\"col-inner\">  \n\t\t\t\t\t\t\t\t\t\t\t\t\t\t\t<!--<div class=\"large-3 medium-3 small-6 font_icons\">-->\n\t\t\t\t\t\t\t\t\t\t\t\t\t\t\t<img decoding=\"async\" style=\"margin-top: -8px; opacity:0.6;\" src=\"https:\/\/menorcavillas.co.uk\/wp-content\/uploads\/2019\/12\/guests-villas.svg\" width=\"18\" height=\" \" \/><b style=\"color:black;padding: 4px;\">12<\/b> \n\t\t\t\t\t\t\t\t\t\t\t\t\t\t\n\t\t\t\t\t\t\t\t\t\t\t\t\t\t\n\t\t\t\t\t\t\t\t\t\t\t\t\t\t<!--\t<p><?php\/\/ echo $data_field['label'][0] .' :'.$valuefield; ?> <\/p><\/div>  -->\n\t\t\t\t\t\t\t\t\t\t\t\t\t\t  \n\t\t\t\t\t\t\t\t\t\t\t\t\t\t\t<!--<div class=\"large-3 medium-3 small-6 font_icons\">-->\n\t\t\t\t\t\t\t\t\t\t\t\t\t\t\t<img decoding=\"async\" style=\"margin-top: -8px; opacity:0.6;\" src=\"https:\/\/menorcavillas.co.uk\/wp-content\/uploads\/2019\/12\/beds.svg\" width=\"18\" height=\" \" \/><b style=\"color:black;padding: 4px;\">6<\/b> \n\t\t\t\t\t\t\t\t\t\t\t\t\t\t\n\t\t\t\t\t\t\t\t\t\t\t\t\t\t\n\t\t\t\t\t\t\t\t\t\t\t\t\t\t<!--\t<p><?php\/\/ echo $data_field['label'][0] .' :'.$valuefield; ?> <\/p><\/div>  -->\n\t\t\t\t\t\t\t\t\t\t\t\t\t\t<div class=\"price-wrapper\" style=\"float: right;display:inline-flex;\"><p class=\"after-price\">Desde<\/p>\n\t<span class=\"price\"><span class=\"woocommerce-Price-amount amount\"><bdi><span class=\"woocommerce-Price-currencySymbol\">&euro;<\/span>410<\/bdi><\/span><\/span>\n<\/div><\/div>\t\t<\/div><!-- box-text -->\n\t<\/div><!-- box -->\n\t\n\t\t<\/div><!-- .col-inner -->\n<\/div><!-- col -->\n<style>\n\tspan.price\n\t{\n\tpadding: 4px !important;\n\t}\n\t<\/style><\/div><!-- row -->\n<\/div>\n\n\n\t\t<\/div>\n\t\t\t\t\n<style>\n#col-438216575 > .col-inner {\n  margin: -20px 0px 0px 0px;\n}\n<\/style>\n\t<\/div>\n\n\t\n\n\t<div id=\"col-2088198479\" class=\"col small-12 large-12\"  >\n\t\t\t\t<div class=\"col-inner text-center\"  >\n\t\t\t\n\t\t\t\n\n<a href=\"https:\/\/menorcavillas.co.uk\/es\/location-2\/\" class=\"button primary is-outline lowercase\" >\n\t<i class=\"icon-angle-right\" aria-hidden=\"true\"><\/i>\t<span>VER TODO<\/span>\n\t<\/a>\n\n\n\t<div id=\"gap-1942385010\" class=\"gap-element clearfix\" style=\"display:block; height:auto;\">\n\t\t\n<style>\n#gap-1942385010 {\n  padding-top: 50px;\n}\n<\/style>\n\t<\/div>\n\t\n\n\n\t\t<\/div>\n\t\t\t\t\t<\/div>\n\n\t\n\n<\/div>\n<div class=\"row row-collapse row-full-width\"  id=\"row-507836667\">\n\n\n\t<div id=\"col-446579998\" class=\"col medium-6 small-12 large-6\"  >\n\t\t\t\t<div class=\"col-inner\"  >\n\t\t\t\n\t\t\t\n\n\n  <div class=\"banner has-hover\" id=\"banner-1282540120\">\n          <div class=\"banner-inner fill\">\n        <div class=\"banner-bg fill\" >\n                                                \n                    <\/div>\n\t\t\n        <div class=\"banner-layers container\">\n            <div class=\"fill banner-link\"><\/div>            \n\n   <div id=\"text-box-152919881\" class=\"text-box banner-layer x50 md-x50 lg-x50 y50 md-y50 lg-y50 res-text\">\n                                <div class=\"text-box-content text dark\">\n              \n              <div class=\"text-inner text-left\">\n                  \n\n<h3><span style=\"font-size: 160%;\"><a href=\"https:\/\/menorcavillas.co.uk\/es\/alquiler-villas-vistas-mar\/\">Villas con Vistas al Mar<\/a><\/span><\/h3>\n<p>Menorca es conocida por sus impresionantes calas y paisajes. En esta selecci\u00f3n de villas, encontrar\u00e1 alojamientos vacacionales ubicadosa poca distancia de la playa y con inmejorables vistas.<\/p>\n\t<div id=\"gap-817157749\" class=\"gap-element clearfix\" style=\"display:block; height:auto;\">\n\t\t\n<style>\n#gap-817157749 {\n  padding-top: 30px;\n}\n<\/style>\n\t<\/div>\n\t\n\n<a href=\"https:\/\/menorcavillas.co.uk\/es\/alquiler-villas-vistas-mar\/\" class=\"button white is-outline is-xlarge lowercase\" >\n\t<i class=\"icon-angle-right\" aria-hidden=\"true\"><\/i>\t<span>VER M\u00c1S<\/span>\n\t<\/a>\n\n\n\n              <\/div>\n           <\/div>\n                            \n<style>\n#text-box-152919881 {\n  width: 90%;\n}\n#text-box-152919881 .text-box-content {\n  font-size: 100%;\n}\n@media (min-width:550px) {\n  #text-box-152919881 {\n    width: 80%;\n  }\n}\n<\/style>\n    <\/div>\n \n   <div id=\"text-box-222997595\" class=\"text-box banner-layer x50 md-x50 lg-x50 y90 md-y90 lg-y90 res-text\">\n                                <div class=\"text-box-content text dark\">\n              \n              <div class=\"text-inner text-left\">\n                  \n\n\t<div id=\"gap-716674573\" class=\"gap-element clearfix\" style=\"display:block; height:auto;\">\n\t\t\n<style>\n#gap-716674573 {\n  padding-top: 30px;\n}\n<\/style>\n\t<\/div>\n\t\n\n\n              <\/div>\n           <\/div>\n                            \n<style>\n#text-box-222997595 {\n  width: 51%;\n}\n#text-box-222997595 .text-box-content {\n  font-size: 100%;\n}\n<\/style>\n    <\/div>\n \n\n        <\/div>\n      <\/div>\n\n            \n<style>\n#banner-1282540120 {\n  padding-top: 400px;\n  background-color: rgb(27, 105, 138);\n}\n@media (min-width:550px) {\n  #banner-1282540120 {\n    padding-top: 500px;\n  }\n}\n<\/style>\n  <\/div>\n\n\n\n\t\t<\/div>\n\t\t\t\t\t<\/div>\n\n\t\n\n\t<div id=\"col-51502150\" class=\"col medium-6 small-12 large-6\"  >\n\t\t\t\t<div class=\"col-inner\"  >\n\t\t\t\n\t\t\t\n\n\n  <div class=\"banner has-hover\" id=\"banner-1047128732\">\n          <div class=\"banner-inner fill\">\n        <div class=\"banner-bg fill\" >\n            <img decoding=\"async\" width=\"700\" height=\"535\" src=\"https:\/\/menorcavillas.co.uk\/wp-content\/uploads\/2020\/02\/views-home.jpg\" class=\"bg attachment-original size-original\" alt=\"\" \/>                        <div class=\"overlay\"><\/div>            \n                    <\/div>\n\t\t\n        <div class=\"banner-layers container\">\n            <a class=\"fill\" href=\"https:\/\/menorcavillas.co.uk\/es\/alquiler-villas-vistas-mar\/\"><div class=\"fill banner-link\"><\/div><\/a>            \n\n\n        <\/div>\n      <\/div>\n\n            \n<style>\n#banner-1047128732 {\n  padding-top: 500px;\n}\n#banner-1047128732 .overlay {\n  background-color: rgba(30, 36, 50, 0);\n}\n<\/style>\n  <\/div>\n\n\n\n\t\t<\/div>\n\t\t\t\t\t<\/div>\n\n\t\n\n<\/div>\n<div class=\"row row-collapse row-full-width\"  id=\"row-2089569899\">\n\n\n\t<div id=\"col-1805805049\" class=\"col medium-6 small-12 large-6\"  >\n\t\t\t\t<div class=\"col-inner\"  >\n\t\t\t\n\t\t\t\n\n\n  <div class=\"banner has-hover\" id=\"banner-547119602\">\n          <div class=\"banner-inner fill\">\n        <div class=\"banner-bg fill\" >\n            <img decoding=\"async\" width=\"700\" height=\"535\" src=\"https:\/\/menorcavillas.co.uk\/wp-content\/uploads\/2020\/02\/special-home.jpg\" class=\"bg attachment-large size-large\" alt=\"\" \/>                        <div class=\"overlay\"><\/div>            \n                    <\/div>\n\t\t\n        <div class=\"banner-layers container\">\n            <a class=\"fill\" href=\"https:\/\/menorcavillas.co.uk\/es\/alquiler-villas-lujo-menorca\/\"><div class=\"fill banner-link\"><\/div><\/a>            \n\n\n        <\/div>\n      <\/div>\n\n            \n<style>\n#banner-547119602 {\n  padding-top: 400px;\n}\n#banner-547119602 .overlay {\n  background-color: rgba(30, 36, 50, 0);\n}\n#banner-547119602 .banner-bg img {\n  object-position: 20% 0%;\n}\n@media (min-width:550px) {\n  #banner-547119602 {\n    padding-top: 500px;\n  }\n  #banner-547119602 .overlay {\n    background-color: rgba(30, 36, 50, 0);\n  }\n}\n<\/style>\n  <\/div>\n\n\n\n\t\t<\/div>\n\t\t\t\t\t<\/div>\n\n\t\n\n\t<div id=\"col-2121790649\" class=\"col medium-6 small-12 large-6\"  >\n\t\t\t\t<div class=\"col-inner\"  >\n\t\t\t\n\t\t\t\n\n\n  <div class=\"banner has-hover\" id=\"banner-312653322\">\n          <div class=\"banner-inner fill\">\n        <div class=\"banner-bg fill\" >\n                                                \n                    <\/div>\n\t\t\n        <div class=\"banner-layers container\">\n            <div class=\"fill banner-link\"><\/div>            \n\n   <div id=\"text-box-1296759349\" class=\"text-box banner-layer x50 md-x50 lg-x50 y50 md-y50 lg-y50 res-text\">\n                                <div class=\"text-box-content text dark\">\n              \n              <div class=\"text-inner text-left\">\n                  \n\n<h3><a href=\"https:\/\/menorcavillas.co.uk\/es\/alquiler-villas-lujo-menorca\/\"><span style=\"font-size: 160%;\">Villas de Lujo<\/span><\/a><\/h3>\n<p>Las siguientes casas vacacionales tienen elementos que las hacen especiales, por sus vistas, detalles\u2026. Contienen esos peque\u00f1os extras que marcar\u00e1n la diferencia de tus pr\u00f3ximas vacaciones en Menorca.<\/p>\n<a href=\"https:\/\/menorcavillas.co.uk\/es\/alquiler-villas-lujo-menorca\/\" class=\"button white is-outline is-xlarge lowercase\" >\n\t<i class=\"icon-angle-right\" aria-hidden=\"true\"><\/i>\t<span>VER M\u00c1S<\/span>\n\t<\/a>\n\n\n\n              <\/div>\n           <\/div>\n                            \n<style>\n#text-box-1296759349 {\n  width: 90%;\n}\n#text-box-1296759349 .text-box-content {\n  font-size: 100%;\n}\n@media (min-width:550px) {\n  #text-box-1296759349 {\n    width: 80%;\n  }\n}\n<\/style>\n    <\/div>\n \n\n        <\/div>\n      <\/div>\n\n            \n<style>\n#banner-312653322 {\n  padding-top: 400px;\n  background-color: rgb(27, 105, 138);\n}\n@media (min-width:550px) {\n  #banner-312653322 {\n    padding-top: 500px;\n  }\n}\n<\/style>\n  <\/div>\n\n\n\n\t\t<\/div>\n\t\t\t\t\t<\/div>\n\n\t\n\n<\/div>\n\n","protected":false},"excerpt":{"rendered":"","protected":false},"author":1,"featured_media":0,"parent":0,"menu_order":29,"comment_status":"closed","ping_status":"closed","template":"page-transparent-header-light.php","meta":{"_acf_changed":false,"footnotes":""},"class_list":["post-2390","page","type-page","status-publish","hentry"],"acf":[],"yoast_head":"<!-- This site is optimized with the Yoast SEO Premium plugin v26.7 (Yoast SEO v26.7) - https:\/\/yoast.com\/wordpress\/plugins\/seo\/ -->\n<title>Alquiler Villas Menorca | Alquiler Vacacional Menorca | Menorca Villas<\/title>\n<meta name=\"description\" content=\"Alquiler Villas Menorca. Alquiler Vacacional Menorca. Villas, Casas y Apartamentos para alquilar en Menorca. Menorca Villas.\" \/>\n<meta name=\"robots\" content=\"index, follow, max-snippet:-1, max-image-preview:large, max-video-preview:-1\" \/>\n<link rel=\"canonical\" href=\"https:\/\/menorcavillas.co.uk\/es\/\" \/>\n<meta property=\"og:locale\" content=\"es_ES\" \/>\n<meta property=\"og:type\" content=\"article\" \/>\n<meta property=\"og:title\" content=\"Menorca Villas | Alquiler Vacacional en Menorca\" \/>\n<meta property=\"og:description\" content=\"Somos una empresa de alquileres vacacionales en Menorca. Puedes alquilar una villa en Menorca con nosotros. En Menorca Villas ofrecemos hermosas villas y apartamentos en alquiler para unas vacaciones perfectas en Menorca. \u00a1Nos esforzamos por ofrecer a nuestros clientes una experiencia \u00fanica para que desee venir y quedarse con nosotros a\u00f1o tras a\u00f1o! Encuentre el alojamiento perfecto para sus vacaciones en Menorca.\" \/>\n<meta property=\"og:url\" content=\"https:\/\/menorcavillas.co.uk\/es\/\" \/>\n<meta property=\"og:site_name\" content=\"Menorca Villas\" \/>\n<meta property=\"article:publisher\" content=\"https:\/\/www.facebook.com\/menorcavillasmenorca\/\" \/>\n<meta property=\"article:modified_time\" content=\"2026-02-25T14:53:31+00:00\" \/>\n<meta property=\"og:image\" content=\"https:\/\/menorcavillas.co.uk\/wp-content\/uploads\/2019\/12\/DSC_0001.jpg\" \/>\n\t<meta property=\"og:image:width\" content=\"1920\" \/>\n\t<meta property=\"og:image:height\" content=\"1280\" \/>\n\t<meta property=\"og:image:type\" content=\"image\/jpeg\" \/>\n<meta name=\"twitter:card\" content=\"summary_large_image\" \/>\n<meta name=\"twitter:title\" content=\"Home\" \/>\n<script type=\"application\/ld+json\" class=\"yoast-schema-graph\">{\"@context\":\"https:\/\/schema.org\",\"@graph\":[{\"@type\":\"WebPage\",\"@id\":\"https:\/\/menorcavillas.co.uk\/es\/\",\"url\":\"https:\/\/menorcavillas.co.uk\/es\/\",\"name\":\"Alquiler Villas Menorca | Alquiler Vacacional Menorca | Menorca Villas\",\"isPartOf\":{\"@id\":\"https:\/\/menorcavillas.co.uk\/es\/#website\"},\"datePublished\":\"2019-12-09T13:35:37+00:00\",\"dateModified\":\"2026-02-25T14:53:31+00:00\",\"description\":\"Alquiler Villas Menorca. Alquiler Vacacional Menorca. Villas, Casas y Apartamentos para alquilar en Menorca. Menorca Villas.\",\"breadcrumb\":{\"@id\":\"https:\/\/menorcavillas.co.uk\/es\/#breadcrumb\"},\"inLanguage\":\"es\",\"potentialAction\":[{\"@type\":\"ReadAction\",\"target\":[\"https:\/\/menorcavillas.co.uk\/es\/\"]}]},{\"@type\":\"BreadcrumbList\",\"@id\":\"https:\/\/menorcavillas.co.uk\/es\/#breadcrumb\",\"itemListElement\":[{\"@type\":\"ListItem\",\"position\":1,\"name\":\"Menorca Villas\",\"item\":\"https:\/\/menorcavillas.co.uk\/es\/\"},{\"@type\":\"ListItem\",\"position\":2,\"name\":\"Home\"}]},{\"@type\":\"WebSite\",\"@id\":\"https:\/\/menorcavillas.co.uk\/es\/#website\",\"url\":\"https:\/\/menorcavillas.co.uk\/es\/\",\"name\":\"Menorca Villas\",\"description\":\"Holiday Rentals Menorca\",\"publisher\":{\"@id\":\"https:\/\/menorcavillas.co.uk\/es\/#organization\"},\"potentialAction\":[{\"@type\":\"SearchAction\",\"target\":{\"@type\":\"EntryPoint\",\"urlTemplate\":\"https:\/\/menorcavillas.co.uk\/es\/?s={search_term_string}\"},\"query-input\":{\"@type\":\"PropertyValueSpecification\",\"valueRequired\":true,\"valueName\":\"search_term_string\"}}],\"inLanguage\":\"es\"},{\"@type\":\"Organization\",\"@id\":\"https:\/\/menorcavillas.co.uk\/es\/#organization\",\"name\":\"Menorca Villas\",\"url\":\"https:\/\/menorcavillas.co.uk\/es\/\",\"logo\":{\"@type\":\"ImageObject\",\"inLanguage\":\"es\",\"@id\":\"https:\/\/menorcavillas.co.uk\/es\/#\/schema\/logo\/image\/\",\"url\":\"\",\"contentUrl\":\"\",\"caption\":\"Menorca Villas\"},\"image\":{\"@id\":\"https:\/\/menorcavillas.co.uk\/es\/#\/schema\/logo\/image\/\"},\"sameAs\":[\"https:\/\/www.facebook.com\/menorcavillasmenorca\/\"]}]}<\/script>\n<!-- \/ Yoast SEO Premium plugin. -->","yoast_head_json":{"title":"Alquiler Villas Menorca | Alquiler Vacacional Menorca | Menorca Villas","description":"Alquiler Villas Menorca. Alquiler Vacacional Menorca. Villas, Casas y Apartamentos para alquilar en Menorca. Menorca Villas.","robots":{"index":"index","follow":"follow","max-snippet":"max-snippet:-1","max-image-preview":"max-image-preview:large","max-video-preview":"max-video-preview:-1"},"canonical":"https:\/\/menorcavillas.co.uk\/es\/","og_locale":"es_ES","og_type":"article","og_title":"Menorca Villas | Alquiler Vacacional en Menorca","og_description":"Somos una empresa de alquileres vacacionales en Menorca. Puedes alquilar una villa en Menorca con nosotros. En Menorca Villas ofrecemos hermosas villas y apartamentos en alquiler para unas vacaciones perfectas en Menorca. \u00a1Nos esforzamos por ofrecer a nuestros clientes una experiencia \u00fanica para que desee venir y quedarse con nosotros a\u00f1o tras a\u00f1o! Encuentre el alojamiento perfecto para sus vacaciones en Menorca.","og_url":"https:\/\/menorcavillas.co.uk\/es\/","og_site_name":"Menorca Villas","article_publisher":"https:\/\/www.facebook.com\/menorcavillasmenorca\/","article_modified_time":"2026-02-25T14:53:31+00:00","og_image":[{"width":1920,"height":1280,"url":"https:\/\/menorcavillas.co.uk\/wp-content\/uploads\/2019\/12\/DSC_0001.jpg","type":"image\/jpeg"}],"twitter_card":"summary_large_image","twitter_title":"Home","schema":{"@context":"https:\/\/schema.org","@graph":[{"@type":"WebPage","@id":"https:\/\/menorcavillas.co.uk\/es\/","url":"https:\/\/menorcavillas.co.uk\/es\/","name":"Alquiler Villas Menorca | Alquiler Vacacional Menorca | Menorca Villas","isPartOf":{"@id":"https:\/\/menorcavillas.co.uk\/es\/#website"},"datePublished":"2019-12-09T13:35:37+00:00","dateModified":"2026-02-25T14:53:31+00:00","description":"Alquiler Villas Menorca. Alquiler Vacacional Menorca. Villas, Casas y Apartamentos para alquilar en Menorca. Menorca Villas.","breadcrumb":{"@id":"https:\/\/menorcavillas.co.uk\/es\/#breadcrumb"},"inLanguage":"es","potentialAction":[{"@type":"ReadAction","target":["https:\/\/menorcavillas.co.uk\/es\/"]}]},{"@type":"BreadcrumbList","@id":"https:\/\/menorcavillas.co.uk\/es\/#breadcrumb","itemListElement":[{"@type":"ListItem","position":1,"name":"Menorca Villas","item":"https:\/\/menorcavillas.co.uk\/es\/"},{"@type":"ListItem","position":2,"name":"Home"}]},{"@type":"WebSite","@id":"https:\/\/menorcavillas.co.uk\/es\/#website","url":"https:\/\/menorcavillas.co.uk\/es\/","name":"Menorca Villas","description":"Holiday Rentals Menorca","publisher":{"@id":"https:\/\/menorcavillas.co.uk\/es\/#organization"},"potentialAction":[{"@type":"SearchAction","target":{"@type":"EntryPoint","urlTemplate":"https:\/\/menorcavillas.co.uk\/es\/?s={search_term_string}"},"query-input":{"@type":"PropertyValueSpecification","valueRequired":true,"valueName":"search_term_string"}}],"inLanguage":"es"},{"@type":"Organization","@id":"https:\/\/menorcavillas.co.uk\/es\/#organization","name":"Menorca Villas","url":"https:\/\/menorcavillas.co.uk\/es\/","logo":{"@type":"ImageObject","inLanguage":"es","@id":"https:\/\/menorcavillas.co.uk\/es\/#\/schema\/logo\/image\/","url":"","contentUrl":"","caption":"Menorca Villas"},"image":{"@id":"https:\/\/menorcavillas.co.uk\/es\/#\/schema\/logo\/image\/"},"sameAs":["https:\/\/www.facebook.com\/menorcavillasmenorca\/"]}]}},"_links":{"self":[{"href":"https:\/\/menorcavillas.co.uk\/es\/wp-json\/wp\/v2\/pages\/2390","targetHints":{"allow":["GET"]}}],"collection":[{"href":"https:\/\/menorcavillas.co.uk\/es\/wp-json\/wp\/v2\/pages"}],"about":[{"href":"https:\/\/menorcavillas.co.uk\/es\/wp-json\/wp\/v2\/types\/page"}],"author":[{"embeddable":true,"href":"https:\/\/menorcavillas.co.uk\/es\/wp-json\/wp\/v2\/users\/1"}],"replies":[{"embeddable":true,"href":"https:\/\/menorcavillas.co.uk\/es\/wp-json\/wp\/v2\/comments?post=2390"}],"version-history":[{"count":83,"href":"https:\/\/menorcavillas.co.uk\/es\/wp-json\/wp\/v2\/pages\/2390\/revisions"}],"predecessor-version":[{"id":80397,"href":"https:\/\/menorcavillas.co.uk\/es\/wp-json\/wp\/v2\/pages\/2390\/revisions\/80397"}],"wp:attachment":[{"href":"https:\/\/menorcavillas.co.uk\/es\/wp-json\/wp\/v2\/media?parent=2390"}],"curies":[{"name":"wp","href":"https:\/\/api.w.org\/{rel}","templated":true}]}}